{"id":7821,"date":"2024-05-04T09:40:48","date_gmt":"2024-05-04T07:40:48","guid":{"rendered":"https:\/\/www.peritcam.com\/?post_type=product&#038;p=7821"},"modified":"2024-07-05T12:19:32","modified_gmt":"2024-07-05T10:19:32","slug":"videoperitacion-gratis","status":"publish","type":"product","link":"https:\/\/www.peritcam.com\/pt\/product\/videoperitacion-gratis\/","title":{"rendered":"Pacote Micro 5"},"content":{"rendered":"","protected":false},"excerpt":{"rendered":"<p>Un pack de peritaciones m\u00e1s peque\u00f1o, usa el cup\u00f3n GRATIS para probarlo si quieres probar Peritcam.<\/p>\n<div class=\"et_pb_with_border et_pb_module et_pb_blurb et_pb_blurb_0 et_pb_text_align_left et_pb_blurb_position_left et_pb_bg_layout_light et_had_animation\">\n<div class=\"et_pb_blurb_content\">\n<div class=\"et_pb_blurb_container\">\n<ul>\n<li>5 sesiones.<\/li>\n<li class=\"et_pb_module_header\">El pack de sesiones caduca en 4 meses.<\/li>\n<li>Las sesiones duran hasta 60 minutos.<\/li>\n<\/ul>\n<\/div>\n<\/div>\n<\/div>","protected":false},"featured_media":6680,"template":"","meta":[],"product_brand":[],"product_cat":[52],"product_tag":[],"class_list":{"0":"post-7821","1":"product","2":"type-product","3":"status-publish","4":"has-post-thumbnail","6":"product_cat-packs","8":"first","9":"instock","10":"downloadable","11":"virtual","12":"sold-individually","13":"taxable","14":"purchasable","15":"product-type-simple"},"_links":{"self":[{"href":"https:\/\/www.peritcam.com\/pt\/wp-json\/wp\/v2\/product\/7821","targetHints":{"allow":["GET"]}}],"collection":[{"href":"https:\/\/www.peritcam.com\/pt\/wp-json\/wp\/v2\/product"}],"about":[{"href":"https:\/\/www.peritcam.com\/pt\/wp-json\/wp\/v2\/types\/product"}],"wp:featuredmedia":[{"embeddable":true,"href":"https:\/\/www.peritcam.com\/pt\/wp-json\/wp\/v2\/media\/6680"}],"wp:attachment":[{"href":"https:\/\/www.peritcam.com\/pt\/wp-json\/wp\/v2\/media?parent=7821"}],"wp:term":[{"taxonomy":"product_brand","embeddable":true,"href":"https:\/\/www.peritcam.com\/pt\/wp-json\/wp\/v2\/product_brand?post=7821"},{"taxonomy":"product_cat","embeddable":true,"href":"https:\/\/www.peritcam.com\/pt\/wp-json\/wp\/v2\/product_cat?post=7821"},{"taxonomy":"product_tag","embeddable":true,"href":"https:\/\/www.peritcam.com\/pt\/wp-json\/wp\/v2\/product_tag?post=7821"}],"curies":[{"name":"wp","href":"https:\/\/api.w.org\/{rel}","templated":true}]}}