{"id":8663,"date":"2024-10-04T14:04:22","date_gmt":"2024-10-04T12:04:22","guid":{"rendered":"https:\/\/www.peritcam.com\/?page_id=8663"},"modified":"2026-04-20T15:56:11","modified_gmt":"2026-04-20T13:56:11","slug":"integrar-peritacao-remota","status":"publish","type":"page","link":"https:\/\/www.peritcam.com\/pt\/integrar-peritacao-remota\/","title":{"rendered":"Integre a tecnologia de avalia\u00e7\u00e3o ao seu sistema"},"content":{"rendered":"<div class=\"et_pb_section_0 et_pb_section et_section_regular et_block_section section_has_divider et_pb_bottom_divider\"><div class=\"et_pb_row_0 et_pb_row et_block_row\"><div class=\"et_pb_column_0 et_pb_column et_pb_column_4_4 et-last-child et_block_column et_pb_css_mix_blend_mode_passthrough\"><div class=\"et_pb_text_0 et_pb_text et_pb_bg_layout_light et_animated et_pb_module et_block_module\"><div class=\"et_pb_text_inner\"><h1><span>Integre a inspe\u00e7\u00e3o por v\u00eddeo ao seu sistema<\/span><\/h1>\n<h5><span>Utilize nossa tecnologia em seu pr\u00f3prio software<\/span><\/h5>\n<p><span><\/span><\/p>\n<\/div><\/div><\/div><\/div><div class=\"et_pb_bottom_inside_divider et-no-transition\"><\/div><\/div><div class=\"et_pb_section_1 et_pb_section et_section_specialty et_pb_equal_columns et_pb_gutters1 et_block_section\"><div class=\"et_pb_row et_block_row\"><div class=\"et_pb_column_1 et_pb_column et_pb_column_single et_pb_column_1_2 et_block_column et_pb_css_mix_blend_mode_passthrough\"><div class=\"et_pb_text_1 et_pb_text et_pb_bg_layout_light et_animated et_pb_module et_block_module\"><div class=\"et_pb_text_inner\"><h2><strong>Otimize seus processos integrando a avalia\u00e7\u00e3o remota ao seu gerenciador de pedidos<\/strong><\/h2>\n<p><span><\/span><\/p>\n<\/div><\/div><div class=\"et_pb_divider_0 et_pb_divider et_pb_space et_pb_divider_position_top et_animated et_pb_module\"><div class=\"et_pb_divider_internal\"><\/div><\/div><div class=\"et_pb_text_2 et_pb_text et_pb_bg_layout_light et_animated et_pb_module et_block_module\"><div class=\"et_pb_text_inner\"><p>\u00a0No ambiente atual, a efici\u00eancia e a adaptabilidade s\u00e3o fatores cruciais para se manter \u00e0 frente. Se sua empresa j\u00e1 possui um aplicativo ou software para gerenciar as opera\u00e7\u00f5es de seus especialistas, top\u00f3grafos ou associados, oferecemos a voc\u00ea a oportunidade de integrar nossa tecnologia de pesquisa por v\u00eddeo diretamente em sua plataforma.<\/p>\n<p>&nbsp;<\/p>\n<p>&nbsp;<\/p>\n<\/div><\/div><\/div><div class=\"et_pb_column_2 et_pb_column et_pb_specialty_column et_pb_column_1_2 et-last-child et_block_column et_pb_css_mix_blend_mode_passthrough\"><div class=\"et_pb_row_inner_0 et_pb_row_inner et_pb_equal_columns et_pb_gutters4 et_block_row\"><div class=\"et_pb_column_inner_0 et_pb_column_inner et_pb_column et_pb_column_4_4 et-last-child et_block_column et_pb_css_mix_blend_mode_passthrough\"><div class=\"et_pb_image_0 et_pb_image et_animated et_pb_module et_block_module\"><span class=\"et_pb_image_wrap\"><img loading=\"lazy\" decoding=\"async\" src=\"http:\/\/www.peritcam.com\/wp-content\/uploads\/2023\/12\/teleperitacion-150x150.png\" width=\"150\" height=\"150\" srcset=\"http:\/\/www.peritcam.com\/wp-content\/uploads\/2023\/12\/teleperitacion-150x150.png 150w\" class=\"wp-image-6680\" title=\"teleperita\u00e7\u00e3o\" \/><\/span><\/div><\/div><\/div><\/div><\/div><\/div><div class=\"et_pb_section_2 et_pb_section et_section_specialty et_pb_equal_columns et_pb_gutters1 et_block_section et_animated section_has_divider et_pb_top_divider et_pb_bottom_divider\"><div class=\"et_pb_top_inside_divider et-no-transition\"><\/div><div class=\"et_pb_row et_block_row\"><div class=\"et_pb_column_3 et_pb_column et_pb_column_single et_pb_column_1_2 et_block_column et_pb_css_mix_blend_mode_passthrough\"><div class=\"et_pb_text_3 et_pb_text et_pb_bg_layout_light et_animated et_pb_module et_block_module\"><div class=\"et_pb_text_inner\"><h2><span>Uma integra\u00e7\u00e3o sob medida para o seu neg\u00f3cio<\/span><\/h2>\n<p><span><\/span><\/p>\n<\/div><\/div><div class=\"et_pb_divider_1 et_pb_divider et_pb_space et_pb_divider_position_top et_animated et_pb_module\"><div class=\"et_pb_divider_internal\"><\/div><\/div><div class=\"et_pb_text_4 et_pb_text et_pb_bg_layout_light et_animated et_pb_module et_block_module\"><div class=\"et_pb_text_inner\"><h3><\/h3>\n<p>Entendemos que cada neg\u00f3cio tem necessidades espec\u00edficas. \u00c9 por isso que nossa tecnologia \u00e9 flex\u00edvel e personaliz\u00e1vel. Trabalharemos com voc\u00ea para entender seus fluxos de trabalho e garantir que a integra\u00e7\u00e3o seja realizada de forma otimizada, melhorando a efici\u00eancia operacional sem interromper as rotinas estabelecidas.<\/p>\n<\/div><\/div><\/div><div class=\"et_pb_column_4 et_pb_column et_pb_specialty_column et_pb_column_1_2 et-last-child et_block_column et_pb_css_mix_blend_mode_passthrough\"><div class=\"et_pb_row_inner_1 et_pb_row_inner et_pb_equal_columns et_pb_gutters4 et_block_row\"><div class=\"et_pb_column_inner_1 et_pb_column_inner et_pb_column et_pb_column_4_4 et-last-child et_block_column et_pb_css_mix_blend_mode_passthrough\"><div class=\"et_pb_image_1 et_pb_image et_animated et_pb_module et_block_module\"><span class=\"et_pb_image_wrap\"><img loading=\"lazy\" decoding=\"async\" src=\"http:\/\/www.peritcam.com\/wp-content\/uploads\/2023\/12\/teleperitacion-150x150.png\" width=\"150\" height=\"150\" srcset=\"http:\/\/www.peritcam.com\/wp-content\/uploads\/2023\/12\/teleperitacion-150x150.png 150w\" class=\"wp-image-6680\" title=\"teleperita\u00e7\u00e3o\" \/><\/span><\/div><\/div><\/div><\/div><\/div><div class=\"et_pb_bottom_inside_divider et-no-transition\"><\/div><\/div><div class=\"et_pb_section_3 et_pb_section et_section_regular et_block_section\"><div class=\"et_pb_row_1 et_pb_row et_block_row\"><div class=\"et_pb_column_5 et_pb_column et_pb_column_4_4 et-last-child et_block_column et_pb_css_mix_blend_mode_passthrough\"><div class=\"et_pb_text_5 et_pb_text et_pb_bg_layout_light et_animated et_pb_module et_block_module\"><div class=\"et_pb_text_inner\"><h3><strong>Por que integrar nossa tecnologia de inspe\u00e7\u00e3o por v\u00eddeo?<\/strong><\/h3>\n<p>A avalia\u00e7\u00e3o por v\u00eddeo representa um salto qualitativo na ind\u00fastria de avalia\u00e7\u00e3o e avalia\u00e7\u00e3o de danos. Atrav\u00e9s da integra\u00e7\u00e3o de nossa tecnologia, seus especialistas poder\u00e3o trabalhar de forma mais \u00e1gil e eficiente, melhorando a experi\u00eancia tanto para eles quanto para seus clientes finais. Aqui est\u00e3o algumas das principais vantagens:<\/p>\n<h4>1. <strong>Redu\u00e7\u00e3o de custos operacionais e tempos de gest\u00e3o<\/strong><\/h4>\n<p>Com nossa tecnologia de inspe\u00e7\u00e3o por v\u00eddeo integrada ao seu sistema, os especialistas poder\u00e3o realizar inspe\u00e7\u00f5es remotas sem a necessidade de viagens desnecess\u00e1rias. Isto n\u00e3o s\u00f3 reduz custos, mas tamb\u00e9m reduz consideravelmente o tempo necess\u00e1rio para gerir um caso, melhorando os tempos de resposta.<\/p>\n<h4>2. <strong>Melhoria na experi\u00eancia do cliente<\/strong><\/h4>\n<p>Seus clientes poder\u00e3o se beneficiar de uma experi\u00eancia mais conveniente e fluida. A inspe\u00e7\u00e3o por v\u00eddeo permite que os usu\u00e1rios participem do processo de inspe\u00e7\u00e3o de forma r\u00e1pida e f\u00e1cil em qualquer local, sem longas esperas. Esta melhoria na experi\u00eancia do cliente traduz-se numa maior satisfa\u00e7\u00e3o e fideliza\u00e7\u00e3o.<\/p>\n<h4>3. Estudo de viabilidade de integra\u00e7\u00e3o no seu software atual<\/h4>\n<p>Cada caso \u00e9 \u00fanico e nossa equipe estudar\u00e1 as caracter\u00edsticas do seu software para avaliar a viabilidade de integra\u00e7\u00e3o com nossa tecnologia. Garantimos oferecer a voc\u00ea uma solu\u00e7\u00e3o personalizada que atenda \u00e0s suas necessidades espec\u00edficas.<\/p>\n<h4>4. <strong>Maior produtividade e flexibilidade<\/strong><\/h4>\n<p>Gra\u00e7as \u00e0 flexibilidade oferecida pelo exame de v\u00eddeo, seus especialistas poder\u00e3o gerenciar mais casos em menos tempo e priorizar aqueles que requerem interven\u00e7\u00e3o presencial. Isto melhora a efici\u00eancia global da equipa e permite ajustar as tarefas dos especialistas de acordo com as necessidades espec\u00edficas de cada cliente ou caso.<\/p>\n<h4>5. <strong>Escalabilidade e suporte cont\u00ednuo<\/strong><\/h4>\n<p>Nossa integra\u00e7\u00e3o tecnol\u00f3gica foi projetada para crescer junto com o seu neg\u00f3cio. \u00c0 medida que voc\u00ea expande sua base de clientes, voc\u00ea pode adaptar facilmente a capacidade de exames de v\u00eddeo para suportar um volume maior de casos. Al\u00e9m disso, oferecemos suporte cont\u00ednuo para garantir que tudo corra bem.<\/p>\n<\/div><\/div><\/div><\/div><\/div><div class=\"et_pb_section_4 et_pb_section et_section_regular et_block_section\" id=\"contacto\"><div class=\"et_pb_row_2 et_pb_row et_block_row\"><div class=\"et_pb_column_6 et_pb_column et_pb_column_4_4 et-last-child et_block_column et_pb_css_mix_blend_mode_passthrough\"><div class=\"et_pb_text_6 et_pb_text et_pb_bg_layout_light et_animated et_pb_module et_block_module\"><div class=\"et_pb_text_inner\"><h2><span>Contatar\u00a0<\/span><\/h2>\n<p><span><\/span><\/p>\n<\/div><\/div><div class=\"et_pb_text_7 et_pb_text et_pb_bg_layout_light et_animated et_pb_module et_block_module et_pb_text_align_center\"><div class=\"et_pb_text_inner\"><p class=\" translation-block\">Se precisar de mais informa\u00e7\u00f5es <b>n\u00e3o hesite em contactar<\/b><\/p>\n<\/div><\/div><div class=\"et_pb_divider_2 et_pb_divider et_pb_space et_pb_divider_position_top et_animated et_pb_module\"><div class=\"et_pb_divider_internal\"><\/div><\/div><\/div><\/div><div class=\"et_pb_row_3 et_pb_row et_pb_equal_columns et_pb_gutters1 et_block_row\"><div class=\"et_pb_column_7 et_pb_column et_pb_column_1_2 et_block_column et_pb_css_mix_blend_mode_passthrough et_animated et_clickable\"><div class=\"et_pb_blurb_0 et_pb_blurb et_pb_bg_layout_light et_pb_blurb_position_top et_animated et_pb_module et_block_module\"><div class=\"et_pb_blurb_content\"><div class=\"et_pb_main_blurb_image\"><a href=\"tel:964780410\"><span class=\"et_pb_image_wrap\"><span class=\"et-pb-icon et_animated et_animated\">\ue090<\/span><\/span><\/a><\/div><div class=\"et_pb_blurb_container\"><h4 class=\"et_pb_module_header\"><a href=\"tel:964780410\"> 964 780 410<\/a><\/h4><div class=\"et_pb_blurb_description\"><p>Segunda-feira: 9h00 - 18h00 | Sexta-feira: 9h00 - 15h00<\/p>\n<\/div><\/div><\/div><\/div><\/div><div class=\"et_pb_column_8 et_pb_column et_pb_column_1_2 et-last-child et_block_column et_pb_css_mix_blend_mode_passthrough\"><div class=\"et_pb_blurb_1 et_pb_blurb et_pb_bg_layout_light et_pb_blurb_position_top et_animated et_pb_module et_block_module\"><div class=\"et_pb_blurb_content\"><div class=\"et_pb_main_blurb_image\"><a href=\"mailto:info@peritcam.com\"><span class=\"et_pb_image_wrap\"><span class=\"et-pb-icon et_animated et_animated\">\uf1fa<\/span><\/span><\/a><\/div><div class=\"et_pb_blurb_container\"><h4 class=\"et_pb_module_header\"><a href=\"mailto:info@peritcam.com\">info@peritcam.com<\/a><\/h4><div class=\"et_pb_blurb_description\"><p>Escreva-nos, responderemos em breve<\/p>\n<\/div><\/div><\/div><\/div><\/div><\/div><\/div>","protected":false},"excerpt":{"rendered":"","protected":false},"author":1,"featured_media":0,"parent":0,"menu_order":0,"comment_status":"closed","ping_status":"closed","template":"","meta":{"footnotes":""},"class_list":["post-8663","page","type-page","status-publish","hentry"],"_links":{"self":[{"href":"https:\/\/www.peritcam.com\/pt\/wp-json\/wp\/v2\/pages\/8663","targetHints":{"allow":["GET"]}}],"collection":[{"href":"https:\/\/www.peritcam.com\/pt\/wp-json\/wp\/v2\/pages"}],"about":[{"href":"https:\/\/www.peritcam.com\/pt\/wp-json\/wp\/v2\/types\/page"}],"author":[{"embeddable":true,"href":"https:\/\/www.peritcam.com\/pt\/wp-json\/wp\/v2\/users\/1"}],"replies":[{"embeddable":true,"href":"https:\/\/www.peritcam.com\/pt\/wp-json\/wp\/v2\/comments?post=8663"}],"version-history":[{"count":10,"href":"https:\/\/www.peritcam.com\/pt\/wp-json\/wp\/v2\/pages\/8663\/revisions"}],"predecessor-version":[{"id":9325,"href":"https:\/\/www.peritcam.com\/pt\/wp-json\/wp\/v2\/pages\/8663\/revisions\/9325"}],"wp:attachment":[{"href":"https:\/\/www.peritcam.com\/pt\/wp-json\/wp\/v2\/media?parent=8663"}],"curies":[{"name":"wp","href":"https:\/\/api.w.org\/{rel}","templated":true}]}}