{"id":7945,"date":"2024-06-18T11:14:18","date_gmt":"2024-06-18T09:14:18","guid":{"rendered":"https:\/\/www.peritcam.com\/?page_id=7945"},"modified":"2026-04-20T15:56:05","modified_gmt":"2026-04-20T13:56:05","slug":"politica-de-privacidade","status":"publish","type":"page","link":"https:\/\/www.peritcam.com\/pt\/aviso-legal\/politica-de-privacidade\/","title":{"rendered":"pol\u00edtica de Privacidade"},"content":{"rendered":"<div class=\"et_pb_section_0 et_pb_section et_section_regular et_block_section section_has_divider et_pb_bottom_divider\"><div class=\"et_pb_bottom_inside_divider et-no-transition\"><\/div><\/div><div class=\"et_pb_section_1 et_pb_section et_section_regular et_block_section\" id=\"contacto\"><div class=\"et_pb_row_0 et_pb_row et_block_row\"><div class=\"et_pb_column_0 et_pb_column et_pb_column_4_4 et-last-child et_block_column et_pb_css_mix_blend_mode_passthrough\"><div class=\"et_pb_text_0 et_pb_text et_pb_bg_layout_light et_pb_module et_block_module\"><div class=\"et_pb_text_inner\"><p><b>Documentos legais:<\/b><\/p>\n<\/div><\/div><div class=\"et_pb_menu_0 et_pb_menu et_pb_menu--without-logo et_pb_menu--style-left_aligned et_dropdown_animation_fade et_pb_bg_layout_light et_pb_text_align_right-tablet et_pb_text_align_right-phone et_pb_module et_flex_module\"><div class=\"et_pb_menu_inner_container et_flex_module\"><div class=\"et_pb_menu__wrap\"><div class=\"et_pb_menu__menu\"><nav class=\"et-menu-nav\"><ul id=\"menu-legal_es\" class=\"et-menu nav downwards\"><li id=\"menu-item-7958\" class=\"et_pb_menu_page_id-6608 menu-item menu-item-type-post_type menu-item-object-page menu-item-7958\"><a href=\"https:\/\/www.peritcam.com\/pt\/aviso-legal\/\">Aviso Legal<\/a><\/li>\n<li id=\"menu-item-7959\" class=\"et_pb_menu_page_id-7945 menu-item menu-item-type-post_type menu-item-object-page menu-item-privacy-policy menu-item-7959\"><a rel=\"privacy-policy\" href=\"https:\/\/www.peritcam.com\/pt\/aviso-legal\/politica-de-privacidade\/\">pol\u00edtica de Privacidade<\/a><\/li>\n<li id=\"menu-item-7962\" class=\"et_pb_menu_page_id-7536 menu-item menu-item-type-post_type menu-item-object-page menu-item-7962\"><a href=\"https:\/\/www.peritcam.com\/pt\/aviso-legal\/politica-de-cookies\/\">Pol\u00edtica de Cookies<\/a><\/li>\n<li id=\"menu-item-7961\" class=\"et_pb_menu_page_id-7954 menu-item menu-item-type-post_type menu-item-object-page menu-item-7961\"><a href=\"https:\/\/www.peritcam.com\/pt\/aviso-legal\/termos-e-condicoes-gerais-do-contrato\/\">Condi\u00e7\u00f5es gerais do contrato<\/a><\/li>\n<li id=\"menu-item-7960\" class=\"et_pb_menu_page_id-7941 menu-item menu-item-type-post_type menu-item-object-page menu-item-7960\"><a href=\"https:\/\/www.peritcam.com\/pt\/aviso-legal\/termos-de-utilizacao-do-aplicativo\/\">Condi\u00e7\u00f5es de uso do Aplicativo<\/a><\/li>\n<li id=\"menu-item-7963\" class=\"et_pb_menu_page_id-7949 menu-item menu-item-type-post_type menu-item-object-page menu-item-7963\"><a href=\"https:\/\/www.peritcam.com\/pt\/aviso-legal\/politica-de-privacidade-do-aplicativo\/\">Pol\u00edtica de Privacidade do Aplicativo<\/a><\/li>\n<\/ul><\/nav><\/div><div class=\"et_mobile_nav_menu\"><div class=\"mobile_nav closed\"><span class=\"mobile_menu_bar\"><\/span><\/div><\/div><\/div><\/div><\/div><div class=\"et_pb_text_1 et_pb_text et_pb_bg_layout_light et_pb_module et_block_module\"><div class=\"et_pb_text_inner\"><h3><strong>POL\u00cdTICA DE PRIVACIDADE<\/strong><\/h3>\n<p>&nbsp;<\/p>\n<p><strong>PROTE\u00c7\u00c3O DE DADOS PESSOAIS SEGUNDO RGPD<\/strong><\/p>\n<p>H\u00c9CTOR LINARES MORALES, em aplica\u00e7\u00e3o da normativa vigente sobre prote\u00e7\u00e3o de dados pessoais, informa que os dados pessoais coletados atrav\u00e9s dos formul\u00e1rios do Site: https:\/\/www.peritcam.com, est\u00e3o inclu\u00eddos nos arquivos automatizados espec\u00edficos dos usu\u00e1rios do servi\u00e7os de H\u00c9CTOR LINARES MORALES<\/p>\n<p>A coleta e o tratamento automatizado de dados pessoais t\u00eam por finalidade manter a rela\u00e7\u00e3o comercial e realizar tarefas de informa\u00e7\u00e3o, treinamento, assessoria e demais atividades de H\u00c9CTOR LINARES MORALES.<\/p>\n<p>Estes dados apenas ser\u00e3o cedidos \u00e0s entidades que sejam necess\u00e1rias com o \u00fanico objetivo de cumprir a finalidade anteriormente indicada.<\/p>\n<p>H\u00c9CTOR LINARES MORALES adota as medidas necess\u00e1rias para garantir a seguran\u00e7a, integridade e confidencialidade dos dados de acordo com o disposto no Regulamento (UE) 2016\/679 do Parlamento Europeu e do Conselho, de 27 de abril de 2016, relativo \u00e0 prote\u00e7\u00e3o das pessoas singulares no que diz respeito ao tratamento de dados pessoais e \u00e0 livre circula\u00e7\u00e3o dos mesmos, e revogando a antiga LOPD, a nova Lei Org\u00e2nica 3\/2018, de 5 de dezembro, de Prote\u00e7\u00e3o de Dados e Garantia de Direitos Digitais (LOPDGDD).<\/p>\n<p>O usu\u00e1rio poder\u00e1, a qualquer momento, exercer seus direitos de acesso, oposi\u00e7\u00e3o, retifica\u00e7\u00e3o, apagamento, restri\u00e7\u00e3o de processamento e portabilidade de dados, reconhecidos no Regulamento (UE) mencionado anteriormente. Esses direitos podem ser exercidos pelo usu\u00e1rio enviando um e-mail para info@informaticoscastellon.com ou por escrito para: C\/ Els Ports, 3, CP 12005 - Castell\u00f3n (Castell\u00f3n De La Plana).<\/p>\n<p>O usu\u00e1rio declara que todos os dados por ele fornecidos s\u00e3o verdadeiros e corretos, e compromete-se a mant\u00ea-los atualizados, comunicando altera\u00e7\u00f5es a H\u00c9CTOR LINARES MORALES.<\/p>\n<p>&nbsp;<\/p>\n<h3><span style=\"font-size: large;\"><strong>Finalidade do tratamento de dados pessoais:<\/strong><\/span><\/h3>\n<p><strong>Com que finalidade trataremos os seus dados pessoais?<\/strong><\/p>\n<p>Na H\u00c9CTOR LINARES MORALES processaremos seus dados pessoais coletados atrav\u00e9s do Site: https:\/\/www.peritcam.com, para as seguintes finalidades:<\/p>\n<ol>\n<li>Cumprir as obriga\u00e7\u00f5es comerciais, trabalhistas, societ\u00e1rias e cont\u00e1beis da empresa.<\/li>\n<li>Prestar os seus servi\u00e7os de acordo com as necessidades particulares dos clientes, de forma a cumprir os contratos por si celebrados.<\/li>\n<li>Envio de informa\u00e7\u00f5es comerciais e newsletters sobre novos servi\u00e7os oferecidos na web e no setor.<\/li>\n<li>O processo de arquivamento, atualiza\u00e7\u00e3o de sistemas, prote\u00e7\u00e3o e cust\u00f3dia de informa\u00e7\u00f5es e bancos de dados da empresa.<\/li>\n<li>A transmiss\u00e3o de dados a terceiros com quem tenham sido celebrados contratos para o efeito, para fins comerciais, contratuais, administrativos, de marketing e\/ou operacionais.<\/li>\n<li>Executar um contrato assinado remotamente com o usu\u00e1rio.<\/li>\n<li>Fornecer os servi\u00e7os contratados pelo usu\u00e1rio.<\/li>\n<li>Envie informa\u00e7\u00f5es promocionais eletronicamente.<\/li>\n<li>Forne\u00e7a as informa\u00e7\u00f5es solicitadas pelo usu\u00e1rio atrav\u00e9s do formul\u00e1rio de contato.<\/li>\n<li>Realizar cadastro de usu\u00e1rio<\/li>\n<\/ol>\n<p>Lembramos que voc\u00ea pode se opor ao envio de comunica\u00e7\u00f5es comerciais por qualquer meio e a qualquer momento, enviando um e-mail para o endere\u00e7o acima indicado.<\/p>\n<p>Os campos destes registos devem ser preenchidos, sendo imposs\u00edvel atingir os fins indicados se estes dados n\u00e3o forem fornecidos.<\/p>\n<p><strong>Durante quanto tempo s\u00e3o conservados os dados pessoais recolhidos?<\/strong><\/p>\n<p>Os dados pessoais fornecidos ser\u00e3o conservados enquanto a rela\u00e7\u00e3o comercial se mantiver ou n\u00e3o solicitar a sua elimina\u00e7\u00e3o e pelo per\u00edodo durante o qual possam surgir responsabilidades legais pelos servi\u00e7os prestados.<\/p>\n<p><strong>Legitima\u00e7\u00e3o:<\/strong><\/p>\n<p>O tratamento dos seus dados \u00e9 realizado com as seguintes bases legais que o legitimam:<\/p>\n<ol>\n<li>O pedido de informa\u00e7\u00e3o e\/ou a contrata\u00e7\u00e3o dos servi\u00e7os de H\u00c9CTOR LINARES MORALES, cujos termos e condi\u00e7\u00f5es lhe ser\u00e3o disponibilizados em qualquer caso, antes de uma eventual contrata\u00e7\u00e3o.<\/li>\n<li>Consentimento livre, espec\u00edfico, informado e inequ\u00edvoco, como informamos ao disponibilizar-lhe esta pol\u00edtica de privacidade, que ap\u00f3s a leitura, se concordar, poder\u00e1 aceitar atrav\u00e9s de uma declara\u00e7\u00e3o ou de uma a\u00e7\u00e3o afirmativa clara, como marcar uma caixa fornecida para este prop\u00f3sito.<\/li>\n<\/ol>\n<p>Caso n\u00e3o nos forne\u00e7a os seus dados ou o fa\u00e7a de forma incorreta ou incompleta, n\u00e3o poderemos responder ao seu pedido, impossibilitando totalmente o fornecimento das informa\u00e7\u00f5es solicitadas ou a realiza\u00e7\u00e3o da contrata\u00e7\u00e3o dos servi\u00e7os.<\/p>\n<p><strong>Destinat\u00e1rios:<\/strong><\/p>\n<p>Os dados n\u00e3o ser\u00e3o comunicados a terceiros que n\u00e3o H\u00c9CTOR LINARES MORALES, salvo obriga\u00e7\u00e3o legal.<\/p>\n<p>Dados recolhidos pelos utilizadores dos servi\u00e7os<\/p>\n<p>Nos casos em que o usu\u00e1rio inclua arquivos com dados pessoais em servidores de hospedagem compartilhada, H\u00c9CTOR LINARES MORALES n\u00e3o se responsabiliza pelo descumprimento do RGPD por parte do usu\u00e1rio.<\/p>\n<p><strong>Direitos de propriedade intelectual https:\/\/www.peritcam.com<\/strong><\/p>\n<p>H\u00c9CTOR LINARES MORALES \u00e9 o detentor de todos os direitos autorais, direitos de propriedade intelectual, direitos de propriedade industrial, &quot;know-how&quot; e quaisquer outros direitos relacionados ao conte\u00fado do site https:\/\/www.peritcam.com e aos servi\u00e7os nele oferecidos, bem como aos programas necess\u00e1rios para sua implementa\u00e7\u00e3o e informa\u00e7\u00f5es correlatas.<\/p>\n<p>N\u00e3o \u00e9 permitida a reprodu\u00e7\u00e3o, publica\u00e7\u00e3o e\/ou utiliza\u00e7\u00e3o n\u00e3o estritamente privada dos conte\u00fados, total ou parcial, do site https:\/\/www.peritcam.com sem consentimento pr\u00e9vio por escrito.<\/p>\n<p><strong>Propriedade Intelectual de Software<\/strong><\/p>\n<p>O usu\u00e1rio dever\u00e1 respeitar os programas de terceiros disponibilizados por H\u00c9CTOR LINARES MORALES, ainda que sejam gratuitos e\/ou publicamente dispon\u00edveis.<\/p>\n<p>H\u00c9CTOR LINARES MORALES possui os direitos de explora\u00e7\u00e3o e propriedade intelectual necess\u00e1rios para o software.<\/p>\n<p>O usu\u00e1rio n\u00e3o adquire qualquer direito ou licen\u00e7a sobre o servi\u00e7o contratado, sobre o software necess\u00e1rio \u00e0 presta\u00e7\u00e3o do servi\u00e7o, nem sobre as informa\u00e7\u00f5es t\u00e9cnicas para monitoramento do servi\u00e7o, exceto os direitos e licen\u00e7as necess\u00e1rios ao cumprimento dos servi\u00e7os contratados e apenas durante a sua dura\u00e7\u00e3o.<\/p>\n<p>Para qualquer a\u00e7\u00e3o que exceda o cumprimento do contrato, o usu\u00e1rio necessitar\u00e1 de autoriza\u00e7\u00e3o por escrito de H\u00c9CTOR LINARES MORALES, sendo vedado ao usu\u00e1rio acessar, modificar, visualizar a configura\u00e7\u00e3o, estrutura e arquivos dos servidores de propriedade de H\u00c9CTOR LINARES MORALES, assumindo a responsabilidade . civis e criminais decorrentes de qualquer incidente que possa ocorrer nos servidores e sistemas de seguran\u00e7a como consequ\u00eancia direta de a\u00e7\u00e3o negligente ou maliciosa de sua parte.<\/p>\n<p><strong>Propriedade intelectual do conte\u00fado hospedado<\/strong><\/p>\n<p>Utiliza\u00e7\u00e3o contr\u00e1ria \u00e0 legisla\u00e7\u00e3o de propriedade intelectual dos servi\u00e7os prestados por H\u00c9CTOR LINARES MORALES e, em particular, de:<\/p>\n<ol>\n<li>Utiliza\u00e7\u00e3o contr\u00e1ria \u00e0s leis espanholas ou que viole os direitos de terceiros.<\/li>\n<li>A publica\u00e7\u00e3o ou transmiss\u00e3o de qualquer conte\u00fado que, na opini\u00e3o de H\u00c9CTOR LINARES MORALES, seja violento, obsceno, abusivo, ilegal, racial, xen\u00f3fobo ou difamat\u00f3rio.<\/li>\n<li>Cracks, n\u00fameros de s\u00e9rie de programas ou qualquer outro conte\u00fado que viole os direitos de propriedade intelectual de terceiros.<\/li>\n<li>A recolha e\/ou utiliza\u00e7\u00e3o de dados pessoais de outros utilizadores sem o seu consentimento expresso ou em viola\u00e7\u00e3o do disposto no Regulamento (UE) 2016\/679 do Parlamento Europeu e do Conselho, de 27 de abril de 2016, relativo \u00e0 prote\u00e7\u00e3o de particulares no que diz respeito ao tratamento de dados pessoais e \u00e0 livre circula\u00e7\u00e3o desses dados.<\/li>\n<li>O uso do servidor de e-mail e dos endere\u00e7os de e-mail do dom\u00ednio para enviar mensagens em massa indesejadas.<\/li>\n<\/ol>\n<p>O usu\u00e1rio \u00e9 totalmente respons\u00e1vel pelo conte\u00fado do seu site, pelas informa\u00e7\u00f5es transmitidas e armazenadas, pelos links de hipertexto, pelas reclama\u00e7\u00f5es de terceiros e pelas a\u00e7\u00f5es judiciais referentes \u00e0 propriedade intelectual, direitos de terceiros e prote\u00e7\u00e3o de menores.<\/p>\n<p>O utilizador \u00e9 respons\u00e1vel pelas leis e regulamentos em vigor e pelas regras que tenham a ver com o funcionamento do servi\u00e7o online, o com\u00e9rcio electr\u00f3nico, os direitos de autor, a manuten\u00e7\u00e3o da ordem p\u00fablica, bem como os princ\u00edpios universais de utiliza\u00e7\u00e3o da Internet.<\/p>\n<p>O usu\u00e1rio compensar\u00e1 H\u00c9CTOR LINARES MORALES pelas despesas geradas pela imputa\u00e7\u00e3o de H\u00c9CTOR LINARES MORALES em qualquer caso cuja responsabilidade seja imput\u00e1vel ao usu\u00e1rio, incluindo honor\u00e1rios e despesas de defesa legal, mesmo no caso de uma decis\u00e3o judicial n\u00e3o definitiva.<\/p>\n<p><strong>Prote\u00e7\u00e3o de informa\u00e7\u00f5es hospedadas<\/strong><\/p>\n<p>H\u00c9CTOR LINARES MORALES faz c\u00f3pias de seguran\u00e7a do conte\u00fado hospedado em seus servidores, por\u00e9m n\u00e3o se responsabiliza pela perda ou exclus\u00e3o acidental de dados pelos usu\u00e1rios. Da mesma forma, n\u00e3o garante a substitui\u00e7\u00e3o total dos dados eliminados pelos utilizadores, uma vez que os referidos dados poderiam ter sido eliminados e\/ou modificados durante o per\u00edodo de tempo decorrido desde a \u00faltima c\u00f3pia de seguran\u00e7a.<\/p>\n<p>Os servi\u00e7os oferecidos, exceto servi\u00e7os espec\u00edficos de backup, n\u00e3o incluem a substitui\u00e7\u00e3o dos conte\u00fados mantidos nas c\u00f3pias de seguran\u00e7a realizadas por H\u00c9CTOR LINARES MORALES, quando esta perda for imput\u00e1vel ao usu\u00e1rio; Neste caso, ser\u00e1 determinada uma taxa em fun\u00e7\u00e3o da complexidade e volume da recupera\u00e7\u00e3o, sempre com aceita\u00e7\u00e3o pr\u00e9via por parte do utilizador.<\/p>\n<p>A substitui\u00e7\u00e3o dos dados apagados s\u00f3 est\u00e1 inclu\u00edda no pre\u00e7o do servi\u00e7o quando a perda do conte\u00fado se deve a causas imput\u00e1veis a H\u00c9CTOR LINARES MORALES.<\/p>\n<p><strong>Comunica\u00e7\u00f5es comerciais<\/strong><\/p>\n<p>Em aplica\u00e7\u00e3o do LSSI. H\u00c9CTOR LINARES MORALES n\u00e3o enviar\u00e1 comunica\u00e7\u00f5es publicit\u00e1rias ou promocionais por e-mail ou outro meio equivalente de comunica\u00e7\u00e3o eletr\u00f4nica que n\u00e3o tenha sido previamente solicitado ou expressamente autorizado pelos seus destinat\u00e1rios.<\/p>\n<p>No caso de usu\u00e1rios com os quais exista rela\u00e7\u00e3o contratual pr\u00e9via, H\u00c9CTOR LINARES MORALES est\u00e1 autorizado a enviar comunica\u00e7\u00f5es comerciais relativas a produtos ou servi\u00e7os de H\u00c9CTOR LINARES MORALES semelhantes aos que foram inicialmente contratados com o cliente.<\/p>\n<p>Em qualquer caso, o usu\u00e1rio, ap\u00f3s comprovar sua identidade, poder\u00e1 solicitar que n\u00e3o lhe sejam enviadas mais informa\u00e7\u00f5es comerciais atrav\u00e9s dos canais de Atendimento ao Cliente.<\/p>\n<\/div><\/div><\/div><\/div><\/div><div class=\"et_pb_section_2 et_pb_section et_section_regular et_block_section section_has_divider et_pb_top_divider et_pb_bottom_divider\" id=\"cookies\"><div class=\"et_pb_top_inside_divider et-no-transition\"><\/div><div class=\"et_pb_bottom_inside_divider et-no-transition\"><\/div><\/div>","protected":false},"excerpt":{"rendered":"","protected":false},"author":1,"featured_media":0,"parent":6608,"menu_order":0,"comment_status":"closed","ping_status":"closed","template":"","meta":{"footnotes":""},"class_list":["post-7945","page","type-page","status-publish","hentry"],"_links":{"self":[{"href":"https:\/\/www.peritcam.com\/pt\/wp-json\/wp\/v2\/pages\/7945","targetHints":{"allow":["GET"]}}],"collection":[{"href":"https:\/\/www.peritcam.com\/pt\/wp-json\/wp\/v2\/pages"}],"about":[{"href":"https:\/\/www.peritcam.com\/pt\/wp-json\/wp\/v2\/types\/page"}],"author":[{"embeddable":true,"href":"https:\/\/www.peritcam.com\/pt\/wp-json\/wp\/v2\/users\/1"}],"replies":[{"embeddable":true,"href":"https:\/\/www.peritcam.com\/pt\/wp-json\/wp\/v2\/comments?post=7945"}],"version-history":[{"count":5,"href":"https:\/\/www.peritcam.com\/pt\/wp-json\/wp\/v2\/pages\/7945\/revisions"}],"predecessor-version":[{"id":9320,"href":"https:\/\/www.peritcam.com\/pt\/wp-json\/wp\/v2\/pages\/7945\/revisions\/9320"}],"up":[{"embeddable":true,"href":"https:\/\/www.peritcam.com\/pt\/wp-json\/wp\/v2\/pages\/6608"}],"wp:attachment":[{"href":"https:\/\/www.peritcam.com\/pt\/wp-json\/wp\/v2\/media?parent=7945"}],"curies":[{"name":"wp","href":"https:\/\/api.w.org\/{rel}","templated":true}]}}