{"id":7855,"date":"2024-05-09T08:34:34","date_gmt":"2024-05-09T06:34:34","guid":{"rendered":"https:\/\/www.peritcam.com\/?page_id=7855"},"modified":"2026-04-20T15:56:03","modified_gmt":"2026-04-20T13:56:03","slug":"tudo-sobre-videoperitacao","status":"publish","type":"page","link":"https:\/\/www.peritcam.com\/pt\/tudo-sobre-videoperitacao\/","title":{"rendered":"Tudo sobre videoper\u00edcia"},"content":{"rendered":"<div class=\"et_pb_section_0 et_pb_section et_section_regular et_block_section section_has_divider et_pb_bottom_divider\"><div class=\"et_pb_row_0 et_pb_row et_block_row\"><div class=\"et_pb_column_0 et_pb_column et_pb_column_4_4 et-last-child et_block_column et_pb_css_mix_blend_mode_passthrough\"><div class=\"et_pb_text_0 et_pb_text et_pb_bg_layout_light et_animated et_pb_module et_block_module\"><div class=\"et_pb_text_inner\"><h1><span>Tudo sobre videoper\u00edcia<\/span><\/h1>\n<\/div><\/div><\/div><\/div><div class=\"et_pb_bottom_inside_divider et-no-transition\"><\/div><\/div><div class=\"et_pb_section_1 et_pb_section et_section_specialty et_pb_equal_columns et_pb_gutters1 et_block_section\"><div class=\"et_pb_row et_block_row\"><div class=\"et_pb_column_1 et_pb_column et_pb_column_single et_pb_column_1_2 et_block_column et_pb_css_mix_blend_mode_passthrough\"><div class=\"et_pb_text_1 et_pb_text et_pb_bg_layout_light et_animated et_pb_module et_block_module\"><div class=\"et_pb_text_inner\"><h2 class=\" translation-block\"><span>Introdu\u00e7\u00e3o \u00e0 videoper\u00edcia: <br>Conceito e Relev\u00e2ncia<\/span><\/h2>\n<p><span><\/span><\/p>\n<\/div><\/div><div class=\"et_pb_divider_0 et_pb_divider et_pb_space et_pb_divider_position_top et_animated et_pb_module\"><div class=\"et_pb_divider_internal\"><\/div><\/div><div class=\"et_pb_text_2 et_pb_text et_pb_bg_layout_light et_animated et_pb_module et_block_module\"><div class=\"et_pb_text_inner\"><p>A videoper\u00edcia, tamb\u00e9m conhecida como videoperita\u00e7\u00e3o, emerge como uma disciplina crucial no campo da per\u00edcia, utilizando as mais recentes tecnologias audiovisuais e digitais para documentar, analisar e apresentar evid\u00eancias em diversos contextos, especialmente nos setores jur\u00eddico e de seguros.<\/p>\n<p>Atrav\u00e9s da captura de v\u00eddeos, os especialistas podem registrar e revisar minuciosamente as evid\u00eancias, o que pode ser crucial para validar reclama\u00e7\u00f5es ou descobrir detalhes essenciais em investiga\u00e7\u00f5es.<\/p>\n<p class=\" translation-block\"><strong>Precis\u00e3o e Detalhe:<\/strong> Os v\u00eddeos fornecem um registro minucioso e preciso, capturando detalhes que poderiam passar despercebidos em uma inspe\u00e7\u00e3o visual convencional, permitindo revis\u00f5es completas a qualquer momento.<\/p>\n<p><strong>Economizando tempo e recursos:<\/strong> A possibilidade de realizar inspe\u00e7\u00f5es e avalia\u00e7\u00f5es remotamente, sem exigir a presen\u00e7a f\u00edsica de um perito, representa uma poupan\u00e7a consider\u00e1vel de tempo e recursos tanto para as seguradoras como para os peritos.<\/p>\n<p class=\" translation-block\"><strong>Imparcialidade:<\/strong> Os v\u00eddeos oferecem provas objetivas em casos de disputas, apresentando os fatos sem vi\u00e9s ou interpreta\u00e7\u00f5es subjetivas.<\/p>\n<p class=\" translation-block\"><strong>Acesso \u00e0 Tecnologia<\/strong>: Com o advento das tecnologias digitais e a ampla disponibilidade de dispositivos de grava\u00e7\u00e3o de v\u00eddeo, a videoper\u00edcia se tornou mais acess\u00edvel e f\u00e1cil de implementar do que nunca.<\/p>\n<\/div><\/div><\/div><div class=\"et_pb_column_2 et_pb_column et_pb_specialty_column et_pb_column_1_2 et-last-child et_block_column et_pb_css_mix_blend_mode_passthrough\"><div class=\"et_pb_row_inner_0 et_pb_row_inner et_pb_equal_columns et_pb_gutters4 et_block_row\"><div class=\"et_pb_column_inner_0 et_pb_column_inner et_pb_column et_pb_column_4_4 et-last-child et_block_column et_pb_css_mix_blend_mode_passthrough\"><div class=\"et_pb_image_0 et_pb_image et_animated et_pb_module et_block_module\"><span class=\"et_pb_image_wrap\"><img loading=\"lazy\" decoding=\"async\" src=\"http:\/\/www.peritcam.com\/wp-content\/uploads\/2023\/12\/teleperitacion-150x150.png\" width=\"150\" height=\"150\" srcset=\"http:\/\/www.peritcam.com\/wp-content\/uploads\/2023\/12\/teleperitacion-150x150.png 150w\" class=\"wp-image-6680\" title=\"teleperita\u00e7\u00e3o\" \/><\/span><\/div><\/div><\/div><\/div><\/div><\/div><div class=\"et_pb_section_2 et_pb_section et_section_specialty et_pb_equal_columns et_pb_gutters1 et_block_section et_animated section_has_divider et_pb_top_divider et_pb_bottom_divider\"><div class=\"et_pb_top_inside_divider et-no-transition\"><\/div><div class=\"et_pb_row et_block_row\"><div class=\"et_pb_column_3 et_pb_column et_pb_column_single et_pb_column_1_2 et_block_column et_pb_css_mix_blend_mode_passthrough\"><div class=\"et_pb_text_3 et_pb_text et_pb_bg_layout_light et_animated et_pb_module et_block_module\"><div class=\"et_pb_text_inner\"><h2><span>Evolu\u00e7\u00e3o hist\u00f3rica da videoper\u00edcia<\/span><\/h2>\n<p><span><\/span><\/p>\n<\/div><\/div><div class=\"et_pb_divider_1 et_pb_divider et_pb_space et_pb_divider_position_top et_animated et_pb_module\"><div class=\"et_pb_divider_internal\"><\/div><\/div><div class=\"et_pb_text_4 et_pb_text et_pb_bg_layout_light et_animated et_pb_module et_block_module\"><div class=\"et_pb_text_inner\"><p>Embora a videoper\u00edcia tenha ra\u00edzes antigas, sua evolu\u00e7\u00e3o foi not\u00e1vel com o crescimento da tecnologia digital.<\/p>\n<p>Nos primeiros tempos, a videoper\u00edcia era realizada com c\u00e2meras de v\u00eddeo convencionais, exigindo a presen\u00e7a f\u00edsica dos peritos no local. Embora \u00fatil, esse processo era lento, caro e dif\u00edcil de coordenar.<\/p>\n<p>A chegada de c\u00e2meras digitais e smartphones transformou radicalmente o panorama. Os peritos agora podiam capturar imagens em alta defini\u00e7\u00e3o e compartilhar v\u00eddeos de forma r\u00e1pida e eficiente. Al\u00e9m disso, a capacidade de realizar grava\u00e7\u00f5es \u00e0 dist\u00e2ncia eliminou a necessidade de presen\u00e7a f\u00edsica, proporcionando flexibilidade e economizando recursos.<\/p>\n<p>Na \u00faltima d\u00e9cada, o desenvolvimento da Intelig\u00eancia Artificial e do Aprendizado de M\u00e1quina abriu novas possibilidades. Algoritmos de IA podem analisar v\u00eddeos, detectando padr\u00f5es e detalhes que poderiam passar despercebidos pelo olho humano.<\/p>\n<\/div><\/div><\/div><div class=\"et_pb_column_4 et_pb_column et_pb_specialty_column et_pb_column_1_2 et-last-child et_block_column et_pb_css_mix_blend_mode_passthrough\"><div class=\"et_pb_row_inner_1 et_pb_row_inner et_pb_equal_columns et_pb_gutters4 et_block_row\"><div class=\"et_pb_column_inner_1 et_pb_column_inner et_pb_column et_pb_column_4_4 et-last-child et_block_column et_pb_css_mix_blend_mode_passthrough\"><div class=\"et_pb_image_1 et_pb_image et_animated et_pb_module et_block_module\"><span class=\"et_pb_image_wrap\"><img loading=\"lazy\" decoding=\"async\" src=\"http:\/\/www.peritcam.com\/wp-content\/uploads\/2023\/12\/teleperitacion-150x150.png\" width=\"150\" height=\"150\" srcset=\"http:\/\/www.peritcam.com\/wp-content\/uploads\/2023\/12\/teleperitacion-150x150.png 150w\" class=\"wp-image-6680\" title=\"teleperita\u00e7\u00e3o\" \/><\/span><\/div><\/div><\/div><\/div><\/div><div class=\"et_pb_bottom_inside_divider et-no-transition\"><\/div><\/div><div class=\"et_pb_section_3 et_pb_section et_section_regular et_block_section\"><div class=\"et_pb_row_1 et_pb_row et_block_row\"><div class=\"et_pb_column_5 et_pb_column et_pb_column_3_5 et_block_column et_pb_css_mix_blend_mode_passthrough\"><div class=\"et_pb_text_5 et_pb_text et_pb_bg_layout_light et_animated et_pb_module et_block_module\"><div class=\"et_pb_text_inner\"><h2 style=\"text-align: left;\"><span>Funcionamento da Videoper\u00edcia<\/span><\/h2>\n<p>&nbsp;<\/p>\n<h3 style=\"text-align: left;\"><span>Processo em detalhe<br \/><\/span><\/h3>\n<p>O processo de videoper\u00edcia varia conforme o caso, mas geralmente segue estas etapas:<\/p>\n<p class=\" translation-block\"><strong>Planejamento:<\/strong> Definir objetivos, o que documentar e como realizar a grava\u00e7\u00e3o.\nGrava\u00e7\u00e3o: Capturar o v\u00eddeo, seja de um local espec\u00edfico, processo ou reconstru\u00e7\u00e3o de eventos.<\/p>\n<p class=\" translation-block\"><strong>Revis\u00e3o e an\u00e1lise:<\/strong> Os peritos revisam e analisam o v\u00eddeo, utilizando software especializado, se necess\u00e1rio.<\/p>\n<p class=\" translation-block\"><strong>Relat\u00f3rio:<\/strong> Preparar um relat\u00f3rio com conclus\u00f5es e evid\u00eancias coletadas.<\/p>\n<p class=\" translation-block\"><strong>Apresenta\u00e7\u00e3o de Provas:<\/strong> Testemunhar em um tribunal, se necess\u00e1rio.<\/p>\n<p>&nbsp;<\/p>\n<h3 style=\"text-align: left;\">Vantagens em rela\u00e7\u00e3o aos m\u00e9todos tradicionais<\/h3>\n<p>&nbsp;<\/p>\n<p class=\" translation-block\"><strong>Clareza e precis\u00e3o:<\/strong> Os v\u00eddeos oferecem um registro visual claro e detalhado.<\/p>\n<p class=\" translation-block\"><strong>Economia de tempo e custos:<\/strong> A capacidade de gravar e revisar v\u00eddeos remotamente reduz os custos e o tempo associados.<\/p>\n<p class=\" translation-block\"><strong>Maior efici\u00eancia:<\/strong> Facilita a coleta e an\u00e1lise de provas em diversas situa\u00e7\u00f5es.<\/p>\n<p class=\" translation-block\"><strong>Objetividade:<\/strong> Elimina poss\u00edveis vieses e mal-entendidos.<\/p>\n<p class=\" translation-block\"><strong>Flexibilidade:<\/strong> Aplic\u00e1vel em uma variedade de casos e situa\u00e7\u00f5es.<\/p>\n<p>&nbsp;<\/p>\n<p><span style=\"font-family: Cairo, Helvetica, Arial, Lucida, sans-serif; font-size: 32px;\">Videoperitagem e considera\u00e7\u00f5es legais<\/span><span style=\"font-family: Cairo, Helvetica, Arial, Lucida, sans-serif; font-size: 32px;\"><\/span><\/p>\n<p><span style=\"font-family: Cairo, Helvetica, Arial, Lucida, sans-serif; font-size: 32px;\"><\/span><\/p>\n<p class=\" translation-block\"><strong>Consentimento:<\/strong> Frequentemente \u00e9 necess\u00e1rio obter o consentimento das pessoas gravadas.<\/p>\n<p class=\" translation-block\"><strong>Uso e armazenamento:<\/strong> Devem ser cumpridas as regulamenta\u00e7\u00f5es de prote\u00e7\u00e3o de dados.<\/p>\n<p class=\" translation-block\"><strong>Admissibilidade nos tribunais:<\/strong> As fotos e v\u00eddeos devem ser relevantes, aut\u00eanticos e n\u00e3o manipulados.<\/p>\n<p class=\" translation-block\"><strong>Qualidade:<\/strong> As fotos e v\u00eddeos devem ser de qualidade suficiente para mostrar claramente os detalhes relevantes.<\/p>\n<\/div><\/div><\/div><div class=\"et_pb_column_6 et_pb_column et_pb_column_2_5 et-last-child et_block_column et_pb_css_mix_blend_mode_passthrough\"><div class=\"et_pb_blurb_0 et_pb_blurb et_pb_bg_layout_light et_pb_blurb_position_top et_animated et_pb_module et_block_module\"><div class=\"et_pb_blurb_content\"><div class=\"et_pb_main_blurb_image\"><span class=\"et_pb_image_wrap\"><span class=\"et-pb-icon et_animated et_animated\">R<\/span><\/span><\/div><div class=\"et_pb_blurb_container\"><h4 class=\"et_pb_module_header\">Por conta pr\u00f3pria<\/h4><div class=\"et_pb_blurb_description\"><p>Realize videoper\u00edcias de forma independente<\/p>\n<\/div><\/div><\/div><\/div><div class=\"et_pb_blurb_1 et_pb_blurb et_pb_bg_layout_light et_pb_blurb_position_top et_animated et_pb_module et_block_module\"><div class=\"et_pb_blurb_content\"><div class=\"et_pb_main_blurb_image\"><span class=\"et_pb_image_wrap\"><span class=\"et-pb-icon et_animated et_animated\">\ue0ed<\/span><\/span><\/div><div class=\"et_pb_blurb_container\"><h4 class=\"et_pb_module_header\">Reduza custos<\/h4><div class=\"et_pb_blurb_description\"><p>Em combust\u00edvel, estacionamento, ped\u00e1gios, multas<\/p>\n<\/div><\/div><\/div><\/div><div class=\"et_pb_blurb_2 et_pb_blurb et_pb_bg_layout_light et_pb_blurb_position_top et_animated et_pb_module et_block_module\"><div class=\"et_pb_blurb_content\"><div class=\"et_pb_main_blurb_image\"><span class=\"et_pb_image_wrap\"><span class=\"et-pb-icon et_animated et_animated\">\ue60d<\/span><\/span><\/div><div class=\"et_pb_blurb_container\"><h4 class=\"et_pb_module_header\">Ganhe tempo<\/h4><div class=\"et_pb_blurb_description\"><p>Ganhe tempo gerenciando tarefas habituais<\/p>\n<\/div><\/div><\/div><\/div><\/div><\/div><\/div><div class=\"et_pb_section_4 et_pb_section et_section_regular et_block_section section_has_divider et_pb_top_divider et_pb_bottom_divider\" id=\"servicios_periciales\"><div class=\"et_pb_top_inside_divider et-no-transition\"><\/div><div class=\"et_pb_row_2 et_pb_row et_block_row\"><div class=\"et_pb_column_7 et_pb_column et_pb_column_2_5 et_block_column et_pb_css_mix_blend_mode_passthrough\"><div class=\"et_pb_text_6 et_pb_text et_pb_bg_layout_light et_animated et_pb_module et_block_module\"><div class=\"et_pb_text_inner\"><h2>Impacto e potencial da videoper\u00edcia<\/h2>\n<p><span><\/span><\/p>\n<\/div><\/div><div class=\"et_pb_divider_2 et_pb_divider et_pb_space et_pb_divider_position_top et_animated et_pb_module\"><div class=\"et_pb_divider_internal\"><\/div><\/div><div class=\"et_pb_image_2 et_pb_image et_animated et_pb_module et_block_module\"><span class=\"et_pb_image_wrap\"><img loading=\"lazy\" decoding=\"async\" src=\"http:\/\/www.peritcam.com\/wp-content\/uploads\/2024\/03\/Logo-videoperitacion-sm.png\" width=\"356\" height=\"86\" srcset=\"https:\/\/www.peritcam.com\/wp-content\/uploads\/2024\/03\/Logo-videoperitacion-sm.png 356w, https:\/\/www.peritcam.com\/wp-content\/uploads\/2024\/03\/Logo-videoperitacion-sm-300x72.png 300w\" sizes=\"(max-width: 356px) 100vw, 356px\" class=\"wp-image-7684\" title=\"Logo-videoperitacion-sm\" \/><\/span><\/div><div class=\"et_pb_module et_pb_button_module_wrapper et_pb_button_0_wrapper\"><a class=\"et_pb_button_0 et_pb_button et_pb_bg_layout_light et_animated et_pb_module et_block_module\" href=\"https:\/\/www.peritcam.com\/pt\/precos-de-avaliacao-on-line\/\">Ver planos e pre\u00e7os<\/a><\/div><\/div><div class=\"et_pb_column_8 et_pb_column et_pb_column_3_5 et-last-child et_block_column et_pb_css_mix_blend_mode_passthrough\"><div class=\"et_pb_text_7 et_pb_text et_pb_bg_layout_light et_animated et_pb_module et_block_module\"><div class=\"et_pb_text_inner\"><p style=\"text-align: left;\">A videoper\u00edcia \u00e9 uma revolu\u00e7\u00e3o na coleta e apresenta\u00e7\u00e3o de provas, permitindo uma melhor compreens\u00e3o e resolu\u00e7\u00e3o de casos.<\/p>\n<p style=\"text-align: left;\">Com o avan\u00e7o tecnol\u00f3gico, o potencial da videoper\u00edcia \u00e9 enorme, com a possibilidade de utilizar intelig\u00eancia artificial e realidade virtual para expandir seus limites.<\/p>\n<p style=\"text-align: left;\">Ideias como a PeritCam est\u00e3o liderando o caminho neste campo, promovendo uma combina\u00e7\u00e3o de per\u00edcia humana e inova\u00e7\u00e3o tecnol\u00f3gica para um futuro promissor.<\/p>\n<p style=\"text-align: left;\">\u00c9 uma jornada emocionante, e o potencial da videoper\u00edcia na sociedade moderna est\u00e1 apenas come\u00e7ando a ser explorado.<\/p>\n<\/div><\/div><div class=\"et_pb_image_3 et_pb_image et_pb_module et_block_module\"><span class=\"et_pb_image_wrap\"><img loading=\"lazy\" decoding=\"async\" src=\"http:\/\/www.peritcam.com\/wp-content\/uploads\/2024\/03\/Logo-videoperitacion-sm.png\" width=\"356\" height=\"86\" srcset=\"https:\/\/www.peritcam.com\/wp-content\/uploads\/2024\/03\/Logo-videoperitacion-sm.png 356w, https:\/\/www.peritcam.com\/wp-content\/uploads\/2024\/03\/Logo-videoperitacion-sm-300x72.png 300w\" sizes=\"(max-width: 356px) 100vw, 356px\" class=\"wp-image-7684\" title=\"Logo-videoperitacion-sm\" \/><\/span><\/div><\/div><\/div><div class=\"et_pb_bottom_inside_divider et-no-transition\"><\/div><\/div><div class=\"et_pb_section_5 et_pb_section et_section_regular et_block_section\" id=\"contacto\"><div class=\"et_pb_row_3 et_pb_row et_block_row\"><div class=\"et_pb_column_9 et_pb_column et_pb_column_4_4 et-last-child et_block_column et_pb_css_mix_blend_mode_passthrough\"><div class=\"et_pb_text_8 et_pb_text et_pb_bg_layout_light et_animated et_pb_module et_block_module\"><div class=\"et_pb_text_inner\"><h2><span>Contatar\u00a0<\/span><\/h2>\n<p><span><\/span><\/p>\n<\/div><\/div><div class=\"et_pb_text_9 et_pb_text et_pb_bg_layout_light et_animated et_pb_module et_block_module et_pb_text_align_center\"><div class=\"et_pb_text_inner\"><p class=\" translation-block\">Se precisar de mais informa\u00e7\u00f5es <b>n\u00e3o hesite em contactar<\/b><\/p>\n<\/div><\/div><div class=\"et_pb_divider_3 et_pb_divider et_pb_space et_pb_divider_position_top et_animated et_pb_module\"><div class=\"et_pb_divider_internal\"><\/div><\/div><\/div><\/div><div class=\"et_pb_row_4 et_pb_row et_pb_equal_columns et_pb_gutters1 et_block_row\"><div class=\"et_pb_column_10 et_pb_column et_pb_column_1_2 et_block_column et_pb_css_mix_blend_mode_passthrough et_animated et_clickable\"><div class=\"et_pb_blurb_3 et_pb_blurb et_pb_bg_layout_light et_pb_blurb_position_top et_animated et_pb_module et_block_module\"><div class=\"et_pb_blurb_content\"><div class=\"et_pb_main_blurb_image\"><a href=\"tel:964780410\"><span class=\"et_pb_image_wrap\"><span class=\"et-pb-icon et_animated et_animated\">\ue090<\/span><\/span><\/a><\/div><div class=\"et_pb_blurb_container\"><h4 class=\"et_pb_module_header\"><a href=\"tel:964780410\"> 964 780 410<\/a><\/h4><div class=\"et_pb_blurb_description\"><p>Segunda-feira: 9h00 - 18h00 | Sexta-feira: 9h00 - 15h00<\/p>\n<\/div><\/div><\/div><\/div><\/div><div class=\"et_pb_column_11 et_pb_column et_pb_column_1_2 et-last-child et_block_column et_pb_css_mix_blend_mode_passthrough\"><div class=\"et_pb_blurb_4 et_pb_blurb et_pb_bg_layout_light et_pb_blurb_position_top et_animated et_pb_module et_block_module\"><div class=\"et_pb_blurb_content\"><div class=\"et_pb_main_blurb_image\"><a href=\"mailto:info@peritcam.com\"><span class=\"et_pb_image_wrap\"><span class=\"et-pb-icon et_animated et_animated\">\uf1fa<\/span><\/span><\/a><\/div><div class=\"et_pb_blurb_container\"><h4 class=\"et_pb_module_header\"><a href=\"mailto:info@peritcam.com\">info@peritcam.com<\/a><\/h4><div class=\"et_pb_blurb_description\"><p>Escreva-nos, responderemos em breve<\/p>\n<\/div><\/div><\/div><\/div><\/div><\/div><\/div>","protected":false},"excerpt":{"rendered":"","protected":false},"author":1,"featured_media":0,"parent":0,"menu_order":0,"comment_status":"closed","ping_status":"closed","template":"","meta":{"footnotes":""},"class_list":["post-7855","page","type-page","status-publish","hentry"],"_links":{"self":[{"href":"https:\/\/www.peritcam.com\/pt\/wp-json\/wp\/v2\/pages\/7855","targetHints":{"allow":["GET"]}}],"collection":[{"href":"https:\/\/www.peritcam.com\/pt\/wp-json\/wp\/v2\/pages"}],"about":[{"href":"https:\/\/www.peritcam.com\/pt\/wp-json\/wp\/v2\/types\/page"}],"author":[{"embeddable":true,"href":"https:\/\/www.peritcam.com\/pt\/wp-json\/wp\/v2\/users\/1"}],"replies":[{"embeddable":true,"href":"https:\/\/www.peritcam.com\/pt\/wp-json\/wp\/v2\/comments?post=7855"}],"version-history":[{"count":10,"href":"https:\/\/www.peritcam.com\/pt\/wp-json\/wp\/v2\/pages\/7855\/revisions"}],"predecessor-version":[{"id":9318,"href":"https:\/\/www.peritcam.com\/pt\/wp-json\/wp\/v2\/pages\/7855\/revisions\/9318"}],"wp:attachment":[{"href":"https:\/\/www.peritcam.com\/pt\/wp-json\/wp\/v2\/media?parent=7855"}],"curies":[{"name":"wp","href":"https:\/\/api.w.org\/{rel}","templated":true}]}}