{"id":7536,"date":"2023-12-19T17:15:05","date_gmt":"2023-12-19T16:15:05","guid":{"rendered":"https:\/\/www.peritcam.com\/?page_id=7536"},"modified":"2026-04-20T15:56:02","modified_gmt":"2026-04-20T13:56:02","slug":"politica-de-cookies","status":"publish","type":"page","link":"https:\/\/www.peritcam.com\/pt\/aviso-legal\/politica-de-cookies\/","title":{"rendered":"Pol\u00edtica de Cookies"},"content":{"rendered":"<div class=\"et_pb_section_0 et_pb_section et_section_regular et_block_section section_has_divider et_pb_bottom_divider\"><div class=\"et_pb_bottom_inside_divider et-no-transition\"><\/div><\/div><div class=\"et_pb_section_1 et_pb_section et_section_regular et_block_section\" id=\"contacto\"><div class=\"et_pb_row_0 et_pb_row et_block_row\"><div class=\"et_pb_column_0 et_pb_column et_pb_column_4_4 et-last-child et_block_column et_pb_css_mix_blend_mode_passthrough\"><div class=\"et_pb_text_0 et_pb_text et_pb_bg_layout_light et_pb_module et_block_module\"><div class=\"et_pb_text_inner\"><p><b>Documentos legais:<\/b><\/p>\n<\/div><\/div><div class=\"et_pb_menu_0 et_pb_menu et_pb_menu--without-logo et_pb_menu--style-left_aligned et_dropdown_animation_fade et_pb_bg_layout_light et_pb_text_align_right-tablet et_pb_text_align_right-phone et_pb_module et_flex_module\"><div class=\"et_pb_menu_inner_container et_flex_module\"><div class=\"et_pb_menu__wrap\"><div class=\"et_pb_menu__menu\"><nav class=\"et-menu-nav\"><ul id=\"menu-legal_es\" class=\"et-menu nav downwards\"><li id=\"menu-item-7958\" class=\"et_pb_menu_page_id-6608 menu-item menu-item-type-post_type menu-item-object-page menu-item-7958\"><a href=\"https:\/\/www.peritcam.com\/pt\/aviso-legal\/\">Aviso Legal<\/a><\/li>\n<li id=\"menu-item-7959\" class=\"et_pb_menu_page_id-7945 menu-item menu-item-type-post_type menu-item-object-page menu-item-privacy-policy menu-item-7959\"><a rel=\"privacy-policy\" href=\"https:\/\/www.peritcam.com\/pt\/aviso-legal\/politica-de-privacidade\/\">pol\u00edtica de Privacidade<\/a><\/li>\n<li id=\"menu-item-7962\" class=\"et_pb_menu_page_id-7536 menu-item menu-item-type-post_type menu-item-object-page menu-item-7962\"><a href=\"https:\/\/www.peritcam.com\/pt\/aviso-legal\/politica-de-cookies\/\">Pol\u00edtica de Cookies<\/a><\/li>\n<li id=\"menu-item-7961\" class=\"et_pb_menu_page_id-7954 menu-item menu-item-type-post_type menu-item-object-page menu-item-7961\"><a href=\"https:\/\/www.peritcam.com\/pt\/aviso-legal\/termos-e-condicoes-gerais-do-contrato\/\">Condi\u00e7\u00f5es gerais do contrato<\/a><\/li>\n<li id=\"menu-item-7960\" class=\"et_pb_menu_page_id-7941 menu-item menu-item-type-post_type menu-item-object-page menu-item-7960\"><a href=\"https:\/\/www.peritcam.com\/pt\/aviso-legal\/termos-de-utilizacao-do-aplicativo\/\">Condi\u00e7\u00f5es de uso do Aplicativo<\/a><\/li>\n<li id=\"menu-item-7963\" class=\"et_pb_menu_page_id-7949 menu-item menu-item-type-post_type menu-item-object-page menu-item-7963\"><a href=\"https:\/\/www.peritcam.com\/pt\/aviso-legal\/politica-de-privacidade-do-aplicativo\/\">Pol\u00edtica de Privacidade do Aplicativo<\/a><\/li>\n<\/ul><\/nav><\/div><div class=\"et_mobile_nav_menu\"><div class=\"mobile_nav closed\"><span class=\"mobile_menu_bar\"><\/span><\/div><\/div><\/div><\/div><\/div><div class=\"et_pb_text_1 et_pb_text et_pb_bg_layout_light et_pb_module et_block_module\"><div class=\"et_pb_text_inner\"><h2><strong>POL\u00cdTICA DE COOKIES<\/strong><\/h2>\n<p>&nbsp;<\/p>\n<p>H\u00c9CTOR LINARES MORALES informa sobre o uso de cookies em seu site: https:\/\/www.peritcam.com<\/p>\n<p><strong>O que s\u00e3o biscoitos?<\/strong><\/p>\n<p>Cookies s\u00e3o arquivos que podem ser baixados para o seu computador atrav\u00e9s de p\u00e1ginas da web. S\u00e3o ferramentas que desempenham um papel essencial na presta\u00e7\u00e3o de numerosos servi\u00e7os da sociedade da informa\u00e7\u00e3o. Entre outros, permitem que um site armazene e recupere informa\u00e7\u00e3o sobre os h\u00e1bitos de navega\u00e7\u00e3o de um utilizador ou do seu equipamento e, dependendo da informa\u00e7\u00e3o obtida, podem ser utilizados para reconhecer o utilizador e melhorar o servi\u00e7o oferecido.<\/p>\n<p><strong>Tipos de biscoitos<\/strong><\/p>\n<p>Dependendo de quem \u00e9 a entidade que gere o dom\u00ednio a partir do qual s\u00e3o enviados os cookies e trata os dados obtidos, podem distinguir-se dois tipos:<\/p>\n<ul>\n<li>Cookies pr\u00f3prios: S\u00e3o aqueles que s\u00e3o enviados ao equipamento terminal do usu\u00e1rio desde um computador ou dom\u00ednio gerenciado pelo pr\u00f3prio editor e a partir do qual \u00e9 prestado o servi\u00e7o solicitado pelo usu\u00e1rio.<\/li>\n<li>Cookies de terceiros: S\u00e3o aqueles que s\u00e3o enviados ao equipamento terminal do usu\u00e1rio a partir de um computador ou dom\u00ednio que n\u00e3o \u00e9 gerenciado pelo editor, mas por outra entidade que processa os dados obtidos atrav\u00e9s dos cookies.<\/li>\n<\/ul>\n<p>Caso os cookies sejam instalados a partir de um computador ou dom\u00ednio gerido pelo pr\u00f3prio editor, mas a informa\u00e7\u00e3o recolhida atrav\u00e9s deles seja gerida por terceiros, n\u00e3o poder\u00e3o ser considerados cookies pr\u00f3prios.<\/p>\n<p>Existe tamb\u00e9m uma segunda classifica\u00e7\u00e3o de acordo com o tempo que permanecem armazenados no navegador do cliente, que pode ser:<\/p>\n<ul>\n<li>Cookies de sess\u00e3o: Destinados a recolher e armazenar dados enquanto o utilizador acede a uma p\u00e1gina web. Normalmente s\u00e3o utilizados para armazenar informa\u00e7\u00e3o que s\u00f3 tem interesse em guardar para a presta\u00e7\u00e3o do servi\u00e7o solicitado pelo utilizador numa \u00fanica ocasi\u00e3o (ex. lista de produtos adquiridos).<\/li>\n<li>Cookies persistentes: Os dados permanecem armazenados no terminal e podem ser acessados e processados por um per\u00edodo definido pelo respons\u00e1vel pelo cookie, que pode variar de alguns minutos a v\u00e1rios anos.<\/li>\n<\/ul>\n<p>Por \u00faltimo, existe outra classifica\u00e7\u00e3o com seis tipos de cookies dependendo da finalidade para a qual s\u00e3o tratados os dados obtidos:<\/p>\n<ul>\n<li>Cookies t\u00e9cnicos: S\u00e3o aqueles que permitem ao utilizador navegar atrav\u00e9s de uma p\u00e1gina web, plataforma ou aplica\u00e7\u00e3o e utilizar as diferentes op\u00e7\u00f5es ou servi\u00e7os a\u00ed existentes, como, por exemplo, controlar o tr\u00e1fego e a comunica\u00e7\u00e3o de dados, identificar a sess\u00e3o, aceder a partes de acesso restrito. , relembrar os elementos que comp\u00f5em uma encomenda, realizar o processo de compra de uma encomenda, efetuar um pedido de inscri\u00e7\u00e3o ou participa\u00e7\u00e3o num evento, utilizar elementos de seguran\u00e7a durante a navega\u00e7\u00e3o, armazenar conte\u00fados para divulga\u00e7\u00e3o de v\u00eddeos ou som ou partilhar conte\u00fados nas redes social.<\/li>\n<li>Cookies de personaliza\u00e7\u00e3o: Permitem ao usu\u00e1rio acessar o servi\u00e7o com algumas caracter\u00edsticas gerais predefinidas com base em uma s\u00e9rie de crit\u00e9rios no terminal do usu\u00e1rio, como o idioma, o tipo de navegador atrav\u00e9s do qual o servi\u00e7o \u00e9 acessado, a configura\u00e7\u00e3o regional de onde voc\u00ea acessa o servi\u00e7o, etc<\/li>\n<li>Cookies de an\u00e1lise: Permitem ao seu respons\u00e1vel monitorizar e analisar o comportamento dos utilizadores dos sites aos quais est\u00e3o vinculados. A informa\u00e7\u00e3o recolhida atrav\u00e9s deste tipo de cookies \u00e9 utilizada para medir a atividade dos sites, aplica\u00e7\u00f5es ou plataformas e para preparar perfis de navega\u00e7\u00e3o dos utilizadores dos referidos sites, aplica\u00e7\u00f5es e plataformas, de forma a introduzir melhorias com base na an\u00e1lise dos dados de utiliza\u00e7\u00e3o. feitas pelos usu\u00e1rios do servi\u00e7o.<\/li>\n<li>Cookies publicit\u00e1rios: Permitem a gest\u00e3o, da forma mais eficiente poss\u00edvel, dos espa\u00e7os publicit\u00e1rios.<\/li>\n<li>Cookies de publicidade comportamental: Armazenam informa\u00e7\u00e3o sobre o comportamento do utilizador obtida atrav\u00e9s da observa\u00e7\u00e3o cont\u00ednua dos seus h\u00e1bitos de navega\u00e7\u00e3o, o que permite desenvolver um perfil espec\u00edfico para exibir publicidade com base nele.<\/li>\n<li>Cookies de redes sociais externas: S\u00e3o utilizados para que os visitantes possam interagir com o conte\u00fado das diferentes plataformas sociais (facebook, youtube, twitter, linkedIn, etc.) e s\u00e3o gerados apenas para os utilizadores das referidas redes sociais. As condi\u00e7\u00f5es de utiliza\u00e7\u00e3o destes cookies e a informa\u00e7\u00e3o recolhida s\u00e3o reguladas pela pol\u00edtica de privacidade da plataforma social correspondente.<\/li>\n<\/ul>\n<p><strong>Desativa\u00e7\u00e3o e exclus\u00e3o de cookies<\/strong><\/p>\n<p>Voc\u00ea tem a op\u00e7\u00e3o de permitir, bloquear ou excluir cookies instalados no seu computador, configurando as op\u00e7\u00f5es do navegador instalado no seu computador. Ao desativar os cookies, alguns dos servi\u00e7os dispon\u00edveis poder\u00e3o deixar de estar operacionais. A forma de desativar os cookies \u00e9 diferente para cada navegador, mas normalmente pode ser feita a partir do menu Ferramentas ou Op\u00e7\u00f5es. Voc\u00ea tamb\u00e9m pode consultar o menu Ajuda do navegador, onde encontrar\u00e1 instru\u00e7\u00f5es. O usu\u00e1rio pode a qualquer momento escolher quais cookies deseja que funcionem neste site.<\/p>\n<p>Voc\u00ea pode permitir, bloquear ou excluir cookies instalados no seu computador configurando as op\u00e7\u00f5es do navegador instalado no seu computador:<\/p>\n<ul>\n<li>Microsoft Internet Explorer ou Microsoft Edge: http:\/\/windows.microsoft.com\/es-es\/windows-vista\/Block-or-allow-cookies<\/li>\n<li>Mozilla Firefox: http:\/\/support.mozilla.org\/es\/kb\/impedir-que-los-sitios-web-guarden-sus-preference<\/li>\n<li>Cromo: https:\/\/support.google.com\/accounts\/answer\/61416?hl=es<\/li>\n<li>Safari: http:\/\/safari.helpmax.net\/es\/privacidad-y-security\/como-gestionar-las-cookies\/<\/li>\n<li>\u00d3pera: http:\/\/help.opera.com\/Linux\/10.60\/es-ES\/cookies.html<\/li>\n<\/ul>\n<p>Al\u00e9m disso, voc\u00ea tamb\u00e9m pode gerenciar o armazenamento de cookies no seu navegador atrav\u00e9s de ferramentas como as seguintes:<\/p>\n<ul class=\"cky-table-wrapper cookyePhaterTag\">\n<li>Ghostery: www.ghostery.com<\/li>\n<li>Suas escolhas online: www.youronlinechoices.com\/es\/<\/li>\n<\/ul>\n<p>Cookies usados em https:\/\/www.peritcam.com<\/p>\n<p>Os cookies que est\u00e3o a ser utilizados neste portal est\u00e3o identificados abaixo, bem como o seu tipo e fun\u00e7\u00e3o:<\/p>\n<ul class=\"cky-table-wrapper cookyePhaterTag\">\n<li>_ga<\/li>\n<ul>\n<li>Dura\u00e7\u00e3o: 2 anos<\/li>\n<li>Descri\u00e7\u00e3o: Usado para distinguir usu\u00e1rios. Gerado pelo Google Analytics. A Google armazena a informa\u00e7\u00e3o recolhida pelos cookies em servidores localizados nos Estados Unidos, cumprindo a legisla\u00e7\u00e3o europeia relativa \u00e0 protec\u00e7\u00e3o de dados pessoais e compromete-se a n\u00e3o a partilhar com terceiros, excepto quando a lei o exigir ou for necess\u00e1rio para o seu opera\u00e7\u00e3o do sistema. O Google n\u00e3o associa o seu endere\u00e7o IP a nenhuma outra informa\u00e7\u00e3o que possua. Se desejar obter mais informa\u00e7\u00f5es sobre os cookies utilizados pelo Google Analytics, acesse este endere\u00e7o: https:\/\/developers.google.com\/analytics\/devguides\/collection\/analyticsjs\/cookie-usage?hl=es&amp;csw=1<\/li>\n<li>Tipo: Terceiro<\/li>\n<li>Objetivo: An\u00e1lise<\/li>\n<\/ul>\n<li>_ga_XD9R4LDQKB<\/li>\n<ul>\n<li>Dura\u00e7\u00e3o: 1 ano e 1 m\u00eas<\/li>\n<li>Descri\u00e7\u00e3o: Este cookie \u00e9 usado pelo Google Analytics para manter o estado da sess\u00e3o.<\/li>\n<li>Tipo: Terceiro<\/li>\n<li>Objetivo: An\u00e1lise<\/li>\n<\/ul>\n<li>cookieyes-consentimento<\/li>\n<ul>\n<li>Dura\u00e7\u00e3o: 1 ano<\/li>\n<li>Descri\u00e7\u00e3o: CookieYes define este cookie para lembrar as prefer\u00eancias de consentimento dos usu\u00e1rios, para que suas prefer\u00eancias sejam respeitadas em visitas subsequentes a este site. N\u00e3o coleta nem armazena informa\u00e7\u00f5es pessoais sobre os visitantes do site.<\/li>\n<li>Tipo: Terceiro<\/li>\n<li>Objetivo: Personaliza\u00e7\u00e3o<\/li>\n<\/ul>\n<\/ul>\n<p>https:\/\/www.peritcam.com exibe informa\u00e7\u00f5es sobre sua Pol\u00edtica de Cookies na parte inferior ou superior de qualquer p\u00e1gina do portal a cada login.<\/p>\n<p>Com essas informa\u00e7\u00f5es, \u00e9 poss\u00edvel realizar as seguintes a\u00e7\u00f5es:<\/p>\n<ul>\n<li>Aceitar cookies: Este aviso n\u00e3o ser\u00e1 exibido novamente ao acessar qualquer p\u00e1gina do portal durante esta sess\u00e3o.<\/li>\n<li>Modificar\/personalizar as suas configura\u00e7\u00f5es: Voc\u00ea pode obter mais informa\u00e7\u00f5es sobre o que s\u00e3o cookies, conhecer a Pol\u00edtica de Cookies de: https:\/\/www.peritcam.com e modificar as configura\u00e7\u00f5es do seu navegador.<\/li>\n<\/ul>\n<\/div><\/div><\/div><\/div><\/div><div class=\"et_pb_section_2 et_pb_section et_section_regular et_block_section section_has_divider et_pb_top_divider et_pb_bottom_divider\" id=\"cookies\"><div class=\"et_pb_top_inside_divider et-no-transition\"><\/div><div class=\"et_pb_bottom_inside_divider et-no-transition\"><\/div><\/div>","protected":false},"excerpt":{"rendered":"","protected":false},"author":1,"featured_media":0,"parent":6608,"menu_order":0,"comment_status":"closed","ping_status":"closed","template":"","meta":{"footnotes":""},"class_list":["post-7536","page","type-page","status-publish","hentry"],"_links":{"self":[{"href":"https:\/\/www.peritcam.com\/pt\/wp-json\/wp\/v2\/pages\/7536","targetHints":{"allow":["GET"]}}],"collection":[{"href":"https:\/\/www.peritcam.com\/pt\/wp-json\/wp\/v2\/pages"}],"about":[{"href":"https:\/\/www.peritcam.com\/pt\/wp-json\/wp\/v2\/types\/page"}],"author":[{"embeddable":true,"href":"https:\/\/www.peritcam.com\/pt\/wp-json\/wp\/v2\/users\/1"}],"replies":[{"embeddable":true,"href":"https:\/\/www.peritcam.com\/pt\/wp-json\/wp\/v2\/comments?post=7536"}],"version-history":[{"count":10,"href":"https:\/\/www.peritcam.com\/pt\/wp-json\/wp\/v2\/pages\/7536\/revisions"}],"predecessor-version":[{"id":9317,"href":"https:\/\/www.peritcam.com\/pt\/wp-json\/wp\/v2\/pages\/7536\/revisions\/9317"}],"up":[{"embeddable":true,"href":"https:\/\/www.peritcam.com\/pt\/wp-json\/wp\/v2\/pages\/6608"}],"wp:attachment":[{"href":"https:\/\/www.peritcam.com\/pt\/wp-json\/wp\/v2\/media?parent=7536"}],"curies":[{"name":"wp","href":"https:\/\/api.w.org\/{rel}","templated":true}]}}