{"id":7330,"date":"2023-12-17T19:56:06","date_gmt":"2023-12-17T18:56:06","guid":{"rendered":"https:\/\/www.peritcam.com\/?page_id=7330"},"modified":"2026-04-20T15:55:55","modified_gmt":"2026-04-20T13:55:55","slug":"precos-de-avaliacao-on-line","status":"publish","type":"page","link":"https:\/\/www.peritcam.com\/pt\/precos-de-avaliacao-on-line\/","title":{"rendered":"Pre\u00e7os de avalia\u00e7\u00e3o online"},"content":{"rendered":"<div class=\"et_pb_section_0 et_pb_section et_section_regular et_block_section section_has_divider et_pb_bottom_divider\"><div class=\"et_pb_row_0 et_pb_row et_block_row et_animated\"><div class=\"et_pb_column_0 et_pb_column et_pb_column_4_4 et-last-child et_block_column et_pb_css_mix_blend_mode_passthrough\"><div class=\"et_pb_text_0 et_pb_text et_pb_bg_layout_light et_pb_module et_block_module\"><div class=\"et_pb_text_inner\" data-et-mv-hidden-phone=\"true\"><h1 class=\" translation-block\">Pre\u00e7os de videoperitagem\n<span style=\"font-size: x-large\">Software de per\u00edcias online para peritos<\/span><\/h1>\n<\/div><\/div><\/div><\/div><div class=\"et_pb_bottom_inside_divider et-no-transition\"><\/div><\/div><div class=\"et_pb_section_1 et_pb_section et_section_regular et_block_section section_has_divider et_pb_bottom_divider\"><div class=\"et_pb_row_1 et_pb_row et_block_row\" id=\"precios\"><div class=\"et_pb_column_1 et_pb_column et_pb_column_4_4 et-last-child et_block_column et_pb_css_mix_blend_mode_passthrough\"><div class=\"et_pb_text_1 et_pb_text et_pb_bg_layout_light et_animated et_pb_module et_block_module\"><div class=\"et_pb_text_inner\"><h2>Ofertas de lan\u00e7amento<\/h2>\n<p><span><\/span><\/p>\n<\/div><\/div><div class=\"et_pb_text_2 et_pb_text et_pb_bg_layout_light et_animated et_pb_module et_block_module et_pb_text_align_center\"><div class=\"et_pb_text_inner\"><p class=\" translation-block\">Condi\u00e7\u00f5es e pre\u00e7os promocionais. Use o <span style=\"text-decoration: underline\">Pack Micro<\/span> completamente gr\u00e1tis escrevendo <strong>Gr\u00e1tis<\/strong> na \u00e1rea de cupons da tela de pagamento.<\/p>\n<\/div><\/div><div class=\"et_pb_divider_0 et_pb_divider et_pb_space et_pb_divider_position_top et_animated et_pb_module\"><div class=\"et_pb_divider_internal\"><\/div><\/div><\/div><\/div><div class=\"et_pb_row_2 et_pb_row et_pb_row_4col et_pb_equal_columns et_pb_gutters2 et_block_row et_block_row_4col et_animated\"><div class=\"et_pb_column_2 et_pb_column et_pb_column_1_4 et_block_column et_pb_css_mix_blend_mode_passthrough\"><div class=\"et_pb_pricing_tables_0 et_pb_pricing_tables et_pb_pricing clearfix et_pb_pricing_1 et_animated et_pb_no_featured_in_first_row et_pb_module et_flex_module ribbon\"><div class=\"et_pb_pricing_table_0 et_pb_pricing_table et_pb_module et_block_module et_flex_column_24_24 et_flex_column_24_24_tablet et_flex_column_24_24_phone\"><div class=\"et_pb_pricing_heading\"><h2 class=\"et_pb_pricing_title\">Micropacote<\/h2><span class=\"et_pb_best_value\">5 sess\u00f5es<\/span><\/div><div class=\"et_pb_pricing_content_top\"><div class=\"et_pb_et_price\"><span class=\"et_pb_dollar_sign\">10<\/span><span class=\"et_pb_sum\">\u20ac<\/span><\/div><\/div><div class=\"et_pb_pricing_content\"><ul class=\"et_pb_pricing\"><li><span> 2,00 \u20ac por sess\u00e3o<\/span><\/li><li><span>Expira em 4 meses<\/span><\/li><li><span>-<\/span><\/li><\/ul><\/div><\/div><\/div><div class=\"et_pb_wc_add_to_cart_0 et_pb_wc_add_to_cart et_pb_text_align_center et_pb_hide_input_quantity et_pb_hide_stock et_pb_fields_label_position_inline et_animated et_pb_module\"><div class=\"et_pb_module_inner\">\n\t\n\t<form class=\"cart\" action=\"https:\/\/www.peritcam.com\/pt\/product\/relatorio-de-especialista-em-video-gratuito\/\" method=\"post\" enctype='multipart\/form-data' data-trp-original-action=\"https:\/\/www.peritcam.com\/pt\/product\/relatorio-de-especialista-em-video-gratuito\/\">\n\t\t\n\t\t<div class=\"quantity\">\n\t\t<label class=\"screen-reader-text\" for=\"quantity_69fc8d0bde87d\" data-no-translation=\"\" data-trp-gettext=\"\">Quantidade de Pack Micro 5<\/label>\n\t<input\n\t\ttype=\"hidden\"\n\t\t\t\tid=\"quantity_69fc8d0bde87d\"\n\t\tclass=\"input-text qty text\"\n\t\tname=\"quantity\"\n\t\tvalue=\"1\"\n\t\taria-label=\"Quantidade do produto\"\n\t\t\t\tmin=\"1\"\n\t\t\t\t\tmax=\"1\"\n\t\t\t\t\t\t\tstep=\"1\"\n\t\t\tplaceholder=\"\"\n\t\t\tinputmode=\"numeric\"\n\t\t\tautocomplete=\"off\" data-no-translation-aria-label=\"\"\n\t\t\t\/>\n\t<\/div>\n\n\t\t<button type=\"submit\" name=\"add-to-cart\" value=\"7821\" class=\"single_add_to_cart_button button alt\">Buy now<\/button>\n\n\t\t\t<input type=\"hidden\" name=\"trp-form-language\" value=\"pt\"\/><\/form>\n\n\t\n<\/div><\/div><\/div><div class=\"et_pb_column_3 et_pb_column et_pb_column_1_4 et_block_column et_pb_css_mix_blend_mode_passthrough\"><div class=\"et_pb_pricing_tables_1 et_pb_pricing_tables et_pb_pricing clearfix et_pb_pricing_1 et_animated et_pb_no_featured_in_first_row et_pb_module et_flex_module\"><div class=\"et_pb_pricing_table_1 et_pb_pricing_table et_pb_module et_block_module et_flex_column_24_24 et_flex_column_24_24_tablet et_flex_column_24_24_phone\"><div class=\"et_pb_pricing_heading\"><h2 class=\"et_pb_pricing_title\">Mini-pacote<\/h2><span class=\"et_pb_best_value\">20 sess\u00f5es<\/span><\/div><div class=\"et_pb_pricing_content_top\"><div class=\"et_pb_et_price\"><span class=\"et_pb_dollar_sign\">26<\/span><span class=\"et_pb_sum\">\u20ac<\/span><\/div><\/div><div class=\"et_pb_pricing_content\"><ul class=\"et_pb_pricing\"><li><span> 1,30 \u20ac por sess\u00e3o<\/span><\/li><li><span>Vence: 1 ano<\/span><\/li><li><span>-<\/span><\/li><\/ul><\/div><\/div><\/div><div class=\"et_pb_wc_add_to_cart_1 et_pb_wc_add_to_cart et_pb_text_align_center et_pb_hide_input_quantity et_pb_hide_stock et_pb_fields_label_position_inline et_animated et_pb_module\"><div class=\"et_pb_module_inner\">\n\t\n\t<form class=\"cart\" action=\"https:\/\/www.peritcam.com\/pt\/product\/pack-mini\/\" method=\"post\" enctype='multipart\/form-data' data-trp-original-action=\"https:\/\/www.peritcam.com\/pt\/product\/pack-mini\/\">\n\t\t\n\t\t<div class=\"quantity\">\n\t\t<label class=\"screen-reader-text\" for=\"quantity_69fc8d0be4298\" data-no-translation=\"\" data-trp-gettext=\"\">Quantidade de Pack Mini 20<\/label>\n\t<input\n\t\ttype=\"hidden\"\n\t\t\t\tid=\"quantity_69fc8d0be4298\"\n\t\tclass=\"input-text qty text\"\n\t\tname=\"quantity\"\n\t\tvalue=\"1\"\n\t\taria-label=\"Quantidade do produto\"\n\t\t\t\tmin=\"1\"\n\t\t\t\t\tmax=\"1\"\n\t\t\t\t\t\t\tstep=\"1\"\n\t\t\tplaceholder=\"\"\n\t\t\tinputmode=\"numeric\"\n\t\t\tautocomplete=\"off\" data-no-translation-aria-label=\"\"\n\t\t\t\/>\n\t<\/div>\n\n\t\t<button type=\"submit\" name=\"add-to-cart\" value=\"7403\" class=\"single_add_to_cart_button button alt\">Buy now<\/button>\n\n\t\t\t<input type=\"hidden\" name=\"trp-form-language\" value=\"pt\"\/><\/form>\n\n\t\n<\/div><\/div><\/div><div class=\"et_pb_column_4 et_pb_column et_pb_column_1_4 et_block_column et_pb_css_mix_blend_mode_passthrough\"><div class=\"et_pb_pricing_tables_2 et_pb_pricing_tables et_pb_pricing clearfix et_pb_pricing_1 et_animated et_pb_no_featured_in_first_row et_pb_module et_flex_module\"><div class=\"et_pb_pricing_table_2 et_pb_pricing_table et_pb_module et_block_module et_flex_column_24_24 et_flex_column_24_24_tablet et_flex_column_24_24_phone\"><div class=\"et_pb_pricing_heading\"><h2 class=\"et_pb_pricing_title\">Pacote B\u00e1sico<\/h2><span class=\"et_pb_best_value\">40 sess\u00f5es<\/span><\/div><div class=\"et_pb_pricing_content_top\"><div class=\"et_pb_et_price\"><span class=\"et_pb_dollar_sign\">44<\/span><span class=\"et_pb_sum\">\u20ac<\/span><\/div><\/div><div class=\"et_pb_pricing_content\"><ul class=\"et_pb_pricing\"><li><span>1,10 \u20ac por sess\u00e3o<\/span><\/li><li><span>Expira em 18 meses<\/span><\/li><li><span>-<\/span><\/li><\/ul><\/div><\/div><\/div><div class=\"et_pb_wc_add_to_cart_2 et_pb_wc_add_to_cart et_pb_text_align_center et_pb_hide_input_quantity et_pb_hide_stock et_pb_fields_label_position_inline et_animated et_pb_module\"><div class=\"et_pb_module_inner\">\n\t\n\t<form class=\"cart\" action=\"https:\/\/www.peritcam.com\/pt\/product\/pack-base\/\" method=\"post\" enctype='multipart\/form-data' data-trp-original-action=\"https:\/\/www.peritcam.com\/pt\/product\/pack-base\/\">\n\t\t\n\t\t<div class=\"quantity\">\n\t\t<label class=\"screen-reader-text\" for=\"quantity_69fc8d0be95d4\" data-no-translation=\"\" data-trp-gettext=\"\">Quantidade de Pack Base 40<\/label>\n\t<input\n\t\ttype=\"hidden\"\n\t\t\t\tid=\"quantity_69fc8d0be95d4\"\n\t\tclass=\"input-text qty text\"\n\t\tname=\"quantity\"\n\t\tvalue=\"1\"\n\t\taria-label=\"Quantidade do produto\"\n\t\t\t\tmin=\"1\"\n\t\t\t\t\tmax=\"1\"\n\t\t\t\t\t\t\tstep=\"1\"\n\t\t\tplaceholder=\"\"\n\t\t\tinputmode=\"numeric\"\n\t\t\tautocomplete=\"off\" data-no-translation-aria-label=\"\"\n\t\t\t\/>\n\t<\/div>\n\n\t\t<button type=\"submit\" name=\"add-to-cart\" value=\"7404\" class=\"single_add_to_cart_button button alt\">Buy now<\/button>\n\n\t\t\t<input type=\"hidden\" name=\"trp-form-language\" value=\"pt\"\/><\/form>\n\n\t\n<\/div><\/div><\/div><div class=\"et_pb_column_5 et_pb_column et_pb_column_1_4 et-last-child et_block_column et_pb_css_mix_blend_mode_passthrough\"><div class=\"et_pb_pricing_tables_3 et_pb_pricing_tables et_pb_pricing clearfix et_pb_pricing_1 et_animated et_pb_no_featured_in_first_row et_pb_module et_flex_module\"><div class=\"et_pb_pricing_table_3 et_pb_pricing_table et_pb_module et_block_module et_flex_column_24_24 et_flex_column_24_24_tablet et_flex_column_24_24_phone\"><div class=\"et_pb_pricing_heading\"><h2 class=\"et_pb_pricing_title\">Pacote m\u00e1ximo<\/h2><span class=\"et_pb_best_value\">80 sess\u00f5es<\/span><\/div><div class=\"et_pb_pricing_content_top\"><div class=\"et_pb_et_price\"><span class=\"et_pb_dollar_sign\">64<\/span><span class=\"et_pb_sum\">\u20ac<\/span><\/div><\/div><div class=\"et_pb_pricing_content\"><ul class=\"et_pb_pricing\"><li><span> <span style=\"color: #1eb523;\"> <strong>0.80 \u20ac por sess\u00e3o<\/strong><\/span><\/span><\/li><li class=\" translation-block\"><span>Vence: <strong style=\"color: #1eb523\">2 anos<\/strong><\/span><\/li><li><span>-<\/span><\/li><\/ul><\/div><\/div><\/div><div class=\"et_pb_wc_add_to_cart_3 et_pb_wc_add_to_cart et_pb_text_align_center et_pb_hide_input_quantity et_pb_hide_stock et_pb_fields_label_position_inline et_animated et_pb_module\"><div class=\"et_pb_module_inner\">\n\t\n\t<form class=\"cart\" action=\"https:\/\/www.peritcam.com\/pt\/product\/pack-max\/\" method=\"post\" enctype='multipart\/form-data' data-trp-original-action=\"https:\/\/www.peritcam.com\/pt\/product\/pack-max\/\">\n\t\t\n\t\t<div class=\"quantity\">\n\t\t<label class=\"screen-reader-text\" for=\"quantity_69fc8d0beea34\" data-no-translation=\"\" data-trp-gettext=\"\">Quantidade de Pack Max 80<\/label>\n\t<input\n\t\ttype=\"hidden\"\n\t\t\t\tid=\"quantity_69fc8d0beea34\"\n\t\tclass=\"input-text qty text\"\n\t\tname=\"quantity\"\n\t\tvalue=\"1\"\n\t\taria-label=\"Quantidade do produto\"\n\t\t\t\tmin=\"1\"\n\t\t\t\t\tmax=\"1\"\n\t\t\t\t\t\t\tstep=\"1\"\n\t\t\tplaceholder=\"\"\n\t\t\tinputmode=\"numeric\"\n\t\t\tautocomplete=\"off\" data-no-translation-aria-label=\"\"\n\t\t\t\/>\n\t<\/div>\n\n\t\t<button type=\"submit\" name=\"add-to-cart\" value=\"7405\" class=\"single_add_to_cart_button button alt\">Buy now<\/button>\n\n\t\t\t<input type=\"hidden\" name=\"trp-form-language\" value=\"pt\"\/><\/form>\n\n\t\n<\/div><\/div><\/div><\/div><div class=\"et_pb_row_3 et_pb_row et_pb_row_4col et_pb_equal_columns et_pb_gutters2 et_block_row et_block_row_4col et_animated\"><div class=\"et_pb_column_6 et_pb_column et_pb_column_1_4 et_block_column et_pb_column_empty et_pb_css_mix_blend_mode_passthrough\"><\/div><div class=\"et_pb_column_7 et_pb_column et_pb_column_1_4 et_block_column et_pb_css_mix_blend_mode_passthrough\"><div class=\"et_pb_pricing_tables_4 et_pb_pricing_tables et_pb_pricing clearfix et_pb_pricing_1 et_animated et_pb_no_featured_in_first_row et_pb_module et_flex_module\"><div class=\"et_pb_pricing_table_4 et_pb_pricing_table et_pb_module et_block_module et_flex_column_24_24 et_flex_column_24_24_tablet et_flex_column_24_24_phone\"><div class=\"et_pb_pricing_heading\"><h2 class=\"et_pb_pricing_title\">Equipe Pack 200 <\/h2><span class=\"et_pb_best_value\">200 sess\u00f5es<\/span><\/div><div class=\"et_pb_pricing_content_top\"><div class=\"et_pb_et_price\"><span class=\"et_pb_dollar_sign\">150<\/span><span class=\"et_pb_sum\">\u20ac<\/span><\/div><\/div><div class=\"et_pb_pricing_content\"><ul class=\"et_pb_pricing\"><li><span>\u20ac0,75 por sess\u00e3o<\/span><\/li><li><span>Expira em 4 meses<\/span><\/li><li><span>-<\/span><\/li><\/ul><\/div><\/div><\/div><div class=\"et_pb_wc_add_to_cart_4 et_pb_wc_add_to_cart et_pb_text_align_center et_pb_hide_input_quantity et_pb_hide_stock et_pb_fields_label_position_inline et_animated et_pb_module\"><div class=\"et_pb_module_inner\">\n\t\n\t<form class=\"cart\" action=\"https:\/\/www.peritcam.com\/pt\/product\/pack-200\/\" method=\"post\" enctype='multipart\/form-data' data-trp-original-action=\"https:\/\/www.peritcam.com\/pt\/product\/pack-200\/\">\n\t\t\n\t\t<div class=\"quantity\">\n\t\t<label class=\"screen-reader-text\" for=\"quantity_69fc8d0c0083b\" data-no-translation=\"\" data-trp-gettext=\"\">Quantidade de Pack Team 200<\/label>\n\t<input\n\t\ttype=\"hidden\"\n\t\t\t\tid=\"quantity_69fc8d0c0083b\"\n\t\tclass=\"input-text qty text\"\n\t\tname=\"quantity\"\n\t\tvalue=\"1\"\n\t\taria-label=\"Quantidade do produto\"\n\t\t\t\tmin=\"1\"\n\t\t\t\t\tmax=\"1\"\n\t\t\t\t\t\t\tstep=\"1\"\n\t\t\tplaceholder=\"\"\n\t\t\tinputmode=\"numeric\"\n\t\t\tautocomplete=\"off\" data-no-translation-aria-label=\"\"\n\t\t\t\/>\n\t<\/div>\n\n\t\t<button type=\"submit\" name=\"add-to-cart\" value=\"8893\" class=\"single_add_to_cart_button button alt\">Buy now<\/button>\n\n\t\t\t<input type=\"hidden\" name=\"trp-form-language\" value=\"pt\"\/><\/form>\n\n\t\n<\/div><\/div><\/div><div class=\"et_pb_column_8 et_pb_column et_pb_column_1_4 et_block_column et_pb_css_mix_blend_mode_passthrough\"><div class=\"et_pb_pricing_tables_5 et_pb_pricing_tables et_pb_pricing clearfix et_pb_pricing_1 et_animated et_pb_no_featured_in_first_row et_pb_module et_flex_module\"><div class=\"et_pb_pricing_table_5 et_pb_pricing_table et_pb_module et_block_module et_flex_column_24_24 et_flex_column_24_24_tablet et_flex_column_24_24_phone\"><div class=\"et_pb_pricing_heading\"><h2 class=\"et_pb_pricing_title\">Equipe Pack 400 <\/h2><span class=\"et_pb_best_value\">400 sess\u00f5es<\/span><\/div><div class=\"et_pb_pricing_content_top\"><div class=\"et_pb_et_price\"><span class=\"et_pb_dollar_sign\">280<\/span><span class=\"et_pb_sum\">\u20ac<\/span><\/div><\/div><div class=\"et_pb_pricing_content\"><ul class=\"et_pb_pricing\"><li><span> <span style=\"color: #1eb523;\"> <strong>0,70 \u20ac por sess\u00e3o<\/strong><\/span><\/span><\/li><li><span> Expira: <strong style=\"color: #1eb523;\">2 meses<\/strong><\/span><\/li><li><span>-<\/span><\/li><\/ul><\/div><\/div><\/div><div class=\"et_pb_wc_add_to_cart_5 et_pb_wc_add_to_cart et_pb_text_align_center et_pb_hide_input_quantity et_pb_hide_stock et_pb_fields_label_position_inline et_animated et_pb_module\"><div class=\"et_pb_module_inner\">\n\t\n\t<form class=\"cart\" action=\"https:\/\/www.peritcam.com\/pt\/product\/pack-400\/\" method=\"post\" enctype='multipart\/form-data' data-trp-original-action=\"https:\/\/www.peritcam.com\/pt\/product\/pack-400\/\">\n\t\t\n\t\t<div class=\"quantity\">\n\t\t<label class=\"screen-reader-text\" for=\"quantity_69fc8d0c05c60\" data-no-translation=\"\" data-trp-gettext=\"\">Quantidade de Pack  Team 400<\/label>\n\t<input\n\t\ttype=\"hidden\"\n\t\t\t\tid=\"quantity_69fc8d0c05c60\"\n\t\tclass=\"input-text qty text\"\n\t\tname=\"quantity\"\n\t\tvalue=\"1\"\n\t\taria-label=\"Quantidade do produto\"\n\t\t\t\tmin=\"1\"\n\t\t\t\t\tmax=\"1\"\n\t\t\t\t\t\t\tstep=\"1\"\n\t\t\tplaceholder=\"\"\n\t\t\tinputmode=\"numeric\"\n\t\t\tautocomplete=\"off\" data-no-translation-aria-label=\"\"\n\t\t\t\/>\n\t<\/div>\n\n\t\t<button type=\"submit\" name=\"add-to-cart\" value=\"9026\" class=\"single_add_to_cart_button button alt\">Buy now<\/button>\n\n\t\t\t<input type=\"hidden\" name=\"trp-form-language\" value=\"pt\"\/><\/form>\n\n\t\n<\/div><\/div><\/div><div class=\"et_pb_column_9 et_pb_column et_pb_column_1_4 et-last-child et_block_column et_pb_column_empty et_pb_css_mix_blend_mode_passthrough\"><\/div><\/div><div class=\"et_pb_row_4 et_pb_row et_block_row\"><div class=\"et_pb_column_10 et_pb_column et_pb_column_4_4 et-last-child et_block_column et_pb_css_mix_blend_mode_passthrough\"><div class=\"et_pb_blurb_0 et_pb_blurb et_pb_bg_layout_light et_pb_blurb_position_left et_animated et_pb_module et_block_module\"><div class=\"et_pb_blurb_content\"><div class=\"et_pb_main_blurb_image\"><span class=\"et_pb_image_wrap\"><span class=\"et-pb-icon et_animated et_animated\">\uf00c<\/span><\/span><\/div><div class=\"et_pb_blurb_container\"><h4 class=\"et_pb_module_header\">Sess\u00f5es de at\u00e9 1 hora<\/h4><div class=\"et_pb_blurb_description\"><p>Com o cupom \"gratis\" 15 minutos<\/p>\n<\/div><\/div><\/div><\/div><div class=\"et_pb_blurb_1 et_pb_blurb et_pb_bg_layout_light et_pb_blurb_position_left et_animated et_pb_module et_block_module\"><div class=\"et_pb_blurb_content\"><div class=\"et_pb_main_blurb_image\"><span class=\"et_pb_image_wrap\"><span class=\"et-pb-icon et_animated et_animated\">\uf00c<\/span><\/span><\/div><div class=\"et_pb_blurb_container\"><h4 class=\"et_pb_module_header\">Isento de impostos para profissionais fora da Espanha.<\/h4><\/div><\/div><\/div><\/div><\/div><div class=\"et_pb_bottom_inside_divider et-no-transition\"><\/div><\/div><div class=\"et_pb_section_2 et_pb_section et_section_regular et_block_section\"><div class=\"et_pb_row_5 et_pb_row et_block_row\"><div class=\"et_pb_column_11 et_pb_column et_pb_column_4_4 et-last-child et_block_column et_pb_css_mix_blend_mode_passthrough\"><div class=\"et_pb_text_4 et_pb_text et_pb_bg_layout_light et_animated et_pb_module et_block_module\"><div class=\"et_pb_text_inner\"><h2>Vantagens e funcionalidades<\/h2>\n<p><span><\/span><\/p>\n<\/div><\/div><div class=\"et_pb_text_5 et_pb_text et_pb_bg_layout_light et_animated et_pb_module et_block_module et_pb_text_align_center\"><div class=\"et_pb_text_inner\"><p>Continuamos trabalhando em melhorias<\/p>\n<\/div><\/div><div class=\"et_pb_divider_1 et_pb_divider et_pb_space et_pb_divider_position_top et_animated et_pb_module\"><div class=\"et_pb_divider_internal\"><\/div><\/div><\/div><\/div><div class=\"et_pb_row_6 et_pb_row et_block_row\"><div class=\"et_pb_column_12 et_pb_column et_pb_column_1_3 et_block_column et_pb_css_mix_blend_mode_passthrough\"><div class=\"et_pb_blurb_2 et_pb_blurb et_pb_bg_layout_light et_pb_blurb_position_top et_animated et_pb_module et_block_module\"><div class=\"et_pb_blurb_content\"><div class=\"et_pb_main_blurb_image\"><span class=\"et_pb_image_wrap\"><span class=\"et-pb-icon et_animated et_animated\">\uf303<\/span><\/span><\/div><div class=\"et_pb_blurb_container\"><h4 class=\"et_pb_module_header\">Marcador<\/h4><div class=\"et_pb_blurb_description\"><p>\u00a0Marque as suas fotos facilmente para destacar as coisas mais importantes.<\/p>\n<\/div><\/div><\/div><\/div><\/div><div class=\"et_pb_column_13 et_pb_column et_pb_column_1_3 et_block_column et_pb_css_mix_blend_mode_passthrough\"><div class=\"et_pb_blurb_3 et_pb_blurb et_pb_bg_layout_light et_pb_blurb_position_top et_animated et_pb_module et_block_module\"><div class=\"et_pb_blurb_content\"><div class=\"et_pb_main_blurb_image\"><span class=\"et_pb_image_wrap\"><span class=\"et-pb-icon et_animated et_animated\">\ue00b<\/span><\/span><\/div><div class=\"et_pb_blurb_container\"><h4 class=\"et_pb_module_header\">Compatibilidade<\/h4><div class=\"et_pb_blurb_description\"><p>Sem instala\u00e7\u00e3o, funciona na maioria dos dispositivos m\u00f3veis.\u00a0<\/p>\n<\/div><\/div><\/div><\/div><\/div><div class=\"et_pb_column_14 et_pb_column et_pb_column_1_3 et-last-child et_block_column et_pb_css_mix_blend_mode_passthrough\"><div class=\"et_pb_blurb_4 et_pb_blurb et_pb_bg_layout_light et_pb_blurb_position_top et_animated et_pb_module et_block_module\"><div class=\"et_pb_blurb_content\"><div class=\"et_pb_main_blurb_image\"><span class=\"et_pb_image_wrap\"><span class=\"et-pb-icon et_animated et_animated\">\uf57c<\/span><\/span><\/div><div class=\"et_pb_blurb_container\"><h4 class=\"et_pb_module_header\">Internacional<\/h4><div class=\"et_pb_blurb_description\"><p>Conecte-se com diferentes pa\u00edses.<\/p>\n<\/div><\/div><\/div><\/div><\/div><\/div><div class=\"et_pb_row_7 et_pb_row et_block_row\"><div class=\"et_pb_column_15 et_pb_column et_pb_column_1_2 et_block_column et_pb_css_mix_blend_mode_passthrough\"><div class=\"et_pb_blurb_5 et_pb_blurb et_pb_bg_layout_light et_pb_blurb_position_top et_animated et_pb_module et_block_module\"><div class=\"et_pb_blurb_content\"><div class=\"et_pb_main_blurb_image\"><span class=\"et_pb_image_wrap\"><span class=\"et-pb-icon et_animated et_animated\">\uf5a0<\/span><\/span><\/div><div class=\"et_pb_blurb_container\"><h4 class=\"et_pb_module_header\">Localiza\u00e7\u00e3o<\/h4><div class=\"et_pb_blurb_description\"><p>Fa\u00e7a uma captura de ecr\u00e3 do mapa de localiza\u00e7\u00e3o para adicion\u00e1-lo ao seu relat\u00f3rio.<\/p>\n<\/div><\/div><\/div><\/div><\/div><div class=\"et_pb_column_16 et_pb_column et_pb_column_1_2 et-last-child et_block_column et_pb_css_mix_blend_mode_passthrough\"><div class=\"et_pb_blurb_6 et_pb_blurb et_pb_bg_layout_light et_pb_blurb_position_top et_animated et_pb_module et_block_module\"><div class=\"et_pb_blurb_content\"><div class=\"et_pb_main_blurb_image\"><span class=\"et_pb_image_wrap\"><span class=\"et-pb-icon et_animated et_animated\">\uf1c8<\/span><\/span><\/div><div class=\"et_pb_blurb_container\"><h4 class=\"et_pb_module_header\">V\u00eddeos<\/h4><div class=\"et_pb_blurb_description\"><p>Grave v\u00eddeos enquanto fala e captura fotos ao mesmo tempo.<\/p>\n<\/div><\/div><\/div><\/div><\/div><\/div><\/div>","protected":false},"excerpt":{"rendered":"","protected":false},"author":1,"featured_media":0,"parent":0,"menu_order":0,"comment_status":"closed","ping_status":"closed","template":"","meta":{"footnotes":""},"class_list":["post-7330","page","type-page","status-publish","hentry"],"_links":{"self":[{"href":"https:\/\/www.peritcam.com\/pt\/wp-json\/wp\/v2\/pages\/7330","targetHints":{"allow":["GET"]}}],"collection":[{"href":"https:\/\/www.peritcam.com\/pt\/wp-json\/wp\/v2\/pages"}],"about":[{"href":"https:\/\/www.peritcam.com\/pt\/wp-json\/wp\/v2\/types\/page"}],"author":[{"embeddable":true,"href":"https:\/\/www.peritcam.com\/pt\/wp-json\/wp\/v2\/users\/1"}],"replies":[{"embeddable":true,"href":"https:\/\/www.peritcam.com\/pt\/wp-json\/wp\/v2\/comments?post=7330"}],"version-history":[{"count":10,"href":"https:\/\/www.peritcam.com\/pt\/wp-json\/wp\/v2\/pages\/7330\/revisions"}],"predecessor-version":[{"id":9311,"href":"https:\/\/www.peritcam.com\/pt\/wp-json\/wp\/v2\/pages\/7330\/revisions\/9311"}],"wp:attachment":[{"href":"https:\/\/www.peritcam.com\/pt\/wp-json\/wp\/v2\/media?parent=7330"}],"curies":[{"name":"wp","href":"https:\/\/api.w.org\/{rel}","templated":true}]}}