{"id":6608,"date":"2023-11-09T17:12:29","date_gmt":"2023-11-09T16:12:29","guid":{"rendered":"https:\/\/www.peritcam.com\/?page_id=6608"},"modified":"2026-04-20T15:55:53","modified_gmt":"2026-04-20T13:55:53","slug":"aviso-legal","status":"publish","type":"page","link":"https:\/\/www.peritcam.com\/pt\/aviso-legal\/","title":{"rendered":"Aviso Legal"},"content":{"rendered":"<div class=\"et_pb_section_0 et_pb_section et_section_regular et_block_section section_has_divider et_pb_bottom_divider\"><div class=\"et_pb_bottom_inside_divider et-no-transition\"><\/div><\/div><div class=\"et_pb_section_1 et_pb_section et_section_regular et_block_section\" id=\"contacto\"><div class=\"et_pb_row_0 et_pb_row et_block_row\"><div class=\"et_pb_column_0 et_pb_column et_pb_column_4_4 et-last-child et_block_column et_pb_css_mix_blend_mode_passthrough\"><div class=\"et_pb_text_0 et_pb_text et_pb_bg_layout_light et_pb_module et_block_module\"><div class=\"et_pb_text_inner\"><p><b>Documentos legais:<\/b><\/p>\n<\/div><\/div><div class=\"et_pb_menu_0 et_pb_menu et_pb_menu--without-logo et_pb_menu--style-left_aligned et_dropdown_animation_fade et_pb_bg_layout_light et_pb_text_align_right-tablet et_pb_text_align_right-phone et_pb_module et_flex_module\"><div class=\"et_pb_menu_inner_container et_flex_module\"><div class=\"et_pb_menu__wrap\"><div class=\"et_pb_menu__menu\"><nav class=\"et-menu-nav\"><ul id=\"menu-legal_es\" class=\"et-menu nav downwards\"><li id=\"menu-item-7958\" class=\"et_pb_menu_page_id-6608 menu-item menu-item-type-post_type menu-item-object-page menu-item-7958\"><a href=\"https:\/\/www.peritcam.com\/pt\/aviso-legal\/\">Aviso Legal<\/a><\/li>\n<li id=\"menu-item-7959\" class=\"et_pb_menu_page_id-7945 menu-item menu-item-type-post_type menu-item-object-page menu-item-privacy-policy menu-item-7959\"><a rel=\"privacy-policy\" href=\"https:\/\/www.peritcam.com\/pt\/aviso-legal\/politica-de-privacidade\/\">pol\u00edtica de Privacidade<\/a><\/li>\n<li id=\"menu-item-7962\" class=\"et_pb_menu_page_id-7536 menu-item menu-item-type-post_type menu-item-object-page menu-item-7962\"><a href=\"https:\/\/www.peritcam.com\/pt\/aviso-legal\/politica-de-cookies\/\">Pol\u00edtica de Cookies<\/a><\/li>\n<li id=\"menu-item-7961\" class=\"et_pb_menu_page_id-7954 menu-item menu-item-type-post_type menu-item-object-page menu-item-7961\"><a href=\"https:\/\/www.peritcam.com\/pt\/aviso-legal\/termos-e-condicoes-gerais-do-contrato\/\">Condi\u00e7\u00f5es gerais do contrato<\/a><\/li>\n<li id=\"menu-item-7960\" class=\"et_pb_menu_page_id-7941 menu-item menu-item-type-post_type menu-item-object-page menu-item-7960\"><a href=\"https:\/\/www.peritcam.com\/pt\/aviso-legal\/termos-de-utilizacao-do-aplicativo\/\">Condi\u00e7\u00f5es de uso do Aplicativo<\/a><\/li>\n<li id=\"menu-item-7963\" class=\"et_pb_menu_page_id-7949 menu-item menu-item-type-post_type menu-item-object-page menu-item-7963\"><a href=\"https:\/\/www.peritcam.com\/pt\/aviso-legal\/politica-de-privacidade-do-aplicativo\/\">Pol\u00edtica de Privacidade do Aplicativo<\/a><\/li>\n<\/ul><\/nav><\/div><div class=\"et_mobile_nav_menu\"><div class=\"mobile_nav closed\"><span class=\"mobile_menu_bar\"><\/span><\/div><\/div><\/div><\/div><\/div><div class=\"et_pb_text_1 et_pb_text et_pb_bg_layout_light et_pb_module et_block_module\"><div class=\"et_pb_text_inner\"><h1>Aviso legal<\/h1>\n<div class=\"et_pb_module et_pb_text et_pb_text_2 familiaTitulo  et_pb_text_align_left et_pb_bg_layout_light\">\n<div class=\"et_pb_text_inner\">\n<div class=\"et_pb_module et_pb_text et_pb_text_2 familiaTitulo  et_pb_text_align_left et_pb_bg_layout_light\">\n<div class=\"et_pb_text_inner\">\n<p><span style=\"font-size: 16px;\">Em cumprimento do dever de informa\u00e7\u00e3o constante do artigo 10 da Lei 34\/2002, de 11 de julho, de Servi\u00e7os da Sociedade da Informa\u00e7\u00e3o e Com\u00e9rcio Eletr\u00f3nico (LSSICE), o propriet\u00e1rio do site informa o seguinte:<\/span><\/p>\n<ul>\n<li>Nome da empresa: H\u00c9CTOR LINARES MORALES<\/li>\n<li>NIF: 20248892Z<\/li>\n<li>Endere\u00e7o: C\/ Els Ports, 3, 12005 - Castell\u00f3n (Castell\u00f3n De La Plana)<\/li>\n<\/ul>\n<p>Dentro dos limites estabelecidos pela lei, H\u00c9CTOR LINARES MORALES n\u00e3o assume qualquer responsabilidade derivada da falta de veracidade, integridade, atualiza\u00e7\u00e3o e precis\u00e3o dos dados ou informa\u00e7\u00f5es contidas em suas p\u00e1ginas web.<\/p>\n<p>Os conte\u00fados e informa\u00e7\u00f5es n\u00e3o vinculam H\u00c9CTOR LINARES MORALES nem constituem opini\u00f5es, conselhos ou assessoria jur\u00eddica de qualquer esp\u00e9cie, pois se trata apenas de um servi\u00e7o oferecido com fins informativos e informativos.<\/p>\n<p>As p\u00e1ginas de Internet de H\u00c9CTOR LINARES MORALES podem conter links para outras p\u00e1ginas de terceiros que H\u00c9CTOR LINARES MORALES n\u00e3o pode controlar. Portanto, H\u00c9CTOR LINARES MORALES n\u00e3o pode assumir responsabilidade pelo conte\u00fado que possa aparecer em p\u00e1ginas de terceiros.<\/p>\n<p>Os textos, imagens, sons, anima\u00e7\u00f5es, software e demais conte\u00fados inclu\u00eddos neste site s\u00e3o de propriedade exclusiva de H\u00c9CTOR LINARES MORALES ou de seus licenciadores. Qualquer ato de transmiss\u00e3o, distribui\u00e7\u00e3o, transfer\u00eancia, reprodu\u00e7\u00e3o, armazenamento ou comunica\u00e7\u00e3o p\u00fablica total ou parcial dever\u00e1 contar com o consentimento expresso de H\u00c9CTOR LINARES MORALES.<\/p>\n<p>Da mesma forma, para acessar alguns dos servi\u00e7os que H\u00c9CTOR LINARES MORALES oferece atrav\u00e9s do site, voc\u00ea dever\u00e1 fornecer alguns dados pessoais. Em cumprimento do disposto no Regulamento (UE) 2016\/679 do Parlamento Europeu e do Conselho, de 27 de abril de 2016, relativo \u00e0 prote\u00e7\u00e3o das pessoas singulares no que diz respeito ao tratamento de dados pessoais e \u00e0 livre circula\u00e7\u00e3o desses dados, n\u00f3s informamos que, ao preencher estes formul\u00e1rios, seus dados pessoais ser\u00e3o incorporados e processados nos arquivos de H\u00c9CTOR LINARES MORALES para poder lhe prestar e oferecer nossos servi\u00e7os. servi\u00e7os, bem como para inform\u00e1-lo sobre melhorias no site.<\/p>\n<p>Informamos ainda que ter\u00e1 a possibilidade de, a qualquer momento, exercer os direitos de acesso, retifica\u00e7\u00e3o, cancelamento, oposi\u00e7\u00e3o, limita\u00e7\u00e3o e portabilidade dos seus dados pessoais, gratuitamente, atrav\u00e9s de email para:<\/p>\n<p>info@informaticoscastellon.com ou no endere\u00e7o: C\/ Els Ports, 3, 12005 - Castellon (Castell\u00f3n De La Plana).<\/p>\n<\/div>\n<\/div>\n<div class=\"et_pb_module et_pb_text et_pb_text_3  et_pb_text_align_left et_pb_bg_layout_light\">\n<div class=\"et_pb_text_inner\"><\/div>\n<\/div>\n<\/div>\n<\/div>\n<div class=\"et_pb_module et_pb_text et_pb_text_3  et_pb_text_align_left et_pb_bg_layout_light\">\n<div class=\"et_pb_text_inner\"><\/div>\n<\/div>\n<\/div><\/div><\/div><\/div><\/div>","protected":false},"excerpt":{"rendered":"","protected":false},"author":1,"featured_media":0,"parent":0,"menu_order":0,"comment_status":"closed","ping_status":"closed","template":"","meta":{"footnotes":""},"class_list":["post-6608","page","type-page","status-publish","hentry"],"_links":{"self":[{"href":"https:\/\/www.peritcam.com\/pt\/wp-json\/wp\/v2\/pages\/6608","targetHints":{"allow":["GET"]}}],"collection":[{"href":"https:\/\/www.peritcam.com\/pt\/wp-json\/wp\/v2\/pages"}],"about":[{"href":"https:\/\/www.peritcam.com\/pt\/wp-json\/wp\/v2\/types\/page"}],"author":[{"embeddable":true,"href":"https:\/\/www.peritcam.com\/pt\/wp-json\/wp\/v2\/users\/1"}],"replies":[{"embeddable":true,"href":"https:\/\/www.peritcam.com\/pt\/wp-json\/wp\/v2\/comments?post=6608"}],"version-history":[{"count":10,"href":"https:\/\/www.peritcam.com\/pt\/wp-json\/wp\/v2\/pages\/6608\/revisions"}],"predecessor-version":[{"id":9309,"href":"https:\/\/www.peritcam.com\/pt\/wp-json\/wp\/v2\/pages\/6608\/revisions\/9309"}],"wp:attachment":[{"href":"https:\/\/www.peritcam.com\/pt\/wp-json\/wp\/v2\/media?parent=6608"}],"curies":[{"name":"wp","href":"https:\/\/api.w.org\/{rel}","templated":true}]}}