{"id":6029,"date":"2023-11-02T16:11:58","date_gmt":"2023-11-02T15:11:58","guid":{"rendered":"https:\/\/www.peritcam.com\/?page_id=6029"},"modified":"2026-05-02T13:00:23","modified_gmt":"2026-05-02T11:00:23","slug":"peritos-castellon","status":"publish","type":"page","link":"https:\/\/www.peritcam.com\/pt\/","title":{"rendered":"In\u00edcio"},"content":{"rendered":"<div class=\"et_pb_section_0 et_pb_section et_pb_fullwidth_section et_section_regular et_block_section section_has_divider et_pb_bottom_divider\">\n<div class=\"et_pb_fullwidth_slider_0 et_pb_slider et_pb_slider_no_pagination et_slider_auto et_slider_speed_5000 et_animated et_pb_module\"><div class=\"et_pb_slides\">\n<div class=\"et_pb_slide_0 et_pb_slide et_pb_slide_with_image et_pb_slider_with_overlay et_pb_media_alignment_center et_pb_bg_layout_dark et_pb_text_align_left\" data-slide-id=\"divi\/slide-0\"><div class=\"et_pb_slide_overlay_container\"><\/div><div class=\"et_pb_container\"><div class=\"et_pb_slider_container_inner\"><div class=\"et_pb_slide_image\"><img loading=\"lazy\" decoding=\"async\" src=\"https:\/\/www.peritcam.com\/wp-content\/uploads\/2023\/12\/teleperitacion-150x150.png\" width=\"150\" height=\"150\" srcset=\"https:\/\/www.peritcam.com\/wp-content\/uploads\/2023\/12\/teleperitacion-150x150.png 150w\" class=\"wp-image-6680\" title=\"teleperita\u00e7\u00e3o\" \/><\/div><div class=\"et_pb_slide_description\"><h4 class=\"et_pb_slide_title\"><a href=\"#peritar\" target=\"\" class=\"et_pb_slide_title_link\">Per\u00edcia online<\/a><\/h4><div class=\"et_pb_slide_content\"><h4>AVALIE \u00b7 INSPECIONE \u00b7 VERIFIQUE<\/h4>\n<p>Uma ferramenta para peritos<\/p>\n<h2><\/h2>\n<\/div><div class=\"et_pb_button_wrapper\"><a class=\"et_pb_button et_pb_more_button\" href=\"#peritar\">Saber mais<\/a><\/div><\/div><\/div><\/div><\/div>\n\n<div class=\"et_pb_slide_1 et_pb_slide et_pb_media_alignment_center et_pb_bg_layout_dark et_pb_text_align_left\" data-slide-id=\"divi\/slide-1\"><div class=\"et_pb_container\"><div class=\"et_pb_slider_container_inner\"><div class=\"et_pb_slide_description\"><h4 class=\"et_pb_slide_title\"><a href=\"#peritar\" target=\"\" class=\"et_pb_slide_title_link\">Videoper\u00edcias<\/a><\/h4><div class=\"et_pb_slide_content\"><h4>Software para videopericiar<\/h4>\n<p>Evite desloca\u00e7\u00f5es, poupe tempo<\/p>\n<\/div><div class=\"et_pb_button_wrapper\"><a class=\"et_pb_button et_pb_more_button\" href=\"#peritar\">Saber mais<\/a><\/div><\/div><\/div><\/div><\/div>\n<\/div><\/div>\n<div class=\"et_pb_bottom_inside_divider et-no-transition\"><\/div><\/div>\n\n<div class=\"et_pb_section_1 et_pb_section et_section_specialty et_pb_equal_columns et_pb_gutters1 et_block_section section_has_divider et_pb_bottom_divider\" id=\"peritar\"><div class=\"et_pb_row et_block_row\">\n<div class=\"et_pb_column_0 et_pb_column et_pb_column_single et_pb_column_1_2 et_block_column et_pb_css_mix_blend_mode_passthrough\">\n<div class=\"et_pb_text_0 et_pb_text et_pb_bg_layout_light et_animated et_pb_module et_block_module\"><div class=\"et_pb_text_inner\"><h2><span>Perite \u00e0 dist\u00e2ncia <br \/>de onde estiver\u00a0<\/span><\/h2>\n<p><span><\/span><\/p>\n<\/div><\/div>\n\n<div class=\"et_pb_divider_0 et_pb_divider et_pb_space et_pb_divider_position_top et_animated et_pb_module\"><div class=\"et_pb_divider_internal\"><\/div><\/div>\n\n<div class=\"et_pb_text_1 et_pb_text et_pb_bg_layout_light et_animated et_pb_module et_block_module\"><div class=\"et_pb_text_inner\"><p>Se \u00e9 um profissional de peritagem e est\u00e1 \u00e0 procura de uma ferramenta para peritar \u00e0 dist\u00e2ncia, <b>PeritCam<\/b> \u00e9 ideal para si. \u00c9 uma aplica\u00e7\u00e3o que lhe permite fazer as peritagens de forma simples e r\u00e1pida.<\/p>\n<\/div><\/div>\n\n<div class=\"et_pb_text_2 et_pb_text et_pb_bg_layout_light et_animated et_pb_module et_block_module\"><div class=\"et_pb_text_inner\"><ul>\n<li>N\u00e3o requer instala\u00e7\u00e3o<\/li>\n<li>Manejo muito simples e intuitivo<\/li>\n<li>Use-o em PC, Mac, Android, iPhone...<\/li>\n<li>Conformidade com a lei de prote\u00e7\u00e3o de dados da UE<\/li>\n<\/ul>\n<\/div><\/div>\n<\/div>\n\n<div class=\"et_pb_column_1 et_pb_column et_pb_specialty_column et_pb_column_1_2 et-last-child et_block_column et_pb_css_mix_blend_mode_passthrough\">\n<div class=\"et_pb_row_inner_0 et_pb_row_inner et_pb_equal_columns et_pb_gutters4 et_block_row\">\n<div class=\"et_pb_column_inner_0 et_pb_column_inner et_pb_column et_pb_column_4_4 et-last-child et_block_column et_pb_css_mix_blend_mode_passthrough\">\n<div class=\"et_pb_image_0 et_pb_image et_animated et_pb_module et_block_module\"><span class=\"et_pb_image_wrap\"><img loading=\"lazy\" decoding=\"async\" src=\"http:\/\/www.peritcam.com\/wp-content\/uploads\/2023\/12\/teleperitacion-150x150.png\" width=\"150\" height=\"150\" srcset=\"http:\/\/www.peritcam.com\/wp-content\/uploads\/2023\/12\/teleperitacion-150x150.png 150w\" class=\"wp-image-6680\" title=\"teleperita\u00e7\u00e3o\" \/><\/span><\/div>\n<\/div>\n<\/div>\n<\/div>\n<\/div><div class=\"et_pb_bottom_inside_divider et-no-transition\"><\/div><\/div>\n\n<div class=\"et_pb_section_2 et_pb_section et_section_specialty et_pb_equal_columns et_pb_gutters1 et_block_section\"><div class=\"et_pb_row et_block_row\">\n<div class=\"et_pb_column_2 et_pb_column et_pb_column_single et_pb_column_1_2 et_block_column et_pb_css_mix_blend_mode_passthrough\">\n<div class=\"et_pb_text_3 et_pb_text et_pb_bg_layout_light et_animated et_pb_module et_block_module\"><div class=\"et_pb_text_inner\"><h2>Feche os processos habituais<br \/>mais rapidamente<\/h2>\n<p><span><\/span><\/p>\n<\/div><\/div>\n\n<div class=\"et_pb_divider_1 et_pb_divider et_pb_space et_pb_divider_position_top et_animated et_pb_module\"><div class=\"et_pb_divider_internal\"><\/div><\/div>\n\n<div class=\"et_pb_text_4 et_pb_text et_pb_bg_layout_light et_animated et_pb_module et_block_module\"><div class=\"et_pb_text_inner\"><p><strong class=\"tagBackWhite\">PeritCam<\/strong> permite-lhe controlar a c\u00e2mara dos clientes ou colaboradores para ver e capturar tudo.<\/p>\n<\/div><\/div>\n\n<div class=\"et_pb_text_5 et_pb_text et_pb_bg_layout_light et_animated et_pb_module et_block_module\"><div class=\"et_pb_text_inner\"><ul>\n<li><span style=\"font-size: 18px;\">Fotos com coordenadas e c\u00f3digo QR.<\/span><\/li>\n<li>Foto do mapa para relat\u00f3rios.<\/li>\n<li>Grava\u00e7\u00e3o de v\u00eddeo.<\/li>\n<\/ul>\n<\/div><\/div>\n<\/div>\n\n<div class=\"et_pb_column_3 et_pb_column et_pb_specialty_column et_pb_column_1_2 et-last-child et_block_column et_pb_css_mix_blend_mode_passthrough\">\n<div class=\"et_pb_row_inner_1 et_pb_row_inner et_pb_equal_columns et_pb_gutters4 et_block_row\">\n<div class=\"et_pb_column_inner_1 et_pb_column_inner et_pb_column et_pb_column_4_4 et-last-child et_block_column et_pb_css_mix_blend_mode_passthrough\">\n<div class=\"et_pb_image_1 et_pb_image et_animated et_pb_module et_block_module\"><span class=\"et_pb_image_wrap\"><img loading=\"lazy\" decoding=\"async\" src=\"http:\/\/www.peritcam.com\/wp-content\/uploads\/2023\/12\/teleperitacion-150x150.png\" width=\"150\" height=\"150\" srcset=\"http:\/\/www.peritcam.com\/wp-content\/uploads\/2023\/12\/teleperitacion-150x150.png 150w\" class=\"wp-image-6680\" title=\"teleperita\u00e7\u00e3o\" \/><\/span><\/div>\n<\/div>\n<\/div>\n<\/div>\n<\/div><\/div>\n\n<div class=\"et_pb_section_3 et_pb_section et_section_regular et_block_section section_has_divider et_pb_top_divider et_pb_bottom_divider\" id=\"gratis\"><div class=\"et_pb_top_inside_divider et-no-transition\"><\/div>\n<div class=\"et_pb_row_0 et_pb_row et_block_row et_animated\">\n<div class=\"et_pb_column_4 et_pb_column et_pb_column_4_4 et-last-child et_block_column et_pb_css_mix_blend_mode_passthrough\">\n<div class=\"et_pb_text_6 et_pb_text et_pb_bg_layout_light et_animated et_pb_module et_block_module\"><div class=\"et_pb_text_inner\"><h2>Experimente sem qualquer custo<\/h2>\n<\/div><\/div>\n\n<div class=\"et_pb_text_7 et_pb_text et_pb_bg_layout_light et_animated et_pb_module et_block_module et_pb_text_align_center\"><div class=\"et_pb_text_inner\"><p>Obtenha <b>5 sess\u00f5es<\/b> completamente gratuitas, sem compromisso.<\/p>\n<\/div><\/div>\n\n<div class=\"et_pb_divider_2 et_pb_divider et_pb_space et_pb_divider_position_top et_animated et_pb_module\"><div class=\"et_pb_divider_internal\"><\/div><\/div>\n<\/div>\n<\/div>\n\n<div class=\"et_pb_row_1 et_pb_row et_pb_gutters2 et_block_row\">\n<div class=\"et_pb_column_5 et_pb_column et_pb_column_4_4 et-last-child et_block_column et_pb_css_mix_blend_mode_passthrough\">\n<div class=\"et_pb_pricing_tables_0 et_pb_pricing_tables et_pb_pricing clearfix et_pb_pricing_1 et_animated et_clickable et_pb_no_featured_in_first_row et_pb_module et_flex_module\">\n<div class=\"et_pb_pricing_table_0 et_pb_pricing_table et_pb_module et_block_module et_flex_column_24_24 et_flex_column_24_24_tablet et_flex_column_24_24_phone\"><div class=\"et_pb_pricing_heading\"><h2 class=\"et_pb_pricing_title\">Micropacote<\/h2><span class=\"et_pb_best_value\">5 sess\u00f5es<\/span><\/div><div class=\"et_pb_pricing_content_top\"><div class=\"et_pb_et_price\"><span class=\"et_pb_dollar_sign\">10<\/span><span class=\"et_pb_sum\">\u20ac<\/span><\/div><\/div><div class=\"et_pb_pricing_content\"><ul class=\"et_pb_pricing\"><li><span> Use o cup\u00e3o GRATIS<\/span><\/li><li><span> 2,00 \u20ac por sess\u00e3o<\/span><\/li><li><span> 60 minutos por sess\u00e3o *<\/span><\/li><li><span>Expira em 4 meses<\/span><\/li><\/ul><\/div><\/div>\n<\/div>\n\n<div class=\"et_pb_text_8 et_pb_text et_pb_bg_layout_light et_animated et_pb_module et_block_module et_pb_text_align_center\"><div class=\"et_pb_text_inner\"><p>Use o <span style=\"text-decoration: underline;\">Micropacote<\/span> completamente gr\u00e1tis escrevendo\u00a0 <strong>Livre<\/strong> na zona de cupons da p\u00e1gina de compra. <br \/><span style=\"font-size: medium;\">* Com o cupom \"gratis\", a dura\u00e7\u00e3o \u00e9 de 15 minutos.<\/span><\/p>\n<\/div><\/div>\n\n<div class=\"et_pb_module et_pb_button_module_wrapper et_pb_button_0_wrapper\"><a class=\"et_pb_button_0 et_pb_button et_pb_bg_layout_light et_pb_module et_block_module\" href=\"https:\/\/www.peritcam.com\/pt\/precos-de-avaliacao-on-line\/\">Ver todos os packs e pre\u00e7os<\/a><\/div>\n<\/div>\n<\/div>\n<div class=\"et_pb_bottom_inside_divider et-no-transition\"><\/div><\/div>\n\n<div class=\"et_pb_section_4 et_pb_section et_section_regular et_block_section section_has_divider et_pb_bottom_divider\" id=\"servicios_periciales\">\n<div class=\"et_pb_row_2 et_pb_row et_block_row\">\n<div class=\"et_pb_column_6 et_pb_column et_pb_column_4_4 et-last-child et_block_column et_pb_css_mix_blend_mode_passthrough\">\n<div class=\"et_pb_text_9 et_pb_text et_pb_bg_layout_light et_animated et_pb_module et_block_module\"><div class=\"et_pb_text_inner\"><h2>Explicado em dois passos<\/h2>\n<p><span><\/span><\/p>\n<\/div><\/div>\n\n<div class=\"et_pb_divider_3 et_pb_divider et_pb_space et_pb_divider_position_top et_animated et_pb_module\"><div class=\"et_pb_divider_internal\"><\/div><\/div>\n\n<div class=\"et_pb_text_10 et_pb_text et_pb_bg_layout_light et_animated et_pb_module et_block_module et_pb_text_align_center\"><div class=\"et_pb_text_inner\"><p><b>01<\/b>\u00a0 A partir do PeritCam, enviamos automaticamente um SMS* para o segurado, oficina ou destinat\u00e1rio.<br \/><i class=\"fab fa-whatsapp fa-2x\" style=\"color: #299b3d;\"><\/i><\/p>\n<\/div><\/div>\n<\/div>\n<\/div>\n\n<div class=\"et_pb_row_3 et_pb_row et_block_row\">\n<div class=\"et_pb_column_7 et_pb_column et_pb_column_4_4 et-last-child et_block_column et_pb_css_mix_blend_mode_passthrough\">\n<div class=\"et_pb_text_11 et_pb_text et_pb_bg_layout_light et_animated et_pb_module et_block_module et_pb_text_align_center\"><div class=\"et_pb_text_inner\"><p><b>02<\/b> O destinat\u00e1rio abre a mensagem, aceita as permiss\u00f5es e a conex\u00e3o ser\u00e1 estabelecida.<\/p>\n<\/div><\/div>\n\n<div class=\"et_pb_text_12 et_pb_text et_pb_bg_layout_light et_animated et_pb_module et_block_module et_pb_text_align_center\"><div class=\"et_pb_text_inner\"><p><em>Tamb\u00e9m pode ser enviado diretamente por e-mail.\u00a0 <\/em><\/p>\n<p><em>Dentro de uma sess\u00e3o, existem tamb\u00e9m outras op\u00e7\u00f5es de envio.<\/em><\/p>\n<\/div><\/div>\n<\/div>\n<\/div>\n\n<div class=\"et_pb_row_4 et_pb_row et_block_row\">\n<div class=\"et_pb_column_8 et_pb_column et_pb_column_4_4 et-last-child et_block_column et_pb_css_mix_blend_mode_passthrough\">\n<div class=\"et_pb_icon_0 et_pb_icon et_animated et_pb_module et_block_module\"><span class=\"et_pb_icon_wrap\"><span class=\"et-pb-icon\">\uf7cd<\/span><\/span><\/div>\n<\/div>\n<\/div>\n\n<div class=\"et_pb_row_5 et_pb_row et_block_row\">\n<div class=\"et_pb_column_9 et_pb_column et_pb_column_4_4 et-last-child et_block_column et_pb_css_mix_blend_mode_passthrough\">\n<div class=\"et_pb_icon_1 et_pb_icon et_animated et_pb_module et_block_module\"><span class=\"et_pb_icon_wrap\"><span class=\"et-pb-icon\">\ue010<\/span><\/span><\/div>\n\n<div class=\"et_pb_icon_2 et_pb_icon et_animated et_pb_module et_block_module\"><span class=\"et_pb_icon_wrap\"><span class=\"et-pb-icon\">\uf232<\/span><\/span><\/div>\n\n<div class=\"et_pb_icon_3 et_pb_icon et_animated et_pb_module et_block_module\"><span class=\"et_pb_icon_wrap\"><span class=\"et-pb-icon\">\uf328<\/span><\/span><\/div>\n\n<div class=\"et_pb_icon_4 et_pb_icon et_animated et_pb_module et_block_module\"><span class=\"et_pb_icon_wrap\"><span class=\"et-pb-icon\">\uf2c6<\/span><\/span><\/div>\n<\/div>\n<\/div>\n\n<div class=\"et_pb_row_6 et_pb_row et_block_row\">\n<div class=\"et_pb_column_10 et_pb_column et_pb_column_4_4 et-last-child et_block_column et_pb_css_mix_blend_mode_passthrough\">\n<div class=\"et_pb_text_13 et_pb_text et_pb_bg_layout_light et_animated et_pb_module et_block_module et_pb_text_align_center\"><div class=\"et_pb_text_inner\"><p> ** O envio de SMS n\u00e3o est\u00e1 habilitado para todos os pa\u00edses. <\/p>\n<\/div><\/div>\n<\/div>\n<\/div>\n<div class=\"et_pb_bottom_inside_divider et-no-transition\"><\/div><\/div>\n\n<div class=\"et_pb_section_5 et_pb_section et_section_regular et_block_section\">\n<div class=\"et_pb_row_7 et_pb_row et_block_row\">\n<div class=\"et_pb_column_11 et_pb_column et_pb_column_4_4 et-last-child et_block_column et_pb_css_mix_blend_mode_passthrough\">\n<div class=\"et_pb_text_14 et_pb_text et_pb_bg_layout_light et_animated et_pb_module et_block_module\"><div class=\"et_pb_text_inner\"><h2>Vantagens e funcionalidades<span><\/span><\/h2>\n<\/div><\/div>\n\n<div class=\"et_pb_text_15 et_pb_text et_pb_bg_layout_light et_animated et_pb_module et_block_module et_pb_text_align_center\"><div class=\"et_pb_text_inner\"><p>Continuamos a melhorar o sistema<\/p>\n<\/div><\/div>\n\n<div class=\"et_pb_divider_4 et_pb_divider et_pb_space et_pb_divider_position_top et_animated et_pb_module\"><div class=\"et_pb_divider_internal\"><\/div><\/div>\n<\/div>\n<\/div>\n\n<div class=\"et_pb_row_8 et_pb_row et_block_row\">\n<div class=\"et_pb_column_12 et_pb_column et_pb_column_1_3 et_block_column et_pb_css_mix_blend_mode_passthrough\">\n<div class=\"et_pb_blurb_0 et_pb_blurb et_pb_bg_layout_light et_pb_blurb_position_top et_animated et_pb_module et_block_module\"><div class=\"et_pb_blurb_content\"><div class=\"et_pb_main_blurb_image\"><span class=\"et_pb_image_wrap\"><span class=\"et-pb-icon et_animated et_animated\">\uf303<\/span><\/span><\/div><div class=\"et_pb_blurb_container\"><h4 class=\"et_pb_module_header\">Marcador<\/h4><div class=\"et_pb_blurb_description\"><p>\u00a0Marque as suas fotos facilmente para destacar as coisas mais importantes.<\/p>\n<\/div><\/div><\/div><\/div>\n<\/div>\n\n<div class=\"et_pb_column_13 et_pb_column et_pb_column_1_3 et_block_column et_pb_css_mix_blend_mode_passthrough\">\n<div class=\"et_pb_blurb_1 et_pb_blurb et_pb_bg_layout_light et_pb_blurb_position_top et_animated et_pb_module et_block_module\"><div class=\"et_pb_blurb_content\"><div class=\"et_pb_main_blurb_image\"><span class=\"et_pb_image_wrap\"><span class=\"et-pb-icon et_animated et_animated\">\ue00b<\/span><\/span><\/div><div class=\"et_pb_blurb_container\"><h4 class=\"et_pb_module_header\">Compatibilidade<\/h4><div class=\"et_pb_blurb_description\"><p>Sem instala\u00e7\u00e3o, funciona na maioria dos dispositivos m\u00f3veis.\u00a0<\/p>\n<\/div><\/div><\/div><\/div>\n<\/div>\n\n<div class=\"et_pb_column_14 et_pb_column et_pb_column_1_3 et-last-child et_block_column et_pb_css_mix_blend_mode_passthrough\">\n<div class=\"et_pb_blurb_2 et_pb_blurb et_pb_bg_layout_light et_pb_blurb_position_top et_animated et_pb_module et_block_module\"><div class=\"et_pb_blurb_content\"><div class=\"et_pb_main_blurb_image\"><span class=\"et_pb_image_wrap\"><span class=\"et-pb-icon et_animated et_animated\">\uf57c<\/span><\/span><\/div><div class=\"et_pb_blurb_container\"><h4 class=\"et_pb_module_header\">Internacional<\/h4><div class=\"et_pb_blurb_description\"><p>Conecte-se com diferentes pa\u00edses.<\/p>\n<\/div><\/div><\/div><\/div>\n<\/div>\n<\/div>\n\n<div class=\"et_pb_row_9 et_pb_row et_block_row\">\n<div class=\"et_pb_column_15 et_pb_column et_pb_column_1_2 et_block_column et_pb_css_mix_blend_mode_passthrough\">\n<div class=\"et_pb_blurb_3 et_pb_blurb et_pb_bg_layout_light et_pb_blurb_position_top et_animated et_pb_module et_block_module\"><div class=\"et_pb_blurb_content\"><div class=\"et_pb_main_blurb_image\"><span class=\"et_pb_image_wrap\"><span class=\"et-pb-icon et_animated et_animated\">\uf5a0<\/span><\/span><\/div><div class=\"et_pb_blurb_container\"><h4 class=\"et_pb_module_header\">Localiza\u00e7\u00e3o<\/h4><div class=\"et_pb_blurb_description\"><p>Fa\u00e7a uma captura de ecr\u00e3 do mapa de localiza\u00e7\u00e3o para adicion\u00e1-lo ao seu relat\u00f3rio.<\/p>\n<\/div><\/div><\/div><\/div>\n<\/div>\n\n<div class=\"et_pb_column_16 et_pb_column et_pb_column_1_2 et-last-child et_block_column et_pb_css_mix_blend_mode_passthrough\">\n<div class=\"et_pb_blurb_4 et_pb_blurb et_pb_bg_layout_light et_pb_blurb_position_top et_animated et_pb_module et_block_module\"><div class=\"et_pb_blurb_content\"><div class=\"et_pb_main_blurb_image\"><span class=\"et_pb_image_wrap\"><span class=\"et-pb-icon et_animated et_animated\">\uf1c8<\/span><\/span><\/div><div class=\"et_pb_blurb_container\"><h4 class=\"et_pb_module_header\">V\u00eddeos<\/h4><div class=\"et_pb_blurb_description\"><p>Grave v\u00eddeos enquanto fala e captura fotos ao mesmo tempo.<\/p>\n<\/div><\/div><\/div><\/div>\n<\/div>\n<\/div>\n\n<div class=\"et_pb_row_10 et_pb_row et_block_row\">\n<div class=\"et_pb_column_17 et_pb_column et_pb_column_4_4 et-last-child et_block_column et_pb_css_mix_blend_mode_passthrough\">\n<div class=\"et_pb_module et_pb_button_module_wrapper et_pb_button_1_wrapper\"><a class=\"et_pb_button_1 et_pb_button et_pb_bg_layout_light et_pb_module et_block_module\" href=\"https:\/\/www.peritcam.com\/pt\/videopericia\/\">Saber mais sobre a Videoperita\u00e7\u00e3o<\/a><\/div>\n<\/div>\n<\/div>\n<\/div>","protected":false},"excerpt":{"rendered":"","protected":false},"author":1,"featured_media":0,"parent":0,"menu_order":0,"comment_status":"closed","ping_status":"closed","template":"","meta":{"footnotes":""},"class_list":["post-6029","page","type-page","status-publish","hentry"],"_links":{"self":[{"href":"https:\/\/www.peritcam.com\/pt\/wp-json\/wp\/v2\/pages\/6029","targetHints":{"allow":["GET"]}}],"collection":[{"href":"https:\/\/www.peritcam.com\/pt\/wp-json\/wp\/v2\/pages"}],"about":[{"href":"https:\/\/www.peritcam.com\/pt\/wp-json\/wp\/v2\/types\/page"}],"author":[{"embeddable":true,"href":"https:\/\/www.peritcam.com\/pt\/wp-json\/wp\/v2\/users\/1"}],"replies":[{"embeddable":true,"href":"https:\/\/www.peritcam.com\/pt\/wp-json\/wp\/v2\/comments?post=6029"}],"version-history":[{"count":10,"href":"https:\/\/www.peritcam.com\/pt\/wp-json\/wp\/v2\/pages\/6029\/revisions"}],"predecessor-version":[{"id":9417,"href":"https:\/\/www.peritcam.com\/pt\/wp-json\/wp\/v2\/pages\/6029\/revisions\/9417"}],"wp:attachment":[{"href":"https:\/\/www.peritcam.com\/pt\/wp-json\/wp\/v2\/media?parent=6029"}],"curies":[{"name":"wp","href":"https:\/\/api.w.org\/{rel}","templated":true}]}}