{"id":8663,"date":"2024-10-04T14:04:22","date_gmt":"2024-10-04T12:04:22","guid":{"rendered":"https:\/\/www.peritcam.com\/?page_id=8663"},"modified":"2026-04-20T15:56:11","modified_gmt":"2026-04-20T13:56:11","slug":"integrare-perizia-remota","status":"publish","type":"page","link":"https:\/\/www.peritcam.com\/it\/integrare-perizia-remota\/","title":{"rendered":"Integra la tecnologia di valutazione nel tuo sistema"},"content":{"rendered":"<div class=\"et_pb_section_0 et_pb_section et_section_regular et_block_section section_has_divider et_pb_bottom_divider\"><div class=\"et_pb_row_0 et_pb_row et_block_row\"><div class=\"et_pb_column_0 et_pb_column et_pb_column_4_4 et-last-child et_block_column et_pb_css_mix_blend_mode_passthrough\"><div class=\"et_pb_text_0 et_pb_text et_pb_bg_layout_light et_animated et_pb_module et_block_module\"><div class=\"et_pb_text_inner\"><h1><span>Integra la videoispezione nel tuo sistema<\/span><\/h1>\n<h5><span>Utilizza la nostra tecnologia nel tuo software<\/span><\/h5>\n<p><span><\/span><\/p>\n<\/div><\/div><\/div><\/div><div class=\"et_pb_bottom_inside_divider et-no-transition\"><\/div><\/div><div class=\"et_pb_section_1 et_pb_section et_section_specialty et_pb_equal_columns et_pb_gutters1 et_block_section\"><div class=\"et_pb_row et_block_row\"><div class=\"et_pb_column_1 et_pb_column et_pb_column_single et_pb_column_1_2 et_block_column et_pb_css_mix_blend_mode_passthrough\"><div class=\"et_pb_text_1 et_pb_text et_pb_bg_layout_light et_animated et_pb_module et_block_module\"><div class=\"et_pb_text_inner\"><h2><strong>Ottimizza i tuoi processi integrando la valutazione remota nel tuo gestore degli ordini<\/strong><\/h2>\n<p><span><\/span><\/p>\n<\/div><\/div><div class=\"et_pb_divider_0 et_pb_divider et_pb_space et_pb_divider_position_top et_animated et_pb_module\"><div class=\"et_pb_divider_internal\"><\/div><\/div><div class=\"et_pb_text_2 et_pb_text et_pb_bg_layout_light et_animated et_pb_module et_block_module\"><div class=\"et_pb_text_inner\"><p>\u00a0Nell\u2019ambiente odierno, l\u2019efficienza e l\u2019adattabilit\u00e0 sono fattori cruciali per restare al passo. Se la tua azienda dispone gi\u00e0 di un&#039;applicazione o di un software per gestire l&#039;operativit\u00e0 dei tuoi esperti, geometri o collaboratori, ti offriamo l&#039;opportunit\u00e0 di integrare la nostra tecnologia di videoindagine direttamente nella tua piattaforma.<\/p>\n<p>&nbsp;<\/p>\n<p>&nbsp;<\/p>\n<\/div><\/div><\/div><div class=\"et_pb_column_2 et_pb_column et_pb_specialty_column et_pb_column_1_2 et-last-child et_block_column et_pb_css_mix_blend_mode_passthrough\"><div class=\"et_pb_row_inner_0 et_pb_row_inner et_pb_equal_columns et_pb_gutters4 et_block_row\"><div class=\"et_pb_column_inner_0 et_pb_column_inner et_pb_column et_pb_column_4_4 et-last-child et_block_column et_pb_css_mix_blend_mode_passthrough\"><div class=\"et_pb_image_0 et_pb_image et_animated et_pb_module et_block_module\"><span class=\"et_pb_image_wrap\"><img loading=\"lazy\" decoding=\"async\" src=\"http:\/\/www.peritcam.com\/wp-content\/uploads\/2023\/12\/teleperitacion-150x150.png\" width=\"150\" height=\"150\" srcset=\"http:\/\/www.peritcam.com\/wp-content\/uploads\/2023\/12\/teleperitacion-150x150.png 150w\" class=\"wp-image-6680\" title=\"teleperitazione\" \/><\/span><\/div><\/div><\/div><\/div><\/div><\/div><div class=\"et_pb_section_2 et_pb_section et_section_specialty et_pb_equal_columns et_pb_gutters1 et_block_section et_animated section_has_divider et_pb_top_divider et_pb_bottom_divider\"><div class=\"et_pb_top_inside_divider et-no-transition\"><\/div><div class=\"et_pb_row et_block_row\"><div class=\"et_pb_column_3 et_pb_column et_pb_column_single et_pb_column_1_2 et_block_column et_pb_css_mix_blend_mode_passthrough\"><div class=\"et_pb_text_3 et_pb_text et_pb_bg_layout_light et_animated et_pb_module et_block_module\"><div class=\"et_pb_text_inner\"><h2><span>Un&#039;integrazione su misura per il tuo business<\/span><\/h2>\n<p><span><\/span><\/p>\n<\/div><\/div><div class=\"et_pb_divider_1 et_pb_divider et_pb_space et_pb_divider_position_top et_animated et_pb_module\"><div class=\"et_pb_divider_internal\"><\/div><\/div><div class=\"et_pb_text_4 et_pb_text et_pb_bg_layout_light et_animated et_pb_module et_block_module\"><div class=\"et_pb_text_inner\"><h3><\/h3>\n<p>Comprendiamo che ogni azienda ha esigenze particolari. Ecco perch\u00e9 la nostra tecnologia \u00e8 flessibile e personalizzabile. Lavoreremo con voi per comprendere i vostri flussi di lavoro e garantire che l&#039;integrazione venga eseguita in modo ottimale, migliorando l&#039;efficienza operativa senza interrompere le routine stabilite.<\/p>\n<\/div><\/div><\/div><div class=\"et_pb_column_4 et_pb_column et_pb_specialty_column et_pb_column_1_2 et-last-child et_block_column et_pb_css_mix_blend_mode_passthrough\"><div class=\"et_pb_row_inner_1 et_pb_row_inner et_pb_equal_columns et_pb_gutters4 et_block_row\"><div class=\"et_pb_column_inner_1 et_pb_column_inner et_pb_column et_pb_column_4_4 et-last-child et_block_column et_pb_css_mix_blend_mode_passthrough\"><div class=\"et_pb_image_1 et_pb_image et_animated et_pb_module et_block_module\"><span class=\"et_pb_image_wrap\"><img loading=\"lazy\" decoding=\"async\" src=\"http:\/\/www.peritcam.com\/wp-content\/uploads\/2023\/12\/teleperitacion-150x150.png\" width=\"150\" height=\"150\" srcset=\"http:\/\/www.peritcam.com\/wp-content\/uploads\/2023\/12\/teleperitacion-150x150.png 150w\" class=\"wp-image-6680\" title=\"teleperitazione\" \/><\/span><\/div><\/div><\/div><\/div><\/div><div class=\"et_pb_bottom_inside_divider et-no-transition\"><\/div><\/div><div class=\"et_pb_section_3 et_pb_section et_section_regular et_block_section\"><div class=\"et_pb_row_1 et_pb_row et_block_row\"><div class=\"et_pb_column_5 et_pb_column et_pb_column_4_4 et-last-child et_block_column et_pb_css_mix_blend_mode_passthrough\"><div class=\"et_pb_text_5 et_pb_text et_pb_bg_layout_light et_animated et_pb_module et_block_module\"><div class=\"et_pb_text_inner\"><h3><strong>Perch\u00e9 integrare la nostra tecnologia di videoispezione?<\/strong><\/h3>\n<p>La perizia video rappresenta un salto di qualit\u00e0 nel settore della valutazione e stima dei danni. Attraverso l&#039;integrazione della nostra tecnologia, i tuoi esperti saranno in grado di lavorare in modo pi\u00f9 agile ed efficiente, migliorando l&#039;esperienza sia per loro che per i tuoi clienti finali. Ecco alcuni dei principali vantaggi:<\/p>\n<h4>1. <strong>Riduzione dei costi operativi e dei tempi di gestione<\/strong><\/h4>\n<p>Con la nostra tecnologia di videoispezione integrata nel vostro sistema, gli esperti saranno in grado di effettuare ispezioni remote senza la necessit\u00e0 di spostamenti inutili. Ci\u00f2 non solo riduce i costi, ma riduce anche notevolmente il tempo necessario per gestire un caso, migliorando i tempi di risposta.<\/p>\n<h4>2. <strong>Miglioramento dell&#039;esperienza del cliente<\/strong><\/h4>\n<p>I tuoi clienti potranno beneficiare di un\u2019esperienza pi\u00f9 comoda e fluida. La videoispezione consente agli utenti di partecipare al processo di ispezione in modo rapido e semplice da qualsiasi luogo, senza lunghe attese. Questo miglioramento dell\u2019esperienza del cliente si traduce in maggiore soddisfazione e fidelizzazione.<\/p>\n<h4>3. Studio di fattibilit\u00e0 dell&#039;integrazione nel vostro attuale software<\/h4>\n<p>Ogni caso \u00e8 unico e il nostro team studier\u00e0 le caratteristiche del tuo software per valutare la fattibilit\u00e0 dell&#039;integrazione della nostra tecnologia. Ci assicuriamo di offrirti una soluzione personalizzata che si adatti alle tue esigenze specifiche.<\/p>\n<h4>4. <strong>Maggiore produttivit\u00e0 e flessibilit\u00e0<\/strong><\/h4>\n<p>Grazie alla flessibilit\u00e0 offerta dal videoesame, i tuoi esperti saranno in grado di gestire pi\u00f9 casi in meno tempo e dare priorit\u00e0 a quelli che richiedono un intervento di persona. Ci\u00f2 migliora l&#039;efficienza complessiva del team e consente di adattare i compiti degli esperti alle esigenze specifiche di ciascun cliente o caso.<\/p>\n<h4>5. <strong>Scalabilit\u00e0 e supporto continuo<\/strong><\/h4>\n<p>La nostra integrazione tecnologica \u00e8 progettata per crescere insieme alla tua azienda. Man mano che espandi la tua base di clienti, puoi facilmente adattare la capacit\u00e0 degli esami video per supportare un volume maggiore di casi. Inoltre, offriamo supporto continuo per garantire che tutto funzioni senza intoppi.<\/p>\n<\/div><\/div><\/div><\/div><\/div><div class=\"et_pb_section_4 et_pb_section et_section_regular et_block_section\" id=\"contacto\"><div class=\"et_pb_row_2 et_pb_row et_block_row\"><div class=\"et_pb_column_6 et_pb_column et_pb_column_4_4 et-last-child et_block_column et_pb_css_mix_blend_mode_passthrough\"><div class=\"et_pb_text_6 et_pb_text et_pb_bg_layout_light et_animated et_pb_module et_block_module\"><div class=\"et_pb_text_inner\"><h2><span>Contattare\u00a0<\/span><\/h2>\n<p><span><\/span><\/p>\n<\/div><\/div><div class=\"et_pb_text_7 et_pb_text et_pb_bg_layout_light et_animated et_pb_module et_block_module et_pb_text_align_center\"><div class=\"et_pb_text_inner\"><p class=\" translation-block\">Se hai bisogno di ulteriori informazioni <b>non esitare a contattare<\/b><\/p>\n<\/div><\/div><div class=\"et_pb_divider_2 et_pb_divider et_pb_space et_pb_divider_position_top et_animated et_pb_module\"><div class=\"et_pb_divider_internal\"><\/div><\/div><\/div><\/div><div class=\"et_pb_row_3 et_pb_row et_pb_equal_columns et_pb_gutters1 et_block_row\"><div class=\"et_pb_column_7 et_pb_column et_pb_column_1_2 et_block_column et_pb_css_mix_blend_mode_passthrough et_animated et_clickable\"><div class=\"et_pb_blurb_0 et_pb_blurb et_pb_bg_layout_light et_pb_blurb_position_top et_animated et_pb_module et_block_module\"><div class=\"et_pb_blurb_content\"><div class=\"et_pb_main_blurb_image\"><a href=\"tel:964780410\"><span class=\"et_pb_image_wrap\"><span class=\"et-pb-icon et_animated et_animated\">\ue090<\/span><\/span><\/a><\/div><div class=\"et_pb_blurb_container\"><h4 class=\"et_pb_module_header\"><a href=\"tel:964780410\"> 964 780 410<\/a><\/h4><div class=\"et_pb_blurb_description\"><p>Luned\u00ec: 9:00 - 18:00 | Venerd\u00ec: 9:00 - 15:00<\/p>\n<\/div><\/div><\/div><\/div><\/div><div class=\"et_pb_column_8 et_pb_column et_pb_column_1_2 et-last-child et_block_column et_pb_css_mix_blend_mode_passthrough\"><div class=\"et_pb_blurb_1 et_pb_blurb et_pb_bg_layout_light et_pb_blurb_position_top et_animated et_pb_module et_block_module\"><div class=\"et_pb_blurb_content\"><div class=\"et_pb_main_blurb_image\"><a href=\"mailto:info@peritcam.com\"><span class=\"et_pb_image_wrap\"><span class=\"et-pb-icon et_animated et_animated\">\uf1fa<\/span><\/span><\/a><\/div><div class=\"et_pb_blurb_container\"><h4 class=\"et_pb_module_header\"><a href=\"mailto:info@peritcam.com\">info@peritcam.com<\/a><\/h4><div class=\"et_pb_blurb_description\"><p>Scrivici, ti risponderemo a breve<\/p>\n<\/div><\/div><\/div><\/div><\/div><\/div><\/div>","protected":false},"excerpt":{"rendered":"","protected":false},"author":1,"featured_media":0,"parent":0,"menu_order":0,"comment_status":"closed","ping_status":"closed","template":"","meta":{"footnotes":""},"class_list":["post-8663","page","type-page","status-publish","hentry"],"_links":{"self":[{"href":"https:\/\/www.peritcam.com\/it\/wp-json\/wp\/v2\/pages\/8663","targetHints":{"allow":["GET"]}}],"collection":[{"href":"https:\/\/www.peritcam.com\/it\/wp-json\/wp\/v2\/pages"}],"about":[{"href":"https:\/\/www.peritcam.com\/it\/wp-json\/wp\/v2\/types\/page"}],"author":[{"embeddable":true,"href":"https:\/\/www.peritcam.com\/it\/wp-json\/wp\/v2\/users\/1"}],"replies":[{"embeddable":true,"href":"https:\/\/www.peritcam.com\/it\/wp-json\/wp\/v2\/comments?post=8663"}],"version-history":[{"count":10,"href":"https:\/\/www.peritcam.com\/it\/wp-json\/wp\/v2\/pages\/8663\/revisions"}],"predecessor-version":[{"id":9325,"href":"https:\/\/www.peritcam.com\/it\/wp-json\/wp\/v2\/pages\/8663\/revisions\/9325"}],"wp:attachment":[{"href":"https:\/\/www.peritcam.com\/it\/wp-json\/wp\/v2\/media?parent=8663"}],"curies":[{"name":"wp","href":"https:\/\/api.w.org\/{rel}","templated":true}]}}