{"id":8126,"date":"2024-06-28T19:51:33","date_gmt":"2024-06-28T17:51:33","guid":{"rendered":"https:\/\/www.peritcam.com\/?page_id=8126"},"modified":"2026-04-20T15:56:10","modified_gmt":"2026-04-20T13:56:10","slug":"assistenza-di-esperti-video","status":"publish","type":"page","link":"https:\/\/www.peritcam.com\/it\/assistenza-di-esperti-video\/","title":{"rendered":"Ayuda de videoperitaci\u00f3n"},"content":{"rendered":"<div class=\"et_pb_section_0 et_pb_section et_section_regular et_block_section\"><div class=\"et_pb_row_0 et_pb_row et_block_row\"><div class=\"et_pb_column_0 et_pb_column et_pb_column_4_4 et-last-child et_block_column et_pb_css_mix_blend_mode_passthrough\"><div class=\"et_pb_code_0 et_pb_code et_pb_text_align_left et_pb_module\"><div class=\"et_pb_code_inner\"><div class=\"trp-shortcode-switcher__wrapper\"\r\n     style=\"--bg:#ffffff;--bg-hover:#0000000d;--text:#143852;--text-hover:#1d2327;--border:1px solid #1438521a;--border-width:1px;--border-color:#1438521a;--border-radius:5px;--flag-radius:2px;--flag-size:18px;--aspect-ratio:4\/3;--font-size:14px;--transition-duration:0.2s\"\r\n     role=\"group\"\r\n     data-open-mode=\"hover\">\r\n\r\n    \r\n        <!-- ANCHOR (in-flow only; sizing\/borders; inert) -->\r\n        <div class=\"trp-language-switcher trp-ls-dropdown trp-shortcode-switcher trp-shortcode-anchor trp-open-on-hover\"\r\n             aria-hidden=\"true\"\r\n             inert\r\n data-no-translation>\r\n                <div class=\"trp-current-language-item__wrapper\">\r\n        <a class=\"trp-language-item trp-language-item__default trp-language-item__current\" data-no-translation href=\"https:\/\/www.peritcam.com\/it\/wp-json\/wp\/v2\/pages\/8126\" title=\"Italiano\"><img decoding=\"async\" src=\"https:\/\/www.peritcam.com\/wp-content\/plugins\/translatepress-multilingual\/assets\/flags\/4x3\/it_IT.svg\" class=\"trp-flag-image\" alt=\"\" role=\"presentation\" loading=\"lazy\" \/><span class=\"trp-language-item-name\">Italiano<\/span><\/a>                    <svg class=\"trp-shortcode-arrow\" width=\"20\" height=\"20\" viewbox=\"0 0 20 21\" fill=\"none\" aria-hidden=\"true\" focusable=\"false\" xmlns=\"http:\/\/www.w3.org\/2000\/svg\">\r\n                <path d=\"M5 8L10 13L15 8\" stroke=\"var(--text)\" stroke-width=\"2\" stroke-linecap=\"round\" stroke-linejoin=\"round\"\/>\r\n            <\/svg>\r\n            <\/div>\r\n            <\/div>\r\n\r\n        <!-- OVERLAY (positioned; interactive surface) -->\r\n        <div class=\"trp-language-switcher trp-ls-dropdown trp-shortcode-switcher trp-shortcode-overlay trp-open-on-hover\"\r\n             role=\"navigation\"\r\n             aria-label=\"Selettore della lingua del sito web\"\r\n             data-no-translation\r\n>\r\n                <div class=\"trp-current-language-item__wrapper\">\r\n        <div class=\"trp-language-item trp-language-item__default trp-language-item__current\" data-no-translation role=\"button\" aria-expanded=\"false\" tabindex=\"0\" aria-label=\"Change language\" aria-controls=\"trp-shortcode-dropdown-69f70bde61eda\"><img decoding=\"async\" src=\"https:\/\/www.peritcam.com\/wp-content\/plugins\/translatepress-multilingual\/assets\/flags\/4x3\/it_IT.svg\" class=\"trp-flag-image\" alt=\"\" role=\"presentation\" loading=\"lazy\" \/><span class=\"trp-language-item-name\">Italiano<\/span><\/div>                    <svg class=\"trp-shortcode-arrow\" width=\"20\" height=\"20\" viewbox=\"0 0 20 21\" fill=\"none\" aria-hidden=\"true\" focusable=\"false\" xmlns=\"http:\/\/www.w3.org\/2000\/svg\">\r\n                <path d=\"M5 8L10 13L15 8\" stroke=\"var(--text)\" stroke-width=\"2\" stroke-linecap=\"round\" stroke-linejoin=\"round\"\/>\r\n            <\/svg>\r\n            <\/div>\r\n    \r\n            <div class=\"trp-switcher-dropdown-list\"\r\n                 id=\"trp-shortcode-dropdown-69f70bde61eda\"\r\n                 role=\"group\"\r\n                 aria-label=\"Lingue disponibili\"\r\n                 hidden\r\n inert\r\n>\r\n                                                            <a class=\"trp-language-item\" href=\"https:\/\/www.peritcam.com\/it\/wp-json\/wp\/v2\/pages\/8126\" title=\"spagnolo\">\r\n                            <img decoding=\"async\" src=\"https:\/\/www.peritcam.com\/wp-content\/plugins\/translatepress-multilingual\/assets\/flags\/4x3\/es_ES.svg\" class=\"trp-flag-image\" alt=\"\" role=\"presentation\" loading=\"lazy\" \/>                                                            <span class=\"trp-language-item-name\" data-no-translation>Espa\u00f1ol<\/span>\r\n                                                                                <\/a>\r\n                                            <a class=\"trp-language-item\" href=\"https:\/\/www.peritcam.com\/it\/wp-json\/wp\/v2\/pages\/8126\" title=\"catalano\">\r\n                            <img decoding=\"async\" src=\"https:\/\/www.peritcam.com\/wp-content\/plugins\/translatepress-multilingual\/assets\/flags\/4x3\/ca.svg\" class=\"trp-flag-image\" alt=\"\" role=\"presentation\" loading=\"lazy\" \/>                                                            <span class=\"trp-language-item-name\" data-no-translation>Catal\u00e0<\/span>\r\n                                                                                <\/a>\r\n                                            <a class=\"trp-language-item\" href=\"https:\/\/www.peritcam.com\/it\/wp-json\/wp\/v2\/pages\/8126\" title=\"portoghese\">\r\n                            <img decoding=\"async\" src=\"https:\/\/www.peritcam.com\/wp-content\/plugins\/translatepress-multilingual\/assets\/flags\/4x3\/pt_PT.svg\" class=\"trp-flag-image\" alt=\"\" role=\"presentation\" loading=\"lazy\" \/>                                                            <span class=\"trp-language-item-name\" data-no-translation>Portugu\u00eas<\/span>\r\n                                                                                <\/a>\r\n                                            <a class=\"trp-language-item\" href=\"https:\/\/www.peritcam.com\/it\/wp-json\/wp\/v2\/pages\/8126\" title=\"francese\">\r\n                            <img decoding=\"async\" src=\"https:\/\/www.peritcam.com\/wp-content\/plugins\/translatepress-multilingual\/assets\/flags\/4x3\/fr_FR.svg\" class=\"trp-flag-image\" alt=\"\" role=\"presentation\" loading=\"lazy\" \/>                                                            <span class=\"trp-language-item-name\" data-no-translation>Fran\u00e7ais<\/span>\r\n                                                                                <\/a>\r\n                                            <a class=\"trp-language-item\" href=\"https:\/\/www.peritcam.com\/it\/wp-json\/wp\/v2\/pages\/8126\" title=\"Inglese (Regno Unito)\">\r\n                            <img decoding=\"async\" src=\"https:\/\/www.peritcam.com\/wp-content\/plugins\/translatepress-multilingual\/assets\/flags\/4x3\/en_GB.svg\" class=\"trp-flag-image\" alt=\"\" role=\"presentation\" loading=\"lazy\" \/>                                                            <span class=\"trp-language-item-name\" data-no-translation>English (UK)<\/span>\r\n                                                                                <\/a>\r\n                                            <a class=\"trp-language-item\" href=\"https:\/\/www.peritcam.com\/it\/wp-json\/wp\/v2\/pages\/8126\" title=\"tedesco\">\r\n                            <img decoding=\"async\" src=\"https:\/\/www.peritcam.com\/wp-content\/plugins\/translatepress-multilingual\/assets\/flags\/4x3\/de_DE.svg\" class=\"trp-flag-image\" alt=\"\" role=\"presentation\" loading=\"lazy\" \/>                                                            <span class=\"trp-language-item-name\" data-no-translation>Deutsch<\/span>\r\n                                                                                <\/a>\r\n                                                <\/div>\r\n        <\/div>\r\n\r\n    <\/div>\r\n<\/div><\/div><\/div><\/div><div class=\"et_pb_row_1 et_pb_row et_block_row\"><div class=\"et_pb_column_1 et_pb_column et_pb_column_2_3 et_block_column et_pb_css_mix_blend_mode_passthrough\"><div class=\"et_pb_text_0 et_pb_text et_pb_bg_layout_light et_pb_module et_block_module\"><div class=\"et_pb_text_inner\"><h5>Aiuto nell&#039;applicazione<\/h5>\n<\/div><\/div><div class=\"et_pb_toggle_0 et_pb_toggle et_pb_toggle_item et_pb_toggle_close et_pb_module et_block_module\"><h5 class=\"et_pb_toggle_title\">Come inviare la domanda al cliente<\/h5><div class=\"et_pb_toggle_content clearfix\"><p>L&#039;applicazione invia un messaggio SMS al cellulare specificato. Il destinatario deve semplicemente aprire il collegamento.<\/p>\n<p>Se inserisci l&#039;e-mail, il sistema invier\u00e0 una sola e-mail al destinatario.<\/p>\n<p>Vedi &quot;Altre opzioni di spedizione&quot; nella guida.<\/p>\n<p>&nbsp;<\/p>\n<p>Ci sono numeri di altri paesi a cui non verranno inviati SMS, contattaci se hai bisogno di inviare frequentemente SMS a numeri di un paese specifico.\u00a0<\/p>\n<p>&nbsp;<\/p>\n<\/div><\/div><div class=\"et_pb_toggle_1 et_pb_toggle et_pb_toggle_item et_pb_toggle_close et_pb_module et_block_module\"><h5 class=\"et_pb_toggle_title\">Altre opzioni di spedizione<\/h5><div class=\"et_pb_toggle_content clearfix\"><p>L&#039;applicazione invia un messaggio SMS al cellulare specificato. Il destinatario deve semplicemente aprire il collegamento. Ma hai anche altre opzioni.<\/p>\n<p>Premi il pulsante verde di condivisione Peritcam e quindi scegli una delle opzioni. Ti consigliamo <strong>WhatsAppWeb<\/strong> Se usi Windows o Mac, \u00e8 un modo comodo e utile.<\/p>\n<p><span class=\"et-pb-icon compartirIcon\">\ue0a0<\/span><\/p>\n<ul>\n<li><strong>Sito web di Whatsapp:<\/strong>\u00a0 se usi <span style=\"color: #fc450b;\"><strong>Finestre<\/strong> <\/span>O <strong><span style=\"color: #fc450b;\">Mac<\/span><\/strong>, usa questa opzione. Si aprir\u00e0 nel browser.<\/li>\n<li><strong>Applicazione Whatsapp:<\/strong>\u00a0 se hai installato l&#039;applicazione WhatsApp sul tuo computer o sul dispositivo che utilizzi per effettuare l&#039;auditing.<\/li>\n<li><strong>Telegramma:<\/strong> dovrai incollare il collegamento una volta aperto <strong>WebTelegram<\/strong> onda<strong> Applicazione Telegram<\/strong>.<\/li>\n<\/ul>\n<p><img loading=\"lazy\" decoding=\"async\" src=\"http:\/\/www.peritcam.com\/wp-content\/uploads\/2024\/06\/enviar-enlace-videoperitacion.jpg\" width=\"437\" height=\"400\" alt=\"\" class=\"wp-image-8060 alignnone size-full\" \/><\/p>\n<\/div><\/div><div class=\"et_pb_toggle_2 et_pb_toggle et_pb_toggle_item et_pb_toggle_close et_pb_module et_block_module\"><h5 class=\"et_pb_toggle_title\">Come scattare foto e salvarle<\/h5><div class=\"et_pb_toggle_content clearfix\"><p>Peritcam ti consente di scattare foto con due pulsanti. Quando scatti una foto, questa andr\u00e0 nella cartella dei download del tuo browser.<\/p>\n<p><img loading=\"lazy\" decoding=\"async\" src=\"http:\/\/www.peritcam.com\/wp-content\/uploads\/2024\/06\/hacer-fotos-peritajes-online.jpg\" width=\"55\" height=\"93\" alt=\"\" class=\"wp-image-8081 alignnone size-full\" \/><\/p>\n<p>Tasto arancione: scatta foto normali.<\/p>\n<p>Tasto blu: scatta **foto protette con un QR di sicurezza.<\/p>\n<p>Puoi anche scattare una foto della posizione rappresentata su una mappa.<\/p>\n<p><img loading=\"lazy\" decoding=\"async\" src=\"http:\/\/www.peritcam.com\/wp-content\/uploads\/2024\/06\/captura-posicionamiento-peritacion.jpg\" width=\"56\" height=\"46\" alt=\"\" class=\"wp-image-8074 alignnone size-full\" \/><\/p>\n<p>&nbsp;<\/p>\n<p>** Foto protette: lo scatto, la posizione e i dati degli esperti vengono salvati nel nostro database per ogni foto insieme ai segni sulla foto per poter certificare in futuro, se necessario, se sono state manipolate. Potrai accedere a questi dati QR solo con i dati di accesso dell&#039;applicazione dell&#039;esperto.<\/p>\n<p>&nbsp;<\/p>\n<\/div><\/div><div class=\"et_pb_toggle_3 et_pb_toggle et_pb_toggle_item et_pb_toggle_close et_pb_module et_block_module\"><h5 class=\"et_pb_toggle_title\">Le autorizzazioni che il client deve accettare<\/h5><div class=\"et_pb_toggle_content clearfix\"><p>Il cliente deve accettare le politiche all&#039;avvio, vedrai un avviso se lo fa.\u00a0<\/p>\n<p>Il passo successivo \u00e8 accettare anche i permessi per la fotocamera, il microfono e la geolocalizzazione.\u00a0\u00a0<\/p>\n<p>Alcuni telefoni cellulari dispongono di browser manipolati dai produttori che impediscono l&#039;accesso necessario. In questi casi consigliamo di chiedere all&#039;utente di installare un altro browser sul proprio telefono, ad esempio Chrome o Opera.\u00a0<\/p>\n<\/div><\/div><div class=\"et_pb_toggle_4 et_pb_toggle et_pb_toggle_item et_pb_toggle_close et_pb_module et_block_module\"><h5 class=\"et_pb_toggle_title\">Perch\u00e9 non riesco a connettermi con un cliente?<\/h5><div class=\"et_pb_toggle_content clearfix\"><p>Alcuni telefoni cellulari dispongono di browser manipolati dai produttori che impediscono l&#039;accesso necessario. In questi casi consigliamo, ad esempio, di chiedere all&#039;utente di installare un altro browser sul proprio telefono\u00a0 <strong>Cromo o Opera<\/strong>.<\/p>\n<p>\u00c8 anche possibile che il terminale non funzioni correttamente, a volte un riavvio risolver\u00e0 il problema. L&#039;utente potrebbe non accettare correttamente le autorizzazioni. Potrebbe anche darsi che diverse configurazioni siano state modificate o siano state abilitate restrizioni che rendono impossibile l&#039;operazione. Potrebbe anche darsi che la rete WIFI abbia limitazioni o una connessione scadente. Forse scarsa copertura 3, 4 o 5G.<\/p>\n<p>Se si tratta di un cellulare molto vecchio o problematico e c&#039;\u00e8 la possibilit\u00e0, provare direttamente ad utilizzare un altro smartphone o cellulare.<\/p>\n<\/div><\/div><div class=\"et_pb_toggle_5 et_pb_toggle et_pb_toggle_item et_pb_toggle_close et_pb_module et_block_module\"><h5 class=\"et_pb_toggle_title\">Dove vengono salvate le foto?<\/h5><div class=\"et_pb_toggle_content clearfix\"><p>Le foto vengono salvate nella cartella &quot;Download&quot; che il tuo browser ha per impostazione predefinita, generalmente la cartella I miei download, Download o Download di Windows, Mac, Android, ecc.<\/p>\n<\/div><\/div><div class=\"et_pb_toggle_6 et_pb_toggle et_pb_toggle_item et_pb_toggle_close et_pb_module et_block_module\"><h5 class=\"et_pb_toggle_title\">Registra video e audio.<\/h5><div class=\"et_pb_toggle_content clearfix\"><p>Premere il pulsante per registrare il videoesame o parte di esso. I video includono l&#039;audio.<br \/><img loading=\"lazy\" decoding=\"async\" src=\"http:\/\/www.peritcam.com\/wp-content\/uploads\/2024\/06\/grabar-peritacion-en-vivo.jpg\" width=\"53\" height=\"44\" alt=\"\" class=\"wp-image-8087 alignnone size-full\" \/><\/p>\n<p>Per terminare il video premere lo stesso pulsante.<\/p>\n<p>Puoi disattivare il microfono premendo il seguente pulsante:<br \/><img loading=\"lazy\" decoding=\"async\" src=\"http:\/\/www.peritcam.com\/wp-content\/uploads\/2024\/06\/silencia-peritacion.jpg\" width=\"52\" height=\"43\" alt=\"\" class=\"wp-image-8088 alignnone size-full\" \/><\/p>\n<p>Se stai registrando un video e cambi la fotocamera selfie o la qualit\u00e0 della connessione o una delle parti interrompe la comunicazione, il video terminer\u00e0 automaticamente. Sar\u00e0 necessario riavviare la registrazione se si desidera continuare a registrare.<\/p>\n<\/div><\/div><div class=\"et_pb_text_1 et_pb_text et_pb_bg_layout_light et_pb_module et_block_module\"><div class=\"et_pb_text_inner\"><h5>Lo sapevate...<\/h5>\n<\/div><\/div><div class=\"et_pb_toggle_7 et_pb_toggle et_pb_toggle_item et_pb_toggle_close et_pb_module et_block_module\"><h5 class=\"et_pb_toggle_title\">Le foto hanno sempre la stessa qualit\u00e0<\/h5><div class=\"et_pb_toggle_content clearfix\"><p>IL <strong>video esperto<\/strong> \u00c8 un processo indipendente dalla fotografia. Il segnale video \u00e8 tale che entrambe le parti vedono la stessa cosa, ma la fotografia <strong>competenza remota<\/strong> Viene sempre eseguito con la stessa qualit\u00e0, anche se la connessione \u00e8 scarsa a causa della mancanza di copertura. Anche se per qualche motivo la connessione video viene interrotta ma la comunicazione principale \u00e8 ancora attiva, \u00e8 comunque possibile scattare foto.\u00a0<\/p>\n<\/div><\/div><div class=\"et_pb_toggle_8 et_pb_toggle et_pb_toggle_item et_pb_toggle_close et_pb_module et_block_module\"><h5 class=\"et_pb_toggle_title\">Quando una connessione viene consumata<\/h5><div class=\"et_pb_toggle_content clearfix\"><p>Le connessioni terminano 1 ora dopo l&#039;avvio. Verranno conteggiati solo se c&#039;\u00e8 stato un collegamento video con il cliente o se avete scattato delle foto.<\/p>\n<\/div><\/div><div class=\"et_pb_toggle_9 et_pb_toggle et_pb_toggle_item et_pb_toggle_close et_pb_module et_block_module\"><h5 class=\"et_pb_toggle_title\">Puoi utilizzare una chat per comunicare senza audio<\/h5><div class=\"et_pb_toggle_content clearfix\"><p>Puoi scrivere messaggi e inviarli, potrai sapere se l&#039;utente ha letto il messaggio.<\/p>\n<p>Puoi anche inviare messaggi in modalit\u00e0 domanda. L&#039;utente vedr\u00e0 la domanda e potr\u00e0 rispondere SI o NO.<\/p>\n<p>Per aprire i messaggi cliccare sul loro pulsante:<\/p>\n<p><img loading=\"lazy\" decoding=\"async\" src=\"http:\/\/www.peritcam.com\/wp-content\/uploads\/2024\/06\/abrir-chat-peritacion-remota.jpg\" width=\"55\" height=\"41\" alt=\"\" class=\"wp-image-8084 alignnone size-full\" \/><\/p>\n<\/div><\/div><\/div><div class=\"et_pb_column_2 et_pb_column et_pb_column_1_3 et-last-child et_block_column et_pb_css_mix_blend_mode_passthrough\"><div class=\"et_pb_text_2 et_pb_text et_pb_bg_layout_light et_pb_module et_block_module\"><div class=\"et_pb_text_inner\"><h5>Consigli per l&#039;uso<\/h5>\n<\/div><\/div><div class=\"et_pb_toggle_10 et_pb_toggle et_pb_toggle_item et_pb_toggle_close et_pb_module et_block_module\"><h5 class=\"et_pb_toggle_title\">Spegni il WIFI del tuo cliente<\/h5><div class=\"et_pb_toggle_content clearfix\"><p>Per fare a <em>televalutazione della qualit\u00e0<\/em> Devi chiedere all&#039;utente che valuterai di disattivare il WIFI sul suo cellulare.<\/p>\n<p><strong>Perch\u00e9?<\/strong><br \/>Se, ad esempio, contatti un&#039;officina e il meccanico si allontana dal router, si verificher\u00e0 un taglio e il sistema si ricollegher\u00e0 senza WIFI, ma se il cellulare rileva nuovamente il WIFI, si interromper\u00e0 nuovamente e si ricollegher\u00e0. Sar\u00e0 scomodo.<\/p>\n<p>In luoghi con scarsa copertura 3G, 4G o 5G potrebbe essere meglio utilizzare la connessione WIFI.<\/p>\n<\/div><\/div><div class=\"et_pb_toggle_11 et_pb_toggle et_pb_toggle_item et_pb_toggle_close et_pb_module et_block_module\"><h5 class=\"et_pb_toggle_title\">Scatta una foto della mappa<\/h5><div class=\"et_pb_toggle_content clearfix\"><p>Puoi scattare una foto della mappa con un puntatore segnando la posizione esatta del terminale remoto in base alle coordinate.<\/p>\n<p>Utilizza il pulsante di acquisizione della posizione:<br \/><img loading=\"lazy\" decoding=\"async\" src=\"http:\/\/www.peritcam.com\/wp-content\/uploads\/2024\/06\/captura-posicionamiento-peritacion.jpg\" width=\"56\" height=\"46\" alt=\"\" class=\"wp-image-8074 alignnone size-full\" \/><i class=\"fa-solid fa-map-location-dot fa-2x\"><\/i><\/p>\n<p>Potrai incorporare la mappa del sondaggio nel tuo file, nella relazione degli esperti o in altri documenti<\/p>\n<\/div><\/div><div class=\"et_pb_toggle_12 et_pb_toggle et_pb_toggle_item et_pb_toggle_close et_pb_module et_block_module\"><h5 class=\"et_pb_toggle_title\">Disattiva il microfono<\/h5><div class=\"et_pb_toggle_content clearfix\"><p>Puoi disattivare il microfono premendo il seguente pulsante:<br \/><img loading=\"lazy\" decoding=\"async\" src=\"http:\/\/www.peritcam.com\/wp-content\/uploads\/2024\/06\/silencia-peritacion.jpg\" width=\"52\" height=\"43\" alt=\"\" class=\"wp-image-8088 alignnone size-full\" \/><\/p>\n<\/div><\/div><div class=\"et_pb_toggle_13 et_pb_toggle et_pb_toggle_item et_pb_toggle_close et_pb_module et_block_module\"><h5 class=\"et_pb_toggle_title\">Migliora la qualit\u00e0 della connessione<\/h5><div class=\"et_pb_toggle_content clearfix\"><p>Abbiamo parlato del collegamento video in diretta. Non pregiudica la qualit\u00e0 delle foto, che \u00e8 sempre la stessa.<\/p>\n<p><img loading=\"lazy\" decoding=\"async\" src=\"http:\/\/www.peritcam.com\/wp-content\/uploads\/2024\/06\/calidad-de-conexion-peritacion.jpg\" width=\"242\" height=\"331\" alt=\"\" class=\"wp-image-8069 alignnone size-full\" srcset=\"https:\/\/www.peritcam.com\/wp-content\/uploads\/2024\/06\/calidad-de-conexion-peritacion.jpg 242w, https:\/\/www.peritcam.com\/wp-content\/uploads\/2024\/06\/calidad-de-conexion-peritacion-219x300.jpg 219w\" sizes=\"(max-width: 242px) 100vw, 242px\" \/><\/p>\n<p><strong>Connessione automatica:<\/strong> Il sistema consentir\u00e0 al telefono remoto di scegliere la risoluzione e altri parametri di connessione in base alla potenza di elaborazione e alla velocit\u00e0 di connessione.<\/p>\n<p><strong>Connessioni deboli:<\/strong> Se la connessione \u00e8 lenta, la qualit\u00e0 del video live diminuir\u00e0 ma in cambio sar\u00e0 pi\u00f9 fluida.<\/p>\n<p><strong>Connessione bilanciata:<\/strong> \u00c8 la configurazione predefinita. Nella maggior parte dei casi si ottengono qualit\u00e0 e fluidit\u00e0 accettabili.<\/p>\n<p><strong>Connessioni di qualit\u00e0:<\/strong> Se la connessione \u00e8 buona, prova a vedere tutto con una qualit\u00e0 superiore con questa opzione.<\/p>\n<\/div><\/div><div class=\"et_pb_toggle_14 et_pb_toggle et_pb_toggle_item et_pb_toggle_close et_pb_module et_block_module\"><h5 class=\"et_pb_toggle_title\">Quale browser utilizzare<\/h5><div class=\"et_pb_toggle_content clearfix\"><p>Ti consigliamo di utilizzare browser aggiornati e moderni come Chrome, Safari, Edge, Opera, ecc.<\/p>\n<p>Per i clienti, consigliamo di installare Chrome o Opera in caso di problemi di connessione.\u00a0<\/p>\n<\/div><\/div><div class=\"et_pb_toggle_15 et_pb_toggle et_pb_toggle_item et_pb_toggle_close et_pb_module et_block_module\"><h5 class=\"et_pb_toggle_title\">Utilizzare la fotocamera anteriore (selfie)<\/h5><div class=\"et_pb_toggle_content clearfix\"><p>Puoi cambiare telecamera quando il pulsante per farlo \u00e8 disponibile.<\/p>\n<p><img loading=\"lazy\" decoding=\"async\" src=\"http:\/\/www.peritcam.com\/wp-content\/uploads\/2024\/06\/cambiar-camara-serfie-peritacion.jpg\" width=\"53\" height=\"41\" alt=\"\" class=\"wp-image-8086 alignnone size-full\" \/><\/p>\n<p>A volte pu\u00f2 essere una soluzione se la fotocamera principale \u00e8 danneggiata.<\/p>\n<\/div><\/div><div class=\"et_pb_toggle_16 et_pb_toggle et_pb_toggle_item et_pb_toggle_close et_pb_module et_block_module\"><h5 class=\"et_pb_toggle_title\">Zoom e flash<\/h5><div class=\"et_pb_toggle_content clearfix\"><p>Se il dispositivo remoto o il cellulare ha la possibilit\u00e0 di utilizzare lo zoom e la torcia durante il rilievo video, vedrai i pulsanti sul tuo pannello.<\/p>\n<p>\u00c8 possibile premere lo zoom pi\u00f9 volte per diversi livelli di zoom.\u00a0<\/p>\n<p><img loading=\"lazy\" decoding=\"async\" src=\"http:\/\/www.peritcam.com\/wp-content\/uploads\/2024\/06\/zoom-peritacion.jpg\" width=\"50\" height=\"43\" alt=\"\" class=\"wp-image-8089 alignnone size-full\" \/><\/p>\n<p>Il flash si comporta come una luce fissa, sebbene su alcuni dispositivi funzioni in modo imprevedibile.\u00a0<\/p>\n<p><img loading=\"lazy\" decoding=\"async\" src=\"http:\/\/www.peritcam.com\/wp-content\/uploads\/2024\/06\/activar-flash-linterna-peritaje.jpg\" width=\"54\" height=\"44\" alt=\"\" class=\"wp-image-8085 alignnone size-full\" \/><\/p>\n<\/div><\/div><div class=\"et_pb_toggle_17 et_pb_toggle et_pb_toggle_item et_pb_toggle_close et_pb_module et_block_module\"><h5 class=\"et_pb_toggle_title\">Non ti ascoltano? Usa la chat<\/h5><div class=\"et_pb_toggle_content clearfix\"><p>L&#039;utente potrebbe avere il volume abbassato per questo tipo di comunicazione, forse sta coprendo il microfono con le dita e non lo senti bene...<\/p>\n<p>&nbsp;<\/p>\n<p>Puoi scrivere messaggi e inviarli, potrai sapere se l&#039;utente ha letto il messaggio.\u00a0<\/p>\n<p>Puoi anche inviare messaggi in modalit\u00e0 domanda. L&#039;utente vedr\u00e0 la domanda e potr\u00e0 rispondere SI o NO.\u00a0<\/p>\n<p>Per aprire i messaggi cliccare sul loro pulsante:<\/p>\n<p><img loading=\"lazy\" decoding=\"async\" src=\"http:\/\/www.peritcam.com\/wp-content\/uploads\/2024\/06\/abrir-chat-peritacion-remota.jpg\" width=\"55\" height=\"41\" alt=\"\" class=\"wp-image-8084 alignnone size-full\" \/><\/p>\n<\/div><\/div><\/div><\/div><\/div>","protected":false},"excerpt":{"rendered":"","protected":false},"author":1,"featured_media":0,"parent":0,"menu_order":0,"comment_status":"closed","ping_status":"closed","template":"page-template-blank.php","meta":{"footnotes":""},"class_list":["post-8126","page","type-page","status-publish","hentry"],"_links":{"self":[{"href":"https:\/\/www.peritcam.com\/it\/wp-json\/wp\/v2\/pages\/8126","targetHints":{"allow":["GET"]}}],"collection":[{"href":"https:\/\/www.peritcam.com\/it\/wp-json\/wp\/v2\/pages"}],"about":[{"href":"https:\/\/www.peritcam.com\/it\/wp-json\/wp\/v2\/types\/page"}],"author":[{"embeddable":true,"href":"https:\/\/www.peritcam.com\/it\/wp-json\/wp\/v2\/users\/1"}],"replies":[{"embeddable":true,"href":"https:\/\/www.peritcam.com\/it\/wp-json\/wp\/v2\/comments?post=8126"}],"version-history":[{"count":10,"href":"https:\/\/www.peritcam.com\/it\/wp-json\/wp\/v2\/pages\/8126\/revisions"}],"predecessor-version":[{"id":9324,"href":"https:\/\/www.peritcam.com\/it\/wp-json\/wp\/v2\/pages\/8126\/revisions\/9324"}],"wp:attachment":[{"href":"https:\/\/www.peritcam.com\/it\/wp-json\/wp\/v2\/media?parent=8126"}],"curies":[{"name":"wp","href":"https:\/\/api.w.org\/{rel}","templated":true}]}}