{"id":8055,"date":"2024-06-28T18:32:22","date_gmt":"2024-06-28T16:32:22","guid":{"rendered":"https:\/\/www.peritcam.com\/?page_id=8055"},"modified":"2026-04-20T15:56:09","modified_gmt":"2026-04-20T13:56:09","slug":"aiuto-per-la-videoperizia","status":"publish","type":"page","link":"https:\/\/www.peritcam.com\/it\/aiuto-per-la-videoperizia\/","title":{"rendered":"Ayuda para la videoperitaci\u00f3n"},"content":{"rendered":"<div class=\"et_pb_section_0 et_pb_section et_section_regular et_block_section section_has_divider et_pb_bottom_divider\"><div class=\"et_pb_row_0 et_pb_row et_block_row\"><div class=\"et_pb_column_0 et_pb_column et_pb_column_4_4 et-last-child et_block_column et_pb_css_mix_blend_mode_passthrough\"><div class=\"et_pb_text_0 et_pb_text et_pb_bg_layout_light et_animated et_pb_module et_block_module\"><div class=\"et_pb_text_inner\"><h1><span>Aiuto, consigli, notizie, suggerimenti...<\/span><\/h1>\n<\/div><\/div><\/div><\/div><div class=\"et_pb_bottom_inside_divider et-no-transition\"><\/div><\/div><div class=\"et_pb_section_1 et_pb_section et_section_regular et_block_section\"><div class=\"et_pb_row_1 et_pb_row et_block_row\"><div class=\"et_pb_column_1 et_pb_column et_pb_column_2_3 et_block_column et_pb_css_mix_blend_mode_passthrough\"><div class=\"et_pb_text_1 et_pb_text et_pb_bg_layout_light et_pb_module et_block_module\"><div class=\"et_pb_text_inner\"><h5>Aiuto nell&#039;applicazione<\/h5>\n<\/div><\/div><div class=\"et_pb_toggle_0 et_pb_toggle et_pb_toggle_item et_pb_toggle_close et_pb_module et_block_module\"><h5 class=\"et_pb_toggle_title\">Come inviare la domanda al cliente<\/h5><div class=\"et_pb_toggle_content clearfix\"><p>L&#039;applicazione invia un messaggio SMS al cellulare specificato. Il destinatario deve semplicemente aprire il collegamento.<\/p>\n<p>Se inserisci l&#039;e-mail, il sistema invier\u00e0 una sola e-mail al destinatario.<\/p>\n<p>Vedi &quot;Altre opzioni di spedizione&quot; nella guida.<\/p>\n<p>&nbsp;<\/p>\n<p>Ci sono numeri di altri paesi a cui non verranno inviati SMS, contattaci se hai bisogno di inviare frequentemente SMS a numeri di un paese specifico.\u00a0<\/p>\n<p>&nbsp;<\/p>\n<\/div><\/div><div class=\"et_pb_toggle_1 et_pb_toggle et_pb_toggle_item et_pb_toggle_close et_pb_module et_block_module\"><h5 class=\"et_pb_toggle_title\">Altre opzioni di spedizione<\/h5><div class=\"et_pb_toggle_content clearfix\"><p>L&#039;applicazione invia un messaggio SMS al cellulare specificato. Il destinatario deve semplicemente aprire il collegamento. Ma hai anche altre opzioni.<\/p>\n<p>Premi il pulsante verde di condivisione Peritcam e quindi scegli una delle opzioni. Ti consigliamo <strong>WhatsAppWeb<\/strong> Se usi Windows o Mac, \u00e8 un modo comodo e utile.<\/p>\n<p><span class=\"et-pb-icon compartirIcon\">\ue0a0<\/span><\/p>\n<ul>\n<li><strong>Sito web di Whatsapp:<\/strong>\u00a0 se usi <span style=\"color: #fc450b;\"><strong>Finestre<\/strong> <\/span>O <strong><span style=\"color: #fc450b;\">Mac<\/span><\/strong>, usa questa opzione. Si aprir\u00e0 nel browser.<\/li>\n<li><strong>Applicazione Whatsapp:<\/strong>\u00a0 se hai installato l&#039;applicazione WhatsApp sul tuo computer o sul dispositivo che utilizzi per effettuare l&#039;auditing.<\/li>\n<li><strong>Telegramma:<\/strong> dovrai incollare il collegamento una volta aperto <strong>WebTelegram<\/strong> onda<strong> Applicazione Telegram<\/strong>.<\/li>\n<\/ul>\n<p><img loading=\"lazy\" decoding=\"async\" src=\"http:\/\/www.peritcam.com\/wp-content\/uploads\/2024\/06\/enviar-enlace-videoperitacion.jpg\" width=\"437\" height=\"400\" alt=\"\" class=\"wp-image-8060 alignnone size-full\" \/><\/p>\n<\/div><\/div><div class=\"et_pb_toggle_2 et_pb_toggle et_pb_toggle_item et_pb_toggle_close et_pb_module et_block_module\"><h5 class=\"et_pb_toggle_title\">Come scattare foto e salvarle<\/h5><div class=\"et_pb_toggle_content clearfix\"><p>Peritcam ti consente di scattare foto con due pulsanti. Quando scatti una foto, questa andr\u00e0 nella cartella dei download del tuo browser.<\/p>\n<p><img loading=\"lazy\" decoding=\"async\" src=\"http:\/\/www.peritcam.com\/wp-content\/uploads\/2024\/06\/hacer-fotos-peritajes-online.jpg\" width=\"55\" height=\"93\" alt=\"\" class=\"wp-image-8081 alignnone size-full\" \/><\/p>\n<p>Tasto arancione: scatta foto normali.<\/p>\n<p>Tasto blu: scatta **foto protette con un QR di sicurezza.<\/p>\n<p>Puoi anche scattare una foto della posizione rappresentata su una mappa.<\/p>\n<p><img loading=\"lazy\" decoding=\"async\" src=\"http:\/\/www.peritcam.com\/wp-content\/uploads\/2024\/06\/captura-posicionamiento-peritacion.jpg\" width=\"56\" height=\"46\" alt=\"\" class=\"wp-image-8074 alignnone size-full\" \/><\/p>\n<p>&nbsp;<\/p>\n<p>** Foto protette: lo scatto, la posizione e i dati degli esperti vengono salvati nel nostro database per ogni foto insieme ai segni sulla foto per poter certificare in futuro, se necessario, se sono state manipolate. Potrai accedere a questi dati QR solo con i dati di accesso dell&#039;applicazione dell&#039;esperto.<\/p>\n<p>&nbsp;<\/p>\n<\/div><\/div><div class=\"et_pb_toggle_3 et_pb_toggle et_pb_toggle_item et_pb_toggle_close et_pb_module et_block_module\"><h5 class=\"et_pb_toggle_title\">Le autorizzazioni che il client deve accettare<\/h5><div class=\"et_pb_toggle_content clearfix\"><p>Il cliente deve accettare le politiche all&#039;avvio, vedrai un avviso se lo fa.\u00a0<\/p>\n<p>Il passo successivo \u00e8 accettare anche i permessi per la fotocamera, il microfono e la geolocalizzazione.\u00a0\u00a0<\/p>\n<p>Alcuni telefoni cellulari dispongono di browser manipolati dai produttori che impediscono l&#039;accesso necessario. In questi casi consigliamo di chiedere all&#039;utente di installare un altro browser sul proprio telefono, ad esempio Chrome o Opera.\u00a0<\/p>\n<\/div><\/div><div class=\"et_pb_toggle_4 et_pb_toggle et_pb_toggle_item et_pb_toggle_close et_pb_module et_block_module\"><h5 class=\"et_pb_toggle_title\">Perch\u00e9 non riesco a connettermi con un cliente?<\/h5><div class=\"et_pb_toggle_content clearfix\"><p>Alcuni telefoni cellulari dispongono di browser manipolati dai produttori che impediscono l&#039;accesso necessario. In questi casi consigliamo, ad esempio, di chiedere all&#039;utente di installare un altro browser sul proprio telefono\u00a0 <strong>Cromo o Opera<\/strong>.<\/p>\n<p>\u00c8 anche possibile che il terminale non funzioni correttamente, a volte un riavvio risolver\u00e0 il problema. L&#039;utente potrebbe non accettare correttamente le autorizzazioni. Potrebbe anche darsi che diverse configurazioni siano state modificate o siano state abilitate restrizioni che rendono impossibile l&#039;operazione. Potrebbe anche darsi che la rete WIFI abbia limitazioni o una connessione scadente. Forse scarsa copertura 3, 4 o 5G.<\/p>\n<p>Se si tratta di un cellulare molto vecchio o problematico e c&#039;\u00e8 la possibilit\u00e0, provare direttamente ad utilizzare un altro smartphone o cellulare.<\/p>\n<\/div><\/div><div class=\"et_pb_toggle_5 et_pb_toggle et_pb_toggle_item et_pb_toggle_close et_pb_module et_block_module\"><h5 class=\"et_pb_toggle_title\">Dove vengono salvate le foto?<\/h5><div class=\"et_pb_toggle_content clearfix\"><p>Le foto vengono salvate nella cartella &quot;Download&quot; che il tuo browser ha per impostazione predefinita, generalmente la cartella I miei download, Download o Download di Windows, Mac, Android, ecc.<\/p>\n<\/div><\/div><div class=\"et_pb_toggle_6 et_pb_toggle et_pb_toggle_item et_pb_toggle_close et_pb_module et_block_module\"><h5 class=\"et_pb_toggle_title\">Registra video e audio.<\/h5><div class=\"et_pb_toggle_content clearfix\"><p>Premere il pulsante per registrare il videoesame o parte di esso. I video includono l&#039;audio.<br \/><img loading=\"lazy\" decoding=\"async\" src=\"http:\/\/www.peritcam.com\/wp-content\/uploads\/2024\/06\/grabar-peritacion-en-vivo.jpg\" width=\"53\" height=\"44\" alt=\"\" class=\"wp-image-8087 alignnone size-full\" \/><\/p>\n<p>Per terminare il video premere lo stesso pulsante.<\/p>\n<p>Puoi disattivare il microfono premendo il seguente pulsante:<br \/><img loading=\"lazy\" decoding=\"async\" src=\"http:\/\/www.peritcam.com\/wp-content\/uploads\/2024\/06\/silencia-peritacion.jpg\" width=\"52\" height=\"43\" alt=\"\" class=\"wp-image-8088 alignnone size-full\" \/><\/p>\n<p>Se stai registrando un video e cambi la fotocamera selfie o la qualit\u00e0 della connessione o una delle parti interrompe la comunicazione, il video terminer\u00e0 automaticamente. Sar\u00e0 necessario riavviare la registrazione se si desidera continuare a registrare.<\/p>\n<\/div><\/div><div class=\"et_pb_text_2 et_pb_text et_pb_bg_layout_light et_pb_module et_block_module\"><div class=\"et_pb_text_inner\"><h5>Lo sapevate...<\/h5>\n<\/div><\/div><div class=\"et_pb_toggle_7 et_pb_toggle et_pb_toggle_item et_pb_toggle_close et_pb_module et_block_module\"><h5 class=\"et_pb_toggle_title\">Le foto hanno sempre la stessa qualit\u00e0<\/h5><div class=\"et_pb_toggle_content clearfix\"><p>IL <strong>video esperto<\/strong> \u00c8 un processo indipendente dalla fotografia. Il segnale video \u00e8 tale che entrambe le parti vedono la stessa cosa, ma la fotografia <strong>competenza remota<\/strong> Viene sempre eseguito con la stessa qualit\u00e0, anche se la connessione \u00e8 scarsa a causa della mancanza di copertura. Anche se per qualche motivo la connessione video viene interrotta ma la comunicazione principale \u00e8 ancora attiva, \u00e8 comunque possibile scattare foto.\u00a0<\/p>\n<\/div><\/div><div class=\"et_pb_toggle_8 et_pb_toggle et_pb_toggle_item et_pb_toggle_close et_pb_module et_block_module\"><h5 class=\"et_pb_toggle_title\">Quando una connessione viene consumata<\/h5><div class=\"et_pb_toggle_content clearfix\"><p>Le connessioni terminano 1 ora dopo l&#039;avvio. Verranno conteggiati solo se c&#039;\u00e8 stato un collegamento video con il cliente o se avete scattato delle foto.<\/p>\n<\/div><\/div><div class=\"et_pb_toggle_9 et_pb_toggle et_pb_toggle_item et_pb_toggle_close et_pb_module et_block_module\"><h5 class=\"et_pb_toggle_title\">Puoi utilizzare una chat per comunicare senza audio<\/h5><div class=\"et_pb_toggle_content clearfix\"><p>Puoi scrivere messaggi e inviarli, potrai sapere se l&#039;utente ha letto il messaggio.<\/p>\n<p>Puoi anche inviare messaggi in modalit\u00e0 domanda. L&#039;utente vedr\u00e0 la domanda e potr\u00e0 rispondere SI o NO.<\/p>\n<p>Per aprire i messaggi cliccare sul loro pulsante:<\/p>\n<p><img loading=\"lazy\" decoding=\"async\" src=\"http:\/\/www.peritcam.com\/wp-content\/uploads\/2024\/06\/abrir-chat-peritacion-remota.jpg\" width=\"55\" height=\"41\" alt=\"\" class=\"wp-image-8084 alignnone size-full\" \/><\/p>\n<\/div><\/div><\/div><div class=\"et_pb_column_2 et_pb_column et_pb_column_1_3 et-last-child et_block_column et_pb_css_mix_blend_mode_passthrough\"><div class=\"et_pb_text_3 et_pb_text et_pb_bg_layout_light et_pb_module et_block_module\"><div class=\"et_pb_text_inner\"><h5>Consigli per l&#039;uso<\/h5>\n<\/div><\/div><div class=\"et_pb_toggle_10 et_pb_toggle et_pb_toggle_item et_pb_toggle_close et_pb_module et_block_module\"><h5 class=\"et_pb_toggle_title\">Spegni il WIFI del tuo cliente<\/h5><div class=\"et_pb_toggle_content clearfix\"><p>Per fare a <em>televalutazione della qualit\u00e0<\/em> Devi chiedere all&#039;utente che valuterai di disattivare il WIFI sul suo cellulare.<\/p>\n<p><strong>Perch\u00e9?<\/strong><br \/>Se, ad esempio, contatti un&#039;officina e il meccanico si allontana dal router, si verificher\u00e0 un taglio e il sistema si ricollegher\u00e0 senza WIFI, ma se il cellulare rileva nuovamente il WIFI, si interromper\u00e0 nuovamente e si ricollegher\u00e0. Sar\u00e0 scomodo.<\/p>\n<p>In luoghi con scarsa copertura 3G, 4G o 5G potrebbe essere meglio utilizzare la connessione WIFI.<\/p>\n<\/div><\/div><div class=\"et_pb_toggle_11 et_pb_toggle et_pb_toggle_item et_pb_toggle_close et_pb_module et_block_module\"><h5 class=\"et_pb_toggle_title\">Scatta una foto della mappa<\/h5><div class=\"et_pb_toggle_content clearfix\"><p>Puoi scattare una foto della mappa con un puntatore segnando la posizione esatta del terminale remoto in base alle coordinate.<\/p>\n<p>Utilizza il pulsante di acquisizione della posizione:<br \/><img loading=\"lazy\" decoding=\"async\" src=\"http:\/\/www.peritcam.com\/wp-content\/uploads\/2024\/06\/captura-posicionamiento-peritacion.jpg\" width=\"56\" height=\"46\" alt=\"\" class=\"wp-image-8074 alignnone size-full\" \/><i class=\"fa-solid fa-map-location-dot fa-2x\"><\/i><\/p>\n<p>Potrai incorporare la mappa del sondaggio nel tuo file, nella relazione degli esperti o in altri documenti<\/p>\n<\/div><\/div><div class=\"et_pb_toggle_12 et_pb_toggle et_pb_toggle_item et_pb_toggle_close et_pb_module et_block_module\"><h5 class=\"et_pb_toggle_title\">Disattiva il microfono<\/h5><div class=\"et_pb_toggle_content clearfix\"><p>Puoi disattivare il microfono premendo il seguente pulsante:<br \/><img loading=\"lazy\" decoding=\"async\" src=\"http:\/\/www.peritcam.com\/wp-content\/uploads\/2024\/06\/silencia-peritacion.jpg\" width=\"52\" height=\"43\" alt=\"\" class=\"wp-image-8088 alignnone size-full\" \/><\/p>\n<\/div><\/div><div class=\"et_pb_toggle_13 et_pb_toggle et_pb_toggle_item et_pb_toggle_close et_pb_module et_block_module\"><h5 class=\"et_pb_toggle_title\">Migliora la qualit\u00e0 della connessione<\/h5><div class=\"et_pb_toggle_content clearfix\"><p>Abbiamo parlato del collegamento video in diretta. Non pregiudica la qualit\u00e0 delle foto, che \u00e8 sempre la stessa.<\/p>\n<p><img loading=\"lazy\" decoding=\"async\" src=\"http:\/\/www.peritcam.com\/wp-content\/uploads\/2024\/06\/calidad-de-conexion-peritacion.jpg\" width=\"242\" height=\"331\" alt=\"\" class=\"wp-image-8069 alignnone size-full\" srcset=\"https:\/\/www.peritcam.com\/wp-content\/uploads\/2024\/06\/calidad-de-conexion-peritacion.jpg 242w, https:\/\/www.peritcam.com\/wp-content\/uploads\/2024\/06\/calidad-de-conexion-peritacion-219x300.jpg 219w\" sizes=\"(max-width: 242px) 100vw, 242px\" \/><\/p>\n<p><strong>Connessione automatica:<\/strong> Il sistema consentir\u00e0 al telefono remoto di scegliere la risoluzione e altri parametri di connessione in base alla potenza di elaborazione e alla velocit\u00e0 di connessione.<\/p>\n<p><strong>Connessioni deboli:<\/strong> Se la connessione \u00e8 lenta, la qualit\u00e0 del video live diminuir\u00e0 ma in cambio sar\u00e0 pi\u00f9 fluida.<\/p>\n<p><strong>Connessione bilanciata:<\/strong> \u00c8 la configurazione predefinita. Nella maggior parte dei casi si ottengono qualit\u00e0 e fluidit\u00e0 accettabili.<\/p>\n<p><strong>Connessioni di qualit\u00e0:<\/strong> Se la connessione \u00e8 buona, prova a vedere tutto con una qualit\u00e0 superiore con questa opzione.<\/p>\n<\/div><\/div><div class=\"et_pb_toggle_14 et_pb_toggle et_pb_toggle_item et_pb_toggle_close et_pb_module et_block_module\"><h5 class=\"et_pb_toggle_title\">Quale browser utilizzare<\/h5><div class=\"et_pb_toggle_content clearfix\"><p>Ti consigliamo di utilizzare browser aggiornati e moderni come Chrome, Safari, Edge, Opera, ecc.<\/p>\n<p>Per i clienti, consigliamo di installare Chrome o Opera in caso di problemi di connessione.\u00a0<\/p>\n<\/div><\/div><div class=\"et_pb_toggle_15 et_pb_toggle et_pb_toggle_item et_pb_toggle_close et_pb_module et_block_module\"><h5 class=\"et_pb_toggle_title\">Utilizzare la fotocamera anteriore (selfie)<\/h5><div class=\"et_pb_toggle_content clearfix\"><p>Puoi cambiare telecamera quando il pulsante per farlo \u00e8 disponibile.<\/p>\n<p><img loading=\"lazy\" decoding=\"async\" src=\"http:\/\/www.peritcam.com\/wp-content\/uploads\/2024\/06\/cambiar-camara-serfie-peritacion.jpg\" width=\"53\" height=\"41\" alt=\"\" class=\"wp-image-8086 alignnone size-full\" \/><\/p>\n<p>A volte pu\u00f2 essere una soluzione se la fotocamera principale \u00e8 danneggiata.<\/p>\n<\/div><\/div><div class=\"et_pb_toggle_16 et_pb_toggle et_pb_toggle_item et_pb_toggle_close et_pb_module et_block_module\"><h5 class=\"et_pb_toggle_title\">Zoom e flash<\/h5><div class=\"et_pb_toggle_content clearfix\"><p>Se il dispositivo remoto o il cellulare ha la possibilit\u00e0 di utilizzare lo zoom e la torcia durante il rilievo video, vedrai i pulsanti sul tuo pannello.<\/p>\n<p>\u00c8 possibile premere lo zoom pi\u00f9 volte per diversi livelli di zoom.\u00a0<\/p>\n<p><img loading=\"lazy\" decoding=\"async\" src=\"http:\/\/www.peritcam.com\/wp-content\/uploads\/2024\/06\/zoom-peritacion.jpg\" width=\"50\" height=\"43\" alt=\"\" class=\"wp-image-8089 alignnone size-full\" \/><\/p>\n<p>Il flash si comporta come una luce fissa, sebbene su alcuni dispositivi funzioni in modo imprevedibile.\u00a0<\/p>\n<p><img loading=\"lazy\" decoding=\"async\" src=\"http:\/\/www.peritcam.com\/wp-content\/uploads\/2024\/06\/activar-flash-linterna-peritaje.jpg\" width=\"54\" height=\"44\" alt=\"\" class=\"wp-image-8085 alignnone size-full\" \/><\/p>\n<\/div><\/div><div class=\"et_pb_toggle_17 et_pb_toggle et_pb_toggle_item et_pb_toggle_close et_pb_module et_block_module\"><h5 class=\"et_pb_toggle_title\">Non ti ascoltano? Usa la chat<\/h5><div class=\"et_pb_toggle_content clearfix\"><p>L&#039;utente potrebbe avere il volume abbassato per questo tipo di comunicazione, forse sta coprendo il microfono con le dita e non lo senti bene...<\/p>\n<p>&nbsp;<\/p>\n<p>Puoi scrivere messaggi e inviarli, potrai sapere se l&#039;utente ha letto il messaggio.\u00a0<\/p>\n<p>Puoi anche inviare messaggi in modalit\u00e0 domanda. L&#039;utente vedr\u00e0 la domanda e potr\u00e0 rispondere SI o NO.\u00a0<\/p>\n<p>Per aprire i messaggi cliccare sul loro pulsante:<\/p>\n<p><img loading=\"lazy\" decoding=\"async\" src=\"http:\/\/www.peritcam.com\/wp-content\/uploads\/2024\/06\/abrir-chat-peritacion-remota.jpg\" width=\"55\" height=\"41\" alt=\"\" class=\"wp-image-8084 alignnone size-full\" \/><\/p>\n<\/div><\/div><\/div><\/div><\/div><div class=\"et_pb_section_2 et_pb_section et_section_specialty et_pb_equal_columns et_pb_gutters2 et_block_section et_animated section_has_divider et_pb_top_divider et_pb_bottom_divider\"><div class=\"et_pb_top_inside_divider et-no-transition\"><\/div><div class=\"et_pb_row et_block_row\"><div class=\"et_pb_column_3 et_pb_column et_pb_column_single et_pb_column_1_2 et_block_column et_pb_css_mix_blend_mode_passthrough\"><div class=\"et_pb_text_4 et_pb_text et_pb_bg_layout_light et_animated et_pb_module et_block_module\"><div class=\"et_pb_text_inner\"><h2><span>Vuoi darci un suggerimento o una domanda?<\/span><\/h2>\n<p><span><\/span><\/p>\n<\/div><\/div><div class=\"et_pb_divider_0 et_pb_divider et_pb_space et_pb_divider_position_top et_animated et_pb_module\"><div class=\"et_pb_divider_internal\"><\/div><\/div><div class=\"et_pb_text_5 et_pb_text et_pb_bg_layout_light et_animated et_pb_module et_block_module\"><div class=\"et_pb_text_inner\"><p>Lavoriamo costantemente per migliorare l&#039;applicazione e renderla utile. Se desideri che abbia funzionalit\u00e0, miglioramenti o hai in mente qualsiasi altra domanda, inviacelo. E se hai qualche idea o proposta saremo felici di aiutarti.\u00a0<\/p>\n<\/div><\/div><div class=\"et_pb_contact_form_0 et_pb_contact_form_container clearfix et_pb_module et_flex_module\" data-form_unique_num=\"0\" data-form_unique_id=\"fe4a23a2-d85a-4dc4-aac3-a9c5ed4225d4\" id=\"et_pb_contact_form_fe4a23a2-d85a-4dc4-aac3-a9c5ed4225d4\"><div class=\"et-pb-contact-message\"><\/div><div class=\"et_pb_contact\"><form class=\"et_pb_contact_form et_flex_module\" method=\"post\" action=\"https:\/\/www.peritcam.com\/it\/wp-json\/wp\/v2\/pages\/8055\" data-trp-original-action=\"https:\/\/www.peritcam.com\/it\/wp-json\/wp\/v2\/pages\/8055\"><div class=\"et_pb_contact_field_0 et_pb_contact_field et_pb_module et_flex_module et_flex_column_12_24 et_flex_column_12_24_tablet et_flex_column_12_24_phone\" data-id=\"name\" data-type=\"input\"><label class=\"et_pb_contact_form_label\" for=\"et_pb_contact_0_name_0\">Nome<\/label><input type=\"text\" name=\"et_pb_contact_0_name_0\" id=\"et_pb_contact_0_name_0\" class=\"input\" data-required_mark=\"required\" data-field_type=\"input\" data-original_id=\"name\" placeholder=\"Nome\" title=\"\" value=\"\" \/><\/div><div class=\"et_pb_contact_field_1 et_pb_contact_field et_pb_module et_flex_module et_flex_column_12_24 et_flex_column_12_24_tablet et_flex_column_12_24_phone\" data-id=\"email\" data-type=\"email\"><label class=\"et_pb_contact_form_label\" for=\"et_pb_contact_0_email_1\">Indirizzo e-mail<\/label><input type=\"text\" name=\"et_pb_contact_0_email_1\" id=\"et_pb_contact_0_email_1\" class=\"input\" data-required_mark=\"required\" data-field_type=\"email\" data-original_id=\"email\" placeholder=\"Indirizzo e-mail\" title=\"\" value=\"\" \/><\/div><div class=\"et_pb_contact_field_2 et_pb_contact_field et_pb_module et_flex_module et_flex_column_24_24 et_flex_column_24_24_tablet et_flex_column_24_24_phone\" data-id=\"phone\" data-type=\"input\"><label class=\"et_pb_contact_form_label\" for=\"et_pb_contact_0_phone_2\">Telefono<\/label><input type=\"text\" name=\"et_pb_contact_0_phone_2\" id=\"et_pb_contact_0_phone_2\" class=\"input\" data-required_mark=\"not_required\" data-field_type=\"input\" data-original_id=\"phone\" placeholder=\"Telefono\" title=\"\" value=\"\" \/><\/div><div class=\"et_pb_contact_field_3 et_pb_contact_field et_pb_module et_flex_module et_flex_column_24_24 et_flex_column_24_24_tablet et_flex_column_24_24_phone\" data-id=\"message\" data-type=\"text\"><label class=\"et_pb_contact_form_label\" for=\"et_pb_contact_0_message_3\">Messaggio<\/label><textarea name=\"et_pb_contact_0_message_3\" id=\"et_pb_contact_0_message_3\" class=\"et_pb_contact_message input\" data-required_mark=\"not_required\" data-field_type=\"text\" data-original_id=\"message\" placeholder=\"Messaggio\"><\/textarea><\/div><input type=\"hidden\" name=\"et_pb_contactform_submit_fe4a23a2-d85a-4dc4-aac3-a9c5ed4225d4\" value=\"et_contact_proccess\" \/><div class=\"et_contact_bottom_container\"><div class=\"et_pb_contact_right et_pb_contact_field\"><p class=\"clearfix\"><label><span class=\"et_pb_contact_captcha_question\">11 + 12<\/span> = <input type=\"text\" size=\"2\" class=\"input et_pb_contact_captcha\" data-first_digit=\"11\" data-second_digit=\"12\" data-required_mark=\"required\" name=\"et_pb_contact_captcha_fe4a23a2-d85a-4dc4-aac3-a9c5ed4225d4\" autocomplete=\"off\" \/><\/label><\/p><\/div><div class=\"et_pb_button_wrapper\"><button type=\"submit\" name=\"et_builder_submit_button\" class=\"et_pb_button et_pb_contact_submit\">Invia ora!<\/button><\/div><\/div><input type=\"hidden\" id=\"_wpnonce-et-pb-contact-form-submitted-fe4a23a2-d85a-4dc4-aac3-a9c5ed4225d4\" name=\"_wpnonce-et-pb-contact-form-submitted-fe4a23a2-d85a-4dc4-aac3-a9c5ed4225d4\" value=\"6cecf62625\" \/><input type=\"hidden\" name=\"_wp_http_referer\" value=\"\/it\/wp-json\/wp\/v2\/pages\/8055\" \/><input type=\"hidden\" name=\"trp-form-language\" value=\"it\"\/><\/form><\/div><\/div><\/div><div class=\"et_pb_column_4 et_pb_column et_pb_specialty_column et_pb_column_1_2 et-last-child et_block_column et_pb_css_mix_blend_mode_passthrough\"><div class=\"et_pb_row_inner_0 et_pb_row_inner et_pb_equal_columns et_pb_gutters4 et_block_row\"><div class=\"et_pb_column_inner_0 et_pb_column_inner et_pb_column et_pb_column_4_4 et-last-child et_block_column et_pb_css_mix_blend_mode_passthrough\"><div class=\"et_pb_image_0 et_pb_image et_animated et_pb_module et_block_module\"><span class=\"et_pb_image_wrap\"><img loading=\"lazy\" decoding=\"async\" src=\"http:\/\/www.peritcam.com\/wp-content\/uploads\/2024\/03\/Logo-videoperitacion-sm.png\" width=\"356\" height=\"86\" srcset=\"https:\/\/www.peritcam.com\/wp-content\/uploads\/2024\/03\/Logo-videoperitacion-sm.png 356w, https:\/\/www.peritcam.com\/wp-content\/uploads\/2024\/03\/Logo-videoperitacion-sm-300x72.png 300w\" sizes=\"(max-width: 356px) 100vw, 356px\" class=\"wp-image-7684\" title=\"Logo-videoperitazione-sm\" \/><\/span><\/div><\/div><\/div><\/div><\/div><div class=\"et_pb_bottom_inside_divider et-no-transition\"><\/div><\/div><div class=\"et_pb_section_3 et_pb_section et_section_regular et_block_section\" id=\"contacto\"><div class=\"et_pb_row_2 et_pb_row et_block_row\"><div class=\"et_pb_column_5 et_pb_column et_pb_column_4_4 et-last-child et_block_column et_pb_css_mix_blend_mode_passthrough\"><div class=\"et_pb_text_6 et_pb_text et_pb_bg_layout_light et_animated et_pb_module et_block_module\"><div class=\"et_pb_text_inner\"><h2><span>Contattare\u00a0<\/span><\/h2>\n<p><span><\/span><\/p>\n<\/div><\/div><div class=\"et_pb_text_7 et_pb_text et_pb_bg_layout_light et_animated et_pb_module et_block_module et_pb_text_align_center\"><div class=\"et_pb_text_inner\"><p class=\" translation-block\">Se hai bisogno di ulteriori informazioni <b>non esitare a contattare<\/b><\/p>\n<\/div><\/div><div class=\"et_pb_divider_1 et_pb_divider et_pb_space et_pb_divider_position_top et_animated et_pb_module\"><div class=\"et_pb_divider_internal\"><\/div><\/div><\/div><\/div><div class=\"et_pb_row_3 et_pb_row et_pb_equal_columns et_pb_gutters1 et_block_row\"><div class=\"et_pb_column_6 et_pb_column et_pb_column_1_2 et_block_column et_pb_css_mix_blend_mode_passthrough et_animated et_clickable\"><div class=\"et_pb_blurb_0 et_pb_blurb et_pb_bg_layout_light et_pb_blurb_position_top et_animated et_pb_module et_block_module\"><div class=\"et_pb_blurb_content\"><div class=\"et_pb_main_blurb_image\"><a href=\"tel:964780410\"><span class=\"et_pb_image_wrap\"><span class=\"et-pb-icon et_animated et_animated\">\ue090<\/span><\/span><\/a><\/div><div class=\"et_pb_blurb_container\"><h4 class=\"et_pb_module_header\"><a href=\"tel:964780410\"> 964 780 410<\/a><\/h4><div class=\"et_pb_blurb_description\"><p>Luned\u00ec: 9:00 - 18:00 | Venerd\u00ec: 9:00 - 15:00<\/p>\n<\/div><\/div><\/div><\/div><\/div><div class=\"et_pb_column_7 et_pb_column et_pb_column_1_2 et-last-child et_block_column et_pb_css_mix_blend_mode_passthrough\"><div class=\"et_pb_blurb_1 et_pb_blurb et_pb_bg_layout_light et_pb_blurb_position_top et_animated et_pb_module et_block_module\"><div class=\"et_pb_blurb_content\"><div class=\"et_pb_main_blurb_image\"><a href=\"mailto:info@peritcam.com\"><span class=\"et_pb_image_wrap\"><span class=\"et-pb-icon et_animated et_animated\">\uf1fa<\/span><\/span><\/a><\/div><div class=\"et_pb_blurb_container\"><h4 class=\"et_pb_module_header\"><a href=\"mailto:info@peritcam.com\">info@peritcam.com<\/a><\/h4><div class=\"et_pb_blurb_description\"><p>Scrivici, ti risponderemo a breve<\/p>\n<\/div><\/div><\/div><\/div><\/div><\/div><\/div>","protected":false},"excerpt":{"rendered":"","protected":false},"author":1,"featured_media":0,"parent":0,"menu_order":0,"comment_status":"closed","ping_status":"closed","template":"","meta":{"footnotes":""},"class_list":["post-8055","page","type-page","status-publish","hentry"],"_links":{"self":[{"href":"https:\/\/www.peritcam.com\/it\/wp-json\/wp\/v2\/pages\/8055","targetHints":{"allow":["GET"]}}],"collection":[{"href":"https:\/\/www.peritcam.com\/it\/wp-json\/wp\/v2\/pages"}],"about":[{"href":"https:\/\/www.peritcam.com\/it\/wp-json\/wp\/v2\/types\/page"}],"author":[{"embeddable":true,"href":"https:\/\/www.peritcam.com\/it\/wp-json\/wp\/v2\/users\/1"}],"replies":[{"embeddable":true,"href":"https:\/\/www.peritcam.com\/it\/wp-json\/wp\/v2\/comments?post=8055"}],"version-history":[{"count":10,"href":"https:\/\/www.peritcam.com\/it\/wp-json\/wp\/v2\/pages\/8055\/revisions"}],"predecessor-version":[{"id":9323,"href":"https:\/\/www.peritcam.com\/it\/wp-json\/wp\/v2\/pages\/8055\/revisions\/9323"}],"wp:attachment":[{"href":"https:\/\/www.peritcam.com\/it\/wp-json\/wp\/v2\/media?parent=8055"}],"curies":[{"name":"wp","href":"https:\/\/api.w.org\/{rel}","templated":true}]}}