{"id":7954,"date":"2024-06-18T11:25:25","date_gmt":"2024-06-18T09:25:25","guid":{"rendered":"https:\/\/www.peritcam.com\/?page_id=7954"},"modified":"2026-04-20T15:56:07","modified_gmt":"2026-04-20T13:56:07","slug":"condizioni-generali-di-contratto","status":"publish","type":"page","link":"https:\/\/www.peritcam.com\/it\/avviso-legale\/condizioni-generali-di-contratto\/","title":{"rendered":"Condizioni generali di contratto"},"content":{"rendered":"<div class=\"et_pb_section_0 et_pb_section et_section_regular et_block_section section_has_divider et_pb_bottom_divider\"><div class=\"et_pb_bottom_inside_divider et-no-transition\"><\/div><\/div><div class=\"et_pb_section_1 et_pb_section et_section_regular et_block_section\" id=\"contacto\"><div class=\"et_pb_row_0 et_pb_row et_block_row\"><div class=\"et_pb_column_0 et_pb_column et_pb_column_4_4 et-last-child et_block_column et_pb_css_mix_blend_mode_passthrough\"><div class=\"et_pb_text_0 et_pb_text et_pb_bg_layout_light et_pb_module et_block_module\"><div class=\"et_pb_text_inner\"><p><b>Documenti legali:<\/b><\/p>\n<\/div><\/div><div class=\"et_pb_menu_0 et_pb_menu et_pb_menu--without-logo et_pb_menu--style-left_aligned et_dropdown_animation_fade et_pb_bg_layout_light et_pb_text_align_right-tablet et_pb_text_align_right-phone et_pb_module et_flex_module\"><div class=\"et_pb_menu_inner_container et_flex_module\"><div class=\"et_pb_menu__wrap\"><div class=\"et_pb_menu__menu\"><nav class=\"et-menu-nav\"><ul id=\"menu-legal_es\" class=\"et-menu nav downwards\"><li id=\"menu-item-7958\" class=\"et_pb_menu_page_id-6608 menu-item menu-item-type-post_type menu-item-object-page menu-item-7958\"><a href=\"https:\/\/www.peritcam.com\/it\/avviso-legale\/\">Avviso legale<\/a><\/li>\n<li id=\"menu-item-7959\" class=\"et_pb_menu_page_id-7945 menu-item menu-item-type-post_type menu-item-object-page menu-item-privacy-policy menu-item-7959\"><a rel=\"privacy-policy\" href=\"https:\/\/www.peritcam.com\/it\/avviso-legale\/politica-sulla-riservatezza\/\">politica sulla riservatezza<\/a><\/li>\n<li id=\"menu-item-7962\" class=\"et_pb_menu_page_id-7536 menu-item menu-item-type-post_type menu-item-object-page menu-item-7962\"><a href=\"https:\/\/www.peritcam.com\/it\/avviso-legale\/politica-sui-cookie\/\">Politica sui cookie<\/a><\/li>\n<li id=\"menu-item-7961\" class=\"et_pb_menu_page_id-7954 menu-item menu-item-type-post_type menu-item-object-page menu-item-7961\"><a href=\"https:\/\/www.peritcam.com\/it\/avviso-legale\/condizioni-generali-di-contratto\/\">Condizioni generali di contratto<\/a><\/li>\n<li id=\"menu-item-7960\" class=\"et_pb_menu_page_id-7941 menu-item menu-item-type-post_type menu-item-object-page menu-item-7960\"><a href=\"https:\/\/www.peritcam.com\/it\/avviso-legale\/condizioni-di-utilizzo-dellapplicazione\/\">Condizioni di utilizzo dell&#039;Applicazione<\/a><\/li>\n<li id=\"menu-item-7963\" class=\"et_pb_menu_page_id-7949 menu-item menu-item-type-post_type menu-item-object-page menu-item-7963\"><a href=\"https:\/\/www.peritcam.com\/it\/avviso-legale\/politica-sulla-privacy-dellapplicazione\/\">Informativa sulla privacy dell&#039;applicazione<\/a><\/li>\n<\/ul><\/nav><\/div><div class=\"et_mobile_nav_menu\"><div class=\"mobile_nav closed\"><span class=\"mobile_menu_bar\"><\/span><\/div><\/div><\/div><\/div><\/div><div class=\"et_pb_text_1 et_pb_text et_pb_bg_layout_light et_pb_module et_block_module\"><div class=\"et_pb_text_inner\"><h3><strong>CONDIZIONI GENERALI DI CONTRATTO<\/strong><\/h3>\n<p>&nbsp;<\/p>\n<p><strong>Introduzione<\/strong><\/p>\n<p>Il presente documento contrattuale discipliner\u00e0 le Condizioni generali per la contrattazione di servizi di valutazione online (di seguito, &quot;Condizioni&quot;) attraverso il sito web https:\/\/www.peritcam.com\/, di propriet\u00e0 di H\u00e9ctor Linares Morales con il marchio PeritCam, di seguito, FORNITORE, il cui le informazioni di contatto appaiono anche nelle Note legali di questo sito web.<\/p>\n<p>Le presenti Condizioni rimarranno pubblicate sul sito web a disposizione dell&#039;UTENTE per la riproduzione e il salvataggio come conferma del contratto, e potranno essere modificate in qualsiasi momento dal PRESTATORE. \u00c8 responsabilit\u00e0 dell&#039;UTENTE leggerli periodicamente, poich\u00e9 saranno applicabili quelli in vigore al momento dell&#039;effettuazione degli ordini.<\/p>\n<p>I contratti non saranno soggetti ad alcuna formalit\u00e0 ad eccezione dei casi espressamente indicati nei Codici Civili e Commerciali e in questa o altre leggi speciali.<\/p>\n<p>L&#039;accettazione del presente documento implica che l&#039;UTENTE:<\/p>\n<ul>\n<li>Hai letto, compreso e compreso quanto affermato qui.<\/li>\n<li>\u00c8 una persona con capacit\u00e0 sufficiente per assumere.<\/li>\n<li>Assumersi tutti gli obblighi qui stabiliti.<\/li>\n<\/ul>\n<p>Le presenti condizioni avranno una validit\u00e0 indeterminata e saranno applicabili a tutti i contratti stipulati tramite il sito web del FORNITORE.<\/p>\n<p>Il FORNITORE informa che l&#039;azienda \u00e8 responsabile e conosce la legislazione vigente e si riserva il diritto di modificare unilateralmente le condizioni, senza che ci\u00f2 influisca sui termini e sulle condizioni applicati prima della modifica.<\/p>\n<p><strong>Identit\u00e0 delle parti contraenti<\/strong><\/p>\n<p>Da un lato, il FORNITORE dei servizi di consulenza online commissionati dall&#039;UTENTE \u00e8 H\u00e9ctor Linares Morales, con sede legale in C\/ Els Ports, 3, 12005 - Castell\u00f3n (Castell\u00f3n De La Plana), NIF 20248892Z e con numero di telefono del servizio clienti\/UTENTE 964 780 410<\/p>\n<p>D&#039;altra parte, l&#039;UTENTE, registrato sul sito Web utilizzando un nome utente e una password, di cui ha la piena responsabilit\u00e0 dell&#039;uso e della custodia, ed \u00e8 responsabile della veridicit\u00e0 dei dati personali forniti al FORNITORE.<\/p>\n<p><strong>Oggetto del contratto<\/strong><\/p>\n<p>Lo scopo del presente contratto \u00e8 quello di regolare il rapporto contrattuale di vendita che nasce tra il FORNITORE e l&#039;UTENTE nel momento in cui l&#039;UTENTE accetta la casella corrispondente durante il processo di contrattazione online.<\/p>\n<p>Il rapporto contrattuale di vendita prevede la fornitura, in cambio di un prezzo determinato e visualizzato pubblicamente attraverso il sito web, di servizi di perizia on-line.<\/p>\n<p><strong>Rettifica dei dati<\/strong><\/p>\n<p>Quando l&#039;UTENTE identifica errori nei dati pubblicati sul sito Web o nei documenti generati dal rapporto contrattuale, pu\u00f2 comunicarli all&#039;e-mail info@peritcam.com affinch\u00e9 H\u00e9ctor Linares Morales possa correggerli il prima possibile.<\/p>\n<p><strong>Procedura di assunzione<\/strong><\/p>\n<p>L&#039;UTENTE, per poter accedere ai servizi offerti dal FORNITORE, deve essere maggiorenne e registrarsi attraverso il sito creando un account utente. Pertanto, l&#039;UTENTE dovr\u00e0 fornire liberamente e volontariamente i dati personali che gli verranno richiesti, i quali saranno trattati in conformit\u00e0 con le disposizioni del Regolamento (UE) 2016\/679, del 27 aprile 2016 (GDPR), relativo alla tutela delle persone naturali persone fisiche con riguardo al trattamento dei dati personali e alla libera circolazione di tali dati e alla Legge Organica 3\/2018, del 5 dicembre (LOPDGDD), relativa alla la protezione dei dati personali e dettagliata nelle Note Legali e nella Privacy Policy di questo sito web.<\/p>\n<p>L&#039;UTENTE selezioner\u00e0 un nome utente e una password, impegnandosi a farne un uso diligente e a non renderli disponibili a terzi, nonch\u00e9 a notificare al FORNITORE la perdita o il furto degli stessi o il possibile accesso da parte di terzi non autorizzati. , affinch\u00e9 si proceda al blocco immediato.<\/p>\n<p>Una volta creato l&#039;account utente, si informa che, in conformit\u00e0 con i requisiti dell&#039;articolo 27 della legge 34\/2002, sui servizi della societ\u00e0 dell&#039;informazione e del commercio elettronico (LSSICE), la procedura di contrattazione seguir\u00e0 i seguenti passaggi:<\/p>\n<ol>\n<li>Clausole contrattuali generali.<br \/>2. Attivazione dei servizi.<br \/>3. Diritto di recesso.<br \/>4. Reclami e risoluzione delle controversie online.<br \/>5. Forza maggiore.<br \/>6. Concorrenza.<br \/>7. Generalit\u00e0 dell&#039;offerta<\/li>\n<li>Prezzo e periodo di validit\u00e0 dell&#039;offerta.<br \/>9. Modalit\u00e0 di pagamento, spese e sconti.<br \/>10. Procedura di acquisto.<br \/>11. Dissociazione e sospensione o risoluzione del contratto.<br \/>12. Garanzie e resi.<br \/>13. Legge applicabile e giurisdizione.<\/li>\n<\/ol>\n<p>&nbsp;<\/p>\n<ol>\n<li><strong> CLAUSOLE CONTRATTUALI GENERALI<\/strong><\/li>\n<\/ol>\n<p>Salvo disposizione specifica scritta, l&#039;esecuzione di un ordine presso il FORNITORE implica l&#039;accettazione da parte dell&#039;UTENTE delle presenti condizioni legali. Nessuna clausola dell&#039;UTENTE potr\u00e0 differire da quella del PRESTATORE se non \u00e8 stata espressamente accettata in anticipo e per iscritto dal PRESTATORE.<\/p>\n<ol start=\"2\">\n<li><strong> ATTIVAZIONE DEL SERVIZIO<\/strong><\/li>\n<\/ol>\n<p>IL PRESTATORE non attiver\u00e0 alcun servizio finch\u00e9 non avr\u00e0 verificato l&#039;avvenuto pagamento.<\/p>\n<p>Poich\u00e9 l&#039;ordine non comporta la consegna fisica di un prodotto specifico, essendo i servizi forniti all&#039;orario concordato poich\u00e9 costituiti da bonus che l&#039;UTENTE potr\u00e0 spendere quando ritenuto opportuno, il FORNITORE informer\u00e0 in anticipo l&#039;UTENTE riguardo alla procedura che dovr\u00e0 essere seguito per vedere soddisfatto il servizio fornito.<\/p>\n<p>Il servizio \u00e8 fruibile tramite l&#039;app fornita dal FORNITORE.<\/p>\n<p><strong>Mancata esecuzione del contratto a distanza<\/strong><\/p>\n<p>In caso di fornitura di un servizio, questo sar\u00e0 disponibile dal momento in cui l&#039;UTENTE ne avr\u00e0 effettuato il pagamento e potr\u00e0 essere prenotato secondo le condizioni del FORNITORE.<\/p>\n<p>Se il contratto non pu\u00f2 essere eseguito perch\u00e9 il servizio contrattato non \u00e8 disponibile entro il periodo previsto, l&#039;UTENTE sar\u00e0 informato della mancanza di disponibilit\u00e0 e avr\u00e0 diritto ad annullare l&#039;ordine e ricevere il rimborso dell&#039;importo totale pagato senza alcun costo senza che ci\u00f2 comporti alcuna responsabilit\u00e0 per danni imputabili al FORNITORE.<\/p>\n<p>In caso di ritardo ingiustificato da parte del PRESTATORE nella restituzione dell&#039;importo totale, l&#039;UTENTE potr\u00e0 pretendere il doppio dell&#039;importo dovuto, salvo il suo diritto al risarcimento dei danni subiti eccedenti tale importo.<\/p>\n<p>Il FORNITORE non si assumer\u00e0 alcuna responsabilit\u00e0 nel caso in cui il download o l&#039;attivazione del servizio non avvenga, a causa dei dati forniti dall&#039;UTENTE falsi, inesatti o incompleti.<\/p>\n<p>La fornitura del servizio sar\u00e0 considerata effettuata nel momento in cui l&#039;UTENTE avr\u00e0 scaricato o attivato il servizio.<\/p>\n<ol start=\"3\">\n<li><strong> DIRITTO DI RECESSO<\/strong><\/li>\n<\/ol>\n<p>L&#039;UTENTE dispone di un periodo di quattordici (14) giorni di calendario, a partire dalla data di ricevimento del prodotto o dalla conclusione del contratto di compravendita se si trattava di una fornitura di un servizio, per esercitare il diritto di recesso, regolato all&#039;art. l&#039;articolo 102 del regio decreto legislativo 1\/2007, del 16 novembre, che approva il testo unico della legge generale per la difesa dei consumatori e degli utenti e altre leggi complementare, di seguito RDL 1\/2007. Se il PRESTATORE non adempie all&#039;obbligo di informazione e documentazione relativo al diritto di recesso, il periodo per il suo esercizio terminer\u00e0 dodici mesi dopo la data di scadenza del periodo di recesso iniziale, ai sensi dell&#039;articolo 105 del RDL 1\/2007.<\/p>\n<p>&nbsp;<\/p>\n<p>Il diritto di recesso non sar\u00e0 applicabile ai contratti di cui ed elencati all&#039;articolo 103 del RDL 1\/2007. Pertanto il diritto di recesso \u00e8 escluso per i seguenti motivi:<\/p>\n<ul>\n<li>Servizio gi\u00e0 iniziato o perdita del diritto di recesso una volta completata la sua esecuzione.<\/li>\n<\/ul>\n<p>Tutti i resi devono essere comunicati al FORNITORE, richiedendo un numero di reso utilizzando il modulo previsto a tale scopo, o tramite e-mail a info@peritcam.com indicando la fattura corrispondente o il numero d&#039;ordine.<\/p>\n<p><strong>MODULO DI RECESSO<\/strong><\/p>\n<p>(\u00c8 necessario compilare e inviare questo modulo solo se si desidera recedere dal contratto o dal servizio appaltato).<\/p>\n<ul>\n<li>All&#039;attenzione di (qui \u00e8 necessario inserire il nome dell&#039;azienda, l&#039;indirizzo completo e, se disponibile, il numero di telefono, fax ed email):<\/li>\n<li>Con la presente ti informiamo (*) che recediamo\/noi recediamo dal nostro (*) contratto per la vendita del seguente bene\/prestazione del seguente servizio (*).<\/li>\n<li>Ordinato\/richiesto il giorno (*).<\/li>\n<li>Nome e indirizzo del consumatore e dell&#039;utente o dei consumatori e degli utenti.<\/li>\n<li>Data e firma del consumatore e utente o dei consumatori e utenti.<\/li>\n<\/ul>\n<ol start=\"4\">\n<li><strong> RECLAMI E RISOLUZIONE DELLE CONTROVERSIE ONLINE<\/strong><\/li>\n<\/ol>\n<p>Qualsiasi reclamo che l&#039;UTENTE ritenga opportuno verr\u00e0 preso in considerazione il prima possibile e potr\u00e0 essere presentato ai seguenti indirizzi di contatto:<\/p>\n<p>Indirizzo postale: H\u00e9ctor Linares Morales, C\/ Els Ports, 3, 12005 - Castellon (Castell\u00f3n De La Plana)<br \/>Telefono: 964 780 410<br \/>E-mail: info@peritcam.com<\/p>\n<p><strong>Risoluzione delle controversie online (<em>Risoluzione delle controversie online<\/em>)<\/strong><br \/>Ai sensi dell&#039;articolo 14.1 del Regolamento (UE) 524\/2013, la Commissione Europea fornisce una piattaforma di accesso gratuito per la risoluzione dei conflitti online tra l&#039;UTENTE e il FORNITORE, senza la necessit\u00e0 di ricorrere ai tribunali, attraverso l&#039;intervento. di un terzo, denominato Organo di Risoluzione delle Controversie, che funge da intermediario tra i due. Questo organismo \u00e8 neutrale e dialogher\u00e0 con entrambe le parti per raggiungere un accordo e potr\u00e0 infine suggerire e\/o imporre una soluzione al conflitto.<\/p>\n<p>Collegamento alla piattaforma ODR: <a href=\"http:\/\/ec.europa.eu\/consumers\/odr\/\">http:\/\/ec.europa.eu\/consumers\/odr\/<\/a><\/p>\n<ol start=\"5\">\n<li><strong> FORZA MAGGIORE<\/strong><\/li>\n<\/ol>\n<p>Le parti non si assumeranno alcuna responsabilit\u00e0 per eventuali guasti dovuti a cause importanti. L&#039;adempimento dell&#039;obbligo sar\u00e0 ritardato fino alla cessazione del caso di forza maggiore.<\/p>\n<ol start=\"6\">\n<li><strong> COMPETENZA<\/strong><\/li>\n<\/ol>\n<p>L&#039;UTENTE non pu\u00f2 cedere, trasferire o trasmettere i diritti, le responsabilit\u00e0 e gli obblighi contratti nella vendita.<\/p>\n<p>Se qualsiasi clausola delle presenti condizioni \u00e8 considerata nulla o impossibile da rispettare, la validit\u00e0, la legalit\u00e0 e il rispetto delle altre non saranno in alcun modo pregiudicate, n\u00e9 saranno modificate in alcun modo.<\/p>\n<p>L&#039;UTENTE dichiara di aver letto, conosciuto e accettato le presenti Condizioni nella loro interezza.<\/p>\n<ol start=\"7\">\n<li><strong> GENERALIT\u00c0 DELL&#039;OFFERTA<\/strong><\/li>\n<\/ol>\n<p>Tutte le vendite effettuate dal FORNITORE si intenderanno soggette alle presenti Condizioni.<\/p>\n<p>Nessuna modifica, alterazione o accordo contrario alla Proposta Commerciale di H\u00e9ctor Linares Morales o a quanto stipulato nel presente documento avr\u00e0 effetto, a meno che non sia espressamente concordato per iscritto e firmato dal FORNITORE, in questo caso prevarranno questi accordi particolari.<\/p>\n<p>Tenuto conto dei continui progressi tecnici e miglioramenti dei servizi, il FORNITORE si riserva il diritto di modificare le sue specifiche rispetto alle informazioni fornite nella sua pubblicit\u00e0, fino a quando ci\u00f2 non influisca sul valore dei servizi offerti. Tali modifiche saranno valide anche nel caso in cui, per qualsiasi ragione, venga pregiudicata la possibilit\u00e0 di erogazione dei servizi offerti.<\/p>\n<ol start=\"8\">\n<li><strong> PREZZO E PERIODO DI VALIDIT\u00c0 DELL&#039;OFFERTA<\/strong><\/li>\n<\/ol>\n<p>I prezzi indicati per ciascun servizio includono l&#039;imposta sul valore aggiunto (IVA) o altre tasse eventualmente applicabili. Tali prezzi, salvo espressa indicazione contraria, non comprendono le spese di spedizione o di comunicazione, la movimentazione, l&#039;imballaggio, l&#039;assicurazione sulla spedizione o qualsiasi altro servizio aggiuntivo ed annesso al servizio acquistato.<\/p>\n<p>I prezzi applicabili a ciascun servizio sono quelli pubblicati sul sito e saranno espressi nella valuta EURO. L&#039;UTENTE presuppone che la valutazione economica di alcuni servizi possa variare in tempo reale.<\/p>\n<p>Prima di effettuare l&#039;acquisto potrai verificare online tutti i dettagli del preventivo: servizi, quantit\u00e0, prezzo, disponibilit\u00e0, spese, sconti, tasse e totale dell&#039;acquisto. I prezzi possono cambiare ogni giorno mentre l&#039;ordine non viene effettuato.<\/p>\n<p>Una volta effettuato l&#039;ordine, i prezzi verranno mantenuti indipendentemente dal fatto che il servizio sia disponibile o meno.<\/p>\n<p>Qualsiasi pagamento effettuato al FORNITORE comporta l&#039;emissione di una fattura a nome dell&#039;UTENTE registrato o della ragione sociale che l&#039;UTENTE ha comunicato al momento dell&#039;ordine. Tale fattura verr\u00e0 inviata in formato PDF insieme all&#039;e-mail di conferma del pagamento e alla quale avrai accesso anche nel tuo profilo utente.<\/p>\n<p>Per qualsiasi informazione relativa all&#039;ordine, l&#039;UTENTE pu\u00f2 contattare il servizio clienti del FORNITORE al numero telefonico 964 780 410 o via e-mail all&#039;indirizzo info@peritcam.com<\/p>\n<ol start=\"9\">\n<li><strong> FORME DI PAGAMENTO, SPESE E SCONTI<\/strong><\/li>\n<\/ol>\n<p>Il FORNITORE \u00e8 responsabile delle transazioni economiche e consente le seguenti modalit\u00e0 di pagamento di un ordine:<\/p>\n<ul>\n<li>Carta di credito o debito<\/li>\n<li>Bonifico bancario<\/li>\n<\/ul>\n<p><strong>Misure di sicurezza<\/strong><\/p>\n<p>Il sito web utilizza tecniche di sicurezza delle informazioni generalmente accettate nel settore, come dati inseriti in pagine sicure, firewall, procedure di controllo degli accessi e meccanismi crittografici, il tutto con l&#039;obiettivo di impedire l&#039;accesso non autorizzato ai dati. Per raggiungere questi scopi, l&#039;UTENTE accetta che il FORNITORE ottenga dati ai fini della corrispondente autenticazione dei controlli di accesso.<\/p>\n<p>Il FORNITORE si impegna a non consentire alcuna transazione che sia o sia considerata illegale dai marchi delle carte di credito o dalla banca acquirente, che possa o abbia il potenziale per danneggiare la loro buona volont\u00e0 o influenzarli negativamente.<\/p>\n<p>Nell&#039;ambito dei programmi del marchio della carta sono vietate le seguenti attivit\u00e0: la vendita o l&#039;offerta di un prodotto o servizio che non sia conforme a tutte le leggi applicabili all&#039;Acquirente, alla Banca emittente, al Commerciante o al Titolare della carta o delle carte.<\/p>\n<ol start=\"10\">\n<li><strong> PROCESSO DI ACQUISTO<\/strong><\/li>\n<\/ol>\n<p><strong>Carrello (simulazione del budget)<\/strong><\/p>\n<p>\u00c8 possibile aggiungere al carrello qualsiasi servizio del nostro catalogo. In questo verranno rispettati solo i servizi selezionati, la quantit\u00e0, il numero di persone, il prezzo e l&#039;importo totale. Una volta salvato il carrello, le tasse, le spese e gli sconti verranno calcolati in base ai dati inseriti.<\/p>\n<p>I panieri non hanno alcun collegamento amministrativo, sono solo una sezione dove si pu\u00f2 simulare un budget senza alcun impegno per entrambe le parti.<\/p>\n<p>Dal carrello \u00e8 possibile effettuare un ordine seguendo i seguenti passaggi per la sua corretta formalizzazione:<\/p>\n<ol>\n<li>Controllo dei dati di fatturazione.<\/li>\n<li>Verifica della modalit\u00e0 di erogazione del servizio (download, attivazione...).<\/li>\n<li>Selezione del metodo di pagamento.<\/li>\n<li>Effettuare l&#039;ordine (acquistare).<\/li>\n<\/ol>\n<p>Una volta elaborato l&#039;ordine, il sistema invia istantaneamente un&#039;e-mail alla direzione del FORNITORE e un&#039;altra all&#039;e-mail dell&#039;UTENTE confermando l&#039;avvenuto ordine.<\/p>\n<p><strong>Ordini (richieste di acquisto)<\/strong><\/p>\n<p>Entro un massimo di 24 ore, nei giorni lavorativi, verr\u00e0 inviata all&#039;UTENTE un&#039;e-mail che conferma lo stato dell&#039;ordine e la data e l&#039;ora della prenotazione per la fornitura del servizio contrattato.<\/p>\n<ol start=\"11\">\n<li><strong> SCIOGLIMENTO E SOSPENSIONE O RISOLUZIONE DEL CONTRATTO<\/strong><\/li>\n<\/ol>\n<p>Se uno qualsiasi di questi termini e condizioni sar\u00e0 ritenuto illegale, nullo o per qualsiasi motivo inapplicabile, tale condizione sar\u00e0 considerata separabile e non pregiudicher\u00e0 la validit\u00e0 e l&#039;applicabilit\u00e0 delle restanti condizioni.<\/p>\n<p>Il FORNITORE pu\u00f2, senza preavviso, sospendere o interrompere l&#039;accesso dell&#039;UTENTE ai suoi servizi, in tutto o in parte, per qualsiasi motivo valido, incluso, senza limitazione, quando l&#039;UTENTE non rispetta o non rispetta uno degli obblighi stabiliti nel presente documento o qualsiasi disposizione legale, licenza, regolamento, direttiva, codice di condotta o politica di utilizzo applicabile.<\/p>\n<p>Quando eserciti uno qualsiasi dei tuoi diritti o poteri ai sensi della presente Clausola, tale esercizio non pregiudicher\u00e0 o influenzer\u00e0 l&#039;esercizio di qualsiasi altro diritto, potere o risorsa che potrebbe essere a disposizione dell&#039;UTENTE.<\/p>\n<ol start=\"12\">\n<li><strong> GARANZIE E RESI<\/strong><\/li>\n<\/ol>\n<p>Le garanzie saranno conformi alle disposizioni del Titolo relativo a &quot;Garanzie e servizi post-vendita&quot; del Regio Decreto Legislativo 1\/2007, del 16 novembre, che approva il testo consolidato della Legge Generale per la Difesa dei Consumatori e degli Utenti e altre leggi complementari.<\/p>\n<p>&nbsp;<\/p>\n<ol start=\"13\">\n<li><strong> LEGGE APPLICABILE E GIURISDIZIONE<\/strong><br \/>Le presenti condizioni saranno regolate o interpretate in conformit\u00e0 con la legislazione spagnola per quanto non espressamente stabilito. Qualsiasi controversia che possa sorgere dalla fornitura dei prodotti o servizi oggetto delle presenti Condizioni sar\u00e0 sottoposta alle corti e ai tribunali del domicilio dell&#039;UTENTE, del luogo di adempimento dell&#039;obbligazione o del luogo in cui si trova il bene se esso \u00e8 immobiliare.<\/li>\n<\/ol>\n<\/div><\/div><\/div><\/div><\/div><div class=\"et_pb_section_2 et_pb_section et_section_regular et_block_section section_has_divider et_pb_top_divider et_pb_bottom_divider\" id=\"cookies\"><div class=\"et_pb_top_inside_divider et-no-transition\"><\/div><div class=\"et_pb_bottom_inside_divider et-no-transition\"><\/div><\/div>","protected":false},"excerpt":{"rendered":"","protected":false},"author":1,"featured_media":0,"parent":6608,"menu_order":0,"comment_status":"closed","ping_status":"closed","template":"","meta":{"footnotes":""},"class_list":["post-7954","page","type-page","status-publish","hentry"],"_links":{"self":[{"href":"https:\/\/www.peritcam.com\/it\/wp-json\/wp\/v2\/pages\/7954","targetHints":{"allow":["GET"]}}],"collection":[{"href":"https:\/\/www.peritcam.com\/it\/wp-json\/wp\/v2\/pages"}],"about":[{"href":"https:\/\/www.peritcam.com\/it\/wp-json\/wp\/v2\/types\/page"}],"author":[{"embeddable":true,"href":"https:\/\/www.peritcam.com\/it\/wp-json\/wp\/v2\/users\/1"}],"replies":[{"embeddable":true,"href":"https:\/\/www.peritcam.com\/it\/wp-json\/wp\/v2\/comments?post=7954"}],"version-history":[{"count":6,"href":"https:\/\/www.peritcam.com\/it\/wp-json\/wp\/v2\/pages\/7954\/revisions"}],"predecessor-version":[{"id":9322,"href":"https:\/\/www.peritcam.com\/it\/wp-json\/wp\/v2\/pages\/7954\/revisions\/9322"}],"up":[{"embeddable":true,"href":"https:\/\/www.peritcam.com\/it\/wp-json\/wp\/v2\/pages\/6608"}],"wp:attachment":[{"href":"https:\/\/www.peritcam.com\/it\/wp-json\/wp\/v2\/media?parent=7954"}],"curies":[{"name":"wp","href":"https:\/\/api.w.org\/{rel}","templated":true}]}}