{"id":7945,"date":"2024-06-18T11:14:18","date_gmt":"2024-06-18T09:14:18","guid":{"rendered":"https:\/\/www.peritcam.com\/?page_id=7945"},"modified":"2026-04-20T15:56:05","modified_gmt":"2026-04-20T13:56:05","slug":"politica-sulla-riservatezza","status":"publish","type":"page","link":"https:\/\/www.peritcam.com\/it\/avviso-legale\/politica-sulla-riservatezza\/","title":{"rendered":"politica sulla riservatezza"},"content":{"rendered":"<div class=\"et_pb_section_0 et_pb_section et_section_regular et_block_section section_has_divider et_pb_bottom_divider\"><div class=\"et_pb_bottom_inside_divider et-no-transition\"><\/div><\/div><div class=\"et_pb_section_1 et_pb_section et_section_regular et_block_section\" id=\"contacto\"><div class=\"et_pb_row_0 et_pb_row et_block_row\"><div class=\"et_pb_column_0 et_pb_column et_pb_column_4_4 et-last-child et_block_column et_pb_css_mix_blend_mode_passthrough\"><div class=\"et_pb_text_0 et_pb_text et_pb_bg_layout_light et_pb_module et_block_module\"><div class=\"et_pb_text_inner\"><p><b>Documenti legali:<\/b><\/p>\n<\/div><\/div><div class=\"et_pb_menu_0 et_pb_menu et_pb_menu--without-logo et_pb_menu--style-left_aligned et_dropdown_animation_fade et_pb_bg_layout_light et_pb_text_align_right-tablet et_pb_text_align_right-phone et_pb_module et_flex_module\"><div class=\"et_pb_menu_inner_container et_flex_module\"><div class=\"et_pb_menu__wrap\"><div class=\"et_pb_menu__menu\"><nav class=\"et-menu-nav\"><ul id=\"menu-legal_es\" class=\"et-menu nav downwards\"><li id=\"menu-item-7958\" class=\"et_pb_menu_page_id-6608 menu-item menu-item-type-post_type menu-item-object-page menu-item-7958\"><a href=\"https:\/\/www.peritcam.com\/it\/avviso-legale\/\">Avviso legale<\/a><\/li>\n<li id=\"menu-item-7959\" class=\"et_pb_menu_page_id-7945 menu-item menu-item-type-post_type menu-item-object-page menu-item-privacy-policy menu-item-7959\"><a rel=\"privacy-policy\" href=\"https:\/\/www.peritcam.com\/it\/avviso-legale\/politica-sulla-riservatezza\/\">politica sulla riservatezza<\/a><\/li>\n<li id=\"menu-item-7962\" class=\"et_pb_menu_page_id-7536 menu-item menu-item-type-post_type menu-item-object-page menu-item-7962\"><a href=\"https:\/\/www.peritcam.com\/it\/avviso-legale\/politica-sui-cookie\/\">Politica sui cookie<\/a><\/li>\n<li id=\"menu-item-7961\" class=\"et_pb_menu_page_id-7954 menu-item menu-item-type-post_type menu-item-object-page menu-item-7961\"><a href=\"https:\/\/www.peritcam.com\/it\/avviso-legale\/condizioni-generali-di-contratto\/\">Condizioni generali di contratto<\/a><\/li>\n<li id=\"menu-item-7960\" class=\"et_pb_menu_page_id-7941 menu-item menu-item-type-post_type menu-item-object-page menu-item-7960\"><a href=\"https:\/\/www.peritcam.com\/it\/avviso-legale\/condizioni-di-utilizzo-dellapplicazione\/\">Condizioni di utilizzo dell&#039;Applicazione<\/a><\/li>\n<li id=\"menu-item-7963\" class=\"et_pb_menu_page_id-7949 menu-item menu-item-type-post_type menu-item-object-page menu-item-7963\"><a href=\"https:\/\/www.peritcam.com\/it\/avviso-legale\/politica-sulla-privacy-dellapplicazione\/\">Informativa sulla privacy dell&#039;applicazione<\/a><\/li>\n<\/ul><\/nav><\/div><div class=\"et_mobile_nav_menu\"><div class=\"mobile_nav closed\"><span class=\"mobile_menu_bar\"><\/span><\/div><\/div><\/div><\/div><\/div><div class=\"et_pb_text_1 et_pb_text et_pb_bg_layout_light et_pb_module et_block_module\"><div class=\"et_pb_text_inner\"><h3><strong>POLITICA SULLA RISERVATEZZA<\/strong><\/h3>\n<p>&nbsp;<\/p>\n<p><strong>PROTEZIONE DEI DATI PERSONALI SECONDO IL RGPD<\/strong><\/p>\n<p>H\u00c9CTOR LINARES MORALES, in applicazione della normativa vigente in materia di protezione dei dati personali, informa che i dati personali raccolti attraverso i moduli sul sito Web: https:\/\/www.peritcam.com, sono inclusi negli archivi automatizzati specifici degli utenti del servizi di H\u00c9CTOR LINARES MORALES<\/p>\n<p>Lo scopo della raccolta e del trattamento automatizzato dei dati personali \u00e8 quello di mantenere il rapporto commerciale e svolgere compiti di informazione, formazione, consulenza e altre attivit\u00e0 di H\u00c9CTOR LINARES MORALES.<\/p>\n<p>Questi dati saranno trasferiti solo alle entit\u00e0 necessarie al solo scopo di soddisfare lo scopo precedentemente indicato.<\/p>\n<p>H\u00c9CTOR LINARES MORALES adotta le misure necessarie per garantire la sicurezza, l&#039;integrit\u00e0 e la riservatezza dei dati in conformit\u00e0 con le disposizioni del Regolamento (UE) 2016\/679 del Parlamento Europeo e del Consiglio, del 27 aprile 2016, relativo alla protezione delle persone fisiche con riguardo al trattamento dei dati personali e alla libera circolazione degli stessi, e abrogando la vecchia LOPD, la nuova Legge Organica 3\/2018, del 5 dicembre, di protezione dei dati e garanzia dei diritti digitali (LOPDGDD).<\/p>\n<p>L&#039;utente pu\u00f2 in qualsiasi momento esercitare i propri diritti di accesso, opposizione, rettifica, cancellazione, limitazione del trattamento e portabilit\u00e0 dei dati riconosciuti dal suddetto Regolamento (UE). Tali diritti possono essere esercitati dall&#039;utente inviando un&#039;e-mail all&#039;indirizzo info@informaticoscastellon.com o scrivendo a: C\/ Els Ports, 3, CP 12005 - Castell\u00f3n (Castell\u00f3n De La Plana).<\/p>\n<p>L&#039;utente dichiara che tutti i dati da lui forniti sono veritieri e corretti e si impegna a mantenerli aggiornati, comunicando eventuali modifiche a H\u00c9CTOR LINARES MORALES.<\/p>\n<p>&nbsp;<\/p>\n<h3><span style=\"font-size: large;\"><strong>Finalit\u00e0 del trattamento dei dati personali:<\/strong><\/span><\/h3>\n<p><strong>Per quale scopo tratteremo i tuoi dati personali?<\/strong><\/p>\n<p>Presso H\u00c9CTOR LINARES MORALES, tratteremo i tuoi dati personali raccolti attraverso il sito Web: https:\/\/www.peritcam.com, per i seguenti scopi:<\/p>\n<ol>\n<li>Rispettare gli obblighi commerciali, lavorativi, societari e contabili della societ\u00e0.<\/li>\n<li>Fornire i propri servizi in conformit\u00e0 con le particolari esigenze dei clienti, al fine di adempiere ai contratti da esso firmati.<\/li>\n<li>Invio di informazioni commerciali e newsletter sui nuovi servizi offerti sul web e nel settore.<\/li>\n<li>Il processo di archiviazione, aggiornamento dei sistemi, protezione e custodia delle informazioni e dei database aziendali.<\/li>\n<li>La trasmissione dei dati a terzi con i quali sono stati stipulati contratti a tal fine, per finalit\u00e0 commerciali, contrattuali, amministrative, di marketing e\/o operative.<\/li>\n<li>Eseguire un contratto firmato in remoto con l&#039;utente.<\/li>\n<li>Fornire i servizi contrattati dall&#039;utente.<\/li>\n<li>Inviare informazioni promozionali in formato elettronico.<\/li>\n<li>Fornire le informazioni richieste dall&#039;utente attraverso il modulo di contatto.<\/li>\n<li>Eseguire la registrazione dell&#039;utente<\/li>\n<\/ol>\n<p>Ti ricordiamo che puoi opporti all&#039;invio di comunicazioni commerciali con qualsiasi mezzo e in qualsiasi momento, inviando una email all&#039;indirizzo sopra indicato.<\/p>\n<p>I campi di questi record devono essere compilati e senza questi dati non sar\u00e0 possibile raggiungere gli scopi indicati.<\/p>\n<p><strong>Per quanto tempo vengono conservati i dati personali raccolti?<\/strong><\/p>\n<p>I dati personali forniti saranno conservati finch\u00e9 verr\u00e0 mantenuto il rapporto commerciale o non ne richiederai la cancellazione e per il periodo in cui potrebbero sorgere responsabilit\u00e0 legali per i servizi forniti.<\/p>\n<p><strong>Legittimazione:<\/strong><\/p>\n<p>Il trattamento dei Suoi dati viene effettuato con le seguenti basi giuridiche che lo legittimano:<\/p>\n<ol>\n<li>La richiesta di informazioni e\/o la contrattazione dei servizi di H\u00c9CTOR LINARES MORALES, i cui termini e condizioni saranno in ogni caso messi a vostra disposizione prima di un eventuale contratto.<\/li>\n<li>Consenso libero, specifico, informato e inequivocabile, come ti informiamo mettendoti a disposizione la presente informativa sulla privacy, che dopo averla letta, se sei d&#039;accordo, potrai accettare mediante una dichiarazione o un&#039;azione affermativa chiara, come contrassegnare l&#039;apposita casella per questo scopo.<\/li>\n<\/ol>\n<p>Se non ci fornisci i tuoi dati o lo fai in modo errato o incompleto, non saremo in grado di rispondere alla tua richiesta, rendendo completamente impossibile fornirti le informazioni richieste o eseguire la contrattazione dei servizi.<\/p>\n<p><strong>Destinatari:<\/strong><\/p>\n<p>I dati non saranno comunicati a terzi diversi da H\u00c9CTOR LINARES MORALES, salvo obbligo legale.<\/p>\n<p>Dati raccolti dagli utenti dei servizi<\/p>\n<p>Nei casi in cui l&#039;utente includa file con dati personali su server di hosting condiviso, H\u00c9CTOR LINARES MORALES non \u00e8 responsabile del mancato rispetto da parte dell&#039;utente del RGPD.<\/p>\n<p><strong>Diritti di propriet\u00e0 intellettuale https:\/\/www.peritcam.com<\/strong><\/p>\n<p>H\u00c9CTOR LINARES MORALES \u00e8 titolare di tutti i diritti d&#039;autore, diritti di propriet\u00e0 intellettuale, diritti di propriet\u00e0 industriale, &quot;know-how&quot; e qualsiasi altro diritto relativo al contenuto del sito web https:\/\/www.peritcam.com e ai servizi ivi offerti, nonch\u00e9 ai programmi necessari per la sua implementazione e alle relative informazioni.<\/p>\n<p>Non \u00e8 consentita la riproduzione, pubblicazione e\/o utilizzo non strettamente privato dei contenuti, totale o parziale, del sito https:\/\/www.peritcam.com senza previo consenso scritto.<\/p>\n<p><strong>Propriet\u00e0 intellettuale del software<\/strong><\/p>\n<p>L&#039;utente \u00e8 tenuto a rispettare i programmi di terzi messi a disposizione da H\u00c9CTOR LINARES MORALES, anche se gratuiti e\/o disponibili al pubblico.<\/p>\n<p>H\u00c9CTOR LINARES MORALES dispone dei diritti di sfruttamento e di propriet\u00e0 intellettuale necessari per il software.<\/p>\n<p>L&#039;utente non acquisisce alcun diritto o licenza sul servizio contrattato, sul software necessario per la fornitura del servizio, n\u00e9 sulle informazioni tecniche per il monitoraggio del servizio, ad eccezione dei diritti e delle licenze necessarie per l&#039;adempimento dei servizi contrattuali e solo durante la loro durata.<\/p>\n<p>Per qualsiasi azione che eccede l&#039;adempimento del contratto, l&#039;utente avr\u00e0 bisogno dell&#039;autorizzazione scritta di H\u00c9CTOR LINARES MORALES, e all&#039;utente \u00e8 vietato accedere, modificare, visualizzare la configurazione, la struttura e i file dei server di propriet\u00e0 di H\u00c9CTOR LINARES MORALES, assumendosi la responsabilit\u00e0 . civili e penali derivanti da qualsiasi incidente che possa verificarsi nei server e nei sistemi di sicurezza come conseguenza diretta di azioni negligenti o dolose da parte tua.<\/p>\n<p><strong>Propriet\u00e0 intellettuale del contenuto ospitato<\/strong><\/p>\n<p>Utilizzo contrario alla legislazione sulla propriet\u00e0 intellettuale dei servizi forniti da H\u00c9CTOR LINARES MORALES e, in particolare, di:<\/p>\n<ol>\n<li>Utilizzo contrario alle leggi spagnole o che violi i diritti di terzi.<\/li>\n<li>La pubblicazione o trasmissione di qualsiasi contenuto che, secondo H\u00c9CTOR LINARES MORALES, sia violento, osceno, offensivo, illegale, razziale, xenofobo o diffamatorio.<\/li>\n<li>Crepe, numeri di serie di programmi o qualsiasi altro contenuto che violi i diritti di propriet\u00e0 intellettuale di terzi.<\/li>\n<li>La raccolta e\/o l&#039;utilizzo di dati personali di altri utenti senza il loro consenso espresso o in violazione delle disposizioni del Regolamento (UE) 2016\/679 del Parlamento Europeo e del Consiglio, del 27 aprile 2016, relativo alla protezione dei dati personali soggetti interessati al trattamento dei dati personali e alla libera circolazione di tali dati.<\/li>\n<li>L&#039;utilizzo del server di posta e degli indirizzi e-mail del dominio per inviare posta in massa indesiderata.<\/li>\n<\/ol>\n<p>L&#039;utente \u00e8 pienamente responsabile del contenuto del proprio sito web, delle informazioni trasmesse e archiviate, dei collegamenti ipertestuali, delle rivendicazioni di terzi e delle azioni legali in riferimento alla propriet\u00e0 intellettuale, ai diritti di terzi e alla tutela dei minori.<\/p>\n<p>L&#039;utente \u00e8 responsabile delle leggi e dei regolamenti in vigore e delle norme che hanno a che fare con il funzionamento del servizio online, il commercio elettronico, il diritto d&#039;autore, il mantenimento dell&#039;ordine pubblico, nonch\u00e9 i principi universali dell&#039;uso di Internet.<\/p>\n<p>L&#039;utente risarcir\u00e0 a H\u00c9CTOR LINARES MORALES le spese generate dall&#039;imputazione di H\u00c9CTOR LINARES MORALES in ogni caso la cui responsabilit\u00e0 fosse imputabile all&#039;utente, comprese le spese e le spese di difesa legale, anche in caso di decisione giudiziaria non definitiva.<\/p>\n<p><strong>Protezione delle informazioni ospitate<\/strong><\/p>\n<p>H\u00c9CTOR LINARES MORALES effettua copie di backup dei contenuti ospitati sui suoi server, tuttavia non \u00e8 responsabile della perdita o della cancellazione accidentale dei dati da parte degli utenti. Parimenti, non garantisce la sostituzione totale dei dati cancellati dagli utenti, poich\u00e9 i suddetti dati potrebbero essere stati cancellati e\/o modificati nel periodo di tempo trascorso dall&#039;ultima copia di backup.<\/p>\n<p>I servizi offerti, ad eccezione di specifici servizi di backup, non comprendono la sostituzione dei contenuti conservati nelle copie di backup realizzate da H\u00c9CTOR LINARES MORALES, quando tale perdita \u00e8 imputabile all&#039;utente; In questo caso, una tariffa sar\u00e0 determinata in base alla complessit\u00e0 e al volume del recupero, sempre previa accettazione da parte dell&#039;utente.<\/p>\n<p>La sostituzione dei dati cancellati \u00e8 inclusa nel prezzo del servizio solo quando la perdita del contenuto \u00e8 dovuta a cause imputabili a H\u00c9CTOR LINARES MORALES.<\/p>\n<p><strong>Comunicazioni commerciali<\/strong><\/p>\n<p>In applicazione della LSSI. H\u00c9CTOR LINARES MORALES non invier\u00e0 comunicazioni pubblicitarie o promozionali tramite e-mail o altri mezzi di comunicazione elettronica equivalenti che non siano stati preventivamente richiesti o espressamente autorizzati dai destinatari.<\/p>\n<p>Nel caso di utenti con i quali esiste un precedente rapporto contrattuale, H\u00c9CTOR LINARES MORALES \u00e8 autorizzata a inviare comunicazioni commerciali riguardanti prodotti o servizi di H\u00c9CTOR LINARES MORALES simili a quelli inizialmente contrattualizzati con il cliente.<\/p>\n<p>In ogni caso, l&#039;utente, dopo aver dimostrato la propria identit\u00e0, potr\u00e0 richiedere che non gli vengano pi\u00f9 inviate informazioni commerciali attraverso i canali del Servizio Clienti.<\/p>\n<\/div><\/div><\/div><\/div><\/div><div class=\"et_pb_section_2 et_pb_section et_section_regular et_block_section section_has_divider et_pb_top_divider et_pb_bottom_divider\" id=\"cookies\"><div class=\"et_pb_top_inside_divider et-no-transition\"><\/div><div class=\"et_pb_bottom_inside_divider et-no-transition\"><\/div><\/div>","protected":false},"excerpt":{"rendered":"","protected":false},"author":1,"featured_media":0,"parent":6608,"menu_order":0,"comment_status":"closed","ping_status":"closed","template":"","meta":{"footnotes":""},"class_list":["post-7945","page","type-page","status-publish","hentry"],"_links":{"self":[{"href":"https:\/\/www.peritcam.com\/it\/wp-json\/wp\/v2\/pages\/7945","targetHints":{"allow":["GET"]}}],"collection":[{"href":"https:\/\/www.peritcam.com\/it\/wp-json\/wp\/v2\/pages"}],"about":[{"href":"https:\/\/www.peritcam.com\/it\/wp-json\/wp\/v2\/types\/page"}],"author":[{"embeddable":true,"href":"https:\/\/www.peritcam.com\/it\/wp-json\/wp\/v2\/users\/1"}],"replies":[{"embeddable":true,"href":"https:\/\/www.peritcam.com\/it\/wp-json\/wp\/v2\/comments?post=7945"}],"version-history":[{"count":5,"href":"https:\/\/www.peritcam.com\/it\/wp-json\/wp\/v2\/pages\/7945\/revisions"}],"predecessor-version":[{"id":9320,"href":"https:\/\/www.peritcam.com\/it\/wp-json\/wp\/v2\/pages\/7945\/revisions\/9320"}],"up":[{"embeddable":true,"href":"https:\/\/www.peritcam.com\/it\/wp-json\/wp\/v2\/pages\/6608"}],"wp:attachment":[{"href":"https:\/\/www.peritcam.com\/it\/wp-json\/wp\/v2\/media?parent=7945"}],"curies":[{"name":"wp","href":"https:\/\/api.w.org\/{rel}","templated":true}]}}