{"id":7941,"date":"2024-06-18T10:58:20","date_gmt":"2024-06-18T08:58:20","guid":{"rendered":"https:\/\/www.peritcam.com\/?page_id=7941"},"modified":"2026-04-20T15:56:04","modified_gmt":"2026-04-20T13:56:04","slug":"condizioni-di-utilizzo-dellapplicazione","status":"publish","type":"page","link":"https:\/\/www.peritcam.com\/it\/avviso-legale\/condizioni-di-utilizzo-dellapplicazione\/","title":{"rendered":"Condizioni di utilizzo dell&#039;Applicazione"},"content":{"rendered":"<div class=\"et_pb_section_0 et_pb_section et_section_regular et_block_section section_has_divider et_pb_bottom_divider\"><div class=\"et_pb_bottom_inside_divider et-no-transition\"><\/div><\/div><div class=\"et_pb_section_1 et_pb_section et_section_regular et_block_section\" id=\"contacto\"><div class=\"et_pb_row_0 et_pb_row et_block_row\"><div class=\"et_pb_column_0 et_pb_column et_pb_column_4_4 et-last-child et_block_column et_pb_css_mix_blend_mode_passthrough\"><div class=\"et_pb_text_0 et_pb_text et_pb_bg_layout_light et_pb_module et_block_module\"><div class=\"et_pb_text_inner\"><p><b>Documenti legali:<\/b><\/p>\n<\/div><\/div><div class=\"et_pb_menu_0 et_pb_menu et_pb_menu--without-logo et_pb_menu--style-left_aligned et_dropdown_animation_fade et_pb_bg_layout_light et_pb_text_align_right-tablet et_pb_text_align_right-phone et_pb_module et_flex_module\"><div class=\"et_pb_menu_inner_container et_flex_module\"><div class=\"et_pb_menu__wrap\"><div class=\"et_pb_menu__menu\"><nav class=\"et-menu-nav\"><ul id=\"menu-legal_es\" class=\"et-menu nav downwards\"><li id=\"menu-item-7958\" class=\"et_pb_menu_page_id-6608 menu-item menu-item-type-post_type menu-item-object-page menu-item-7958\"><a href=\"https:\/\/www.peritcam.com\/it\/avviso-legale\/\">Avviso legale<\/a><\/li>\n<li id=\"menu-item-7959\" class=\"et_pb_menu_page_id-7945 menu-item menu-item-type-post_type menu-item-object-page menu-item-privacy-policy menu-item-7959\"><a rel=\"privacy-policy\" href=\"https:\/\/www.peritcam.com\/it\/avviso-legale\/politica-sulla-riservatezza\/\">politica sulla riservatezza<\/a><\/li>\n<li id=\"menu-item-7962\" class=\"et_pb_menu_page_id-7536 menu-item menu-item-type-post_type menu-item-object-page menu-item-7962\"><a href=\"https:\/\/www.peritcam.com\/it\/avviso-legale\/politica-sui-cookie\/\">Politica sui cookie<\/a><\/li>\n<li id=\"menu-item-7961\" class=\"et_pb_menu_page_id-7954 menu-item menu-item-type-post_type menu-item-object-page menu-item-7961\"><a href=\"https:\/\/www.peritcam.com\/it\/avviso-legale\/condizioni-generali-di-contratto\/\">Condizioni generali di contratto<\/a><\/li>\n<li id=\"menu-item-7960\" class=\"et_pb_menu_page_id-7941 menu-item menu-item-type-post_type menu-item-object-page menu-item-7960\"><a href=\"https:\/\/www.peritcam.com\/it\/avviso-legale\/condizioni-di-utilizzo-dellapplicazione\/\">Condizioni di utilizzo dell&#039;Applicazione<\/a><\/li>\n<li id=\"menu-item-7963\" class=\"et_pb_menu_page_id-7949 menu-item menu-item-type-post_type menu-item-object-page menu-item-7963\"><a href=\"https:\/\/www.peritcam.com\/it\/avviso-legale\/politica-sulla-privacy-dellapplicazione\/\">Informativa sulla privacy dell&#039;applicazione<\/a><\/li>\n<\/ul><\/nav><\/div><div class=\"et_mobile_nav_menu\"><div class=\"mobile_nav closed\"><span class=\"mobile_menu_bar\"><\/span><\/div><\/div><\/div><\/div><\/div><div class=\"et_pb_text_1 et_pb_text et_pb_bg_layout_light et_pb_module et_block_module\"><div class=\"et_pb_text_inner\"><h3><strong>TERMINI DI UTILIZZO DELL&#039;APP<\/strong><\/h3>\n<p>Data dell&#039;ultimo aggiornamento: <u>06<\/u>\/<u>05<\/u>\/ <u>2024<\/u><\/p>\n<p><u><\/u><\/p>\n<p><strong>PROPRIET\u00c0.<\/strong><\/p>\n<p>Lo scopo del presente documento \u00e8 stabilire le condizioni generali di utilizzo dell&#039;applicazione PeritCam (di seguito, l&#039;Applicazione), di propriet\u00e0 di H\u00c9CTOR LINARES MORALES, con codice fiscale\/partita IVA n. 20248892Z e indirizzo per le notifiche a: C\/ Els Ports, 3, CP 12005 - Castell\u00f3n (Castell\u00f3n De La Plana).<\/p>\n<p>La registrazione ed il successivo utilizzo dell&#039;Applicazione presuppone la previa accettazione da parte dell&#039;utente delle presenti condizioni generali di utilizzo. Il Titolare si riserva il diritto di modificare le presenti condizioni in qualsiasi momento, fermo restando che tali modifiche saranno debitamente informate a conoscenza dell&#039;utente.<\/p>\n<p>Il download e l&#039;utilizzo dell&#039;applicazione, sia tramite web app che mobile app, attribuisce la condizione di utente della stessa (di seguito, l&#039;Utente) e implica la lettura, la comprensione e l&#039;accettazione di tutti i termini e le condizioni ivi contenuti questo documento.<\/p>\n<p>Tuttavia, l&#039;Utente \u00e8 tenuto a rivedere periodicamente le pubblicazioni relative alle modifiche apportate alle condizioni di utilizzo e qualora l&#039;Utente continui ad utilizzare l&#039;Applicazione, resta inteso che ci\u00f2 implica l&#039;accettazione e l&#039;assunzione di dette modifiche.<\/p>\n<p>Le presenti condizioni d&#039;uso influiscono sui tuoi diritti e obblighi legali relativi all&#039;utilizzo dell&#039;Applicazione. Se non si accettano i termini ivi inclusi, non \u00e8 necessario registrarsi, accedere o utilizzare l&#039;Applicazione.<\/p>\n<p>&nbsp;<\/p>\n<p><strong>MINORI.<\/strong><\/p>\n<p>Si segnala che l&#039;Utente deve aver compiuto diciotto (18) anni. Si segnala inoltre che questa applicazione \u00e8 destinata esclusivamente ad esperti professionisti.<\/p>\n<p><strong>DIRITTI DI PROPRIET\u00c0 INTELLETTUALE.<\/strong><\/p>\n<p>L&#039;Applicazione \u00e8 un&#039;opera composta da vari elementi integrati e inscindibili (testi, illustrazioni, fotografie, immagini animate, video, programmi informatici, ecc.), i cui diritti di propriet\u00e0 intellettuale, conformemente a quanto previsto dalla normativa vigente in materia, corrispondono a del Titolare, salvo in relazione a quei materiali ottenuti su licenza, autorizzazione o consenso di terzi.<\/p>\n<p>Il Titolare e i licenziatari terzi manterranno in ogni momento i diritti di propriet\u00e0 intellettuale sull&#039;Applicazione, nonch\u00e9 sui diversi elementi che la compongono, considerati individualmente, in tutte le copie realizzate (qualunque sia il supporto su cui vengono utilizzate) . sono incorporati), concedendo su di essi solo il diritto d&#039;uso.\u00a0<\/p>\n<p>Ogni diritto non espressamente ceduto si intender\u00e0 riservato a favore del Titolare e dei licenzianti dei contenuti o di singoli elementi.<\/p>\n<p>Il Titolare detiene la propriet\u00e0 intellettuale e i diritti di sfruttamento sul software utilizzato per lo sviluppo e il funzionamento dell&#039;Applicazione, e sar\u00e0 autorizzato a scaricare e installare nuove versioni del software dell&#039;Applicazione, aggiornamenti e miglioramenti, al fine di perfezionare le funzionalit\u00e0 del servizio.<\/p>\n<p>L&#039;utente non acquisisce alcun diritto o licenza per il servizio contrattato, sul software necessario per fornire il servizio, n\u00e9 sulle informazioni tecniche per il monitoraggio del servizio, ad eccezione dei diritti e delle licenze necessarie per l&#039;uso e il corretto funzionamento del servizio.<\/p>\n<p>In aggiunta a quanto sopra, il Titolare \u00e8 responsabile della selezione, progettazione della struttura e disposizione dei contenuti dell&#039;Applicazione, nonch\u00e9 di chi ha preso l&#039;iniziativa e si \u00e8 assunto il rischio di effettuare ingenti investimenti volti ad ottenere, digitalizzare e presentare dello stesso, corrispondente, pertanto, alla tutela che la Legge sulla Propriet\u00e0 Intellettuale (LPI) pu\u00f2 garantire su detta fornitura e strutturazione dei dati.<\/p>\n<p>Il Titolare \u00e8 inoltre l&#039;unico proprietario del design e dell&#039;immagine grafica dell&#039;Applicazione, riservandosi le azioni ad essa legalmente corrispondenti contro coloro che potrebbero farne imitazioni o usi scorretti.<\/p>\n<p>&nbsp;<\/p>\n<p><strong>DIRITTI DELL&#039;UTENTE.<\/strong><\/p>\n<p>Per quanto riguarda eventuali contenuti generati dall&#039;utente, durante l&#039;utilizzo dell&#039;Applicazione, l&#039;utente sar\u00e0 l&#039;unico titolare dei diritti di propriet\u00e0 intellettuale su detti contenuti.<\/p>\n<p>Tuttavia, quando l&#039;Utente condivide, diffonde o pubblica contenuti nell&#039;Applicazione, concede una licenza non esclusiva, trasferibile e gratuita per poter archiviare, riprodurre, distribuire, modificare, mantenere o comunicare pubblicamente (diffondere, pubblicare) il contenuto generato dall&#039;Utente.<\/p>\n<p>Nel caso in cui l&#039;Utente condivida o pubblichi nell&#039;Applicazione contenuti che non ha creato o generato egli stesso, sar\u00e0 l&#039;unico responsabile di aver ottenuto in precedenza le corrispondenti autorizzazioni dai legittimi autori dei suddetti contenuti.<\/p>\n<p>In ogni caso, il Titolare informa l&#039;Utente che, sebbene i contenuti possano essere rimossi dall&#039;interfaccia dell&#039;Applicazione, gli stessi potrebbero essere conservati nelle copie di backup del Titolare per un certo tempo, e poi effettivamente cancellati.<\/p>\n<p>Allo stesso modo, vale la pena ricordare che il contenuto potrebbe continuare ad essere visibile se \u00e8 stato condiviso con altri utenti e questi hanno scaricato o salvato detto contenuto, azioni che esulano dall&#039;ambito o dall&#039;ambiente dell&#039;Applicazione.<\/p>\n<p>&nbsp;<\/p>\n<p><strong>OBBLIGHI DELL&#039;UTENTE.<\/strong><\/p>\n<p>L&#039;Utente si impegna a utilizzare questa Applicazione e tutti i suoi contenuti in conformit\u00e0 con la legge, la moralit\u00e0, l&#039;ordine pubblico e le presenti condizioni d&#039;uso. Allo stesso modo, ti impegni a fare un uso appropriato dei servizi e\/o dei contenuti dell&#039;applicazione.<\/p>\n<p>In particolare, l\u2019Utente si impegna a:\u00a0<\/p>\n<ul>\n<li>Non utilizzare l&#039;Applicazione per svolgere attivit\u00e0 illecite o che costituiscano reato, che violino diritti di terzi e\/o che violino la normativa sulla propriet\u00e0 intellettuale e industriale, o qualsiasi altra normativa dell&#039;ordinamento giuridico applicabile.<\/li>\n<li>Non trasmettere, introdurre, diffondere e mettere a disposizione di terzi, attraverso l&#039;Applicazione, qualsiasi tipo di materiale ed informazione (dati contenuti, messaggi, disegni, file audio e di immagini, fotografie, software,) contrari alla legge, al buon costume , ordine pubblico e le presenti condizioni d&#039;uso.<\/li>\n<li>Non generare, condividere o caricare contenuti sull&#039;Applicazione se sono illegali, fuorvianti o discriminatori o se violano i diritti di un&#039;altra persona.<\/li>\n<li>La pubblicazione o trasmissione di qualsiasi contenuto violento, osceno, offensivo, razziale, xenofobo o diffamatorio.<\/li>\n<li>Non introdurre o caricare virus o codici dannosi, n\u00e9 svolgere attivit\u00e0 che possano alterare il corretto funzionamento dell&#039;Applicazione.<\/li>\n<li>Non raccogliere n\u00e9 utilizzare dati personali (compresa l&#039;immagine fisica) di altri utenti senza il loro esplicito consenso o in violazione delle disposizioni del Regolamento generale sulla protezione dei dati.<\/li>\n<\/ul>\n<p>\u00a0La violazione di una qualsiasi delle norme contenute nella presente sezione dar\u00e0 diritto al Titolare di escludere immediatamente l&#039;utente dall&#039;Applicazione, nonch\u00e9 di eliminare i contenuti generati dall&#039;utente, che potrebbero violare diritti di terzi, essere inappropriati o contrari all&#039;ordinamento giuridico.<\/p>\n<p>&nbsp;<\/p>\n<p><strong>LIMITAZIONE DI RESPONSABILIT\u00c0.<\/strong><\/p>\n<p>Il Titolare non garantisce che, durante l&#039;utilizzo dell&#039;Applicazione, non possano verificarsi guasti o errori che rendano difficoltoso l&#039;utilizzo del servizio, generino imperfezioni, problemi o ritardi nel sistema.<\/p>\n<p>Purch\u00e9 il Titolare abbia agito con la tempestiva e necessaria diligenza, non assumer\u00e0 alcuna responsabilit\u00e0 per: perdite non causate dalla violazione da parte del Titolare delle disposizioni delle presenti condizioni; perdite non ragionevolmente prevedibili da entrambe le parti; contenuti diffusi o pubblicati da altri utenti, quando violano i diritti di terzi o sono contenuti illegali, violenti, offensivi o inappropriati.<\/p>\n<p>&nbsp;<\/p>\n<p><strong>PROTEZIONE DEI DATI PERSONALI.<\/strong><\/p>\n<p>In conformit\u00e0 al Regolamento (UE) 2016\/679 del Parlamento europeo e del Consiglio del 27 aprile 2016 relativo alla protezione delle persone fisiche con riguardo al trattamento dei dati personali, nonch\u00e9 alla libera circolazione di tali dati (Regolamento generale sulla protezione dei dati - GDPR), tutte le informazioni o i dati personali che l&#039;Utente fornisce tramite l&#039;utilizzo di questa App saranno trattati in conformit\u00e0 alla nostra Informativa sulla privacy.<\/p>\n<p>&nbsp;<\/p>\n<p><strong>MODIFICHE.<br \/><\/strong><\/p>\n<p>Il Titolare si riserva il diritto di apportare, senza preavviso, le modifiche che ritenga opportune per il corretto funzionamento dell&#039;Applicazione, e potr\u00e0 cambiare, cancellare o aggiungere sia i contenuti e i servizi forniti attraverso di essa, sia il modo in cui questi appaiono presentati o localizzati.<\/p>\n<p>Il Titolare cercher\u00e0, per quanto possibile, di mantenere le informazioni contenute in questa Applicazione aggiornate e prive di errori, sebbene, in ogni caso, l&#039;accesso e l&#039;utilizzo delle stesse siano di esclusiva responsabilit\u00e0 dell&#039;Utente.<\/p>\n<p><strong>AZIONI LEGALI.<br \/><\/strong><\/p>\n<p>In caso di mancato rispetto da parte dell&#039;Utente dei termini inclusi nelle presenti condizioni d&#039;uso, il Titolare sar\u00e0 autorizzato ad avviare le azioni legali che, ai sensi della normativa vigente, dovessero risultare opportune, nonch\u00e9 a richiedere il relativo risarcimento a l&#039;Utente.<\/p>\n<p>Il Titolare perseguir\u00e0 ogni uso improprio dell&#039;Applicazione o dei suoi contenuti nonch\u00e9 ogni violazione dei diritti che spettano a lui o ai suoi licenziatari, con particolare riguardo ai diritti di propriet\u00e0 intellettuale e industriale.<\/p>\n<\/div><\/div><\/div><\/div><\/div><div class=\"et_pb_section_2 et_pb_section et_section_regular et_block_section section_has_divider et_pb_top_divider et_pb_bottom_divider\" id=\"cookies\"><div class=\"et_pb_top_inside_divider et-no-transition\"><\/div><div class=\"et_pb_bottom_inside_divider et-no-transition\"><\/div><\/div>","protected":false},"excerpt":{"rendered":"","protected":false},"author":1,"featured_media":0,"parent":6608,"menu_order":0,"comment_status":"closed","ping_status":"closed","template":"","meta":{"footnotes":""},"class_list":["post-7941","page","type-page","status-publish","hentry"],"_links":{"self":[{"href":"https:\/\/www.peritcam.com\/it\/wp-json\/wp\/v2\/pages\/7941","targetHints":{"allow":["GET"]}}],"collection":[{"href":"https:\/\/www.peritcam.com\/it\/wp-json\/wp\/v2\/pages"}],"about":[{"href":"https:\/\/www.peritcam.com\/it\/wp-json\/wp\/v2\/types\/page"}],"author":[{"embeddable":true,"href":"https:\/\/www.peritcam.com\/it\/wp-json\/wp\/v2\/users\/1"}],"replies":[{"embeddable":true,"href":"https:\/\/www.peritcam.com\/it\/wp-json\/wp\/v2\/comments?post=7941"}],"version-history":[{"count":5,"href":"https:\/\/www.peritcam.com\/it\/wp-json\/wp\/v2\/pages\/7941\/revisions"}],"predecessor-version":[{"id":9319,"href":"https:\/\/www.peritcam.com\/it\/wp-json\/wp\/v2\/pages\/7941\/revisions\/9319"}],"up":[{"embeddable":true,"href":"https:\/\/www.peritcam.com\/it\/wp-json\/wp\/v2\/pages\/6608"}],"wp:attachment":[{"href":"https:\/\/www.peritcam.com\/it\/wp-json\/wp\/v2\/media?parent=7941"}],"curies":[{"name":"wp","href":"https:\/\/api.w.org\/{rel}","templated":true}]}}