{"id":7855,"date":"2024-05-09T08:34:34","date_gmt":"2024-05-09T06:34:34","guid":{"rendered":"https:\/\/www.peritcam.com\/?page_id=7855"},"modified":"2026-04-20T15:56:03","modified_gmt":"2026-04-20T13:56:03","slug":"tutto-sulla-videoperizia","status":"publish","type":"page","link":"https:\/\/www.peritcam.com\/it\/tutto-sulla-videoperizia\/","title":{"rendered":"Tutto sulla video perizia"},"content":{"rendered":"<div class=\"et_pb_section_0 et_pb_section et_section_regular et_block_section section_has_divider et_pb_bottom_divider\"><div class=\"et_pb_row_0 et_pb_row et_block_row\"><div class=\"et_pb_column_0 et_pb_column et_pb_column_4_4 et-last-child et_block_column et_pb_css_mix_blend_mode_passthrough\"><div class=\"et_pb_text_0 et_pb_text et_pb_bg_layout_light et_animated et_pb_module et_block_module\"><div class=\"et_pb_text_inner\"><h1><span>Tutto sulla video perizia<\/span><\/h1>\n<\/div><\/div><\/div><\/div><div class=\"et_pb_bottom_inside_divider et-no-transition\"><\/div><\/div><div class=\"et_pb_section_1 et_pb_section et_section_specialty et_pb_equal_columns et_pb_gutters1 et_block_section\"><div class=\"et_pb_row et_block_row\"><div class=\"et_pb_column_1 et_pb_column et_pb_column_single et_pb_column_1_2 et_block_column et_pb_css_mix_blend_mode_passthrough\"><div class=\"et_pb_text_1 et_pb_text et_pb_bg_layout_light et_animated et_pb_module et_block_module\"><div class=\"et_pb_text_inner\"><h2 class=\" translation-block\"><span>Introduzione alla video perizia: <br>Concetto e Rilevanza<\/span><\/h2>\n<p><span><\/span><\/p>\n<\/div><\/div><div class=\"et_pb_divider_0 et_pb_divider et_pb_space et_pb_divider_position_top et_animated et_pb_module\"><div class=\"et_pb_divider_internal\"><\/div><\/div><div class=\"et_pb_text_2 et_pb_text et_pb_bg_layout_light et_animated et_pb_module et_block_module\"><div class=\"et_pb_text_inner\"><p>La video perizia, nota anche come valutazione video, emerge come una disciplina fondamentale nel campo della perizia, utilizzando le ultime tecnologie audiovisive e digitali per documentare, analizzare e presentare prove in vari contesti, in particolare nei settori legale e assicurativo.<\/p>\n<p>Attraverso la cattura di video, gli esperti possono registrare e rivedere minuziosamente le prove, il che pu\u00f2 essere determinante per convalidare le richieste o scoprire dettagli essenziali nelle indagini.<\/p>\n<p class=\" translation-block\"><strong>Precisione e Dettaglio:<\/strong> I video forniscono una registrazione accurata e precisa, catturando dettagli che potrebbero passare inosservati in un'ispezione visiva convenzionale, permettendo revisioni approfondite in qualsiasi momento.<\/p>\n<p><strong>Risparmio di tempo e risorse:<\/strong> La possibilit\u00e0 di condurre ispezioni e valutazioni a distanza, senza richiedere la presenza fisica di un esperto, rappresenta un notevole risparmio di tempo e risorse sia per le compagnie assicurative che per i professionisti del settore.<\/p>\n<p class=\" translation-block\"><strong>Imparzialit\u00e0:<\/strong> I video offrono prove oggettive nei casi di controversie, presentando i fatti senza pregiudizi o interpretazioni soggettive.<\/p>\n<p class=\" translation-block\"><strong>Accesso alla Tecnologia<\/strong>: Con l'avvento delle tecnologie digitali e la vasta disponibilit\u00e0 di dispositivi di registrazione video, la video perizia \u00e8 diventata pi\u00f9 accessibile e facile da implementare che mai.<\/p>\n<\/div><\/div><\/div><div class=\"et_pb_column_2 et_pb_column et_pb_specialty_column et_pb_column_1_2 et-last-child et_block_column et_pb_css_mix_blend_mode_passthrough\"><div class=\"et_pb_row_inner_0 et_pb_row_inner et_pb_equal_columns et_pb_gutters4 et_block_row\"><div class=\"et_pb_column_inner_0 et_pb_column_inner et_pb_column et_pb_column_4_4 et-last-child et_block_column et_pb_css_mix_blend_mode_passthrough\"><div class=\"et_pb_image_0 et_pb_image et_animated et_pb_module et_block_module\"><span class=\"et_pb_image_wrap\"><img loading=\"lazy\" decoding=\"async\" src=\"http:\/\/www.peritcam.com\/wp-content\/uploads\/2023\/12\/teleperitacion-150x150.png\" width=\"150\" height=\"150\" srcset=\"http:\/\/www.peritcam.com\/wp-content\/uploads\/2023\/12\/teleperitacion-150x150.png 150w\" class=\"wp-image-6680\" title=\"teleperitazione\" \/><\/span><\/div><\/div><\/div><\/div><\/div><\/div><div class=\"et_pb_section_2 et_pb_section et_section_specialty et_pb_equal_columns et_pb_gutters1 et_block_section et_animated section_has_divider et_pb_top_divider et_pb_bottom_divider\"><div class=\"et_pb_top_inside_divider et-no-transition\"><\/div><div class=\"et_pb_row et_block_row\"><div class=\"et_pb_column_3 et_pb_column et_pb_column_single et_pb_column_1_2 et_block_column et_pb_css_mix_blend_mode_passthrough\"><div class=\"et_pb_text_3 et_pb_text et_pb_bg_layout_light et_animated et_pb_module et_block_module\"><div class=\"et_pb_text_inner\"><h2><span>Evoluzione storica della video perizia<\/span><\/h2>\n<p><span><\/span><\/p>\n<\/div><\/div><div class=\"et_pb_divider_1 et_pb_divider et_pb_space et_pb_divider_position_top et_animated et_pb_module\"><div class=\"et_pb_divider_internal\"><\/div><\/div><div class=\"et_pb_text_4 et_pb_text et_pb_bg_layout_light et_animated et_pb_module et_block_module\"><div class=\"et_pb_text_inner\"><p>Sebbene la video perizia abbia radici antiche, la sua evoluzione \u00e8 stata notevole con l'ascesa della tecnologia digitale.<\/p>\n<p>Nei primi tempi, la video perizia veniva effettuata con telecamere video convenzionali, richiedendo la presenza fisica degli esperti sul posto. Sebbene utile, questo processo era lento, costoso e difficile da coordinare.<\/p>\n<p>L'arrivo delle telecamere digitali e degli smartphone ha trasformato radicalmente il panorama. Gli esperti ora potevano catturare immagini ad alta definizione e condividere video in modo rapido ed efficiente. Inoltre, la capacit\u00e0 di registrare a distanza ha eliminato la necessit\u00e0 di presenza fisica, offrendo flessibilit\u00e0 e risparmiando risorse.<\/p>\n<p>Nell'ultimo decennio, lo sviluppo dell'Intelligenza Artificiale e dell'Apprendimento Automatico ha aperto nuove possibilit\u00e0. Gli algoritmi di IA possono analizzare i video, rilevando schemi e dettagli che potrebbero passare inosservati all'occhio umano.<\/p>\n<\/div><\/div><\/div><div class=\"et_pb_column_4 et_pb_column et_pb_specialty_column et_pb_column_1_2 et-last-child et_block_column et_pb_css_mix_blend_mode_passthrough\"><div class=\"et_pb_row_inner_1 et_pb_row_inner et_pb_equal_columns et_pb_gutters4 et_block_row\"><div class=\"et_pb_column_inner_1 et_pb_column_inner et_pb_column et_pb_column_4_4 et-last-child et_block_column et_pb_css_mix_blend_mode_passthrough\"><div class=\"et_pb_image_1 et_pb_image et_animated et_pb_module et_block_module\"><span class=\"et_pb_image_wrap\"><img loading=\"lazy\" decoding=\"async\" src=\"http:\/\/www.peritcam.com\/wp-content\/uploads\/2023\/12\/teleperitacion-150x150.png\" width=\"150\" height=\"150\" srcset=\"http:\/\/www.peritcam.com\/wp-content\/uploads\/2023\/12\/teleperitacion-150x150.png 150w\" class=\"wp-image-6680\" title=\"teleperitazione\" \/><\/span><\/div><\/div><\/div><\/div><\/div><div class=\"et_pb_bottom_inside_divider et-no-transition\"><\/div><\/div><div class=\"et_pb_section_3 et_pb_section et_section_regular et_block_section\"><div class=\"et_pb_row_1 et_pb_row et_block_row\"><div class=\"et_pb_column_5 et_pb_column et_pb_column_3_5 et_block_column et_pb_css_mix_blend_mode_passthrough\"><div class=\"et_pb_text_5 et_pb_text et_pb_bg_layout_light et_animated et_pb_module et_block_module\"><div class=\"et_pb_text_inner\"><h2 style=\"text-align: left;\"><span>Funzionamento della Video Perizia<\/span><\/h2>\n<p>&nbsp;<\/p>\n<h3 style=\"text-align: left;\"><span>Processo in dettaglio<br \/><\/span><\/h3>\n<p>Il processo di video perizia varia a seconda del caso, ma in genere segue questi passaggi:<\/p>\n<p class=\" translation-block\"><strong>Pianificazione:<\/strong> Definire gli obiettivi, cosa documentare e come eseguire la registrazione.\nRegistrazione: Catturare il video, che sia da un luogo specifico, processo o ricostruzione di eventi.<\/p>\n<p class=\" translation-block\"><strong>Revisione e analisi:<\/strong> Gli esperti rivedono e analizzano il video, utilizzando software specializzato se necessario.<\/p>\n<p class=\" translation-block\"><strong>Rapporto:<\/strong> Preparare un rapporto con le conclusioni e le prove raccolte.<\/p>\n<p class=\" translation-block\"><strong>Presentazione delle prove:<\/strong> Testimoniare in tribunale se necessario.<\/p>\n<p>&nbsp;<\/p>\n<h3 style=\"text-align: left;\">Vantaggi rispetto ai metodi tradizionali<\/h3>\n<p>&nbsp;<\/p>\n<p class=\" translation-block\"><strong>Chiarezza e precisione:<\/strong> I video offrono una registrazione visiva chiara e dettagliata.<\/p>\n<p class=\" translation-block\"><strong>Risparmio di tempo e costi:<\/strong> La possibilit\u00e0 di registrare e rivedere video a distanza riduce i costi e i tempi associati.<\/p>\n<p class=\" translation-block\"><strong>Maggiore efficienza:<\/strong> Facilita la raccolta e l'analisi delle prove in diverse situazioni.<\/p>\n<p class=\" translation-block\"><strong>Obiettivit\u00e0:<\/strong> Elimina possibili pregiudizi e fraintendimenti.<\/p>\n<p class=\" translation-block\"><strong>Flessibilit\u00e0:<\/strong> Applicabile in una variet\u00e0 di casi e situazioni.<\/p>\n<p>&nbsp;<\/p>\n<p><span style=\"font-family: Cairo, Helvetica, Arial, Lucida, sans-serif; font-size: 32px;\">Videoperizia e considerazioni legali<\/span><span style=\"font-family: Cairo, Helvetica, Arial, Lucida, sans-serif; font-size: 32px;\"><\/span><\/p>\n<p><span style=\"font-family: Cairo, Helvetica, Arial, Lucida, sans-serif; font-size: 32px;\"><\/span><\/p>\n<p class=\" translation-block\"><strong>Consenso:<\/strong> Spesso \u00e8 necessario ottenere il consenso delle persone registrate.<\/p>\n<p class=\" translation-block\"><strong>Uso e archiviazione:<\/strong> Devono essere rispettate le normative sulla protezione dei dati.<\/p>\n<p class=\" translation-block\"><strong>Ammissibilit\u00e0 in tribunale:<\/strong> Le foto e i video devono essere pertinenti, autentici e non manipolati.<\/p>\n<p class=\" translation-block\"><strong>Qualit\u00e0:<\/strong> Le foto e i video devono essere di qualit\u00e0 sufficiente per mostrare chiaramente i dettagli pertinenti.<\/p>\n<\/div><\/div><\/div><div class=\"et_pb_column_6 et_pb_column et_pb_column_2_5 et-last-child et_block_column et_pb_css_mix_blend_mode_passthrough\"><div class=\"et_pb_blurb_0 et_pb_blurb et_pb_bg_layout_light et_pb_blurb_position_top et_animated et_pb_module et_block_module\"><div class=\"et_pb_blurb_content\"><div class=\"et_pb_main_blurb_image\"><span class=\"et_pb_image_wrap\"><span class=\"et-pb-icon et_animated et_animated\">R<\/span><\/span><\/div><div class=\"et_pb_blurb_container\"><h4 class=\"et_pb_module_header\">Da solo<\/h4><div class=\"et_pb_blurb_description\"><p>Fai video perizie in modo indipendente<\/p>\n<\/div><\/div><\/div><\/div><div class=\"et_pb_blurb_1 et_pb_blurb et_pb_bg_layout_light et_pb_blurb_position_top et_animated et_pb_module et_block_module\"><div class=\"et_pb_blurb_content\"><div class=\"et_pb_main_blurb_image\"><span class=\"et_pb_image_wrap\"><span class=\"et-pb-icon et_animated et_animated\">\ue0ed<\/span><\/span><\/div><div class=\"et_pb_blurb_container\"><h4 class=\"et_pb_module_header\">Riduci i costi<\/h4><div class=\"et_pb_blurb_description\"><p>In carburante, parcheggio, autostrade, multe<\/p>\n<\/div><\/div><\/div><\/div><div class=\"et_pb_blurb_2 et_pb_blurb et_pb_bg_layout_light et_pb_blurb_position_top et_animated et_pb_module et_block_module\"><div class=\"et_pb_blurb_content\"><div class=\"et_pb_main_blurb_image\"><span class=\"et_pb_image_wrap\"><span class=\"et-pb-icon et_animated et_animated\">\ue60d<\/span><\/span><\/div><div class=\"et_pb_blurb_container\"><h4 class=\"et_pb_module_header\">Risparmia tempo<\/h4><div class=\"et_pb_blurb_description\"><p>Risparmia tempo gestendo incarichi abituali<\/p>\n<\/div><\/div><\/div><\/div><\/div><\/div><\/div><div class=\"et_pb_section_4 et_pb_section et_section_regular et_block_section section_has_divider et_pb_top_divider et_pb_bottom_divider\" id=\"servicios_periciales\"><div class=\"et_pb_top_inside_divider et-no-transition\"><\/div><div class=\"et_pb_row_2 et_pb_row et_block_row\"><div class=\"et_pb_column_7 et_pb_column et_pb_column_2_5 et_block_column et_pb_css_mix_blend_mode_passthrough\"><div class=\"et_pb_text_6 et_pb_text et_pb_bg_layout_light et_animated et_pb_module et_block_module\"><div class=\"et_pb_text_inner\"><h2>Impatto e potenziale della video perizia<\/h2>\n<p><span><\/span><\/p>\n<\/div><\/div><div class=\"et_pb_divider_2 et_pb_divider et_pb_space et_pb_divider_position_top et_animated et_pb_module\"><div class=\"et_pb_divider_internal\"><\/div><\/div><div class=\"et_pb_image_2 et_pb_image et_animated et_pb_module et_block_module\"><span class=\"et_pb_image_wrap\"><img loading=\"lazy\" decoding=\"async\" src=\"http:\/\/www.peritcam.com\/wp-content\/uploads\/2024\/03\/Logo-videoperitacion-sm.png\" width=\"356\" height=\"86\" srcset=\"https:\/\/www.peritcam.com\/wp-content\/uploads\/2024\/03\/Logo-videoperitacion-sm.png 356w, https:\/\/www.peritcam.com\/wp-content\/uploads\/2024\/03\/Logo-videoperitacion-sm-300x72.png 300w\" sizes=\"(max-width: 356px) 100vw, 356px\" class=\"wp-image-7684\" title=\"Logo-videoperitazione-sm\" \/><\/span><\/div><div class=\"et_pb_module et_pb_button_module_wrapper et_pb_button_0_wrapper\"><a class=\"et_pb_button_0 et_pb_button et_pb_bg_layout_light et_animated et_pb_module et_block_module\" href=\"https:\/\/www.peritcam.com\/it\/prezzi-di-valutazione-online\/\">Vedi piani e prezzi<\/a><\/div><\/div><div class=\"et_pb_column_8 et_pb_column et_pb_column_3_5 et-last-child et_block_column et_pb_css_mix_blend_mode_passthrough\"><div class=\"et_pb_text_7 et_pb_text et_pb_bg_layout_light et_animated et_pb_module et_block_module\"><div class=\"et_pb_text_inner\"><p style=\"text-align: left;\">La video perizia \u00e8 una rivoluzione nella raccolta e presentazione delle prove, permettendo una migliore comprensione e risoluzione dei casi.<\/p>\n<p style=\"text-align: left;\">Con l'avanzamento tecnologico, il potenziale della video perizia \u00e8 enorme, con la possibilit\u00e0 di utilizzare l'intelligenza artificiale e la realt\u00e0 virtuale per espandere i suoi limiti.<\/p>\n<p style=\"text-align: left;\">Idee come PeritCam stanno aprendo la strada in questo campo, promuovendo una combinazione di competenza umana e innovazione tecnologica per un futuro promettente.<\/p>\n<p style=\"text-align: left;\">\u00c8 un viaggio emozionante, e il potenziale della video perizia nella societ\u00e0 moderna sta appena cominciando a essere esplorato.<\/p>\n<\/div><\/div><div class=\"et_pb_image_3 et_pb_image et_pb_module et_block_module\"><span class=\"et_pb_image_wrap\"><img loading=\"lazy\" decoding=\"async\" src=\"http:\/\/www.peritcam.com\/wp-content\/uploads\/2024\/03\/Logo-videoperitacion-sm.png\" width=\"356\" height=\"86\" srcset=\"https:\/\/www.peritcam.com\/wp-content\/uploads\/2024\/03\/Logo-videoperitacion-sm.png 356w, https:\/\/www.peritcam.com\/wp-content\/uploads\/2024\/03\/Logo-videoperitacion-sm-300x72.png 300w\" sizes=\"(max-width: 356px) 100vw, 356px\" class=\"wp-image-7684\" title=\"Logo-videoperitazione-sm\" \/><\/span><\/div><\/div><\/div><div class=\"et_pb_bottom_inside_divider et-no-transition\"><\/div><\/div><div class=\"et_pb_section_5 et_pb_section et_section_regular et_block_section\" id=\"contacto\"><div class=\"et_pb_row_3 et_pb_row et_block_row\"><div class=\"et_pb_column_9 et_pb_column et_pb_column_4_4 et-last-child et_block_column et_pb_css_mix_blend_mode_passthrough\"><div class=\"et_pb_text_8 et_pb_text et_pb_bg_layout_light et_animated et_pb_module et_block_module\"><div class=\"et_pb_text_inner\"><h2><span>Contattare\u00a0<\/span><\/h2>\n<p><span><\/span><\/p>\n<\/div><\/div><div class=\"et_pb_text_9 et_pb_text et_pb_bg_layout_light et_animated et_pb_module et_block_module et_pb_text_align_center\"><div class=\"et_pb_text_inner\"><p class=\" translation-block\">Se hai bisogno di ulteriori informazioni <b>non esitare a contattare<\/b><\/p>\n<\/div><\/div><div class=\"et_pb_divider_3 et_pb_divider et_pb_space et_pb_divider_position_top et_animated et_pb_module\"><div class=\"et_pb_divider_internal\"><\/div><\/div><\/div><\/div><div class=\"et_pb_row_4 et_pb_row et_pb_equal_columns et_pb_gutters1 et_block_row\"><div class=\"et_pb_column_10 et_pb_column et_pb_column_1_2 et_block_column et_pb_css_mix_blend_mode_passthrough et_animated et_clickable\"><div class=\"et_pb_blurb_3 et_pb_blurb et_pb_bg_layout_light et_pb_blurb_position_top et_animated et_pb_module et_block_module\"><div class=\"et_pb_blurb_content\"><div class=\"et_pb_main_blurb_image\"><a href=\"tel:964780410\"><span class=\"et_pb_image_wrap\"><span class=\"et-pb-icon et_animated et_animated\">\ue090<\/span><\/span><\/a><\/div><div class=\"et_pb_blurb_container\"><h4 class=\"et_pb_module_header\"><a href=\"tel:964780410\"> 964 780 410<\/a><\/h4><div class=\"et_pb_blurb_description\"><p>Luned\u00ec: 9:00 - 18:00 | Venerd\u00ec: 9:00 - 15:00<\/p>\n<\/div><\/div><\/div><\/div><\/div><div class=\"et_pb_column_11 et_pb_column et_pb_column_1_2 et-last-child et_block_column et_pb_css_mix_blend_mode_passthrough\"><div class=\"et_pb_blurb_4 et_pb_blurb et_pb_bg_layout_light et_pb_blurb_position_top et_animated et_pb_module et_block_module\"><div class=\"et_pb_blurb_content\"><div class=\"et_pb_main_blurb_image\"><a href=\"mailto:info@peritcam.com\"><span class=\"et_pb_image_wrap\"><span class=\"et-pb-icon et_animated et_animated\">\uf1fa<\/span><\/span><\/a><\/div><div class=\"et_pb_blurb_container\"><h4 class=\"et_pb_module_header\"><a href=\"mailto:info@peritcam.com\">info@peritcam.com<\/a><\/h4><div class=\"et_pb_blurb_description\"><p>Scrivici, ti risponderemo a breve<\/p>\n<\/div><\/div><\/div><\/div><\/div><\/div><\/div>","protected":false},"excerpt":{"rendered":"","protected":false},"author":1,"featured_media":0,"parent":0,"menu_order":0,"comment_status":"closed","ping_status":"closed","template":"","meta":{"footnotes":""},"class_list":["post-7855","page","type-page","status-publish","hentry"],"_links":{"self":[{"href":"https:\/\/www.peritcam.com\/it\/wp-json\/wp\/v2\/pages\/7855","targetHints":{"allow":["GET"]}}],"collection":[{"href":"https:\/\/www.peritcam.com\/it\/wp-json\/wp\/v2\/pages"}],"about":[{"href":"https:\/\/www.peritcam.com\/it\/wp-json\/wp\/v2\/types\/page"}],"author":[{"embeddable":true,"href":"https:\/\/www.peritcam.com\/it\/wp-json\/wp\/v2\/users\/1"}],"replies":[{"embeddable":true,"href":"https:\/\/www.peritcam.com\/it\/wp-json\/wp\/v2\/comments?post=7855"}],"version-history":[{"count":10,"href":"https:\/\/www.peritcam.com\/it\/wp-json\/wp\/v2\/pages\/7855\/revisions"}],"predecessor-version":[{"id":9318,"href":"https:\/\/www.peritcam.com\/it\/wp-json\/wp\/v2\/pages\/7855\/revisions\/9318"}],"wp:attachment":[{"href":"https:\/\/www.peritcam.com\/it\/wp-json\/wp\/v2\/media?parent=7855"}],"curies":[{"name":"wp","href":"https:\/\/api.w.org\/{rel}","templated":true}]}}