{"id":7536,"date":"2023-12-19T17:15:05","date_gmt":"2023-12-19T16:15:05","guid":{"rendered":"https:\/\/www.peritcam.com\/?page_id=7536"},"modified":"2026-04-20T15:56:02","modified_gmt":"2026-04-20T13:56:02","slug":"politica-sui-cookie","status":"publish","type":"page","link":"https:\/\/www.peritcam.com\/it\/avviso-legale\/politica-sui-cookie\/","title":{"rendered":"Politica sui cookie"},"content":{"rendered":"<div class=\"et_pb_section_0 et_pb_section et_section_regular et_block_section section_has_divider et_pb_bottom_divider\"><div class=\"et_pb_bottom_inside_divider et-no-transition\"><\/div><\/div><div class=\"et_pb_section_1 et_pb_section et_section_regular et_block_section\" id=\"contacto\"><div class=\"et_pb_row_0 et_pb_row et_block_row\"><div class=\"et_pb_column_0 et_pb_column et_pb_column_4_4 et-last-child et_block_column et_pb_css_mix_blend_mode_passthrough\"><div class=\"et_pb_text_0 et_pb_text et_pb_bg_layout_light et_pb_module et_block_module\"><div class=\"et_pb_text_inner\"><p><b>Documenti legali:<\/b><\/p>\n<\/div><\/div><div class=\"et_pb_menu_0 et_pb_menu et_pb_menu--without-logo et_pb_menu--style-left_aligned et_dropdown_animation_fade et_pb_bg_layout_light et_pb_text_align_right-tablet et_pb_text_align_right-phone et_pb_module et_flex_module\"><div class=\"et_pb_menu_inner_container et_flex_module\"><div class=\"et_pb_menu__wrap\"><div class=\"et_pb_menu__menu\"><nav class=\"et-menu-nav\"><ul id=\"menu-legal_es\" class=\"et-menu nav downwards\"><li id=\"menu-item-7958\" class=\"et_pb_menu_page_id-6608 menu-item menu-item-type-post_type menu-item-object-page menu-item-7958\"><a href=\"https:\/\/www.peritcam.com\/it\/avviso-legale\/\">Avviso legale<\/a><\/li>\n<li id=\"menu-item-7959\" class=\"et_pb_menu_page_id-7945 menu-item menu-item-type-post_type menu-item-object-page menu-item-privacy-policy menu-item-7959\"><a rel=\"privacy-policy\" href=\"https:\/\/www.peritcam.com\/it\/avviso-legale\/politica-sulla-riservatezza\/\">politica sulla riservatezza<\/a><\/li>\n<li id=\"menu-item-7962\" class=\"et_pb_menu_page_id-7536 menu-item menu-item-type-post_type menu-item-object-page menu-item-7962\"><a href=\"https:\/\/www.peritcam.com\/it\/avviso-legale\/politica-sui-cookie\/\">Politica sui cookie<\/a><\/li>\n<li id=\"menu-item-7961\" class=\"et_pb_menu_page_id-7954 menu-item menu-item-type-post_type menu-item-object-page menu-item-7961\"><a href=\"https:\/\/www.peritcam.com\/it\/avviso-legale\/condizioni-generali-di-contratto\/\">Condizioni generali di contratto<\/a><\/li>\n<li id=\"menu-item-7960\" class=\"et_pb_menu_page_id-7941 menu-item menu-item-type-post_type menu-item-object-page menu-item-7960\"><a href=\"https:\/\/www.peritcam.com\/it\/avviso-legale\/condizioni-di-utilizzo-dellapplicazione\/\">Condizioni di utilizzo dell&#039;Applicazione<\/a><\/li>\n<li id=\"menu-item-7963\" class=\"et_pb_menu_page_id-7949 menu-item menu-item-type-post_type menu-item-object-page menu-item-7963\"><a href=\"https:\/\/www.peritcam.com\/it\/avviso-legale\/politica-sulla-privacy-dellapplicazione\/\">Informativa sulla privacy dell&#039;applicazione<\/a><\/li>\n<\/ul><\/nav><\/div><div class=\"et_mobile_nav_menu\"><div class=\"mobile_nav closed\"><span class=\"mobile_menu_bar\"><\/span><\/div><\/div><\/div><\/div><\/div><div class=\"et_pb_text_1 et_pb_text et_pb_bg_layout_light et_pb_module et_block_module\"><div class=\"et_pb_text_inner\"><h2><strong>POLITICA SUI COOKIE<\/strong><\/h2>\n<p>&nbsp;<\/p>\n<p>H\u00c9CTOR LINARES MORALES informa sull&#039;uso dei cookie sul suo sito web: https:\/\/www.peritcam.com<\/p>\n<p><strong>Cosa sono i cookie?<\/strong><\/p>\n<p>I cookie sono file che possono essere scaricati sul tuo computer attraverso le pagine web. Sono strumenti che svolgono un ruolo essenziale nella fornitura di numerosi servizi della societ\u00e0 dell&#039;informazione. Tra l&#039;altro, consentono a un sito Web di archiviare e recuperare informazioni sulle abitudini di navigazione di un utente o del suo dispositivo e, a seconda delle informazioni ottenute, possono essere utilizzati per riconoscere l&#039;utente e migliorare il servizio offerto.<\/p>\n<p><strong>Tipi di cookie<\/strong><\/p>\n<p>A seconda di chi \u00e8 il soggetto che gestisce il dominio da cui vengono inviati i cookie e tratta i dati ottenuti, si possono distinguere due tipologie:<\/p>\n<ul>\n<li>Cookie propri: Sono quelli che vengono inviati al terminale dell&#039;utente da un computer o dominio gestito dall&#039;editore stesso e dal quale viene prestato il servizio richiesto dall&#039;utente.<\/li>\n<li>Cookie di terze parti: quelli inviati al terminale dell&#039;utente da un computer o dominio non gestito dall&#039;editore, ma da un&#039;altra entit\u00e0 che elabora i dati ottenuti tramite i cookie.<\/li>\n<\/ul>\n<p>Nel caso in cui i cookie siano installati da un computer o dominio gestito dall&#039;editore stesso ma le informazioni raccolte attraverso di essi siano gestite da terzi, non possono essere considerati cookie propri.<\/p>\n<p>Esiste anche una seconda classificazione in base al periodo di tempo in cui rimangono memorizzati nel browser del cliente, che pu\u00f2 essere:<\/p>\n<ul>\n<li>Cookie di sessione: progettati per raccogliere e archiviare dati mentre l&#039;utente accede a una pagina web. Vengono solitamente utilizzati per memorizzare informazioni che \u00e8 utile conservare solo per la fornitura del servizio richiesto dall&#039;utente in una singola occasione (es. elenco dei prodotti acquistati).<\/li>\n<li>Cookie persistenti: i dati rimangono memorizzati nel terminale e sono accessibili ed elaborati per un periodo definito dal responsabile del cookie, che pu\u00f2 variare da pochi minuti a diversi anni.<\/li>\n<\/ul>\n<p>Esiste infine un&#039;altra classificazione con sei tipologie di cookie a seconda dello scopo per il quale vengono elaborati i dati ottenuti:<\/p>\n<ul>\n<li>Cookie tecnici: quelli che consentono all&#039;utente di navigare attraverso una pagina web, piattaforma o applicazione e utilizzare le diverse opzioni o servizi ivi presenti, come, ad esempio, il controllo del traffico e della comunicazione dei dati, l&#039;identificazione della sessione, l&#039;accesso a parti ad accesso limitato , ricordare gli elementi che compongono un ordine, eseguire il processo di acquisto di un ordine, effettuare una richiesta di registrazione o di partecipazione a un evento, utilizzare elementi di sicurezza durante la navigazione, memorizzare contenuti per la diffusione di video o suoni o condividere contenuti in rete sociale.<\/li>\n<li>Cookie di personalizzazione: Consentono all&#039;utente di accedere al servizio con alcune caratteristiche generali predefinite in base a una serie di criteri sul terminale dell&#039;utente, come la lingua, il tipo di browser attraverso il quale si accede al servizio, la configurazione regionale da cui si accede il servizio, ecc.<\/li>\n<li>Cookie di analisi: consentono al responsabile degli stessi di monitorare e analizzare il comportamento degli utenti dei siti Web a cui sono collegati. Le informazioni raccolte attraverso questo tipo di cookie vengono utilizzate per misurare l&#039;attivit\u00e0 di siti web, applicazioni o piattaforme e per preparare profili di navigazione degli utenti di detti siti, applicazioni e piattaforme, al fine di introdurre miglioramenti basati sull&#039;analisi dei dati di utilizzo. effettuati dagli utenti del servizio.<\/li>\n<li>Cookie pubblicitari: Permettono la gestione, nel modo pi\u00f9 efficiente possibile, degli spazi pubblicitari.<\/li>\n<li>Cookie di pubblicit\u00e0 comportamentale: memorizzano informazioni sul comportamento dell&#039;utente ottenute attraverso l&#039;osservazione continua delle sue abitudini di navigazione, che consente lo sviluppo di un profilo specifico per visualizzare pubblicit\u00e0 basata su di esso.<\/li>\n<li>Cookie di social network esterni: vengono utilizzati affinch\u00e9 i visitatori possano interagire con i contenuti di diverse piattaforme social (facebook, youtube, twitter, linkedIn, ecc.) e sono generati solo per gli utenti di detti social network. Le condizioni di utilizzo di questi cookie e le informazioni raccolte sono regolate dalla politica sulla privacy della corrispondente piattaforma social.<\/li>\n<\/ul>\n<p><strong>Disattivazione e cancellazione dei cookie<\/strong><\/p>\n<p>Hai la possibilit\u00e0 di consentire, bloccare o eliminare i cookie installati sul tuo computer configurando le opzioni del browser installato sul tuo computer. Disabilitando i cookie alcuni dei servizi disponibili potrebbero non essere pi\u00f9 operativi. Il modo per disabilitare i cookie \u00e8 diverso per ciascun browser, ma solitamente pu\u00f2 essere effettuato dal menu Strumenti o Opzioni. Puoi anche consultare il menu Aiuto del browser dove puoi trovare le istruzioni. L&#039;utente pu\u00f2 in qualsiasi momento scegliere quali cookie desidera utilizzare su questo sito web.<\/p>\n<p>Puoi consentire, bloccare o eliminare i cookie installati sul tuo computer configurando le opzioni del browser installato sul tuo computer:<\/p>\n<ul>\n<li>Microsoft Internet Explorer o Microsoft Edge: http:\/\/windows.microsoft.com\/es-es\/windows-vista\/Block-or-allow-cookies<\/li>\n<li>Mozilla Firefox: http:\/\/support.mozilla.org\/es\/kb\/impedir-que-los-sitios-web-guarden-sus-preference<\/li>\n<li>Chrome: https:\/\/support.google.com\/accounts\/answer\/61416?hl=es<\/li>\n<li>Safari: http:\/\/safari.helpmax.net\/es\/privacidad-y-security\/como-gestionar-las-cookies\/<\/li>\n<li>Opera: http:\/\/help.opera.com\/Linux\/10.60\/es-ES\/cookies.html<\/li>\n<\/ul>\n<p>Inoltre, puoi anche gestire la memorizzazione dei cookie nel tuo browser attraverso strumenti come i seguenti:<\/p>\n<ul class=\"cky-table-wrapper cookyePhaterTag\">\n<li>Ghostery: www.ghostery.com<\/li>\n<li>Le tue scelte online: www.youronlinechoices.com\/es\/<\/li>\n<\/ul>\n<p>Cookie utilizzati su https:\/\/www.peritcam.com<\/p>\n<p>Di seguito sono identificati i cookie utilizzati su questo portale, nonch\u00e9 la loro tipologia e funzione:<\/p>\n<ul class=\"cky-table-wrapper cookyePhaterTag\">\n<li>_ga<\/li>\n<ul>\n<li>Durata: 2 anni<\/li>\n<li>Descrizione: Utilizzato per distinguere gli utenti. Generato da Google Analytics. Google memorizza le informazioni raccolte dai cookie su server ubicati negli Stati Uniti, nel rispetto della legislazione europea in materia di protezione dei dati personali e si impegna a non condividerle con terzi, tranne quando la legge lo impone o ci\u00f2 \u00e8 necessario per il suo utilizzo. funzionamento del sistema. Google non associa il tuo indirizzo IP a nessun&#039;altra informazione in suo possesso. Se desideri ottenere maggiori informazioni sui cookie utilizzati da Google Analytics, accedi a questo indirizzo: https:\/\/developers.google.com\/analytics\/devguides\/collection\/analyticsjs\/cookie-usage?hl=es&amp;csw=1<\/li>\n<li>Tipo: Terzo<\/li>\n<li>Scopo: analisi<\/li>\n<\/ul>\n<li>_ga_XD9R4LDQKB<\/li>\n<ul>\n<li>Durata: 1 anno e 1 mese<\/li>\n<li>Descrizione: Questo cookie viene utilizzato da Google Analytics per mantenere lo stato della sessione.<\/li>\n<li>Tipo: Terzo<\/li>\n<li>Scopo: analisi<\/li>\n<\/ul>\n<li>cookiesi-consenso<\/li>\n<ul>\n<li>Durata: 1 anno<\/li>\n<li>Descrizione: CookieYes imposta questo cookie per ricordare le preferenze di consenso degli utenti in modo che le loro preferenze siano rispettate nelle successive visite a questo sito. Non raccoglie n\u00e9 memorizza informazioni personali sui visitatori del sito.<\/li>\n<li>Tipo: Terzo<\/li>\n<li>Scopo: personalizzazione<\/li>\n<\/ul>\n<\/ul>\n<p>https:\/\/www.peritcam.com visualizza informazioni sulla sua Politica sui cookie nella parte inferiore o superiore di qualsiasi pagina del portale ad ogni accesso.<\/p>\n<p>Date queste informazioni \u00e8 possibile effettuare le seguenti azioni:<\/p>\n<ul>\n<li>Accetta cookie: questo avviso non verr\u00e0 visualizzato nuovamente accedendo a qualunque pagina del portale durante questa sessione.<\/li>\n<li>Modifica\/personalizza le tue impostazioni: puoi ottenere maggiori informazioni su cosa sono i cookie, conoscere la Politica sui cookie di: https:\/\/www.peritcam.com e modificare le impostazioni del tuo browser.<\/li>\n<\/ul>\n<\/div><\/div><\/div><\/div><\/div><div class=\"et_pb_section_2 et_pb_section et_section_regular et_block_section section_has_divider et_pb_top_divider et_pb_bottom_divider\" id=\"cookies\"><div class=\"et_pb_top_inside_divider et-no-transition\"><\/div><div class=\"et_pb_bottom_inside_divider et-no-transition\"><\/div><\/div>","protected":false},"excerpt":{"rendered":"","protected":false},"author":1,"featured_media":0,"parent":6608,"menu_order":0,"comment_status":"closed","ping_status":"closed","template":"","meta":{"footnotes":""},"class_list":["post-7536","page","type-page","status-publish","hentry"],"_links":{"self":[{"href":"https:\/\/www.peritcam.com\/it\/wp-json\/wp\/v2\/pages\/7536","targetHints":{"allow":["GET"]}}],"collection":[{"href":"https:\/\/www.peritcam.com\/it\/wp-json\/wp\/v2\/pages"}],"about":[{"href":"https:\/\/www.peritcam.com\/it\/wp-json\/wp\/v2\/types\/page"}],"author":[{"embeddable":true,"href":"https:\/\/www.peritcam.com\/it\/wp-json\/wp\/v2\/users\/1"}],"replies":[{"embeddable":true,"href":"https:\/\/www.peritcam.com\/it\/wp-json\/wp\/v2\/comments?post=7536"}],"version-history":[{"count":10,"href":"https:\/\/www.peritcam.com\/it\/wp-json\/wp\/v2\/pages\/7536\/revisions"}],"predecessor-version":[{"id":9317,"href":"https:\/\/www.peritcam.com\/it\/wp-json\/wp\/v2\/pages\/7536\/revisions\/9317"}],"up":[{"embeddable":true,"href":"https:\/\/www.peritcam.com\/it\/wp-json\/wp\/v2\/pages\/6608"}],"wp:attachment":[{"href":"https:\/\/www.peritcam.com\/it\/wp-json\/wp\/v2\/media?parent=7536"}],"curies":[{"name":"wp","href":"https:\/\/api.w.org\/{rel}","templated":true}]}}