{"id":6608,"date":"2023-11-09T17:12:29","date_gmt":"2023-11-09T16:12:29","guid":{"rendered":"https:\/\/www.peritcam.com\/?page_id=6608"},"modified":"2026-04-20T15:55:53","modified_gmt":"2026-04-20T13:55:53","slug":"avviso-legale","status":"publish","type":"page","link":"https:\/\/www.peritcam.com\/it\/avviso-legale\/","title":{"rendered":"Avviso legale"},"content":{"rendered":"<div class=\"et_pb_section_0 et_pb_section et_section_regular et_block_section section_has_divider et_pb_bottom_divider\"><div class=\"et_pb_bottom_inside_divider et-no-transition\"><\/div><\/div><div class=\"et_pb_section_1 et_pb_section et_section_regular et_block_section\" id=\"contacto\"><div class=\"et_pb_row_0 et_pb_row et_block_row\"><div class=\"et_pb_column_0 et_pb_column et_pb_column_4_4 et-last-child et_block_column et_pb_css_mix_blend_mode_passthrough\"><div class=\"et_pb_text_0 et_pb_text et_pb_bg_layout_light et_pb_module et_block_module\"><div class=\"et_pb_text_inner\"><p><b>Documenti legali:<\/b><\/p>\n<\/div><\/div><div class=\"et_pb_menu_0 et_pb_menu et_pb_menu--without-logo et_pb_menu--style-left_aligned et_dropdown_animation_fade et_pb_bg_layout_light et_pb_text_align_right-tablet et_pb_text_align_right-phone et_pb_module et_flex_module\"><div class=\"et_pb_menu_inner_container et_flex_module\"><div class=\"et_pb_menu__wrap\"><div class=\"et_pb_menu__menu\"><nav class=\"et-menu-nav\"><ul id=\"menu-legal_es\" class=\"et-menu nav downwards\"><li id=\"menu-item-7958\" class=\"et_pb_menu_page_id-6608 menu-item menu-item-type-post_type menu-item-object-page menu-item-7958\"><a href=\"https:\/\/www.peritcam.com\/it\/avviso-legale\/\">Avviso legale<\/a><\/li>\n<li id=\"menu-item-7959\" class=\"et_pb_menu_page_id-7945 menu-item menu-item-type-post_type menu-item-object-page menu-item-privacy-policy menu-item-7959\"><a rel=\"privacy-policy\" href=\"https:\/\/www.peritcam.com\/it\/avviso-legale\/politica-sulla-riservatezza\/\">politica sulla riservatezza<\/a><\/li>\n<li id=\"menu-item-7962\" class=\"et_pb_menu_page_id-7536 menu-item menu-item-type-post_type menu-item-object-page menu-item-7962\"><a href=\"https:\/\/www.peritcam.com\/it\/avviso-legale\/politica-sui-cookie\/\">Politica sui cookie<\/a><\/li>\n<li id=\"menu-item-7961\" class=\"et_pb_menu_page_id-7954 menu-item menu-item-type-post_type menu-item-object-page menu-item-7961\"><a href=\"https:\/\/www.peritcam.com\/it\/avviso-legale\/condizioni-generali-di-contratto\/\">Condizioni generali di contratto<\/a><\/li>\n<li id=\"menu-item-7960\" class=\"et_pb_menu_page_id-7941 menu-item menu-item-type-post_type menu-item-object-page menu-item-7960\"><a href=\"https:\/\/www.peritcam.com\/it\/avviso-legale\/condizioni-di-utilizzo-dellapplicazione\/\">Condizioni di utilizzo dell&#039;Applicazione<\/a><\/li>\n<li id=\"menu-item-7963\" class=\"et_pb_menu_page_id-7949 menu-item menu-item-type-post_type menu-item-object-page menu-item-7963\"><a href=\"https:\/\/www.peritcam.com\/it\/avviso-legale\/politica-sulla-privacy-dellapplicazione\/\">Informativa sulla privacy dell&#039;applicazione<\/a><\/li>\n<\/ul><\/nav><\/div><div class=\"et_mobile_nav_menu\"><div class=\"mobile_nav closed\"><span class=\"mobile_menu_bar\"><\/span><\/div><\/div><\/div><\/div><\/div><div class=\"et_pb_text_1 et_pb_text et_pb_bg_layout_light et_pb_module et_block_module\"><div class=\"et_pb_text_inner\"><h1>Avviso legale<\/h1>\n<div class=\"et_pb_module et_pb_text et_pb_text_2 familiaTitulo  et_pb_text_align_left et_pb_bg_layout_light\">\n<div class=\"et_pb_text_inner\">\n<div class=\"et_pb_module et_pb_text et_pb_text_2 familiaTitulo  et_pb_text_align_left et_pb_bg_layout_light\">\n<div class=\"et_pb_text_inner\">\n<p><span style=\"font-size: 16px;\">In ottemperanza all&#039;obbligo di informazione contenuto nell&#039;articolo 10 della legge 34\/2002, dell&#039;11 luglio, sui servizi della societ\u00e0 dell&#039;informazione e del commercio elettronico (LSSICE), il proprietario del sito web vi informa di quanto segue:<\/span><\/p>\n<ul>\n<li>Nome dell&#039;azienda: H\u00c9CTOR LINARES MORALES<\/li>\n<li>NIF: 20248892Z<\/li>\n<li>Indirizzo: C\/ Els Ports, 3, 12005 - Castellon (Castell\u00f3n De La Plana)<\/li>\n<\/ul>\n<p>Nei limiti stabiliti dalla legge, H\u00c9CTOR LINARES MORALES non si assume alcuna responsabilit\u00e0 derivante dalla mancanza di veridicit\u00e0, integrit\u00e0, aggiornamento e precisione dei dati o delle informazioni contenute nelle sue pagine web.<\/p>\n<p>I contenuti e le informazioni non vincolano H\u00c9CTOR LINARES MORALES n\u00e9 costituiscono opinioni, consigli o consulenze legali di alcun tipo in quanto si tratta semplicemente di un servizio offerto a scopo informativo e divulgativo.<\/p>\n<p>Le pagine Internet di H\u00c9CTOR LINARES MORALES possono contenere collegamenti ad altre pagine di terzi che H\u00c9CTOR LINARES MORALES non pu\u00f2 controllare. Pertanto, H\u00c9CTOR LINARES MORALES non pu\u00f2 assumersi la responsabilit\u00e0 per il contenuto che pu\u00f2 apparire su pagine di terzi.<\/p>\n<p>I testi, le immagini, i suoni, le animazioni, il software e gli altri contenuti inclusi in questo sito Web sono di propriet\u00e0 esclusiva di H\u00c9CTOR LINARES MORALES o dei suoi concessori di licenza. Qualsiasi atto di trasmissione, distribuzione, trasferimento, riproduzione, archiviazione o comunicazione pubblica totale o parziale deve avere il consenso esplicito di H\u00c9CTOR LINARES MORALES.<\/p>\n<p>Allo stesso modo, per accedere ad alcuni dei servizi che H\u00c9CTOR LINARES MORALES offre attraverso il sito web, \u00e8 necessario fornire alcuni dati personali. In conformit\u00e0 con le disposizioni del Regolamento (UE) 2016\/679 del Parlamento Europeo e del Consiglio, del 27 aprile 2016, relativo alla protezione delle persone fisiche con riguardo al trattamento dei dati personali e alla libera circolazione dei dati. informarti che, compilando questi moduli, i tuoi dati personali saranno incorporati e trattati negli archivi di H\u00c9CTOR LINARES MORALES per poterti fornire e offrirti i nostri servizi. servizi nonch\u00e9 per informarvi sui miglioramenti del sito web.<\/p>\n<p>Ti informiamo inoltre che avrai la possibilit\u00e0 in qualsiasi momento di esercitare i diritti di accesso, rettifica, cancellazione, opposizione, limitazione e portabilit\u00e0 dei tuoi dati personali, gratuitamente tramite email a:<\/p>\n<p>info@informaticoscastellon.com o all&#039;indirizzo: C\/ Els Ports, 3, 12005 - Castellon (Castell\u00f3n De La Plana).<\/p>\n<\/div>\n<\/div>\n<div class=\"et_pb_module et_pb_text et_pb_text_3  et_pb_text_align_left et_pb_bg_layout_light\">\n<div class=\"et_pb_text_inner\"><\/div>\n<\/div>\n<\/div>\n<\/div>\n<div class=\"et_pb_module et_pb_text et_pb_text_3  et_pb_text_align_left et_pb_bg_layout_light\">\n<div class=\"et_pb_text_inner\"><\/div>\n<\/div>\n<\/div><\/div><\/div><\/div><\/div>","protected":false},"excerpt":{"rendered":"","protected":false},"author":1,"featured_media":0,"parent":0,"menu_order":0,"comment_status":"closed","ping_status":"closed","template":"","meta":{"footnotes":""},"class_list":["post-6608","page","type-page","status-publish","hentry"],"_links":{"self":[{"href":"https:\/\/www.peritcam.com\/it\/wp-json\/wp\/v2\/pages\/6608","targetHints":{"allow":["GET"]}}],"collection":[{"href":"https:\/\/www.peritcam.com\/it\/wp-json\/wp\/v2\/pages"}],"about":[{"href":"https:\/\/www.peritcam.com\/it\/wp-json\/wp\/v2\/types\/page"}],"author":[{"embeddable":true,"href":"https:\/\/www.peritcam.com\/it\/wp-json\/wp\/v2\/users\/1"}],"replies":[{"embeddable":true,"href":"https:\/\/www.peritcam.com\/it\/wp-json\/wp\/v2\/comments?post=6608"}],"version-history":[{"count":10,"href":"https:\/\/www.peritcam.com\/it\/wp-json\/wp\/v2\/pages\/6608\/revisions"}],"predecessor-version":[{"id":9309,"href":"https:\/\/www.peritcam.com\/it\/wp-json\/wp\/v2\/pages\/6608\/revisions\/9309"}],"wp:attachment":[{"href":"https:\/\/www.peritcam.com\/it\/wp-json\/wp\/v2\/media?parent=6608"}],"curies":[{"name":"wp","href":"https:\/\/api.w.org\/{rel}","templated":true}]}}