{"id":7403,"date":"2023-12-18T23:09:24","date_gmt":"2023-12-18T22:09:24","guid":{"rendered":"https:\/\/www.peritcam.com\/?post_type=product&#038;p=7403"},"modified":"2024-06-29T09:59:15","modified_gmt":"2024-06-29T07:59:15","slug":"pack-mini","status":"publish","type":"product","link":"https:\/\/www.peritcam.com\/fr\/produit\/pack-mini\/","title":{"rendered":"Pack Mini 20"},"content":{"rendered":"","protected":false},"excerpt":{"rendered":"<p>Un pack muy econ\u00f3mico, obtienes un buen n\u00famero de sesiones a un precio muy competitivo, caducan en 1 a\u00f1o.<\/p>\n<div class=\"et_pb_with_border et_pb_module et_pb_blurb et_pb_blurb_0 et_pb_text_align_left et_pb_blurb_position_left et_pb_bg_layout_light et_had_animation\">\n<div class=\"et_pb_blurb_content\">\n<div class=\"et_pb_blurb_container\">\n<ul>\n<li class=\"et_pb_module_header\">El pack de sesiones caduca en 1 a\u00f1o.<\/li>\n<li>Les s\u00e9ances durent jusqu&#039;\u00e0 60 minutes.<\/li>\n<li class=\"et_pb_module_header\">Exon\u00e9ration de taxe pour les professionnels hors Espagne.<\/li>\n<\/ul>\n<\/div>\n<\/div>\n<\/div>","protected":false},"featured_media":6680,"template":"","meta":[],"product_brand":[],"product_cat":[52],"product_tag":[],"class_list":{"0":"post-7403","1":"product","2":"type-product","3":"status-publish","4":"has-post-thumbnail","6":"product_cat-packs","8":"first","9":"instock","10":"downloadable","11":"virtual","12":"sold-individually","13":"taxable","14":"purchasable","15":"product-type-simple"},"_links":{"self":[{"href":"https:\/\/www.peritcam.com\/fr\/wp-json\/wp\/v2\/product\/7403","targetHints":{"allow":["GET"]}}],"collection":[{"href":"https:\/\/www.peritcam.com\/fr\/wp-json\/wp\/v2\/product"}],"about":[{"href":"https:\/\/www.peritcam.com\/fr\/wp-json\/wp\/v2\/types\/product"}],"wp:featuredmedia":[{"embeddable":true,"href":"https:\/\/www.peritcam.com\/fr\/wp-json\/wp\/v2\/media\/6680"}],"wp:attachment":[{"href":"https:\/\/www.peritcam.com\/fr\/wp-json\/wp\/v2\/media?parent=7403"}],"wp:term":[{"taxonomy":"product_brand","embeddable":true,"href":"https:\/\/www.peritcam.com\/fr\/wp-json\/wp\/v2\/product_brand?post=7403"},{"taxonomy":"product_cat","embeddable":true,"href":"https:\/\/www.peritcam.com\/fr\/wp-json\/wp\/v2\/product_cat?post=7403"},{"taxonomy":"product_tag","embeddable":true,"href":"https:\/\/www.peritcam.com\/fr\/wp-json\/wp\/v2\/product_tag?post=7403"}],"curies":[{"name":"wp","href":"https:\/\/api.w.org\/{rel}","templated":true}]}}