{"id":8663,"date":"2024-10-04T14:04:22","date_gmt":"2024-10-04T12:04:22","guid":{"rendered":"https:\/\/www.peritcam.com\/?page_id=8663"},"modified":"2026-04-20T15:56:11","modified_gmt":"2026-04-20T13:56:11","slug":"integrer-peritation-a-distance","status":"publish","type":"page","link":"https:\/\/www.peritcam.com\/fr\/integrer-peritation-a-distance\/","title":{"rendered":"Int\u00e9grez la technologie forensique \u00e0 votre syst\u00e8me"},"content":{"rendered":"<div class=\"et_pb_section_0 et_pb_section et_section_regular et_block_section section_has_divider et_pb_bottom_divider\"><div class=\"et_pb_row_0 et_pb_row et_block_row\"><div class=\"et_pb_column_0 et_pb_column et_pb_column_4_4 et-last-child et_block_column et_pb_css_mix_blend_mode_passthrough\"><div class=\"et_pb_text_0 et_pb_text et_pb_bg_layout_light et_animated et_pb_module et_block_module\"><div class=\"et_pb_text_inner\"><h1><span>Int\u00e9grez l&#039;analyse vid\u00e9o d&#039;experts \u00e0 votre syst\u00e8me.<\/span><\/h1>\n<h5><span>Utilisez notre technologie dans votre propre logiciel<\/span><\/h5>\n<p><span><\/span><\/p>\n<\/div><\/div><\/div><\/div><div class=\"et_pb_bottom_inside_divider et-no-transition\"><\/div><\/div><div class=\"et_pb_section_1 et_pb_section et_section_specialty et_pb_equal_columns et_pb_gutters1 et_block_section\"><div class=\"et_pb_row et_block_row\"><div class=\"et_pb_column_1 et_pb_column et_pb_column_single et_pb_column_1_2 et_block_column et_pb_css_mix_blend_mode_passthrough\"><div class=\"et_pb_text_1 et_pb_text et_pb_bg_layout_light et_animated et_pb_module et_block_module\"><div class=\"et_pb_text_inner\"><h2><strong>Optimisez vos processus en int\u00e9grant l&#039;\u00e9valuation \u00e0 distance \u00e0 votre syst\u00e8me de gestion des commandes.<\/strong><\/h2>\n<p><span><\/span><\/p>\n<\/div><\/div><div class=\"et_pb_divider_0 et_pb_divider et_pb_space et_pb_divider_position_top et_animated et_pb_module\"><div class=\"et_pb_divider_internal\"><\/div><\/div><div class=\"et_pb_text_2 et_pb_text et_pb_bg_layout_light et_animated et_pb_module et_block_module\"><div class=\"et_pb_text_inner\"><p>\u00a0Dans le contexte actuel, l&#039;efficacit\u00e9 et l&#039;adaptabilit\u00e9 sont essentielles pour garder une longueur d&#039;avance. Si votre entreprise dispose d\u00e9j\u00e0 d&#039;une application ou d&#039;un logiciel pour g\u00e9rer les op\u00e9rations de vos experts, \u00e9valuateurs ou collaborateurs, nous vous offrons la possibilit\u00e9 d&#039;int\u00e9grer notre technologie d&#039;\u00e9valuation vid\u00e9o directement \u00e0 votre plateforme.<\/p>\n<p>&nbsp;<\/p>\n<p>&nbsp;<\/p>\n<\/div><\/div><\/div><div class=\"et_pb_column_2 et_pb_column et_pb_specialty_column et_pb_column_1_2 et-last-child et_block_column et_pb_css_mix_blend_mode_passthrough\"><div class=\"et_pb_row_inner_0 et_pb_row_inner et_pb_equal_columns et_pb_gutters4 et_block_row\"><div class=\"et_pb_column_inner_0 et_pb_column_inner et_pb_column et_pb_column_4_4 et-last-child et_block_column et_pb_css_mix_blend_mode_passthrough\"><div class=\"et_pb_image_0 et_pb_image et_animated et_pb_module et_block_module\"><span class=\"et_pb_image_wrap\"><img loading=\"lazy\" decoding=\"async\" src=\"http:\/\/www.peritcam.com\/wp-content\/uploads\/2023\/12\/teleperitacion-150x150.png\" width=\"150\" height=\"150\" srcset=\"http:\/\/www.peritcam.com\/wp-content\/uploads\/2023\/12\/teleperitacion-150x150.png 150w\" class=\"wp-image-6680\" title=\"\u00e9valuation d&#039;experts \u00e0 distance\" \/><\/span><\/div><\/div><\/div><\/div><\/div><\/div><div class=\"et_pb_section_2 et_pb_section et_section_specialty et_pb_equal_columns et_pb_gutters1 et_block_section et_animated section_has_divider et_pb_top_divider et_pb_bottom_divider\"><div class=\"et_pb_top_inside_divider et-no-transition\"><\/div><div class=\"et_pb_row et_block_row\"><div class=\"et_pb_column_3 et_pb_column et_pb_column_single et_pb_column_1_2 et_block_column et_pb_css_mix_blend_mode_passthrough\"><div class=\"et_pb_text_3 et_pb_text et_pb_bg_layout_light et_animated et_pb_module et_block_module\"><div class=\"et_pb_text_inner\"><h2><span>Une int\u00e9gration personnalis\u00e9e pour votre entreprise<\/span><\/h2>\n<p><span><\/span><\/p>\n<\/div><\/div><div class=\"et_pb_divider_1 et_pb_divider et_pb_space et_pb_divider_position_top et_animated et_pb_module\"><div class=\"et_pb_divider_internal\"><\/div><\/div><div class=\"et_pb_text_4 et_pb_text et_pb_bg_layout_light et_animated et_pb_module et_block_module\"><div class=\"et_pb_text_inner\"><h3><\/h3>\n<p>Nous savons que chaque entreprise a des besoins sp\u00e9cifiques. C&#039;est pourquoi notre technologie est flexible et personnalisable. Nous collaborerons avec vous pour comprendre vos processus et garantir une int\u00e9gration fluide, am\u00e9liorant ainsi votre efficacit\u00e9 op\u00e9rationnelle sans perturber vos habitudes.<\/p>\n<\/div><\/div><\/div><div class=\"et_pb_column_4 et_pb_column et_pb_specialty_column et_pb_column_1_2 et-last-child et_block_column et_pb_css_mix_blend_mode_passthrough\"><div class=\"et_pb_row_inner_1 et_pb_row_inner et_pb_equal_columns et_pb_gutters4 et_block_row\"><div class=\"et_pb_column_inner_1 et_pb_column_inner et_pb_column et_pb_column_4_4 et-last-child et_block_column et_pb_css_mix_blend_mode_passthrough\"><div class=\"et_pb_image_1 et_pb_image et_animated et_pb_module et_block_module\"><span class=\"et_pb_image_wrap\"><img loading=\"lazy\" decoding=\"async\" src=\"http:\/\/www.peritcam.com\/wp-content\/uploads\/2023\/12\/teleperitacion-150x150.png\" width=\"150\" height=\"150\" srcset=\"http:\/\/www.peritcam.com\/wp-content\/uploads\/2023\/12\/teleperitacion-150x150.png 150w\" class=\"wp-image-6680\" title=\"\u00e9valuation d&#039;experts \u00e0 distance\" \/><\/span><\/div><\/div><\/div><\/div><\/div><div class=\"et_pb_bottom_inside_divider et-no-transition\"><\/div><\/div><div class=\"et_pb_section_3 et_pb_section et_section_regular et_block_section\"><div class=\"et_pb_row_1 et_pb_row et_block_row\"><div class=\"et_pb_column_5 et_pb_column et_pb_column_4_4 et-last-child et_block_column et_pb_css_mix_blend_mode_passthrough\"><div class=\"et_pb_text_5 et_pb_text et_pb_bg_layout_light et_animated et_pb_module et_block_module\"><div class=\"et_pb_text_inner\"><h3><strong>Pourquoi int\u00e9grer notre technologie d&#039;analyse vid\u00e9o par des experts ?<\/strong><\/h3>\n<p>L&#039;expertise vid\u00e9o repr\u00e9sente une avanc\u00e9e majeure dans le secteur de l&#039;\u00e9valuation des dommages. Gr\u00e2ce \u00e0 l&#039;int\u00e9gration de notre technologie, vos experts peuvent travailler plus efficacement, am\u00e9liorant ainsi l&#039;exp\u00e9rience tant pour eux que pour vos clients. Voici quelques-uns des principaux avantages\u00a0:<\/p>\n<h4>1. <strong>R\u00e9duction des co\u00fbts d&#039;exploitation et des d\u00e9lais de gestion<\/strong><\/h4>\n<p>Gr\u00e2ce \u00e0 l&#039;int\u00e9gration de notre technologie d&#039;inspection vid\u00e9o \u00e0 votre syst\u00e8me, nos experts peuvent r\u00e9aliser des inspections \u00e0 distance, \u00e9vitant ainsi les d\u00e9placements inutiles. Cela permet non seulement de r\u00e9duire les co\u00fbts, mais aussi de diminuer consid\u00e9rablement le temps de traitement des dossiers, am\u00e9liorant ainsi les d\u00e9lais de r\u00e9ponse.<\/p>\n<h4>2. <strong>Exp\u00e9rience client am\u00e9lior\u00e9e<\/strong><\/h4>\n<p>Vos clients b\u00e9n\u00e9ficieront d&#039;une exp\u00e9rience plus pratique et fluide. Les inspections vid\u00e9o leur permettent de participer rapidement et facilement au processus d&#039;inspection, o\u00f9 qu&#039;ils soient et sans attente. Cette exp\u00e9rience client am\u00e9lior\u00e9e se traduit par une satisfaction et une fid\u00e9lit\u00e9 accrues.<\/p>\n<h4>3. \u00c9tude de faisabilit\u00e9 pour l&#039;int\u00e9gration \u00e0 votre logiciel actuel<\/h4>\n<p>Chaque cas est unique, et notre \u00e9quipe \u00e9tudiera les caract\u00e9ristiques de votre logiciel afin d&#039;\u00e9valuer la faisabilit\u00e9 de l&#039;int\u00e9gration de notre technologie. Nous vous garantissons une solution personnalis\u00e9e qui r\u00e9pond \u00e0 vos besoins sp\u00e9cifiques.<\/p>\n<h4>4. <strong>Productivit\u00e9 et flexibilit\u00e9 accrues<\/strong><\/h4>\n<p>Gr\u00e2ce \u00e0 la flexibilit\u00e9 des rapports d&#039;experts vid\u00e9o, vos experts peuvent traiter davantage de dossiers en moins de temps et prioriser ceux n\u00e9cessitant une intervention en pr\u00e9sentiel. L&#039;efficacit\u00e9 globale de l&#039;\u00e9quipe s&#039;en trouve am\u00e9lior\u00e9e, et les t\u00e2ches des experts peuvent \u00eatre adapt\u00e9es aux besoins sp\u00e9cifiques de chaque client ou dossier.<\/p>\n<h4>5. <strong>\u00c9volutivit\u00e9 et assistance continue<\/strong><\/h4>\n<p>Notre technologie int\u00e9gr\u00e9e est con\u00e7ue pour \u00e9voluer avec votre entreprise. \u00c0 mesure que votre client\u00e8le s&#039;\u00e9largit, vous pouvez facilement adapter vos capacit\u00e9s d&#039;inspection vid\u00e9o pour traiter un plus grand nombre de cas. Nous assurons \u00e9galement un support continu pour garantir un fonctionnement optimal.<\/p>\n<\/div><\/div><\/div><\/div><\/div><div class=\"et_pb_section_4 et_pb_section et_section_regular et_block_section\" id=\"contacto\"><div class=\"et_pb_row_2 et_pb_row et_block_row\"><div class=\"et_pb_column_6 et_pb_column et_pb_column_4_4 et-last-child et_block_column et_pb_css_mix_blend_mode_passthrough\"><div class=\"et_pb_text_6 et_pb_text et_pb_bg_layout_light et_animated et_pb_module et_block_module\"><div class=\"et_pb_text_inner\"><h2><span>Contact\u00a0<\/span><\/h2>\n<p><span><\/span><\/p>\n<\/div><\/div><div class=\"et_pb_text_7 et_pb_text et_pb_bg_layout_light et_animated et_pb_module et_block_module et_pb_text_align_center\"><div class=\"et_pb_text_inner\"><p>Si vous avez besoin de plus d&#039;informations <b>N&#039;h\u00e9sitez pas \u00e0 nous contacter<\/b><\/p>\n<\/div><\/div><div class=\"et_pb_divider_2 et_pb_divider et_pb_space et_pb_divider_position_top et_animated et_pb_module\"><div class=\"et_pb_divider_internal\"><\/div><\/div><\/div><\/div><div class=\"et_pb_row_3 et_pb_row et_pb_equal_columns et_pb_gutters1 et_block_row\"><div class=\"et_pb_column_7 et_pb_column et_pb_column_1_2 et_block_column et_pb_css_mix_blend_mode_passthrough et_animated et_clickable\"><div class=\"et_pb_blurb_0 et_pb_blurb et_pb_bg_layout_light et_pb_blurb_position_top et_animated et_pb_module et_block_module\"><div class=\"et_pb_blurb_content\"><div class=\"et_pb_main_blurb_image\"><a href=\"tel:964780410\"><span class=\"et_pb_image_wrap\"><span class=\"et-pb-icon et_animated et_animated\">\ue090<\/span><\/span><\/a><\/div><div class=\"et_pb_blurb_container\"><h4 class=\"et_pb_module_header\"><a href=\"tel:964780410\"> 964 780 410<\/a><\/h4><div class=\"et_pb_blurb_description\"><p>Lundi : 9h00-18h00 | Vendredi : 9h00-15h00<\/p>\n<\/div><\/div><\/div><\/div><\/div><div class=\"et_pb_column_8 et_pb_column et_pb_column_1_2 et-last-child et_block_column et_pb_css_mix_blend_mode_passthrough\"><div class=\"et_pb_blurb_1 et_pb_blurb et_pb_bg_layout_light et_pb_blurb_position_top et_animated et_pb_module et_block_module\"><div class=\"et_pb_blurb_content\"><div class=\"et_pb_main_blurb_image\"><a href=\"mailto:info@peritcam.com\"><span class=\"et_pb_image_wrap\"><span class=\"et-pb-icon et_animated et_animated\">\uf1fa<\/span><\/span><\/a><\/div><div class=\"et_pb_blurb_container\"><h4 class=\"et_pb_module_header\"><a href=\"mailto:info@peritcam.com\">info@peritcam.com<\/a><\/h4><div class=\"et_pb_blurb_description\"><p>\u00c9crivez-nous, nous vous r\u00e9pondrons rapidement.<\/p>\n<\/div><\/div><\/div><\/div><\/div><\/div><\/div>","protected":false},"excerpt":{"rendered":"","protected":false},"author":1,"featured_media":0,"parent":0,"menu_order":0,"comment_status":"closed","ping_status":"closed","template":"","meta":{"footnotes":""},"class_list":["post-8663","page","type-page","status-publish","hentry"],"_links":{"self":[{"href":"https:\/\/www.peritcam.com\/fr\/wp-json\/wp\/v2\/pages\/8663","targetHints":{"allow":["GET"]}}],"collection":[{"href":"https:\/\/www.peritcam.com\/fr\/wp-json\/wp\/v2\/pages"}],"about":[{"href":"https:\/\/www.peritcam.com\/fr\/wp-json\/wp\/v2\/types\/page"}],"author":[{"embeddable":true,"href":"https:\/\/www.peritcam.com\/fr\/wp-json\/wp\/v2\/users\/1"}],"replies":[{"embeddable":true,"href":"https:\/\/www.peritcam.com\/fr\/wp-json\/wp\/v2\/comments?post=8663"}],"version-history":[{"count":10,"href":"https:\/\/www.peritcam.com\/fr\/wp-json\/wp\/v2\/pages\/8663\/revisions"}],"predecessor-version":[{"id":9325,"href":"https:\/\/www.peritcam.com\/fr\/wp-json\/wp\/v2\/pages\/8663\/revisions\/9325"}],"wp:attachment":[{"href":"https:\/\/www.peritcam.com\/fr\/wp-json\/wp\/v2\/media?parent=8663"}],"curies":[{"name":"wp","href":"https:\/\/api.w.org\/{rel}","templated":true}]}}