{"id":7949,"date":"2024-06-18T11:17:41","date_gmt":"2024-06-18T09:17:41","guid":{"rendered":"https:\/\/www.peritcam.com\/?page_id=7949"},"modified":"2026-04-20T15:56:06","modified_gmt":"2026-04-20T13:56:06","slug":"politique-de-confidentialite-des-applications","status":"publish","type":"page","link":"https:\/\/www.peritcam.com\/fr\/mentions-legales\/politique-de-confidentialite-des-applications\/","title":{"rendered":"Politique de confidentialit\u00e9 de l&#039;application"},"content":{"rendered":"<div class=\"et_pb_section_0 et_pb_section et_section_regular et_block_section section_has_divider et_pb_bottom_divider\"><div class=\"et_pb_bottom_inside_divider et-no-transition\"><\/div><\/div><div class=\"et_pb_section_1 et_pb_section et_section_regular et_block_section\" id=\"contacto\"><div class=\"et_pb_row_0 et_pb_row et_block_row\"><div class=\"et_pb_column_0 et_pb_column et_pb_column_4_4 et-last-child et_block_column et_pb_css_mix_blend_mode_passthrough\"><div class=\"et_pb_text_0 et_pb_text et_pb_bg_layout_light et_pb_module et_block_module\"><div class=\"et_pb_text_inner\"><p><b>Documents juridiques :<\/b><\/p>\n<\/div><\/div><div class=\"et_pb_menu_0 et_pb_menu et_pb_menu--without-logo et_pb_menu--style-left_aligned et_dropdown_animation_fade et_pb_bg_layout_light et_pb_text_align_right-tablet et_pb_text_align_right-phone et_pb_module et_flex_module\"><div class=\"et_pb_menu_inner_container et_flex_module\"><div class=\"et_pb_menu__wrap\"><div class=\"et_pb_menu__menu\"><nav class=\"et-menu-nav\"><ul id=\"menu-legal_es\" class=\"et-menu nav downwards\"><li id=\"menu-item-7958\" class=\"et_pb_menu_page_id-6608 menu-item menu-item-type-post_type menu-item-object-page menu-item-7958\"><a href=\"https:\/\/www.peritcam.com\/fr\/mentions-legales\/\">Avis juridique<\/a><\/li>\n<li id=\"menu-item-7959\" class=\"et_pb_menu_page_id-7945 menu-item menu-item-type-post_type menu-item-object-page menu-item-privacy-policy menu-item-7959\"><a rel=\"privacy-policy\" href=\"https:\/\/www.peritcam.com\/fr\/mentions-legales\/politique-de-confidentialite\/\">politique de confidentialit\u00e9<\/a><\/li>\n<li id=\"menu-item-7962\" class=\"et_pb_menu_page_id-7536 menu-item menu-item-type-post_type menu-item-object-page menu-item-7962\"><a href=\"https:\/\/www.peritcam.com\/fr\/mentions-legales\/politique-de-cookies\/\">Politique relative aux cookies<\/a><\/li>\n<li id=\"menu-item-7961\" class=\"et_pb_menu_page_id-7954 menu-item menu-item-type-post_type menu-item-object-page menu-item-7961\"><a href=\"https:\/\/www.peritcam.com\/fr\/mentions-legales\/conditions-generales-du-contrat\/\">Conditions g\u00e9n\u00e9rales du contrat<\/a><\/li>\n<li id=\"menu-item-7960\" class=\"et_pb_menu_page_id-7941 menu-item menu-item-type-post_type menu-item-object-page menu-item-7960\"><a href=\"https:\/\/www.peritcam.com\/fr\/mentions-legales\/conditions-dutilisation-de-lapplication\/\">Conditions d&#039;utilisation de l&#039;application<\/a><\/li>\n<li id=\"menu-item-7963\" class=\"et_pb_menu_page_id-7949 menu-item menu-item-type-post_type menu-item-object-page menu-item-7963\"><a href=\"https:\/\/www.peritcam.com\/fr\/mentions-legales\/politique-de-confidentialite-des-applications\/\">Politique de confidentialit\u00e9 de l&#039;application<\/a><\/li>\n<\/ul><\/nav><\/div><div class=\"et_mobile_nav_menu\"><div class=\"mobile_nav closed\"><span class=\"mobile_menu_bar\"><\/span><\/div><\/div><\/div><\/div><\/div><div class=\"et_pb_text_1 et_pb_text et_pb_bg_layout_light et_pb_module et_block_module\"><div class=\"et_pb_text_inner\"><h3><strong>POLITIQUE DE CONFIDENTIALIT\u00c9 DE L&#039;APPLICATION<\/strong><\/h3>\n<p>&nbsp;<\/p>\n<p>Derni\u00e8re mise \u00e0 jour\u00a0:<u> 06<\/u>\/<u>05<\/u>\/<u>2024<\/u><\/p>\n<p>Conform\u00e9ment au R\u00e8glement (UE) 2016\/679 du Parlement europ\u00e9en et du Conseil du 27 avril 2016 relatif \u00e0 la protection des personnes physiques \u00e0 l\u2019\u00e9gard du traitement des donn\u00e9es \u00e0 caract\u00e8re personnel et \u00e0 la libre circulation de ces donn\u00e9es (R\u00e8glement g\u00e9n\u00e9ral sur la protection des donn\u00e9es - RGPD), H\u00c9CTOR LINARES MORALES informe les utilisateurs de l\u2019application PeritCam (ci-apr\u00e8s, l\u2019Application) du traitement des donn\u00e9es \u00e0 caract\u00e8re personnel qu\u2019ils ont volontairement fournies lors de l\u2019inscription, de l\u2019acc\u00e8s et de l\u2019utilisation du service.<\/p>\n<p>&nbsp;<\/p>\n<p><strong>IDENTIFICATION DU RESPONSABLE DU TRAITEMENT DES DONN\u00c9ES.<\/strong><\/p>\n<p>H\u00c9CTOR LINARES MORALES, dont le num\u00e9ro CIF\/NIF est le 20248892Z et dont l&#039;adresse de notification est\u00a0: C\/ Els Ports, 3, CP 12005 - Castell\u00f3n (Castell\u00f3n de la Plana) (ci-apr\u00e8s, le Responsable du traitement), est l&#039;entit\u00e9 responsable du traitement des donn\u00e9es fournies par les clients de l&#039;Application (ci-apr\u00e8s, l&#039;Utilisateur\/les Utilisateurs).<\/p>\n<p><strong>FINALIT\u00c9 DU TRAITEMENT DES DONN\u00c9ES.<\/strong><\/p>\n<p>Pour proc\u00e9der \u00e0 l\u2019inscription, \u00e0 l\u2019acc\u00e8s et \u00e0 l\u2019utilisation ult\u00e9rieure de l\u2019Application, l\u2019Utilisateur doit fournir \u2013 volontairement \u2013 des donn\u00e9es personnelles (essentiellement des informations d\u2019identification et de contact), qui seront int\u00e9gr\u00e9es dans des syst\u00e8mes automatis\u00e9s appartenant \u00e0 H\u00c9CTOR LINARES MORALES.<\/p>\n<p>La collecte, le stockage, la modification, la structuration et, le cas \u00e9ch\u00e9ant, la suppression des donn\u00e9es fournies par les Utilisateurs constituent des op\u00e9rations de traitement effectu\u00e9es par le Responsable du traitement, afin d\u2019assurer le bon fonctionnement de l\u2019Application, de maintenir la prestation de services et\/ou la relation commerciale avec l\u2019Utilisateur, et d\u2019assurer la gestion, l\u2019administration, l\u2019information, la fourniture et l\u2019am\u00e9lioration du service.<\/p>\n<p>Les donn\u00e9es personnelles fournies par l&#039;Utilisateur \u2013 notamment son adresse \u00e9lectronique \u2013 peuvent \u00e9galement \u00eatre utilis\u00e9es pour envoyer des newsletters, ainsi que des communications commerciales relatives aux promotions et\/ou \u00e0 la publicit\u00e9 de l&#039;Application, \u00e0 condition que l&#039;Utilisateur ait pr\u00e9alablement donn\u00e9 son consentement expr\u00e8s pour recevoir ces communications par voie \u00e9lectronique.<\/p>\n<p>De plus, les donn\u00e9es de g\u00e9olocalisation seront collect\u00e9es uniquement si l&#039;utilisateur y consent explicitement et a activ\u00e9 cette fonctionnalit\u00e9 sur son appareil. Les donn\u00e9es d&#039;image, qu&#039;il s&#039;agisse de photographies ou de vid\u00e9os, seront \u00e9galement collect\u00e9es dans les m\u00eames conditions que celles d\u00e9crites ci-dessus.<\/p>\n<p>&nbsp;<\/p>\n<p><strong>L\u00c9GITIMATION.<\/strong><\/p>\n<p>Le traitement des donn\u00e9es des utilisateurs est effectu\u00e9 sur les bases l\u00e9gales suivantes qui le l\u00e9gitiment\u00a0:<\/p>\n<ul>\n<li>La demande d&#039;informations et\/ou la souscription aux services de l&#039;Application, qui seront effectu\u00e9s via le site web, se feront par le biais du site web. <a href=\"https:\/\/www.peritcam.com\">https:\/\/www.peritcam.com<\/a>.<\/li>\n<li>Le consentement libre, sp\u00e9cifique, \u00e9clair\u00e9 et sans \u00e9quivoque de l&#039;Utilisateur, obtenu en mettant cette politique de confidentialit\u00e9 \u00e0 sa disposition, qu&#039;il doit accepter au moyen d&#039;une d\u00e9claration ou d&#039;une action affirmative claire, telle que cocher une case pr\u00e9vue \u00e0 cet effet.<\/li>\n<\/ul>\n<p>Si l\u2019Utilisateur ne fournit pas ses donn\u00e9es \u00e0 H\u00c9CTOR LINARES MORALES, ou le fait de mani\u00e8re incorrecte ou incompl\u00e8te, il ne sera pas possible d\u2019utiliser l\u2019Application.<\/p>\n<p>&nbsp;<\/p>\n<p><strong>CONSERVATION DES DONN\u00c9ES PERSONNELLES.<\/strong><strong>\u00a0<\/strong><\/p>\n<p>Les donn\u00e9es personnelles fournies par l&#039;Utilisateur seront stock\u00e9es dans les syst\u00e8mes et bases de donn\u00e9es du Responsable du traitement, tant que l&#039;Utilisateur continuera \u00e0 utiliser l&#039;Application, et \u00e0 condition que l&#039;Utilisateur n&#039;en demande pas la suppression.<\/p>\n<p>Afin de clarifier toute responsabilit\u00e9 potentielle d\u00e9coulant du traitement, les donn\u00e9es seront conserv\u00e9es pendant une p\u00e9riode minimale de cinq ans.<\/p>\n<p>&nbsp;<\/p>\n<p><strong>DESTINATAIRES.<\/strong><\/p>\n<p>Les donn\u00e9es ne seront communiqu\u00e9es \u00e0 aucun tiers autre que H\u00c9CTOR LINARES MORALES, sauf en cas d&#039;obligation l\u00e9gale ou, en tout \u00e9tat de cause, avec le consentement pr\u00e9alable de l&#039;Utilisateur.<\/p>\n<p>En outre, H\u00c9CTOR LINARES MORALES peut donner acc\u00e8s aux donn\u00e9es personnelles fournies par l&#039;Utilisateur ou les transmettre \u00e0 des prestataires de services tiers avec lesquels il a sign\u00e9 des accords de traitement des donn\u00e9es, et qui n&#039;acc\u00e8dent \u00e0 ces informations que pour fournir un service pour et au nom du Responsable du traitement.<\/p>\n<p>&nbsp;<\/p>\n<p><strong>PROTECTION DES INFORMATIONS H\u00c9BERG\u00c9ES.<\/strong><\/p>\n<p>Le responsable du traitement des donn\u00e9es adopte les mesures n\u00e9cessaires pour garantir la s\u00e9curit\u00e9, l\u2019int\u00e9grit\u00e9 et la confidentialit\u00e9 des donn\u00e9es conform\u00e9ment aux dispositions du r\u00e8glement (UE) 2016\/679 du Parlement europ\u00e9en et du Conseil du 27 avril 2016 relatif \u00e0 la protection des personnes physiques \u00e0 l\u2019\u00e9gard du traitement des donn\u00e9es \u00e0 caract\u00e8re personnel et \u00e0 la libre circulation de ces donn\u00e9es.<\/p>\n<p>Bien que le responsable du traitement des donn\u00e9es effectue des sauvegardes du contenu h\u00e9berg\u00e9 sur ses serveurs, il n&#039;est pas responsable de la perte ou de la suppression accidentelle de donn\u00e9es par les utilisateurs. De m\u00eame, il ne garantit pas la restauration compl\u00e8te des donn\u00e9es supprim\u00e9es par les utilisateurs, car ces donn\u00e9es peuvent avoir \u00e9t\u00e9 supprim\u00e9es et\/ou modifi\u00e9es depuis la derni\u00e8re sauvegarde.<\/p>\n<p>Les services fournis par l&#039;interm\u00e9diaire de l&#039;Application, \u00e0 l&#039;exception des services de sauvegarde sp\u00e9cifiques, n&#039;incluent pas la restauration des donn\u00e9es stock\u00e9es dans les sauvegardes effectu\u00e9es par le Responsable du traitement lorsque la perte est imputable \u00e0 l&#039;utilisateur. Dans ce cas, des frais seront factur\u00e9s en fonction de la complexit\u00e9 et du volume de la restauration, sous r\u00e9serve de l&#039;accord pr\u00e9alable de l&#039;utilisateur. La restauration des donn\u00e9es supprim\u00e9es est incluse dans le prix du service uniquement lorsque la perte de donn\u00e9es est due \u00e0 des causes imputables au Responsable du traitement.<\/p>\n<p>De plus, l&#039;application contient deux fonctionnalit\u00e9s de service li\u00e9es au stockage par le contr\u00f4leur\u00a0:<\/p>\n<ol>\n<li>Option 1. Le responsable du traitement ne conservera pas les rapports d&#039;experts en ligne \u00e9tablis par l&#039;utilisateur, qui est donc responsable de leur stockage et de leur gestion, exon\u00e9rant ainsi le responsable du traitement de toute r\u00e9clamation ult\u00e9rieure pour la perte desdites donn\u00e9es.<\/li>\n<li>Option 2. Le responsable du traitement des donn\u00e9es propose \u00e9galement un service de stockage en ligne pour les rapports d&#039;experts, permettant \u00e0 l&#039;utilisateur de les t\u00e9l\u00e9charger ou non. Dans ce cas, le responsable du traitement des donn\u00e9es g\u00e9n\u00e8re et fournit \u00e0 l&#039;utilisateur un code QR pour un acc\u00e8s ult\u00e9rieur.<\/li>\n<\/ol>\n<p>&nbsp;<\/p>\n<p><strong>EXERCICE DES DROITS.<\/strong><\/p>\n<p>H\u00c9CTOR LINARES MORALES informe l&#039;Utilisateur qu&#039;il dispose des droits d&#039;acc\u00e8s, de rectification, de limitation, d&#039;effacement, d&#039;opposition et de portabilit\u00e9, qu&#039;il peut exercer en envoyant une demande \u00e0 l&#039;adresse \u00e9lectronique suivante\u00a0: <a href=\"mailto:info@informaticoscastellon.com\">info@informaticoscastellon.com.<\/a><\/p>\n<p>De m\u00eame, l\u2019Utilisateur a le droit de r\u00e9voquer le consentement initialement donn\u00e9 et de d\u00e9poser des r\u00e9clamations relatives \u00e0 ses droits aupr\u00e8s de l\u2019Agence espagnole de protection des donn\u00e9es (AEPD).<\/p>\n<p>&nbsp;<\/p>\n<p><strong>COMMUNICATIONS COMMERCIALES PAR VOIE \u00c9LECTRONIQUE.<\/strong><\/p>\n<p>Conform\u00e9ment \u00e0 la LSSI (Loi sur les services de la soci\u00e9t\u00e9 de l&#039;information), H\u00c9CTOR LINARES MORALES n&#039;enverra pas de communications publicitaires ou promotionnelles par courrier \u00e9lectronique ou par tout autre moyen \u00e9lectronique \u00e9quivalent qui n&#039;ont pas \u00e9t\u00e9 pr\u00e9alablement demand\u00e9es ou express\u00e9ment autoris\u00e9es par les destinataires.<\/p>\n<p>Dans le cas des utilisateurs avec lesquels il existe une relation contractuelle, juridique ou de service ant\u00e9rieure, le responsable du traitement des donn\u00e9es est autoris\u00e9 \u00e0 envoyer des communications commerciales concernant des produits ou services du responsable du traitement similaires \u00e0 ceux qui ont \u00e9t\u00e9 initialement contract\u00e9s avec le client.<\/p>\n<p>Si l&#039;Utilisateur souhaite se d\u00e9sinscrire de la r\u00e9ception des communications susmentionn\u00e9es, il peut le faire en envoyant sa demande par courriel \u00e0 l&#039;adresse suivante\u00a0: <a href=\"mailto:info@informaticoscastellon.com\">info@informaticoscastellon.com.<\/a><\/p>\n<\/div><\/div><\/div><\/div><\/div><div class=\"et_pb_section_2 et_pb_section et_section_regular et_block_section section_has_divider et_pb_top_divider et_pb_bottom_divider\" id=\"cookies\"><div class=\"et_pb_top_inside_divider et-no-transition\"><\/div><div class=\"et_pb_bottom_inside_divider et-no-transition\"><\/div><\/div>","protected":false},"excerpt":{"rendered":"","protected":false},"author":1,"featured_media":0,"parent":6608,"menu_order":0,"comment_status":"closed","ping_status":"closed","template":"","meta":{"footnotes":""},"class_list":["post-7949","page","type-page","status-publish","hentry"],"_links":{"self":[{"href":"https:\/\/www.peritcam.com\/fr\/wp-json\/wp\/v2\/pages\/7949","targetHints":{"allow":["GET"]}}],"collection":[{"href":"https:\/\/www.peritcam.com\/fr\/wp-json\/wp\/v2\/pages"}],"about":[{"href":"https:\/\/www.peritcam.com\/fr\/wp-json\/wp\/v2\/types\/page"}],"author":[{"embeddable":true,"href":"https:\/\/www.peritcam.com\/fr\/wp-json\/wp\/v2\/users\/1"}],"replies":[{"embeddable":true,"href":"https:\/\/www.peritcam.com\/fr\/wp-json\/wp\/v2\/comments?post=7949"}],"version-history":[{"count":5,"href":"https:\/\/www.peritcam.com\/fr\/wp-json\/wp\/v2\/pages\/7949\/revisions"}],"predecessor-version":[{"id":9321,"href":"https:\/\/www.peritcam.com\/fr\/wp-json\/wp\/v2\/pages\/7949\/revisions\/9321"}],"up":[{"embeddable":true,"href":"https:\/\/www.peritcam.com\/fr\/wp-json\/wp\/v2\/pages\/6608"}],"wp:attachment":[{"href":"https:\/\/www.peritcam.com\/fr\/wp-json\/wp\/v2\/media?parent=7949"}],"curies":[{"name":"wp","href":"https:\/\/api.w.org\/{rel}","templated":true}]}}