{"id":7945,"date":"2024-06-18T11:14:18","date_gmt":"2024-06-18T09:14:18","guid":{"rendered":"https:\/\/www.peritcam.com\/?page_id=7945"},"modified":"2026-04-20T15:56:05","modified_gmt":"2026-04-20T13:56:05","slug":"politique-de-confidentialite","status":"publish","type":"page","link":"https:\/\/www.peritcam.com\/fr\/mentions-legales\/politique-de-confidentialite\/","title":{"rendered":"politique de confidentialit\u00e9"},"content":{"rendered":"<div class=\"et_pb_section_0 et_pb_section et_section_regular et_block_section section_has_divider et_pb_bottom_divider\"><div class=\"et_pb_bottom_inside_divider et-no-transition\"><\/div><\/div><div class=\"et_pb_section_1 et_pb_section et_section_regular et_block_section\" id=\"contacto\"><div class=\"et_pb_row_0 et_pb_row et_block_row\"><div class=\"et_pb_column_0 et_pb_column et_pb_column_4_4 et-last-child et_block_column et_pb_css_mix_blend_mode_passthrough\"><div class=\"et_pb_text_0 et_pb_text et_pb_bg_layout_light et_pb_module et_block_module\"><div class=\"et_pb_text_inner\"><p><b>Documents juridiques :<\/b><\/p>\n<\/div><\/div><div class=\"et_pb_menu_0 et_pb_menu et_pb_menu--without-logo et_pb_menu--style-left_aligned et_dropdown_animation_fade et_pb_bg_layout_light et_pb_text_align_right-tablet et_pb_text_align_right-phone et_pb_module et_flex_module\"><div class=\"et_pb_menu_inner_container et_flex_module\"><div class=\"et_pb_menu__wrap\"><div class=\"et_pb_menu__menu\"><nav class=\"et-menu-nav\"><ul id=\"menu-legal_es\" class=\"et-menu nav downwards\"><li id=\"menu-item-7958\" class=\"et_pb_menu_page_id-6608 menu-item menu-item-type-post_type menu-item-object-page menu-item-7958\"><a href=\"https:\/\/www.peritcam.com\/fr\/mentions-legales\/\">Avis juridique<\/a><\/li>\n<li id=\"menu-item-7959\" class=\"et_pb_menu_page_id-7945 menu-item menu-item-type-post_type menu-item-object-page menu-item-privacy-policy menu-item-7959\"><a rel=\"privacy-policy\" href=\"https:\/\/www.peritcam.com\/fr\/mentions-legales\/politique-de-confidentialite\/\">politique de confidentialit\u00e9<\/a><\/li>\n<li id=\"menu-item-7962\" class=\"et_pb_menu_page_id-7536 menu-item menu-item-type-post_type menu-item-object-page menu-item-7962\"><a href=\"https:\/\/www.peritcam.com\/fr\/mentions-legales\/politique-de-cookies\/\">Politique relative aux cookies<\/a><\/li>\n<li id=\"menu-item-7961\" class=\"et_pb_menu_page_id-7954 menu-item menu-item-type-post_type menu-item-object-page menu-item-7961\"><a href=\"https:\/\/www.peritcam.com\/fr\/mentions-legales\/conditions-generales-du-contrat\/\">Conditions g\u00e9n\u00e9rales du contrat<\/a><\/li>\n<li id=\"menu-item-7960\" class=\"et_pb_menu_page_id-7941 menu-item menu-item-type-post_type menu-item-object-page menu-item-7960\"><a href=\"https:\/\/www.peritcam.com\/fr\/mentions-legales\/conditions-dutilisation-de-lapplication\/\">Conditions d&#039;utilisation de l&#039;application<\/a><\/li>\n<li id=\"menu-item-7963\" class=\"et_pb_menu_page_id-7949 menu-item menu-item-type-post_type menu-item-object-page menu-item-7963\"><a href=\"https:\/\/www.peritcam.com\/fr\/mentions-legales\/politique-de-confidentialite-des-applications\/\">Politique de confidentialit\u00e9 de l&#039;application<\/a><\/li>\n<\/ul><\/nav><\/div><div class=\"et_mobile_nav_menu\"><div class=\"mobile_nav closed\"><span class=\"mobile_menu_bar\"><\/span><\/div><\/div><\/div><\/div><\/div><div class=\"et_pb_text_1 et_pb_text et_pb_bg_layout_light et_pb_module et_block_module\"><div class=\"et_pb_text_inner\"><h3><strong>POLITIQUE DE CONFIDENTIALIT\u00c9<\/strong><\/h3>\n<p>&nbsp;<\/p>\n<p><strong>PROTECTION DES DONN\u00c9ES PERSONNELLES CONFORM\u00c9MENT AU RGPD<\/strong><\/p>\n<p>H\u00c9CTOR LINARES MORALES, conform\u00e9ment \u00e0 la r\u00e9glementation en vigueur concernant la protection des donn\u00e9es personnelles, vous informe que les donn\u00e9es personnelles collect\u00e9es via les formulaires du site web : https:\/\/www.peritcam.com, sont incluses dans les fichiers automatis\u00e9s sp\u00e9cifiques des utilisateurs des services de H\u00c9CTOR LINARES MORALES.<\/p>\n<p>La collecte et le traitement automatis\u00e9 des donn\u00e9es personnelles ont pour but de maintenir la relation commerciale et de r\u00e9aliser des activit\u00e9s d&#039;information, de formation, de conseil et autres activit\u00e9s sp\u00e9cifiques \u00e0 H\u00c9CTOR LINARES MORALES.<\/p>\n<p>Ces donn\u00e9es ne seront transf\u00e9r\u00e9es qu&#039;aux entit\u00e9s n\u00e9cessaires \u00e0 la seule r\u00e9alisation de l&#039;objectif \u00e9nonc\u00e9 ci-dessus.<\/p>\n<p>H\u00c9CTOR LINARES MORALES adopte les mesures n\u00e9cessaires pour garantir la s\u00e9curit\u00e9, l\u2019int\u00e9grit\u00e9 et la confidentialit\u00e9 des donn\u00e9es conform\u00e9ment aux dispositions du R\u00e8glement (UE) 2016\/679 du Parlement europ\u00e9en et du Conseil du 27 avril 2016 relatif \u00e0 la protection des personnes physiques \u00e0 l\u2019\u00e9gard du traitement des donn\u00e9es \u00e0 caract\u00e8re personnel et \u00e0 la libre circulation de celles-ci, et abrogeant l\u2019ancienne LOPD, la nouvelle Loi organique 3\/2018 du 5 d\u00e9cembre relative \u00e0 la protection des donn\u00e9es et \u00e0 la garantie des droits num\u00e9riques (LOPDGDD).<\/p>\n<p>L\u2019utilisateur peut \u00e0 tout moment exercer ses droits d\u2019acc\u00e8s, d\u2019opposition, de rectification, d\u2019effacement, de limitation du traitement et de portabilit\u00e9 des donn\u00e9es, conform\u00e9ment au R\u00e8glement (UE) susmentionn\u00e9. Pour exercer ces droits, il peut envoyer un courriel \u00e0 info@informaticoscastellon.com ou un courrier \u00e0 l\u2019adresse suivante\u00a0: C\/ Els Ports, 3, CP 12005 - Castell\u00f3n (Castell\u00f3n de la Plana).<\/p>\n<p>L&#039;utilisateur d\u00e9clare que toutes les donn\u00e9es qu&#039;il fournit sont exactes et v\u00e9ridiques, et s&#039;engage \u00e0 les tenir \u00e0 jour, en communiquant toute modification \u00e0 H\u00c9CTOR LINARES MORALES<\/p>\n<p>&nbsp;<\/p>\n<h3><span style=\"font-size: large;\"><strong>Finalit\u00e9 du traitement des donn\u00e9es personnelles\u00a0:<\/strong><\/span><\/h3>\n<p><strong>Dans quel but traiterons-nous vos donn\u00e9es personnelles ?<\/strong><\/p>\n<p>Chez H\u00c9CTOR LINARES MORALES, nous traiterons vos donn\u00e9es personnelles collect\u00e9es via le site web\u00a0: https:\/\/www.peritcam.com, aux fins suivantes\u00a0:<\/p>\n<ol>\n<li>Pour remplir les obligations commerciales, sociales, corporatives et comptables de l&#039;entreprise.<\/li>\n<li>Fournir des services adapt\u00e9s aux besoins sp\u00e9cifiques des clients, afin de remplir les contrats sign\u00e9s par eux.<\/li>\n<li>Envoi d&#039;informations commerciales et de newsletters sur les nouveaux services propos\u00e9s sur le site web et dans le secteur.<\/li>\n<li>Le processus d&#039;archivage, de mise \u00e0 jour des syst\u00e8mes, de protection et de sauvegarde des informations et des bases de donn\u00e9es de l&#039;entreprise.<\/li>\n<li>La transmission de donn\u00e9es \u00e0 des tiers avec lesquels des contrats ont \u00e9t\u00e9 conclus \u00e0 cette fin, \u00e0 des fins commerciales, contractuelles, administratives, de marketing et\/ou op\u00e9rationnelles.<\/li>\n<li>Ex\u00e9cuter un contrat sign\u00e9 \u00e0 distance avec l&#039;utilisateur.<\/li>\n<li>Fournir les services contract\u00e9s par l&#039;utilisateur.<\/li>\n<li>Envoyer les informations promotionnelles par voie \u00e9lectronique.<\/li>\n<li>Fournissez les informations demand\u00e9es par l&#039;utilisateur via le formulaire de contact.<\/li>\n<li>Utilisateurs inscrits<\/li>\n<\/ol>\n<p>Nous vous rappelons que vous pouvez vous opposer \u00e0 la r\u00e9ception de communications commerciales par tout moyen et \u00e0 tout moment, en envoyant un courriel \u00e0 l&#039;adresse indiqu\u00e9e ci-dessus.<\/p>\n<p>Les champs de ces formulaires sont obligatoires ; il est impossible d&#039;atteindre les objectifs \u00e9nonc\u00e9s si ces donn\u00e9es ne sont pas fournies.<\/p>\n<p><strong>Combien de temps les donn\u00e9es personnelles collect\u00e9es sont-elles conserv\u00e9es\u00a0?<\/strong><\/p>\n<p>Les donn\u00e9es personnelles fournies seront conserv\u00e9es pendant toute la dur\u00e9e de la relation commerciale ou jusqu&#039;\u00e0 ce que vous demandiez leur suppression, et pendant la p\u00e9riode durant laquelle des responsabilit\u00e9s l\u00e9gales peuvent d\u00e9couler des services fournis.<\/p>\n<p><strong>L\u00e9gitimation:<\/strong><\/p>\n<p>Vos donn\u00e9es sont trait\u00e9es sur la base des fondements juridiques suivants qui les l\u00e9gitiment\u00a0:<\/p>\n<ol>\n<li>La demande d\u2019informations et\/ou la souscription aux services d\u2019H\u00c9CTOR LINARES MORALES, dont les termes et conditions vous seront communiqu\u00e9s en tout \u00e9tat de cause, avant toute \u00e9ventuelle souscription.<\/li>\n<li>Consentement libre, sp\u00e9cifique, \u00e9clair\u00e9 et sans ambigu\u00eft\u00e9, comme nous vous l&#039;indiquons en mettant \u00e0 votre disposition la pr\u00e9sente politique de confidentialit\u00e9, que vous pouvez accepter apr\u00e8s l&#039;avoir lue, si vous le souhaitez, au moyen d&#039;une d\u00e9claration ou d&#039;une action affirmative claire, par exemple en cochant une case pr\u00e9vue \u00e0 cet effet.<\/li>\n<\/ol>\n<p>Si vous ne nous fournissez pas vos donn\u00e9es, ou si vous les fournissez de mani\u00e8re incorrecte ou incompl\u00e8te, nous ne serons pas en mesure de traiter votre demande, ce qui nous emp\u00eachera de vous fournir les informations demand\u00e9es ou de conclure la prestation de services.<\/p>\n<p><strong>Destinataires :<\/strong><\/p>\n<p>Les donn\u00e9es ne seront communiqu\u00e9es \u00e0 aucun tiers autre que H\u00c9CTOR LINARES MORALES, sauf si la loi l&#039;exige.<\/p>\n<p>Donn\u00e9es collect\u00e9es aupr\u00e8s des utilisateurs des services<\/p>\n<p>Dans les cas o\u00f9 l&#039;utilisateur inclut des fichiers contenant des donn\u00e9es personnelles sur des serveurs d&#039;h\u00e9bergement partag\u00e9, H\u00c9CTOR LINARES MORALES n&#039;est pas responsable du non-respect du RGPD par l&#039;utilisateur.<\/p>\n<p><strong>Droits de propri\u00e9t\u00e9 intellectuelle https:\/\/www.peritcam.com<\/strong><\/p>\n<p>H\u00c9CTOR LINARES MORALES est le titulaire de tous les droits d&#039;auteur, droits de propri\u00e9t\u00e9 intellectuelle, droits de propri\u00e9t\u00e9 industrielle, savoir-faire et tous autres droits relatifs au contenu du site web https:\/\/www.peritcam.com et aux services qui y sont propos\u00e9s, ainsi qu&#039;aux programmes n\u00e9cessaires \u00e0 sa mise en \u0153uvre et aux informations connexes.<\/p>\n<p>La reproduction, la publication et\/ou l&#039;utilisation, en tout ou en partie, du contenu du site web https:\/\/www.peritcam.com ne sont pas autoris\u00e9es sans consentement \u00e9crit pr\u00e9alable, sauf pour un usage strictement priv\u00e9.<\/p>\n<p><strong>Propri\u00e9t\u00e9 intellectuelle du logiciel<\/strong><\/p>\n<p>L\u2019utilisateur doit respecter les programmes tiers mis \u00e0 sa disposition par H\u00c9CTOR LINARES MORALES, m\u00eame s\u2019ils sont gratuits et\/ou accessibles au public.<\/p>\n<p>H\u00c9CTOR LINARES MORALES d\u00e9tient les droits d&#039;exploitation et de propri\u00e9t\u00e9 intellectuelle n\u00e9cessaires sur le logiciel.<\/p>\n<p>L&#039;utilisateur n&#039;acquiert aucun droit ni licence sur le service contract\u00e9, sur le logiciel n\u00e9cessaire \u00e0 la fourniture du service, ni sur les informations techniques permettant de surveiller le service, \u00e0 l&#039;exception des droits et licences n\u00e9cessaires \u00e0 l&#039;ex\u00e9cution des services contract\u00e9s et uniquement pour la dur\u00e9e de ceux-ci.<\/p>\n<p>Pour toute action exc\u00e9dant le cadre du contrat, l&#039;utilisateur devra obtenir une autorisation \u00e9crite d&#039;H\u00c9CTOR LINARES MORALES. Il lui est interdit d&#039;acc\u00e9der, de modifier ou de consulter la configuration, la structure et les fichiers des serveurs appartenant \u00e0 H\u00c9CTOR LINARES MORALES, et il assumera la responsabilit\u00e9 civile et p\u00e9nale de tout incident pouvant survenir sur les serveurs et les syst\u00e8mes de s\u00e9curit\u00e9 en cons\u00e9quence directe d&#039;une action n\u00e9gligente ou malveillante de sa part.<\/p>\n<p><strong>Propri\u00e9t\u00e9 intellectuelle du contenu h\u00e9berg\u00e9<\/strong><\/p>\n<p>L\u2019utilisation des services fournis par H\u00c9CTOR LINARES MORALES qui enfreint la l\u00e9gislation sur la propri\u00e9t\u00e9 intellectuelle est interdite, et en particulier\u00a0:<\/p>\n<ol>\n<li>Toute utilisation contraire \u00e0 la loi espagnole ou portant atteinte aux droits de tiers.<\/li>\n<li>La publication ou la transmission de tout contenu qui, de l\u2019avis d\u2019H\u00c9CTOR LINARES MORALES, est violent, obsc\u00e8ne, injurieux, ill\u00e9gal, raciste, x\u00e9nophobe ou diffamatoire.<\/li>\n<li>Les cracks, les num\u00e9ros de s\u00e9rie des programmes ou tout autre contenu qui enfreint les droits de propri\u00e9t\u00e9 intellectuelle de tiers.<\/li>\n<li>La collecte et\/ou l&#039;utilisation de donn\u00e9es personnelles d&#039;autres utilisateurs sans leur consentement expr\u00e8s ou en violation des dispositions du R\u00e8glement (UE) 2016\/679 du Parlement europ\u00e9en et du Conseil du 27 avril 2016 relatif \u00e0 la protection des personnes physiques \u00e0 l&#039;\u00e9gard du traitement des donn\u00e9es \u00e0 caract\u00e8re personnel et \u00e0 la libre circulation de ces donn\u00e9es.<\/li>\n<li>L&#039;utilisation du serveur de messagerie et des adresses \u00e9lectroniques du domaine pour l&#039;envoi de courriels non sollicit\u00e9s en masse.<\/li>\n<\/ol>\n<p>L&#039;utilisateur est enti\u00e8rement responsable du contenu de son site web, des informations transmises et stock\u00e9es, des liens hypertextes, des r\u00e9clamations de tiers et des actions en justice relatives \u00e0 la propri\u00e9t\u00e9 intellectuelle, aux droits des tiers et \u00e0 la protection des mineurs.<\/p>\n<p>L&#039;utilisateur est responsable du respect des lois, r\u00e8glements et r\u00e8gles applicables relatifs au fonctionnement du service en ligne, au commerce \u00e9lectronique, au droit d&#039;auteur, au maintien de l&#039;ordre public et aux principes universels d&#039;utilisation d&#039;Internet.<\/p>\n<p>L&#039;utilisateur indemnisera H\u00c9CTOR LINARES MORALES des d\u00e9penses engendr\u00e9es par l&#039;imputation de H\u00c9CTOR LINARES MORALES dans tout cas o\u00f9 la responsabilit\u00e9 est imputable \u00e0 l&#039;utilisateur, y compris les honoraires et les frais de d\u00e9fense juridique, m\u00eame dans le cas d&#039;une d\u00e9cision judiciaire non d\u00e9finitive.<\/p>\n<p><strong>Protection des informations h\u00e9berg\u00e9es<\/strong><\/p>\n<p>H\u00c9CTOR LINARES MORALES effectue des sauvegardes du contenu h\u00e9berg\u00e9 sur ses serveurs\u00a0; toutefois, il n\u2019est pas responsable de la perte ou de la suppression accidentelle de donn\u00e9es par les utilisateurs. De m\u00eame, il ne garantit pas la restauration compl\u00e8te des donn\u00e9es supprim\u00e9es par les utilisateurs, car ces donn\u00e9es peuvent avoir \u00e9t\u00e9 supprim\u00e9es et\/ou modifi\u00e9es depuis la derni\u00e8re sauvegarde.<\/p>\n<p>Les services propos\u00e9s, \u00e0 l&#039;exception des services de sauvegarde sp\u00e9cifiques, n&#039;incluent pas la restauration du contenu stock\u00e9 dans les sauvegardes effectu\u00e9es par H\u00c9CTOR LINARES MORALES lorsque cette perte est imputable \u00e0 l&#039;utilisateur ; dans ce cas, des frais seront d\u00e9termin\u00e9s en fonction de la complexit\u00e9 et du volume de la r\u00e9cup\u00e9ration, toujours sous r\u00e9serve d&#039;acceptation pr\u00e9alable par l&#039;utilisateur.<\/p>\n<p>La r\u00e9cup\u00e9ration des donn\u00e9es n&#039;est incluse dans le prix du service que lorsque la perte de contenu est due \u00e0 des causes imputables \u00e0 H\u00c9CTOR LINARES MORALES.<\/p>\n<p><strong>communications commerciales<\/strong><\/p>\n<p>Conform\u00e9ment \u00e0 la LSSI, H\u00c9CTOR LINARES MORALES n\u2019enverra pas de communications publicitaires ou promotionnelles par courriel ou par tout autre moyen \u00e9lectronique \u00e9quivalent qui n\u2019auront pas \u00e9t\u00e9 pr\u00e9alablement demand\u00e9es ou express\u00e9ment autoris\u00e9es par les destinataires.<\/p>\n<p>Dans le cas des utilisateurs avec lesquels il existe une relation contractuelle ant\u00e9rieure, H\u00c9CTOR LINARES MORALES est autoris\u00e9 \u00e0 envoyer des communications commerciales concernant des produits ou services de H\u00c9CTOR LINARES MORALES similaires \u00e0 ceux qui ont \u00e9t\u00e9 initialement contract\u00e9s avec le client.<\/p>\n<p>Dans tous les cas, apr\u00e8s v\u00e9rification de leur identit\u00e9, les utilisateurs peuvent demander \u00e0 ne plus recevoir d&#039;informations commerciales via les canaux du service client.<\/p>\n<\/div><\/div><\/div><\/div><\/div><div class=\"et_pb_section_2 et_pb_section et_section_regular et_block_section section_has_divider et_pb_top_divider et_pb_bottom_divider\" id=\"cookies\"><div class=\"et_pb_top_inside_divider et-no-transition\"><\/div><div class=\"et_pb_bottom_inside_divider et-no-transition\"><\/div><\/div>","protected":false},"excerpt":{"rendered":"","protected":false},"author":1,"featured_media":0,"parent":6608,"menu_order":0,"comment_status":"closed","ping_status":"closed","template":"","meta":{"footnotes":""},"class_list":["post-7945","page","type-page","status-publish","hentry"],"_links":{"self":[{"href":"https:\/\/www.peritcam.com\/fr\/wp-json\/wp\/v2\/pages\/7945","targetHints":{"allow":["GET"]}}],"collection":[{"href":"https:\/\/www.peritcam.com\/fr\/wp-json\/wp\/v2\/pages"}],"about":[{"href":"https:\/\/www.peritcam.com\/fr\/wp-json\/wp\/v2\/types\/page"}],"author":[{"embeddable":true,"href":"https:\/\/www.peritcam.com\/fr\/wp-json\/wp\/v2\/users\/1"}],"replies":[{"embeddable":true,"href":"https:\/\/www.peritcam.com\/fr\/wp-json\/wp\/v2\/comments?post=7945"}],"version-history":[{"count":5,"href":"https:\/\/www.peritcam.com\/fr\/wp-json\/wp\/v2\/pages\/7945\/revisions"}],"predecessor-version":[{"id":9320,"href":"https:\/\/www.peritcam.com\/fr\/wp-json\/wp\/v2\/pages\/7945\/revisions\/9320"}],"up":[{"embeddable":true,"href":"https:\/\/www.peritcam.com\/fr\/wp-json\/wp\/v2\/pages\/6608"}],"wp:attachment":[{"href":"https:\/\/www.peritcam.com\/fr\/wp-json\/wp\/v2\/media?parent=7945"}],"curies":[{"name":"wp","href":"https:\/\/api.w.org\/{rel}","templated":true}]}}