{"id":7941,"date":"2024-06-18T10:58:20","date_gmt":"2024-06-18T08:58:20","guid":{"rendered":"https:\/\/www.peritcam.com\/?page_id=7941"},"modified":"2026-04-20T15:56:04","modified_gmt":"2026-04-20T13:56:04","slug":"conditions-dutilisation-de-lapplication","status":"publish","type":"page","link":"https:\/\/www.peritcam.com\/fr\/mentions-legales\/conditions-dutilisation-de-lapplication\/","title":{"rendered":"Conditions d&#039;utilisation de l&#039;application"},"content":{"rendered":"<div class=\"et_pb_section_0 et_pb_section et_section_regular et_block_section section_has_divider et_pb_bottom_divider\"><div class=\"et_pb_bottom_inside_divider et-no-transition\"><\/div><\/div><div class=\"et_pb_section_1 et_pb_section et_section_regular et_block_section\" id=\"contacto\"><div class=\"et_pb_row_0 et_pb_row et_block_row\"><div class=\"et_pb_column_0 et_pb_column et_pb_column_4_4 et-last-child et_block_column et_pb_css_mix_blend_mode_passthrough\"><div class=\"et_pb_text_0 et_pb_text et_pb_bg_layout_light et_pb_module et_block_module\"><div class=\"et_pb_text_inner\"><p><b>Documents juridiques :<\/b><\/p>\n<\/div><\/div><div class=\"et_pb_menu_0 et_pb_menu et_pb_menu--without-logo et_pb_menu--style-left_aligned et_dropdown_animation_fade et_pb_bg_layout_light et_pb_text_align_right-tablet et_pb_text_align_right-phone et_pb_module et_flex_module\"><div class=\"et_pb_menu_inner_container et_flex_module\"><div class=\"et_pb_menu__wrap\"><div class=\"et_pb_menu__menu\"><nav class=\"et-menu-nav\"><ul id=\"menu-legal_es\" class=\"et-menu nav downwards\"><li id=\"menu-item-7958\" class=\"et_pb_menu_page_id-6608 menu-item menu-item-type-post_type menu-item-object-page menu-item-7958\"><a href=\"https:\/\/www.peritcam.com\/fr\/mentions-legales\/\">Avis juridique<\/a><\/li>\n<li id=\"menu-item-7959\" class=\"et_pb_menu_page_id-7945 menu-item menu-item-type-post_type menu-item-object-page menu-item-privacy-policy menu-item-7959\"><a rel=\"privacy-policy\" href=\"https:\/\/www.peritcam.com\/fr\/mentions-legales\/politique-de-confidentialite\/\">politique de confidentialit\u00e9<\/a><\/li>\n<li id=\"menu-item-7962\" class=\"et_pb_menu_page_id-7536 menu-item menu-item-type-post_type menu-item-object-page menu-item-7962\"><a href=\"https:\/\/www.peritcam.com\/fr\/mentions-legales\/politique-de-cookies\/\">Politique relative aux cookies<\/a><\/li>\n<li id=\"menu-item-7961\" class=\"et_pb_menu_page_id-7954 menu-item menu-item-type-post_type menu-item-object-page menu-item-7961\"><a href=\"https:\/\/www.peritcam.com\/fr\/mentions-legales\/conditions-generales-du-contrat\/\">Conditions g\u00e9n\u00e9rales du contrat<\/a><\/li>\n<li id=\"menu-item-7960\" class=\"et_pb_menu_page_id-7941 menu-item menu-item-type-post_type menu-item-object-page menu-item-7960\"><a href=\"https:\/\/www.peritcam.com\/fr\/mentions-legales\/conditions-dutilisation-de-lapplication\/\">Conditions d&#039;utilisation de l&#039;application<\/a><\/li>\n<li id=\"menu-item-7963\" class=\"et_pb_menu_page_id-7949 menu-item menu-item-type-post_type menu-item-object-page menu-item-7963\"><a href=\"https:\/\/www.peritcam.com\/fr\/mentions-legales\/politique-de-confidentialite-des-applications\/\">Politique de confidentialit\u00e9 de l&#039;application<\/a><\/li>\n<\/ul><\/nav><\/div><div class=\"et_mobile_nav_menu\"><div class=\"mobile_nav closed\"><span class=\"mobile_menu_bar\"><\/span><\/div><\/div><\/div><\/div><\/div><div class=\"et_pb_text_1 et_pb_text et_pb_bg_layout_light et_pb_module et_block_module\"><div class=\"et_pb_text_inner\"><h3><strong>CONDITIONS D&#039;UTILISATION DE L&#039;APPLICATION<\/strong><\/h3>\n<p>Derni\u00e8re mise \u00e0 jour\u00a0: <u>06<\/u>\/<u>05<\/u>\/ <u>2024<\/u><\/p>\n<p><u><\/u><\/p>\n<p><strong>POSSESSION.<\/strong><\/p>\n<p>Le but de ce document est d&#039;\u00e9tablir les conditions g\u00e9n\u00e9rales d&#039;utilisation de l&#039;application PeritCam (ci-apr\u00e8s, l&#039;Application), appartenant \u00e0 H\u00c9CTOR LINARES MORALES, avec CIF\/NIF n\u00ba : 20248892Z et adresse aux fins de notification \u00e0 : C\/ Els Ports, 3, CP 12005 - Castellon (Castell\u00f3n De La Plana).<\/p>\n<p>L\u2019inscription et l\u2019utilisation ult\u00e9rieure de l\u2019Application requi\u00e8rent l\u2019acceptation pr\u00e9alable par l\u2019utilisateur des pr\u00e9sentes conditions g\u00e9n\u00e9rales d\u2019utilisation. Le Propri\u00e9taire se r\u00e9serve le droit de modifier ces conditions \u00e0 tout moment, sous r\u00e9serve de la communication pr\u00e9alable de ces modifications \u00e0 l\u2019utilisateur.<\/p>\n<p>Le t\u00e9l\u00e9chargement et l&#039;utilisation de l&#039;application, que ce soit via l&#039;application web ou l&#039;application mobile, conf\u00e8rent le statut d&#039;utilisateur de celle-ci (ci-apr\u00e8s, l&#039;Utilisateur) et impliquent la lecture, la compr\u00e9hension et l&#039;acceptation de toutes les conditions g\u00e9n\u00e9rales contenues dans ce document.<\/p>\n<p>Toutefois, l\u2019Utilisateur doit consulter p\u00e9riodiquement les publications relatives aux modifications apport\u00e9es aux conditions d\u2019utilisation, et s\u2019il continue \u00e0 utiliser l\u2019Application, il sera entendu que cela implique l\u2019acceptation et la prise en compte desdites modifications.<\/p>\n<p>Les pr\u00e9sentes conditions d&#039;utilisation r\u00e9gissent vos droits et obligations l\u00e9gaux concernant votre utilisation de l&#039;Application. Si vous n&#039;acceptez pas ces conditions, vous ne devez ni vous inscrire, ni acc\u00e9der \u00e0 l&#039;Application, ni l&#039;utiliser.<\/p>\n<p>&nbsp;<\/p>\n<p><strong>MINEURS.<\/strong><\/p>\n<p>Les utilisateurs doivent \u00eatre \u00e2g\u00e9s de plus de dix-huit (18) ans. Cette application est \u00e9galement exclusivement destin\u00e9e aux professionnels qualifi\u00e9s.<\/p>\n<p><strong>DROITS DE PROPRI\u00c9T\u00c9 INTELLECTUELLE.<\/strong><\/p>\n<p>L&#039;Application est une \u0153uvre compos\u00e9e de divers \u00e9l\u00e9ments int\u00e9gr\u00e9s et indissociables (textes, illustrations, photographies, images anim\u00e9es, vid\u00e9os, programmes informatiques, etc.), dont les droits de propri\u00e9t\u00e9 intellectuelle, en vertu des dispositions de la r\u00e9glementation en vigueur en la mati\u00e8re, appartiennent au Propri\u00e9taire, sauf en ce qui concerne les \u00e9l\u00e9ments obtenus sous licence, autorisation ou consentement de tiers.<\/p>\n<p>Le propri\u00e9taire et les conc\u00e9dants de licence tiers conserveront en tout temps les droits de propri\u00e9t\u00e9 intellectuelle sur l&#039;Application, ainsi que sur les diff\u00e9rents \u00e9l\u00e9ments qui la composent, consid\u00e9r\u00e9s individuellement, dans toutes les copies qui en sont faites (quel que soit le support sur lequel ils sont incorpor\u00e9s), n&#039;accordant que le droit d&#039;utilisation sur ceux-ci.\u00a0<\/p>\n<p>Tous les droits non express\u00e9ment c\u00e9d\u00e9s sont r\u00e9serv\u00e9s au propri\u00e9taire et aux conc\u00e9dants de licence des contenus ou \u00e9l\u00e9ments individuels.<\/p>\n<p>Le Propri\u00e9taire d\u00e9tient les droits de propri\u00e9t\u00e9 intellectuelle et d&#039;exploitation du logiciel utilis\u00e9 pour le d\u00e9veloppement et le fonctionnement de l&#039;Application, et sera autoris\u00e9 \u00e0 t\u00e9l\u00e9charger et \u00e0 installer de nouvelles versions du logiciel de l&#039;Application, des mises \u00e0 jour et des am\u00e9liorations, afin de perfectionner les fonctionnalit\u00e9s du service.<\/p>\n<p>L&#039;utilisateur n&#039;acquiert aucun droit ni licence sur le service souscrit, sur le logiciel n\u00e9cessaire \u00e0 la fourniture du service, ni sur les informations techniques permettant de surveiller le service, \u00e0 l&#039;exception des droits et licences n\u00e9cessaires \u00e0 l&#039;utilisation et au bon fonctionnement de l&#039;Application.<\/p>\n<p>En plus de ce qui pr\u00e9c\u00e8de, le Propri\u00e9taire est responsable de la s\u00e9lection, de la conception de la structure et de l&#039;agencement du contenu de l&#039;Application, et c&#039;est lui qui a pris l&#039;initiative et assum\u00e9 le risque de r\u00e9aliser les investissements substantiels visant \u00e0 l&#039;obtenir, la num\u00e9riser et la pr\u00e9senter. Il a donc droit \u00e0 la protection que la Loi sur la propri\u00e9t\u00e9 intellectuelle (LPI) peut accorder sur ledit agencement et ladite structuration des donn\u00e9es.<\/p>\n<p>Le Propri\u00e9taire est \u00e9galement le seul d\u00e9tenteur du design et de l&#039;image graphique de l&#039;Application, et se r\u00e9serve le droit d&#039;engager des poursuites judiciaires contre toute personne qui en ferait des imitations ou des utilisations abusives.<\/p>\n<p>&nbsp;<\/p>\n<p><strong>DROITS DE L&#039;UTILISATEUR.<\/strong><\/p>\n<p>Concernant tout contenu g\u00e9n\u00e9r\u00e9 par l&#039;utilisateur lors de l&#039;utilisation de l&#039;Application, l&#039;utilisateur sera le seul propri\u00e9taire des droits de propri\u00e9t\u00e9 intellectuelle sur ledit contenu.<\/p>\n<p>Toutefois, lorsque l\u2019Utilisateur partage, diffuse ou publie du contenu sur l\u2019Application, il accorde une licence non exclusive, transf\u00e9rable et gratuite pour stocker, reproduire, distribuer, modifier, maintenir ou communiquer publiquement (diffuser, publier) le contenu g\u00e9n\u00e9r\u00e9 par l\u2019Utilisateur.<\/p>\n<p>Dans le cas o\u00f9 l&#039;Utilisateur partagerait ou publierait sur l&#039;Application un contenu qu&#039;il n&#039;a pas cr\u00e9\u00e9 ou g\u00e9n\u00e9r\u00e9, il serait seul responsable d&#039;avoir pr\u00e9alablement obtenu les autorisations correspondantes aupr\u00e8s des auteurs l\u00e9gitimes dudit contenu.<\/p>\n<p>En tout \u00e9tat de cause, le Propri\u00e9taire informe l&#039;Utilisateur que, m\u00eame si le contenu peut \u00eatre supprim\u00e9 de l&#039;interface de l&#039;Application, il peut \u00eatre conserv\u00e9 dans les sauvegardes du Propri\u00e9taire pendant un certain temps, apr\u00e8s quoi il sera effectivement supprim\u00e9.<\/p>\n<p>Il convient \u00e9galement de mentionner que le contenu peut rester visible s&#039;il a \u00e9t\u00e9 partag\u00e9 avec d&#039;autres utilisateurs et que ces derniers l&#039;ont t\u00e9l\u00e9charg\u00e9 ou enregistr\u00e9, d\u00e9passant ainsi le cadre ou l&#039;environnement de l&#039;application.<\/p>\n<p>&nbsp;<\/p>\n<p><strong>OBLIGATIONS DE L&#039;UTILISATEUR.<\/strong><\/p>\n<p>L\u2019Utilisateur s\u2019engage \u00e0 utiliser cette Application et son contenu conform\u00e9ment \u00e0 la loi, aux bonnes m\u0153urs, \u00e0 l\u2019ordre public et aux pr\u00e9sentes conditions d\u2019utilisation. Il s\u2019engage \u00e9galement \u00e0 faire un usage appropri\u00e9 des services et\/ou du contenu de l\u2019Application.<\/p>\n<p>L\u2019Utilisateur accepte notamment\u00a0:\u00a0<\/p>\n<ul>\n<li>N\u2019utilisez pas l\u2019Application pour mener des activit\u00e9s ill\u00e9gales ou des activit\u00e9s constituant un crime, portant atteinte aux droits de tiers et\/ou violant les r\u00e9glementations relatives \u00e0 la propri\u00e9t\u00e9 intellectuelle et industrielle, ou toute autre r\u00e8gle du syst\u00e8me juridique applicable.<\/li>\n<li>Ne transmettez, n&#039;introduisez, ne diffusez ni ne mettez \u00e0 disposition de tiers, par le biais de l&#039;Application, aucun type de mat\u00e9riel ou d&#039;information (contenu de donn\u00e9es, messages, dessins, fichiers audio et image, photographies, logiciels, etc.) qui soit contraire \u00e0 la loi, \u00e0 la morale, \u00e0 l&#039;ordre public et aux pr\u00e9sentes conditions d&#039;utilisation.<\/li>\n<li>Ne cr\u00e9ez, ne partagez ni ne t\u00e9l\u00e9chargez de contenu sur l&#039;Application s&#039;il est ill\u00e9gal, trompeur ou discriminatoire, ou s&#039;il viole les droits d&#039;une autre personne.<\/li>\n<li>La publication ou la transmission de tout contenu violent, obsc\u00e8ne, injurieux, raciste, x\u00e9nophobe ou diffamatoire.<\/li>\n<li>N\u2019introduisez ni ne t\u00e9l\u00e9chargez de virus ou de code malveillant, et n\u2019effectuez aucune activit\u00e9 susceptible d\u2019alt\u00e9rer le bon fonctionnement de l\u2019Application.<\/li>\n<li>Ne collectez ni n&#039;utilisez les donn\u00e9es personnelles (y compris l&#039;image physique) d&#039;autres utilisateurs sans leur consentement explicite ou en violation des dispositions du R\u00e8glement g\u00e9n\u00e9ral sur la protection des donn\u00e9es.<\/li>\n<\/ul>\n<p>\u00a0Toute violation des r\u00e8gles contenues dans cette section autorisera le Propri\u00e9taire \u00e0 exclure imm\u00e9diatement l&#039;utilisateur de l&#039;Application, ainsi qu&#039;\u00e0 supprimer tout contenu g\u00e9n\u00e9r\u00e9 par l&#039;utilisateur susceptible d&#039;enfreindre les droits de tiers, d&#039;\u00eatre inappropri\u00e9 ou contraire \u00e0 l&#039;ordre l\u00e9gal.<\/p>\n<p>&nbsp;<\/p>\n<p><strong>LIMITATION DE RESPONSABILIT\u00c9.<\/strong><\/p>\n<p>Le Propri\u00e9taire ne garantit pas que, lors de l&#039;utilisation de l&#039;Application, des pannes ou des erreurs ne surviendront pas, susceptibles d&#039;entraver l&#039;utilisation du service, de g\u00e9n\u00e9rer des imperfections, des probl\u00e8mes ou des retards dans le syst\u00e8me.<\/p>\n<p>\u00c0 condition que le propri\u00e9taire ait agi avec toute la diligence requise, il ne sera pas responsable des pertes suivantes\u00a0: les pertes non caus\u00e9es par un manquement du propri\u00e9taire aux pr\u00e9sentes conditions g\u00e9n\u00e9rales\u00a0; les pertes qui ne pouvaient \u00eatre raisonnablement pr\u00e9vues par l\u2019une ou l\u2019autre des parties\u00a0; le contenu diffus\u00e9 ou publi\u00e9 par d\u2019autres utilisateurs, lorsqu\u2019il enfreint les droits de tiers ou est ill\u00e9gal, violent, offensant ou inappropri\u00e9.<\/p>\n<p>&nbsp;<\/p>\n<p><strong>PROTECTION DES DONN\u00c9ES PERSONNELLES.<\/strong><\/p>\n<p>Conform\u00e9ment au R\u00e8glement (UE) 2016\/679 du Parlement europ\u00e9en et du Conseil du 27 avril 2016 relatif \u00e0 la protection des personnes physiques \u00e0 l&#039;\u00e9gard du traitement des donn\u00e9es \u00e0 caract\u00e8re personnel et \u00e0 la libre circulation de ces donn\u00e9es (R\u00e8glement g\u00e9n\u00e9ral sur la protection des donn\u00e9es - RGPD), toutes les informations ou donn\u00e9es personnelles que l&#039;Utilisateur fournit par le biais de l&#039;utilisation de cette Application seront trait\u00e9es conform\u00e9ment \u00e0 notre Politique de confidentialit\u00e9.<\/p>\n<p>&nbsp;<\/p>\n<p><strong>MODIFICATIONS.<br \/><\/strong><\/p>\n<p>Le propri\u00e9taire se r\u00e9serve le droit d&#039;apporter, sans pr\u00e9avis, toutes les modifications qu&#039;il juge appropri\u00e9es au bon fonctionnement de l&#039;application, et peut modifier, supprimer ou ajouter le contenu et les services fournis par son interm\u00e9diaire, ainsi que la mani\u00e8re dont ils sont pr\u00e9sent\u00e9s ou situ\u00e9s.<\/p>\n<p>Le propri\u00e9taire s&#039;efforcera, dans la mesure du possible, de maintenir \u00e0 jour et exemptes d&#039;erreurs les informations contenues dans cette application, mais, en tout \u00e9tat de cause, l&#039;acc\u00e8s \u00e0 celle-ci et son utilisation rel\u00e8vent de la seule responsabilit\u00e9 de l&#039;utilisateur.<\/p>\n<p><strong>ACTIONS EN JUSTICE.<br \/><\/strong><\/p>\n<p>En cas de non-respect par l&#039;Utilisateur des conditions incluses dans les pr\u00e9sentes conditions d&#039;utilisation, le Propri\u00e9taire sera en droit d&#039;engager toute action en justice appropri\u00e9e en vertu de la l\u00e9gislation en vigueur, ainsi que de demander \u00e0 l&#039;Utilisateur l&#039;indemnisation correspondante.<\/p>\n<p>Le propri\u00e9taire engagera des poursuites en cas d&#039;utilisation abusive de l&#039;Application ou de son contenu, ainsi que pour toute violation des droits lui appartenant ou appartenant \u00e0 ses conc\u00e9dants de licence, notamment en mati\u00e8re de droits de propri\u00e9t\u00e9 intellectuelle et industrielle.<\/p>\n<\/div><\/div><\/div><\/div><\/div><div class=\"et_pb_section_2 et_pb_section et_section_regular et_block_section section_has_divider et_pb_top_divider et_pb_bottom_divider\" id=\"cookies\"><div class=\"et_pb_top_inside_divider et-no-transition\"><\/div><div class=\"et_pb_bottom_inside_divider et-no-transition\"><\/div><\/div>","protected":false},"excerpt":{"rendered":"","protected":false},"author":1,"featured_media":0,"parent":6608,"menu_order":0,"comment_status":"closed","ping_status":"closed","template":"","meta":{"footnotes":""},"class_list":["post-7941","page","type-page","status-publish","hentry"],"_links":{"self":[{"href":"https:\/\/www.peritcam.com\/fr\/wp-json\/wp\/v2\/pages\/7941","targetHints":{"allow":["GET"]}}],"collection":[{"href":"https:\/\/www.peritcam.com\/fr\/wp-json\/wp\/v2\/pages"}],"about":[{"href":"https:\/\/www.peritcam.com\/fr\/wp-json\/wp\/v2\/types\/page"}],"author":[{"embeddable":true,"href":"https:\/\/www.peritcam.com\/fr\/wp-json\/wp\/v2\/users\/1"}],"replies":[{"embeddable":true,"href":"https:\/\/www.peritcam.com\/fr\/wp-json\/wp\/v2\/comments?post=7941"}],"version-history":[{"count":5,"href":"https:\/\/www.peritcam.com\/fr\/wp-json\/wp\/v2\/pages\/7941\/revisions"}],"predecessor-version":[{"id":9319,"href":"https:\/\/www.peritcam.com\/fr\/wp-json\/wp\/v2\/pages\/7941\/revisions\/9319"}],"up":[{"embeddable":true,"href":"https:\/\/www.peritcam.com\/fr\/wp-json\/wp\/v2\/pages\/6608"}],"wp:attachment":[{"href":"https:\/\/www.peritcam.com\/fr\/wp-json\/wp\/v2\/media?parent=7941"}],"curies":[{"name":"wp","href":"https:\/\/api.w.org\/{rel}","templated":true}]}}