{"id":7855,"date":"2024-05-09T08:34:34","date_gmt":"2024-05-09T06:34:34","guid":{"rendered":"https:\/\/www.peritcam.com\/?page_id=7855"},"modified":"2026-04-20T15:56:03","modified_gmt":"2026-04-20T13:56:03","slug":"tout-sur-la-videoperitation","status":"publish","type":"page","link":"https:\/\/www.peritcam.com\/fr\/tout-sur-la-videoperitation\/","title":{"rendered":"Tout sur l&#039;analyse vid\u00e9o forensique"},"content":{"rendered":"<div class=\"et_pb_section_0 et_pb_section et_section_regular et_block_section section_has_divider et_pb_bottom_divider\"><div class=\"et_pb_row_0 et_pb_row et_block_row\"><div class=\"et_pb_column_0 et_pb_column et_pb_column_4_4 et-last-child et_block_column et_pb_css_mix_blend_mode_passthrough\"><div class=\"et_pb_text_0 et_pb_text et_pb_bg_layout_light et_animated et_pb_module et_block_module\"><div class=\"et_pb_text_inner\"><h1><span>Tout sur l&#039;analyse vid\u00e9o forensique<\/span><\/h1>\n<\/div><\/div><\/div><\/div><div class=\"et_pb_bottom_inside_divider et-no-transition\"><\/div><\/div><div class=\"et_pb_section_1 et_pb_section et_section_specialty et_pb_equal_columns et_pb_gutters1 et_block_section\"><div class=\"et_pb_row et_block_row\"><div class=\"et_pb_column_1 et_pb_column et_pb_column_single et_pb_column_1_2 et_block_column et_pb_css_mix_blend_mode_passthrough\"><div class=\"et_pb_text_1 et_pb_text et_pb_bg_layout_light et_animated et_pb_module et_block_module\"><div class=\"et_pb_text_inner\"><h2><span>Introduction \u00e0 l&#039;analyse forensique vid\u00e9o\u00a0: <br \/>Concept et pertinence<\/span><\/h2>\n<p><span><\/span><\/p>\n<\/div><\/div><div class=\"et_pb_divider_0 et_pb_divider et_pb_space et_pb_divider_position_top et_animated et_pb_module\"><div class=\"et_pb_divider_internal\"><\/div><\/div><div class=\"et_pb_text_2 et_pb_text et_pb_bg_layout_light et_animated et_pb_module et_block_module\"><div class=\"et_pb_text_inner\"><p>L&#039;analyse forensique vid\u00e9o, \u00e9galement connue sous le nom d&#039;analyse d&#039;experts vid\u00e9o, s&#039;impose comme une discipline cruciale dans le domaine de l&#039;expertise, utilisant les derni\u00e8res technologies audiovisuelles et num\u00e9riques pour documenter, analyser et pr\u00e9senter des preuves dans divers contextes, notamment dans les secteurs juridique et des assurances.<\/p>\n<p>Gr\u00e2ce \u00e0 la capture vid\u00e9o, les experts peuvent enregistrer et examiner minutieusement les preuves, ce qui peut s&#039;av\u00e9rer crucial pour valider des affirmations ou mettre au jour des d\u00e9tails essentiels lors d&#039;enqu\u00eates.<\/p>\n<p><strong>Pr\u00e9cision et d\u00e9tail :<\/strong> Les vid\u00e9os fournissent un enregistrement complet et pr\u00e9cis, capturant des d\u00e9tails qui pourraient passer inaper\u00e7us lors d&#039;une inspection visuelle classique, permettant ainsi des analyses approfondies \u00e0 tout moment.<\/p>\n<p><strong>Gain de temps et de ressources\u00a0:<\/strong> La possibilit\u00e9 de r\u00e9aliser des inspections et des \u00e9valuations \u00e0 distance, sans n\u00e9cessiter la pr\u00e9sence physique d&#039;un expert, repr\u00e9sente un gain de temps et de ressources consid\u00e9rable tant pour les compagnies d&#039;assurance que pour les experts professionnels.<\/p>\n<p><strong>Impartialit\u00e9:<\/strong> Les vid\u00e9os offrent une preuve objective dans les cas litigieux en pr\u00e9sentant les faits sans parti pris ni interpr\u00e9tations subjectives.<\/p>\n<p><strong>Acc\u00e8s \u00e0 la technologie<\/strong>Avec l&#039;av\u00e8nement des technologies num\u00e9riques et la large disponibilit\u00e9 des appareils d&#039;enregistrement vid\u00e9o, l&#039;analyse forensique vid\u00e9o est devenue plus accessible et plus facile \u00e0 mettre en \u0153uvre que jamais auparavant.<\/p>\n<\/div><\/div><\/div><div class=\"et_pb_column_2 et_pb_column et_pb_specialty_column et_pb_column_1_2 et-last-child et_block_column et_pb_css_mix_blend_mode_passthrough\"><div class=\"et_pb_row_inner_0 et_pb_row_inner et_pb_equal_columns et_pb_gutters4 et_block_row\"><div class=\"et_pb_column_inner_0 et_pb_column_inner et_pb_column et_pb_column_4_4 et-last-child et_block_column et_pb_css_mix_blend_mode_passthrough\"><div class=\"et_pb_image_0 et_pb_image et_animated et_pb_module et_block_module\"><span class=\"et_pb_image_wrap\"><img loading=\"lazy\" decoding=\"async\" src=\"http:\/\/www.peritcam.com\/wp-content\/uploads\/2023\/12\/teleperitacion-150x150.png\" width=\"150\" height=\"150\" srcset=\"http:\/\/www.peritcam.com\/wp-content\/uploads\/2023\/12\/teleperitacion-150x150.png 150w\" class=\"wp-image-6680\" title=\"\u00e9valuation d&#039;experts \u00e0 distance\" \/><\/span><\/div><\/div><\/div><\/div><\/div><\/div><div class=\"et_pb_section_2 et_pb_section et_section_specialty et_pb_equal_columns et_pb_gutters1 et_block_section et_animated section_has_divider et_pb_top_divider et_pb_bottom_divider\"><div class=\"et_pb_top_inside_divider et-no-transition\"><\/div><div class=\"et_pb_row et_block_row\"><div class=\"et_pb_column_3 et_pb_column et_pb_column_single et_pb_column_1_2 et_block_column et_pb_css_mix_blend_mode_passthrough\"><div class=\"et_pb_text_3 et_pb_text et_pb_bg_layout_light et_animated et_pb_module et_block_module\"><div class=\"et_pb_text_inner\"><h2><span>\u00c9volution historique de l&#039;expertise vid\u00e9o<\/span><\/h2>\n<p><span><\/span><\/p>\n<\/div><\/div><div class=\"et_pb_divider_1 et_pb_divider et_pb_space et_pb_divider_position_top et_animated et_pb_module\"><div class=\"et_pb_divider_internal\"><\/div><\/div><div class=\"et_pb_text_4 et_pb_text et_pb_bg_layout_light et_animated et_pb_module et_block_module\"><div class=\"et_pb_text_inner\"><p>Bien que l&#039;analyse forensique vid\u00e9o ait des racines anciennes, son \u00e9volution a \u00e9t\u00e9 remarquable avec l&#039;essor des technologies num\u00e9riques.<\/p>\n<p>\u00c0 ses d\u00e9buts, l&#039;analyse forensique vid\u00e9o s&#039;effectuait \u00e0 l&#039;aide de cam\u00e9ras vid\u00e9o classiques, ce qui n\u00e9cessitait la pr\u00e9sence physique des experts sur les lieux. Bien qu&#039;utile, ce proc\u00e9d\u00e9 \u00e9tait lent, co\u00fbteux et difficile \u00e0 coordonner.<\/p>\n<p>L&#039;arriv\u00e9e des appareils photo num\u00e9riques et des smartphones a radicalement transform\u00e9 le paysage. Les experts en criminalistique peuvent d\u00e9sormais capturer des images haute d\u00e9finition et partager des vid\u00e9os rapidement et efficacement. De plus, la possibilit\u00e9 d&#039;enregistrer \u00e0 distance a \u00e9limin\u00e9 la n\u00e9cessit\u00e9 d&#039;une pr\u00e9sence physique, offrant ainsi une plus grande flexibilit\u00e9 et permettant des \u00e9conomies de ressources.<\/p>\n<p>Au cours de la derni\u00e8re d\u00e9cennie, le d\u00e9veloppement de l&#039;intelligence artificielle et de l&#039;apprentissage automatique a ouvert de nouvelles perspectives. Les algorithmes d&#039;IA peuvent analyser des vid\u00e9os, d\u00e9tectant des sch\u00e9mas et des d\u00e9tails qui pourraient \u00e9chapper \u00e0 l&#039;\u0153il humain.<\/p>\n<\/div><\/div><\/div><div class=\"et_pb_column_4 et_pb_column et_pb_specialty_column et_pb_column_1_2 et-last-child et_block_column et_pb_css_mix_blend_mode_passthrough\"><div class=\"et_pb_row_inner_1 et_pb_row_inner et_pb_equal_columns et_pb_gutters4 et_block_row\"><div class=\"et_pb_column_inner_1 et_pb_column_inner et_pb_column et_pb_column_4_4 et-last-child et_block_column et_pb_css_mix_blend_mode_passthrough\"><div class=\"et_pb_image_1 et_pb_image et_animated et_pb_module et_block_module\"><span class=\"et_pb_image_wrap\"><img loading=\"lazy\" decoding=\"async\" src=\"http:\/\/www.peritcam.com\/wp-content\/uploads\/2023\/12\/teleperitacion-150x150.png\" width=\"150\" height=\"150\" srcset=\"http:\/\/www.peritcam.com\/wp-content\/uploads\/2023\/12\/teleperitacion-150x150.png 150w\" class=\"wp-image-6680\" title=\"\u00e9valuation d&#039;experts \u00e0 distance\" \/><\/span><\/div><\/div><\/div><\/div><\/div><div class=\"et_pb_bottom_inside_divider et-no-transition\"><\/div><\/div><div class=\"et_pb_section_3 et_pb_section et_section_regular et_block_section\"><div class=\"et_pb_row_1 et_pb_row et_block_row\"><div class=\"et_pb_column_5 et_pb_column et_pb_column_3_5 et_block_column et_pb_css_mix_blend_mode_passthrough\"><div class=\"et_pb_text_5 et_pb_text et_pb_bg_layout_light et_animated et_pb_module et_block_module\"><div class=\"et_pb_text_inner\"><h2 style=\"text-align: left;\"><span>Comment fonctionne l&#039;expertise vid\u00e9o<\/span><\/h2>\n<p>&nbsp;<\/p>\n<h3 style=\"text-align: left;\"><span>Processus d\u00e9taill\u00e9<br \/><\/span><\/h3>\n<p>Le processus d&#039;analyse vid\u00e9o par des experts varie selon les cas, mais suit g\u00e9n\u00e9ralement les \u00e9tapes suivantes\u00a0:<\/p>\n<p><strong>Planification:<\/strong> D\u00e9finir les objectifs, les \u00e9l\u00e9ments \u00e0 documenter et la m\u00e9thode d&#039;enregistrement. Enregistrement\u00a0: Capturer la vid\u00e9o, qu&#039;il s&#039;agisse d&#039;un lieu pr\u00e9cis, d&#039;un processus ou d&#039;une reconstitution d&#039;\u00e9v\u00e9nements.<\/p>\n<p><strong>Examen et analyse :<\/strong> Les experts examinent et analysent la vid\u00e9o, en utilisant si n\u00e9cessaire un logiciel sp\u00e9cialis\u00e9.<\/p>\n<p><strong>Rapport:<\/strong> R\u00e9digez un rapport contenant les conclusions et les preuves recueillies.<\/p>\n<p><strong>Pr\u00e9sentation des preuves :<\/strong> T\u00e9moigner devant le tribunal si n\u00e9cessaire.<\/p>\n<p>&nbsp;<\/p>\n<h3 style=\"text-align: left;\">Avantages par rapport aux m\u00e9thodes traditionnelles<\/h3>\n<p>&nbsp;<\/p>\n<p><strong>Clart\u00e9 et pr\u00e9cision :<\/strong> Les vid\u00e9os offrent un enregistrement visuel clair et d\u00e9taill\u00e9.<\/p>\n<p><strong>Gain de temps et d&#039;argent\u00a0:<\/strong> La possibilit\u00e9 d&#039;enregistrer et de visionner des vid\u00e9os \u00e0 distance permet de r\u00e9duire les co\u00fbts et les d\u00e9lais associ\u00e9s.<\/p>\n<p><strong>Plus grande efficacit\u00e9 :<\/strong> Il facilite la collecte et l&#039;analyse des preuves dans diverses situations.<\/p>\n<p><strong>Objectivit\u00e9:<\/strong> \u00c9limine les biais et les malentendus potentiels.<\/p>\n<p><strong>Flexibilit\u00e9:<\/strong> Applicable dans de nombreux cas et situations.<\/p>\n<p>&nbsp;<\/p>\n<p><span style=\"font-family: Cairo, Helvetica, Arial, Lucida, sans-serif; font-size: 32px;\">Analyse vid\u00e9o et consid\u00e9rations juridiques<\/span><span style=\"font-family: Cairo, Helvetica, Arial, Lucida, sans-serif; font-size: 32px;\"><\/span><\/p>\n<p><span style=\"font-family: Cairo, Helvetica, Arial, Lucida, sans-serif; font-size: 32px;\"><\/span><\/p>\n<p><strong>Consentement:<\/strong> Il est souvent n\u00e9cessaire d&#039;obtenir le consentement des personnes enregistr\u00e9es.<\/p>\n<p><strong>Utilisation et stockage\u00a0:<\/strong> Il convient de respecter la r\u00e9glementation en mati\u00e8re de protection des donn\u00e9es.<\/p>\n<p><strong>Admissibilit\u00e9 devant les tribunaux\u00a0:<\/strong> Les photos et les vid\u00e9os doivent \u00eatre pertinentes, authentiques et non manipul\u00e9es.<\/p>\n<p><strong>Qualit\u00e9:<\/strong> Les photos et vid\u00e9os doivent \u00eatre d&#039;une qualit\u00e9 suffisante pour montrer clairement les d\u00e9tails pertinents.<\/p>\n<\/div><\/div><\/div><div class=\"et_pb_column_6 et_pb_column et_pb_column_2_5 et-last-child et_block_column et_pb_css_mix_blend_mode_passthrough\"><div class=\"et_pb_blurb_0 et_pb_blurb et_pb_bg_layout_light et_pb_blurb_position_top et_animated et_pb_module et_block_module\"><div class=\"et_pb_blurb_content\"><div class=\"et_pb_main_blurb_image\"><span class=\"et_pb_image_wrap\"><span class=\"et-pb-icon et_animated et_animated\">R<\/span><\/span><\/div><div class=\"et_pb_blurb_container\"><h4 class=\"et_pb_module_header\">Tout seul<\/h4><div class=\"et_pb_blurb_description\"><p>Mener des enqu\u00eates vid\u00e9o ind\u00e9pendantes.<\/p>\n<\/div><\/div><\/div><\/div><div class=\"et_pb_blurb_1 et_pb_blurb et_pb_bg_layout_light et_pb_blurb_position_top et_animated et_pb_module et_block_module\"><div class=\"et_pb_blurb_content\"><div class=\"et_pb_main_blurb_image\"><span class=\"et_pb_image_wrap\"><span class=\"et-pb-icon et_animated et_animated\">\ue0ed<\/span><\/span><\/div><div class=\"et_pb_blurb_container\"><h4 class=\"et_pb_module_header\">R\u00e9duire les d\u00e9penses<\/h4><div class=\"et_pb_blurb_description\"><p>Carburant, stationnement, autoroutes, amendes<\/p>\n<\/div><\/div><\/div><\/div><div class=\"et_pb_blurb_2 et_pb_blurb et_pb_bg_layout_light et_pb_blurb_position_top et_animated et_pb_module et_block_module\"><div class=\"et_pb_blurb_content\"><div class=\"et_pb_main_blurb_image\"><span class=\"et_pb_image_wrap\"><span class=\"et-pb-icon et_animated et_animated\">\ue60d<\/span><\/span><\/div><div class=\"et_pb_blurb_container\"><h4 class=\"et_pb_module_header\">Gagnez du temps<\/h4><div class=\"et_pb_blurb_description\"><p>Gagnez du temps en g\u00e9rant les t\u00e2ches routini\u00e8res<\/p>\n<\/div><\/div><\/div><\/div><\/div><\/div><\/div><div class=\"et_pb_section_4 et_pb_section et_section_regular et_block_section section_has_divider et_pb_top_divider et_pb_bottom_divider\" id=\"servicios_periciales\"><div class=\"et_pb_top_inside_divider et-no-transition\"><\/div><div class=\"et_pb_row_2 et_pb_row et_block_row\"><div class=\"et_pb_column_7 et_pb_column et_pb_column_2_5 et_block_column et_pb_css_mix_blend_mode_passthrough\"><div class=\"et_pb_text_6 et_pb_text et_pb_bg_layout_light et_animated et_pb_module et_block_module\"><div class=\"et_pb_text_inner\"><h2>Impact et potentiel de l&#039;expertise vid\u00e9o<\/h2>\n<p><span><\/span><\/p>\n<\/div><\/div><div class=\"et_pb_divider_2 et_pb_divider et_pb_space et_pb_divider_position_top et_animated et_pb_module\"><div class=\"et_pb_divider_internal\"><\/div><\/div><div class=\"et_pb_image_2 et_pb_image et_animated et_pb_module et_block_module\"><span class=\"et_pb_image_wrap\"><img loading=\"lazy\" decoding=\"async\" src=\"http:\/\/www.peritcam.com\/wp-content\/uploads\/2024\/03\/Logo-videoperitacion-sm.png\" width=\"356\" height=\"86\" srcset=\"https:\/\/www.peritcam.com\/wp-content\/uploads\/2024\/03\/Logo-videoperitacion-sm.png 356w, https:\/\/www.peritcam.com\/wp-content\/uploads\/2024\/03\/Logo-videoperitacion-sm-300x72.png 300w\" sizes=\"(max-width: 356px) 100vw, 356px\" class=\"wp-image-7684\" title=\"Logo-videoperitacion-sm\" \/><\/span><\/div><div class=\"et_pb_module et_pb_button_module_wrapper et_pb_button_0_wrapper\"><a class=\"et_pb_button_0 et_pb_button et_pb_bg_layout_light et_animated et_pb_module et_block_module\" href=\"https:\/\/www.peritcam.com\/fr\/prix-devaluation-en-ligne\/\">Consultez les forfaits et les prix<\/a><\/div><\/div><div class=\"et_pb_column_8 et_pb_column et_pb_column_3_5 et-last-child et_block_column et_pb_css_mix_blend_mode_passthrough\"><div class=\"et_pb_text_7 et_pb_text et_pb_bg_layout_light et_animated et_pb_module et_block_module\"><div class=\"et_pb_text_inner\"><p style=\"text-align: left;\">L&#039;analyse vid\u00e9o forensique repr\u00e9sente une r\u00e9volution dans la collecte et la pr\u00e9sentation des preuves, permettant une meilleure compr\u00e9hension et une r\u00e9solution plus efficace des affaires.<\/p>\n<p style=\"text-align: left;\">Gr\u00e2ce aux progr\u00e8s technologiques, le potentiel de l&#039;analyse forensique vid\u00e9o est \u00e9norme, avec la possibilit\u00e9 d&#039;utiliser l&#039;intelligence artificielle et la r\u00e9alit\u00e9 virtuelle pour en \u00e9tendre les limites.<\/p>\n<p style=\"text-align: left;\">Des entreprises comme PeritCam ouvrent la voie dans ce domaine, en promouvant une combinaison d&#039;expertise humaine et d&#039;innovation technologique pour un avenir prometteur.<\/p>\n<p style=\"text-align: left;\">C&#039;est un parcours passionnant, et le potentiel de l&#039;analyse vid\u00e9o forensique dans la soci\u00e9t\u00e9 moderne commence \u00e0 peine \u00e0 \u00eatre explor\u00e9.<\/p>\n<\/div><\/div><div class=\"et_pb_image_3 et_pb_image et_pb_module et_block_module\"><span class=\"et_pb_image_wrap\"><img loading=\"lazy\" decoding=\"async\" src=\"http:\/\/www.peritcam.com\/wp-content\/uploads\/2024\/03\/Logo-videoperitacion-sm.png\" width=\"356\" height=\"86\" srcset=\"https:\/\/www.peritcam.com\/wp-content\/uploads\/2024\/03\/Logo-videoperitacion-sm.png 356w, https:\/\/www.peritcam.com\/wp-content\/uploads\/2024\/03\/Logo-videoperitacion-sm-300x72.png 300w\" sizes=\"(max-width: 356px) 100vw, 356px\" class=\"wp-image-7684\" title=\"Logo-videoperitacion-sm\" \/><\/span><\/div><\/div><\/div><div class=\"et_pb_bottom_inside_divider et-no-transition\"><\/div><\/div><div class=\"et_pb_section_5 et_pb_section et_section_regular et_block_section\" id=\"contacto\"><div class=\"et_pb_row_3 et_pb_row et_block_row\"><div class=\"et_pb_column_9 et_pb_column et_pb_column_4_4 et-last-child et_block_column et_pb_css_mix_blend_mode_passthrough\"><div class=\"et_pb_text_8 et_pb_text et_pb_bg_layout_light et_animated et_pb_module et_block_module\"><div class=\"et_pb_text_inner\"><h2><span>Contact\u00a0<\/span><\/h2>\n<p><span><\/span><\/p>\n<\/div><\/div><div class=\"et_pb_text_9 et_pb_text et_pb_bg_layout_light et_animated et_pb_module et_block_module et_pb_text_align_center\"><div class=\"et_pb_text_inner\"><p>Si vous avez besoin de plus d&#039;informations <b>N&#039;h\u00e9sitez pas \u00e0 nous contacter<\/b><\/p>\n<\/div><\/div><div class=\"et_pb_divider_3 et_pb_divider et_pb_space et_pb_divider_position_top et_animated et_pb_module\"><div class=\"et_pb_divider_internal\"><\/div><\/div><\/div><\/div><div class=\"et_pb_row_4 et_pb_row et_pb_equal_columns et_pb_gutters1 et_block_row\"><div class=\"et_pb_column_10 et_pb_column et_pb_column_1_2 et_block_column et_pb_css_mix_blend_mode_passthrough et_animated et_clickable\"><div class=\"et_pb_blurb_3 et_pb_blurb et_pb_bg_layout_light et_pb_blurb_position_top et_animated et_pb_module et_block_module\"><div class=\"et_pb_blurb_content\"><div class=\"et_pb_main_blurb_image\"><a href=\"tel:964780410\"><span class=\"et_pb_image_wrap\"><span class=\"et-pb-icon et_animated et_animated\">\ue090<\/span><\/span><\/a><\/div><div class=\"et_pb_blurb_container\"><h4 class=\"et_pb_module_header\"><a href=\"tel:964780410\"> 964 780 410<\/a><\/h4><div class=\"et_pb_blurb_description\"><p>Lundi : 9h00-18h00 | Vendredi : 9h00-15h00<\/p>\n<\/div><\/div><\/div><\/div><\/div><div class=\"et_pb_column_11 et_pb_column et_pb_column_1_2 et-last-child et_block_column et_pb_css_mix_blend_mode_passthrough\"><div class=\"et_pb_blurb_4 et_pb_blurb et_pb_bg_layout_light et_pb_blurb_position_top et_animated et_pb_module et_block_module\"><div class=\"et_pb_blurb_content\"><div class=\"et_pb_main_blurb_image\"><a href=\"mailto:info@peritcam.com\"><span class=\"et_pb_image_wrap\"><span class=\"et-pb-icon et_animated et_animated\">\uf1fa<\/span><\/span><\/a><\/div><div class=\"et_pb_blurb_container\"><h4 class=\"et_pb_module_header\"><a href=\"mailto:info@peritcam.com\">info@peritcam.com<\/a><\/h4><div class=\"et_pb_blurb_description\"><p>\u00c9crivez-nous, nous vous r\u00e9pondrons rapidement.<\/p>\n<\/div><\/div><\/div><\/div><\/div><\/div><\/div>","protected":false},"excerpt":{"rendered":"","protected":false},"author":1,"featured_media":0,"parent":0,"menu_order":0,"comment_status":"closed","ping_status":"closed","template":"","meta":{"footnotes":""},"class_list":["post-7855","page","type-page","status-publish","hentry"],"_links":{"self":[{"href":"https:\/\/www.peritcam.com\/fr\/wp-json\/wp\/v2\/pages\/7855","targetHints":{"allow":["GET"]}}],"collection":[{"href":"https:\/\/www.peritcam.com\/fr\/wp-json\/wp\/v2\/pages"}],"about":[{"href":"https:\/\/www.peritcam.com\/fr\/wp-json\/wp\/v2\/types\/page"}],"author":[{"embeddable":true,"href":"https:\/\/www.peritcam.com\/fr\/wp-json\/wp\/v2\/users\/1"}],"replies":[{"embeddable":true,"href":"https:\/\/www.peritcam.com\/fr\/wp-json\/wp\/v2\/comments?post=7855"}],"version-history":[{"count":10,"href":"https:\/\/www.peritcam.com\/fr\/wp-json\/wp\/v2\/pages\/7855\/revisions"}],"predecessor-version":[{"id":9318,"href":"https:\/\/www.peritcam.com\/fr\/wp-json\/wp\/v2\/pages\/7855\/revisions\/9318"}],"wp:attachment":[{"href":"https:\/\/www.peritcam.com\/fr\/wp-json\/wp\/v2\/media?parent=7855"}],"curies":[{"name":"wp","href":"https:\/\/api.w.org\/{rel}","templated":true}]}}