{"id":7536,"date":"2023-12-19T17:15:05","date_gmt":"2023-12-19T16:15:05","guid":{"rendered":"https:\/\/www.peritcam.com\/?page_id=7536"},"modified":"2026-04-20T15:56:02","modified_gmt":"2026-04-20T13:56:02","slug":"politique-de-cookies","status":"publish","type":"page","link":"https:\/\/www.peritcam.com\/fr\/mentions-legales\/politique-de-cookies\/","title":{"rendered":"Politique relative aux cookies"},"content":{"rendered":"<div class=\"et_pb_section_0 et_pb_section et_section_regular et_block_section section_has_divider et_pb_bottom_divider\"><div class=\"et_pb_bottom_inside_divider et-no-transition\"><\/div><\/div><div class=\"et_pb_section_1 et_pb_section et_section_regular et_block_section\" id=\"contacto\"><div class=\"et_pb_row_0 et_pb_row et_block_row\"><div class=\"et_pb_column_0 et_pb_column et_pb_column_4_4 et-last-child et_block_column et_pb_css_mix_blend_mode_passthrough\"><div class=\"et_pb_text_0 et_pb_text et_pb_bg_layout_light et_pb_module et_block_module\"><div class=\"et_pb_text_inner\"><p><b>Documents juridiques :<\/b><\/p>\n<\/div><\/div><div class=\"et_pb_menu_0 et_pb_menu et_pb_menu--without-logo et_pb_menu--style-left_aligned et_dropdown_animation_fade et_pb_bg_layout_light et_pb_text_align_right-tablet et_pb_text_align_right-phone et_pb_module et_flex_module\"><div class=\"et_pb_menu_inner_container et_flex_module\"><div class=\"et_pb_menu__wrap\"><div class=\"et_pb_menu__menu\"><nav class=\"et-menu-nav\"><ul id=\"menu-legal_es\" class=\"et-menu nav downwards\"><li id=\"menu-item-7958\" class=\"et_pb_menu_page_id-6608 menu-item menu-item-type-post_type menu-item-object-page menu-item-7958\"><a href=\"https:\/\/www.peritcam.com\/fr\/mentions-legales\/\">Avis juridique<\/a><\/li>\n<li id=\"menu-item-7959\" class=\"et_pb_menu_page_id-7945 menu-item menu-item-type-post_type menu-item-object-page menu-item-privacy-policy menu-item-7959\"><a rel=\"privacy-policy\" href=\"https:\/\/www.peritcam.com\/fr\/mentions-legales\/politique-de-confidentialite\/\">politique de confidentialit\u00e9<\/a><\/li>\n<li id=\"menu-item-7962\" class=\"et_pb_menu_page_id-7536 menu-item menu-item-type-post_type menu-item-object-page menu-item-7962\"><a href=\"https:\/\/www.peritcam.com\/fr\/mentions-legales\/politique-de-cookies\/\">Politique relative aux cookies<\/a><\/li>\n<li id=\"menu-item-7961\" class=\"et_pb_menu_page_id-7954 menu-item menu-item-type-post_type menu-item-object-page menu-item-7961\"><a href=\"https:\/\/www.peritcam.com\/fr\/mentions-legales\/conditions-generales-du-contrat\/\">Conditions g\u00e9n\u00e9rales du contrat<\/a><\/li>\n<li id=\"menu-item-7960\" class=\"et_pb_menu_page_id-7941 menu-item menu-item-type-post_type menu-item-object-page menu-item-7960\"><a href=\"https:\/\/www.peritcam.com\/fr\/mentions-legales\/conditions-dutilisation-de-lapplication\/\">Conditions d&#039;utilisation de l&#039;application<\/a><\/li>\n<li id=\"menu-item-7963\" class=\"et_pb_menu_page_id-7949 menu-item menu-item-type-post_type menu-item-object-page menu-item-7963\"><a href=\"https:\/\/www.peritcam.com\/fr\/mentions-legales\/politique-de-confidentialite-des-applications\/\">Politique de confidentialit\u00e9 de l&#039;application<\/a><\/li>\n<\/ul><\/nav><\/div><div class=\"et_mobile_nav_menu\"><div class=\"mobile_nav closed\"><span class=\"mobile_menu_bar\"><\/span><\/div><\/div><\/div><\/div><\/div><div class=\"et_pb_text_1 et_pb_text et_pb_bg_layout_light et_pb_module et_block_module\"><div class=\"et_pb_text_inner\"><h2><strong>POLITIQUE RELATIVE AUX COOKIES<\/strong><\/h2>\n<p>&nbsp;<\/p>\n<p>H\u00c9CTOR LINARES MORALES vous informe de l&#039;utilisation de cookies sur son site web\u00a0: https:\/\/www.peritcam.com<\/p>\n<p><strong>Que sont les cookies ?<\/strong><\/p>\n<p>Les cookies sont des fichiers qui peuvent \u00eatre t\u00e9l\u00e9charg\u00e9s sur votre ordinateur par les sites web. Ils sont essentiels au fonctionnement de nombreux services de la soci\u00e9t\u00e9 de l&#039;information. Ils permettent notamment \u00e0 un site web de stocker et de r\u00e9cup\u00e9rer des informations sur les habitudes de navigation d&#039;un utilisateur ou sur son ordinateur et, selon les informations recueillies, de reconna\u00eetre l&#039;utilisateur et d&#039;am\u00e9liorer le service propos\u00e9.<\/p>\n<p><strong>Types de cookies<\/strong><\/p>\n<p>Selon l&#039;entit\u00e9 qui g\u00e8re le domaine \u00e0 partir duquel les cookies sont envoy\u00e9s et qui traite les donn\u00e9es obtenues, on peut distinguer deux types\u00a0:<\/p>\n<ul>\n<li>Cookies internes\u00a0: ceux qui sont envoy\u00e9s \u00e0 l\u2019\u00e9quipement terminal de l\u2019utilisateur depuis un ordinateur ou un domaine g\u00e9r\u00e9 par l\u2019\u00e9diteur lui-m\u00eame et \u00e0 partir duquel le service demand\u00e9 par l\u2019utilisateur est fourni.<\/li>\n<li>Cookies tiers\u00a0: ceux qui sont envoy\u00e9s \u00e0 l\u2019\u00e9quipement terminal de l\u2019utilisateur depuis un ordinateur ou un domaine qui n\u2019est pas g\u00e9r\u00e9 par l\u2019\u00e9diteur, mais par une autre entit\u00e9 qui traite les donn\u00e9es obtenues par le biais des cookies.<\/li>\n<\/ul>\n<p>Si les cookies sont install\u00e9s \u00e0 partir d&#039;un ordinateur ou d&#039;un domaine g\u00e9r\u00e9 par l&#039;\u00e9diteur lui-m\u00eame, mais que les informations collect\u00e9es par leur interm\u00e9diaire sont g\u00e9r\u00e9es par un tiers, ils ne peuvent pas \u00eatre consid\u00e9r\u00e9s comme des cookies internes.<\/p>\n<p>Il existe \u00e9galement une seconde classification bas\u00e9e sur la dur\u00e9e pendant laquelle elles restent stock\u00e9es dans le navigateur du client, qui peut \u00eatre\u00a0:<\/p>\n<ul>\n<li>Cookies de session\u00a0: con\u00e7us pour collecter et stocker des donn\u00e9es pendant qu\u2019un utilisateur acc\u00e8de \u00e0 un site web. Ils servent g\u00e9n\u00e9ralement \u00e0 stocker des informations uniquement n\u00e9cessaires \u00e0 la fourniture du service demand\u00e9 par l\u2019utilisateur \u00e0 une seule occasion (par exemple, une liste de produits achet\u00e9s).<\/li>\n<li>Cookies persistants\u00a0: les donn\u00e9es restent stock\u00e9es sur le terminal et peuvent \u00eatre consult\u00e9es et trait\u00e9es pendant une p\u00e9riode d\u00e9finie par le propri\u00e9taire du cookie, qui peut aller de quelques minutes \u00e0 plusieurs ann\u00e9es.<\/li>\n<\/ul>\n<p>Enfin, il existe une autre classification avec six types de cookies selon la finalit\u00e9 du traitement des donn\u00e9es obtenues\u00a0:<\/p>\n<ul>\n<li>Cookies techniques\u00a0: Ceux qui permettent \u00e0 l\u2019utilisateur de naviguer sur un site web, une plateforme ou une application et d\u2019utiliser les diff\u00e9rentes options ou services qui y existent, tels que le contr\u00f4le du trafic et de la communication des donn\u00e9es, l\u2019identification de la session, l\u2019acc\u00e8s aux zones restreintes, la m\u00e9morisation des articles d\u2019une commande, la finalisation du processus d\u2019achat, l\u2019inscription ou la participation \u00e0 un \u00e9v\u00e9nement, l\u2019utilisation des fonctions de s\u00e9curit\u00e9 lors de la navigation, le stockage de contenu pour la lecture vid\u00e9o ou audio, ou le partage de contenu via les r\u00e9seaux sociaux.<\/li>\n<li>Cookies de personnalisation\u00a0: ceux-ci permettent \u00e0 l\u2019utilisateur d\u2019acc\u00e9der au service avec certaines caract\u00e9ristiques g\u00e9n\u00e9rales pr\u00e9d\u00e9finies, bas\u00e9es sur une s\u00e9rie de crit\u00e8res relatifs au terminal de l\u2019utilisateur, tels que la langue, le type de navigateur utilis\u00e9 pour acc\u00e9der au service, les param\u00e8tres r\u00e9gionaux \u00e0 partir desquels le service est consult\u00e9, etc.<\/li>\n<li>Cookies analytiques\u00a0: Ces cookies permettent au propri\u00e9taire du site web de suivre et d\u2019analyser le comportement des utilisateurs sur les sites web auxquels ils renvoient. Les informations collect\u00e9es gr\u00e2ce \u00e0 ces cookies servent \u00e0 mesurer l\u2019activit\u00e9 du site web, de l\u2019application ou de la plateforme et \u00e0 cr\u00e9er des profils de navigation des utilisateurs afin d\u2019apporter des am\u00e9liorations bas\u00e9es sur l\u2019analyse des donn\u00e9es.<\/li>\n<li>Cookies publicitaires\u00a0: Ils permettent une gestion plus efficace des espaces publicitaires.<\/li>\n<li>Cookies publicitaires comportementaux\u00a0: ceux-ci stockent des informations sur le comportement des utilisateurs obtenues gr\u00e2ce \u00e0 l\u2019observation continue de leurs habitudes de navigation, permettant ainsi l\u2019\u00e9laboration d\u2019un profil sp\u00e9cifique pour afficher des publicit\u00e9s bas\u00e9es sur ce profil.<\/li>\n<li>Cookies de r\u00e9seaux sociaux tiers\u00a0: Ces cookies permettent aux visiteurs d\u2019interagir avec du contenu provenant de diff\u00e9rentes plateformes de r\u00e9seaux sociaux (Facebook, YouTube, Twitter, LinkedIn, etc.) et ne sont g\u00e9n\u00e9r\u00e9s que pour les utilisateurs de ces r\u00e9seaux. Les conditions d\u2019utilisation de ces cookies et les informations collect\u00e9es sont r\u00e9gies par la politique de confidentialit\u00e9 de la plateforme de r\u00e9seau social concern\u00e9e.<\/li>\n<\/ul>\n<p><strong>D\u00e9sactivation et suppression des cookies<\/strong><\/p>\n<p>Vous pouvez autoriser, bloquer ou supprimer les cookies install\u00e9s sur votre ordinateur en configurant les param\u00e8tres de votre navigateur. La d\u00e9sactivation des cookies peut emp\u00eacher le fonctionnement de certains services. La m\u00e9thode pour d\u00e9sactiver les cookies varie selon le navigateur, mais elle se fait g\u00e9n\u00e9ralement via le menu Outils ou Options. Vous pouvez \u00e9galement consulter le menu Aide de votre navigateur pour obtenir des instructions. Vous pouvez choisir \u00e0 tout moment les cookies que vous souhaitez autoriser sur ce site web.<\/p>\n<p>Vous pouvez autoriser, bloquer ou supprimer les cookies install\u00e9s sur votre ordinateur en configurant les options du navigateur install\u00e9 sur votre ordinateur\u00a0:<\/p>\n<ul>\n<li>Microsoft Internet Explorer ou Microsoft Edge\u00a0: http:\/\/windows.microsoft.com\/es-es\/windows-vista\/Block-or-allow-cookies<\/li>\n<li>Mozilla Firefox\u00a0: http:\/\/support.mozilla.org\/es\/kb\/impedir-que-los-sitios-web-guarden-sus-preference<\/li>\n<li>Chrome\u00a0: https:\/\/support.google.com\/accounts\/answer\/61416?hl=es<\/li>\n<li>Safari\u00a0: http:\/\/safari.helpmax.net\/es\/privacidad-y-security\/como-gestionar-las-cookies\/<\/li>\n<li>Opera\u00a0: http:\/\/help.opera.com\/Linux\/10.60\/es-ES\/cookies.html<\/li>\n<\/ul>\n<p>De plus, vous pouvez \u00e9galement g\u00e9rer le stockage des cookies de votre navigateur \u00e0 l&#039;aide d&#039;outils tels que les suivants\u00a0:<\/p>\n<ul class=\"cky-table-wrapper cookyePhaterTag\">\n<li>Ghostery : www.ghostery.com<\/li>\n<li>Vos choix en ligne\u00a0: www.youronlinechoices.com\/es\/<\/li>\n<\/ul>\n<p>Cookies utilis\u00e9s sur https:\/\/www.peritcam.com<\/p>\n<p>Les cookies utilis\u00e9s sur ce site web sont identifi\u00e9s ci-dessous, avec leur type et leur fonction\u00a0:<\/p>\n<ul class=\"cky-table-wrapper cookyePhaterTag\">\n<li>_G\u00e9orgie<\/li>\n<ul>\n<li>Dur\u00e9e : 2 ans<\/li>\n<li>Description\u00a0: Utilis\u00e9 pour distinguer les utilisateurs. G\u00e9n\u00e9r\u00e9 par Google Analytics. Google stocke les informations collect\u00e9es par les cookies sur des serveurs situ\u00e9s aux \u00c9tats-Unis, conform\u00e9ment \u00e0 la l\u00e9gislation europ\u00e9enne relative \u00e0 la protection des donn\u00e9es personnelles, et s\u2019engage \u00e0 ne pas les partager avec des tiers, sauf si la loi l\u2019exige ou si cela est n\u00e9cessaire au fonctionnement du syst\u00e8me. Google n\u2019associe pas votre adresse IP \u00e0 d\u2019autres informations en sa possession. Pour plus d\u2019informations sur les cookies utilis\u00e9s par Google Analytics, veuillez consulter l\u2019adresse suivante\u00a0: https:\/\/developers.google.com\/analytics\/devguides\/collection\/analyticsjs\/cookie-usage?hl=es&amp;csw=1<\/li>\n<li>Type : Troisi\u00e8me<\/li>\n<li>Objectif : Analyse<\/li>\n<\/ul>\n<li>_ga_XD9R4LDQKB<\/li>\n<ul>\n<li>Dur\u00e9e : 1 an et 1 mois<\/li>\n<li>Description : Ce cookie est utilis\u00e9 par Google Analytics pour maintenir l&#039;\u00e9tat de la session.<\/li>\n<li>Type : Troisi\u00e8me<\/li>\n<li>Objectif : Analyse<\/li>\n<\/ul>\n<li>consentement aux cookies<\/li>\n<ul>\n<li>Dur\u00e9e : 1 an<\/li>\n<li>Description\u00a0: CookieYes utilise ce cookie pour m\u00e9moriser les pr\u00e9f\u00e9rences de consentement des utilisateurs afin qu\u2019elles soient respect\u00e9es lors de leurs prochaines visites sur ce site. Ce cookie ne collecte ni ne stocke aucune information personnelle concernant les visiteurs du site.<\/li>\n<li>Type : Troisi\u00e8me<\/li>\n<li>Objectif : Personnalisation<\/li>\n<\/ul>\n<\/ul>\n<p>Le site https:\/\/www.peritcam.com affiche des informations sur sa politique en mati\u00e8re de cookies en bas ou en haut de chaque page du portail lors de chaque connexion.<\/p>\n<p>Compte tenu de ces informations, les actions suivantes peuvent \u00eatre entreprises\u00a0:<\/p>\n<ul>\n<li>Accepter les cookies\u00a0: ce message ne s\u2019affichera plus lors de l\u2019acc\u00e8s \u00e0 aucune page du portail pendant cette session.<\/li>\n<li>Modifiez\/personnalisez vos param\u00e8tres\u00a0: Vous pouvez en savoir plus sur les cookies, consulter la politique relative aux cookies \u00e0 l\u2019adresse\u00a0: https:\/\/www.peritcam.com et modifier les param\u00e8tres de votre navigateur.<\/li>\n<\/ul>\n<\/div><\/div><\/div><\/div><\/div><div class=\"et_pb_section_2 et_pb_section et_section_regular et_block_section section_has_divider et_pb_top_divider et_pb_bottom_divider\" id=\"cookies\"><div class=\"et_pb_top_inside_divider et-no-transition\"><\/div><div class=\"et_pb_bottom_inside_divider et-no-transition\"><\/div><\/div>","protected":false},"excerpt":{"rendered":"","protected":false},"author":1,"featured_media":0,"parent":6608,"menu_order":0,"comment_status":"closed","ping_status":"closed","template":"","meta":{"footnotes":""},"class_list":["post-7536","page","type-page","status-publish","hentry"],"_links":{"self":[{"href":"https:\/\/www.peritcam.com\/fr\/wp-json\/wp\/v2\/pages\/7536","targetHints":{"allow":["GET"]}}],"collection":[{"href":"https:\/\/www.peritcam.com\/fr\/wp-json\/wp\/v2\/pages"}],"about":[{"href":"https:\/\/www.peritcam.com\/fr\/wp-json\/wp\/v2\/types\/page"}],"author":[{"embeddable":true,"href":"https:\/\/www.peritcam.com\/fr\/wp-json\/wp\/v2\/users\/1"}],"replies":[{"embeddable":true,"href":"https:\/\/www.peritcam.com\/fr\/wp-json\/wp\/v2\/comments?post=7536"}],"version-history":[{"count":10,"href":"https:\/\/www.peritcam.com\/fr\/wp-json\/wp\/v2\/pages\/7536\/revisions"}],"predecessor-version":[{"id":9317,"href":"https:\/\/www.peritcam.com\/fr\/wp-json\/wp\/v2\/pages\/7536\/revisions\/9317"}],"up":[{"embeddable":true,"href":"https:\/\/www.peritcam.com\/fr\/wp-json\/wp\/v2\/pages\/6608"}],"wp:attachment":[{"href":"https:\/\/www.peritcam.com\/fr\/wp-json\/wp\/v2\/media?parent=7536"}],"curies":[{"name":"wp","href":"https:\/\/api.w.org\/{rel}","templated":true}]}}