{"id":6608,"date":"2023-11-09T17:12:29","date_gmt":"2023-11-09T16:12:29","guid":{"rendered":"https:\/\/www.peritcam.com\/?page_id=6608"},"modified":"2026-04-20T15:55:53","modified_gmt":"2026-04-20T13:55:53","slug":"mentions-legales","status":"publish","type":"page","link":"https:\/\/www.peritcam.com\/fr\/mentions-legales\/","title":{"rendered":"Avis juridique"},"content":{"rendered":"<div class=\"et_pb_section_0 et_pb_section et_section_regular et_block_section section_has_divider et_pb_bottom_divider\"><div class=\"et_pb_bottom_inside_divider et-no-transition\"><\/div><\/div><div class=\"et_pb_section_1 et_pb_section et_section_regular et_block_section\" id=\"contacto\"><div class=\"et_pb_row_0 et_pb_row et_block_row\"><div class=\"et_pb_column_0 et_pb_column et_pb_column_4_4 et-last-child et_block_column et_pb_css_mix_blend_mode_passthrough\"><div class=\"et_pb_text_0 et_pb_text et_pb_bg_layout_light et_pb_module et_block_module\"><div class=\"et_pb_text_inner\"><p><b>Documents juridiques :<\/b><\/p>\n<\/div><\/div><div class=\"et_pb_menu_0 et_pb_menu et_pb_menu--without-logo et_pb_menu--style-left_aligned et_dropdown_animation_fade et_pb_bg_layout_light et_pb_text_align_right-tablet et_pb_text_align_right-phone et_pb_module et_flex_module\"><div class=\"et_pb_menu_inner_container et_flex_module\"><div class=\"et_pb_menu__wrap\"><div class=\"et_pb_menu__menu\"><nav class=\"et-menu-nav\"><ul id=\"menu-legal_es\" class=\"et-menu nav downwards\"><li id=\"menu-item-7958\" class=\"et_pb_menu_page_id-6608 menu-item menu-item-type-post_type menu-item-object-page menu-item-7958\"><a href=\"https:\/\/www.peritcam.com\/fr\/mentions-legales\/\">Avis juridique<\/a><\/li>\n<li id=\"menu-item-7959\" class=\"et_pb_menu_page_id-7945 menu-item menu-item-type-post_type menu-item-object-page menu-item-privacy-policy menu-item-7959\"><a rel=\"privacy-policy\" href=\"https:\/\/www.peritcam.com\/fr\/mentions-legales\/politique-de-confidentialite\/\">politique de confidentialit\u00e9<\/a><\/li>\n<li id=\"menu-item-7962\" class=\"et_pb_menu_page_id-7536 menu-item menu-item-type-post_type menu-item-object-page menu-item-7962\"><a href=\"https:\/\/www.peritcam.com\/fr\/mentions-legales\/politique-de-cookies\/\">Politique relative aux cookies<\/a><\/li>\n<li id=\"menu-item-7961\" class=\"et_pb_menu_page_id-7954 menu-item menu-item-type-post_type menu-item-object-page menu-item-7961\"><a href=\"https:\/\/www.peritcam.com\/fr\/mentions-legales\/conditions-generales-du-contrat\/\">Conditions g\u00e9n\u00e9rales du contrat<\/a><\/li>\n<li id=\"menu-item-7960\" class=\"et_pb_menu_page_id-7941 menu-item menu-item-type-post_type menu-item-object-page menu-item-7960\"><a href=\"https:\/\/www.peritcam.com\/fr\/mentions-legales\/conditions-dutilisation-de-lapplication\/\">Conditions d&#039;utilisation de l&#039;application<\/a><\/li>\n<li id=\"menu-item-7963\" class=\"et_pb_menu_page_id-7949 menu-item menu-item-type-post_type menu-item-object-page menu-item-7963\"><a href=\"https:\/\/www.peritcam.com\/fr\/mentions-legales\/politique-de-confidentialite-des-applications\/\">Politique de confidentialit\u00e9 de l&#039;application<\/a><\/li>\n<\/ul><\/nav><\/div><div class=\"et_mobile_nav_menu\"><div class=\"mobile_nav closed\"><span class=\"mobile_menu_bar\"><\/span><\/div><\/div><\/div><\/div><\/div><div class=\"et_pb_text_1 et_pb_text et_pb_bg_layout_light et_pb_module et_block_module\"><div class=\"et_pb_text_inner\"><h1>Avis juridique<\/h1>\n<div class=\"et_pb_module et_pb_text et_pb_text_2 familiaTitulo  et_pb_text_align_left et_pb_bg_layout_light\">\n<div class=\"et_pb_text_inner\">\n<div class=\"et_pb_module et_pb_text et_pb_text_2 familiaTitulo  et_pb_text_align_left et_pb_bg_layout_light\">\n<div class=\"et_pb_text_inner\">\n<p><span style=\"font-size: 16px;\">Conform\u00e9ment \u00e0 l\u2019obligation d\u2019information pr\u00e9vue \u00e0 l\u2019article 10 de la loi 34\/2002 du 11 juillet relative aux services de la soci\u00e9t\u00e9 de l\u2019information et au commerce \u00e9lectronique (LSSICE), le propri\u00e9taire du site web vous informe de ce qui suit\u00a0:<\/span><\/p>\n<ul>\n<li>Nom de l&#039;entreprise : H\u00c9CTOR LINARES MORALES<\/li>\n<li>NIF\u00a0: 20248892Z<\/li>\n<li>Adresse : C\/ Els Ports, 3, 12005 - Castellon (Castell\u00f3n De La Plana)<\/li>\n<\/ul>\n<p>Dans les limites \u00e9tablies par la loi, H\u00c9CTOR LINARES MORALES n&#039;assume aucune responsabilit\u00e9 d\u00e9coulant du manque de v\u00e9racit\u00e9, d&#039;int\u00e9grit\u00e9, de mise \u00e0 jour et d&#039;exactitude des donn\u00e9es ou informations contenues sur ses pages web.<\/p>\n<p>Le contenu et les informations n&#039;engagent pas H\u00c9CTOR LINARES MORALES et ne constituent pas des opinions, des conseils ou des avis juridiques de quelque nature que ce soit, car il s&#039;agit simplement d&#039;un service offert \u00e0 des fins d&#039;information et d&#039;\u00e9ducation.<\/p>\n<p>Les sites web d&#039;H\u00c9CTOR LINARES MORALES peuvent contenir des liens vers des sites web tiers sur lesquels H\u00c9CTOR LINARES MORALES n&#039;a aucun contr\u00f4le. Par cons\u00e9quent, H\u00c9CTOR LINARES MORALES ne peut \u00eatre tenu responsable du contenu qui pourrait appara\u00eetre sur ces sites web tiers.<\/p>\n<p>Les textes, images, sons, animations, logiciels et tout autre contenu figurant sur ce site web sont la propri\u00e9t\u00e9 exclusive d&#039;H\u00e9ctor Linares Morales ou de ses conc\u00e9dants de licence. Toute transmission, distribution, cession, reproduction, stockage ou communication publique, int\u00e9grale ou partielle, est soumise \u00e0 l&#039;autorisation expresse d&#039;H\u00e9ctor Linares Morales.<\/p>\n<p>Par ailleurs, pour acc\u00e9der \u00e0 certains services propos\u00e9s par H\u00c9CTOR LINARES MORALES via son site internet, vous devrez fournir certaines donn\u00e9es personnelles. Conform\u00e9ment au R\u00e8glement (UE) 2016\/679 du Parlement europ\u00e9en et du Conseil du 27 avril 2016 relatif \u00e0 la protection des personnes physiques \u00e0 l\u2019\u00e9gard du traitement des donn\u00e9es \u00e0 caract\u00e8re personnel et \u00e0 la libre circulation de ces donn\u00e9es, nous vous informons qu\u2019en remplissant ces formulaires, vos donn\u00e9es personnelles seront int\u00e9gr\u00e9es et trait\u00e9es dans les fichiers de H\u00c9CTOR LINARES MORALES afin de vous fournir nos services et de vous informer des am\u00e9liorations apport\u00e9es au site internet.<\/p>\n<p>Nous vous informons \u00e9galement que vous aurez la possibilit\u00e9, \u00e0 tout moment, d\u2019exercer gratuitement vos droits d\u2019acc\u00e8s, de rectification, d\u2019effacement, d\u2019opposition, de limitation et de portabilit\u00e9 de vos donn\u00e9es personnelles, en nous contactant par courriel \u00e0 l\u2019adresse suivante\u00a0:<\/p>\n<p>info@informaticoscastellon.com ou \u00e0 l&#039;adresse : C\/ Els Ports, 3, 12005 - Castellon (Castell\u00f3n De La Plana).<\/p>\n<\/div>\n<\/div>\n<div class=\"et_pb_module et_pb_text et_pb_text_3  et_pb_text_align_left et_pb_bg_layout_light\">\n<div class=\"et_pb_text_inner\"><\/div>\n<\/div>\n<\/div>\n<\/div>\n<div class=\"et_pb_module et_pb_text et_pb_text_3  et_pb_text_align_left et_pb_bg_layout_light\">\n<div class=\"et_pb_text_inner\"><\/div>\n<\/div>\n<\/div><\/div><\/div><\/div><\/div>","protected":false},"excerpt":{"rendered":"","protected":false},"author":1,"featured_media":0,"parent":0,"menu_order":0,"comment_status":"closed","ping_status":"closed","template":"","meta":{"footnotes":""},"class_list":["post-6608","page","type-page","status-publish","hentry"],"_links":{"self":[{"href":"https:\/\/www.peritcam.com\/fr\/wp-json\/wp\/v2\/pages\/6608","targetHints":{"allow":["GET"]}}],"collection":[{"href":"https:\/\/www.peritcam.com\/fr\/wp-json\/wp\/v2\/pages"}],"about":[{"href":"https:\/\/www.peritcam.com\/fr\/wp-json\/wp\/v2\/types\/page"}],"author":[{"embeddable":true,"href":"https:\/\/www.peritcam.com\/fr\/wp-json\/wp\/v2\/users\/1"}],"replies":[{"embeddable":true,"href":"https:\/\/www.peritcam.com\/fr\/wp-json\/wp\/v2\/comments?post=6608"}],"version-history":[{"count":10,"href":"https:\/\/www.peritcam.com\/fr\/wp-json\/wp\/v2\/pages\/6608\/revisions"}],"predecessor-version":[{"id":9309,"href":"https:\/\/www.peritcam.com\/fr\/wp-json\/wp\/v2\/pages\/6608\/revisions\/9309"}],"wp:attachment":[{"href":"https:\/\/www.peritcam.com\/fr\/wp-json\/wp\/v2\/media?parent=6608"}],"curies":[{"name":"wp","href":"https:\/\/api.w.org\/{rel}","templated":true}]}}