{"id":6608,"date":"2023-11-09T17:12:29","date_gmt":"2023-11-09T16:12:29","guid":{"rendered":"https:\/\/www.peritcam.com\/?page_id=6608"},"modified":"2026-04-20T15:55:53","modified_gmt":"2026-04-20T13:55:53","slug":"legal-notice","status":"publish","type":"page","link":"https:\/\/www.peritcam.com\/en\/legal-notice\/","title":{"rendered":"Legal Notice"},"content":{"rendered":"<div class=\"et_pb_section_0 et_pb_section et_section_regular et_block_section section_has_divider et_pb_bottom_divider\"><div class=\"et_pb_bottom_inside_divider et-no-transition\"><\/div><\/div><div class=\"et_pb_section_1 et_pb_section et_section_regular et_block_section\" id=\"contacto\"><div class=\"et_pb_row_0 et_pb_row et_block_row\"><div class=\"et_pb_column_0 et_pb_column et_pb_column_4_4 et-last-child et_block_column et_pb_css_mix_blend_mode_passthrough\"><div class=\"et_pb_text_0 et_pb_text et_pb_bg_layout_light et_pb_module et_block_module\"><div class=\"et_pb_text_inner\"><p><b>Legal documents:<\/b><\/p>\n<\/div><\/div><div class=\"et_pb_menu_0 et_pb_menu et_pb_menu--without-logo et_pb_menu--style-left_aligned et_dropdown_animation_fade et_pb_bg_layout_light et_pb_text_align_right-tablet et_pb_text_align_right-phone et_pb_module et_flex_module\"><div class=\"et_pb_menu_inner_container et_flex_module\"><div class=\"et_pb_menu__wrap\"><div class=\"et_pb_menu__menu\"><nav class=\"et-menu-nav\"><ul id=\"menu-legal_es\" class=\"et-menu nav downwards\"><li id=\"menu-item-7958\" class=\"et_pb_menu_page_id-6608 menu-item menu-item-type-post_type menu-item-object-page menu-item-7958\"><a href=\"https:\/\/www.peritcam.com\/en\/legal-notice\/\">Legal Notice<\/a><\/li>\n<li id=\"menu-item-7959\" class=\"et_pb_menu_page_id-7945 menu-item menu-item-type-post_type menu-item-object-page menu-item-privacy-policy menu-item-7959\"><a rel=\"privacy-policy\" href=\"https:\/\/www.peritcam.com\/en\/legal-notice\/privacy-policy\/\">Privacy Policy<\/a><\/li>\n<li id=\"menu-item-7962\" class=\"et_pb_menu_page_id-7536 menu-item menu-item-type-post_type menu-item-object-page menu-item-7962\"><a href=\"https:\/\/www.peritcam.com\/en\/legal-notice\/cookies-policy\/\">Cookie Policy<\/a><\/li>\n<li id=\"menu-item-7961\" class=\"et_pb_menu_page_id-7954 menu-item menu-item-type-post_type menu-item-object-page menu-item-7961\"><a href=\"https:\/\/www.peritcam.com\/en\/legal-notice\/general-contracting-conditions\/\">General terms and conditions of contract<\/a><\/li>\n<li id=\"menu-item-7960\" class=\"et_pb_menu_page_id-7941 menu-item menu-item-type-post_type menu-item-object-page menu-item-7960\"><a href=\"https:\/\/www.peritcam.com\/en\/legal-notice\/application-terms-of-use\/\">Terms of Use of the Application<\/a><\/li>\n<li id=\"menu-item-7963\" class=\"et_pb_menu_page_id-7949 menu-item menu-item-type-post_type menu-item-object-page menu-item-7963\"><a href=\"https:\/\/www.peritcam.com\/en\/legal-notice\/application-privacy-policy\/\">Application Privacy Policy<\/a><\/li>\n<\/ul><\/nav><\/div><div class=\"et_mobile_nav_menu\"><div class=\"mobile_nav closed\"><span class=\"mobile_menu_bar\"><\/span><\/div><\/div><\/div><\/div><\/div><div class=\"et_pb_text_1 et_pb_text et_pb_bg_layout_light et_pb_module et_block_module\"><div class=\"et_pb_text_inner\"><h1>Legal notice<\/h1>\n<div class=\"et_pb_module et_pb_text et_pb_text_2 familiaTitulo  et_pb_text_align_left et_pb_bg_layout_light\">\n<div class=\"et_pb_text_inner\">\n<div class=\"et_pb_module et_pb_text et_pb_text_2 familiaTitulo  et_pb_text_align_left et_pb_bg_layout_light\">\n<div class=\"et_pb_text_inner\">\n<p><span style=\"font-size: 16px;\">In compliance with the duty of information contained in article 10 of Law 34\/2002, of July 11, on Information Society Services and Electronic Commerce (LSSICE), the owner of the website informs you of the following:<\/span><\/p>\n<ul>\n<li>Company name: HECTOR LINARES MORALES<\/li>\n<li>NIF: 20248892Z<\/li>\n<li>Address: C\/ Els Ports, 3, 12005 - Castellon (Castell\u00f3n De La Plana)<\/li>\n<\/ul>\n<p>Within the limits established by law, H\u00c9CTOR LINARES MORALES assumes no responsibility for any lack of veracity, integrity, updating or accuracy of the data or information contained on its web pages.<\/p>\n<p>The content and information do not bind H\u00c9CTOR LINARES MORALES nor do they constitute opinions, advice or legal advice of any kind, as it is merely a service offered for informational and educational purposes.<\/p>\n<p>The web pages of H\u00c9CTOR LINARES MORALES may contain links to other third-party pages that H\u00c9CTOR LINARES MORALES cannot control. Therefore, H\u00c9CTOR LINARES MORALES cannot assume responsibility for the content that may appear on third-party pages.<\/p>\n<p>The texts, images, sounds, animations, software and other content included in this website are the exclusive property of H\u00c9CTOR LINARES MORALES or its licensors. Any act of transmission, distribution, transfer, reproduction, storage or public communication in whole or in part must have the express consent of H\u00c9CTOR LINARES MORALES.<\/p>\n<p>Likewise, to access some of the services that H\u00c9CTOR LINARES MORALES offers through the website, you must provide some personal data. In compliance with the provisions of Regulation (EU) 2016\/679 of the European Parliament and of the Council, of April 27, 2016, regarding the protection of natural persons with regard to the processing of personal data and the free circulation of these data, we inform you that, by completing these forms, your personal data will be incorporated and processed in the files of H\u00c9CTOR LINARES MORALES in order to be able to provide and offer our services as well as to inform you of improvements to the Website.<\/p>\n<p>We also inform you that you will have the possibility at any time to exercise the rights of access, rectification, cancellation, opposition, limitation and portability of your personal data, free of charge by email to:<\/p>\n<p>info@informaticoscastellon.com or at the address: C\/ Els Ports, 3, 12005 - Castellon (Castell\u00f3n De La Plana).<\/p>\n<\/div>\n<\/div>\n<div class=\"et_pb_module et_pb_text et_pb_text_3  et_pb_text_align_left et_pb_bg_layout_light\">\n<div class=\"et_pb_text_inner\"><\/div>\n<\/div>\n<\/div>\n<\/div>\n<div class=\"et_pb_module et_pb_text et_pb_text_3  et_pb_text_align_left et_pb_bg_layout_light\">\n<div class=\"et_pb_text_inner\"><\/div>\n<\/div>\n<\/div><\/div><\/div><\/div><\/div>","protected":false},"excerpt":{"rendered":"","protected":false},"author":1,"featured_media":0,"parent":0,"menu_order":0,"comment_status":"closed","ping_status":"closed","template":"","meta":{"footnotes":""},"class_list":["post-6608","page","type-page","status-publish","hentry"],"_links":{"self":[{"href":"https:\/\/www.peritcam.com\/en\/wp-json\/wp\/v2\/pages\/6608","targetHints":{"allow":["GET"]}}],"collection":[{"href":"https:\/\/www.peritcam.com\/en\/wp-json\/wp\/v2\/pages"}],"about":[{"href":"https:\/\/www.peritcam.com\/en\/wp-json\/wp\/v2\/types\/page"}],"author":[{"embeddable":true,"href":"https:\/\/www.peritcam.com\/en\/wp-json\/wp\/v2\/users\/1"}],"replies":[{"embeddable":true,"href":"https:\/\/www.peritcam.com\/en\/wp-json\/wp\/v2\/comments?post=6608"}],"version-history":[{"count":10,"href":"https:\/\/www.peritcam.com\/en\/wp-json\/wp\/v2\/pages\/6608\/revisions"}],"predecessor-version":[{"id":9309,"href":"https:\/\/www.peritcam.com\/en\/wp-json\/wp\/v2\/pages\/6608\/revisions\/9309"}],"wp:attachment":[{"href":"https:\/\/www.peritcam.com\/en\/wp-json\/wp\/v2\/media?parent=6608"}],"curies":[{"name":"wp","href":"https:\/\/api.w.org\/{rel}","templated":true}]}}