{"id":8126,"date":"2024-06-28T19:51:33","date_gmt":"2024-06-28T17:51:33","guid":{"rendered":"https:\/\/www.peritcam.com\/?page_id=8126"},"modified":"2026-04-20T15:56:10","modified_gmt":"2026-04-20T13:56:10","slug":"ayuda-de-videoperitacion","status":"publish","type":"page","link":"https:\/\/www.peritcam.com\/de\/ayuda-de-videoperitacion\/","title":{"rendered":"Ayuda de videoperitaci\u00f3n"},"content":{"rendered":"<div class=\"et_pb_section_0 et_pb_section et_section_regular et_block_section\"><div class=\"et_pb_row_0 et_pb_row et_block_row\"><div class=\"et_pb_column_0 et_pb_column et_pb_column_4_4 et-last-child et_block_column et_pb_css_mix_blend_mode_passthrough\"><div class=\"et_pb_code_0 et_pb_code et_pb_text_align_left et_pb_module\"><div class=\"et_pb_code_inner\"><div class=\"trp-shortcode-switcher__wrapper\"\r\n     style=\"--bg:#ffffff;--bg-hover:#0000000d;--text:#143852;--text-hover:#1d2327;--border:1px solid #1438521a;--border-width:1px;--border-color:#1438521a;--border-radius:5px;--flag-radius:2px;--flag-size:18px;--aspect-ratio:4\/3;--font-size:14px;--transition-duration:0.2s\"\r\n     role=\"group\"\r\n     data-open-mode=\"hover\">\r\n\r\n    \r\n        <!-- ANCHOR (in-flow only; sizing\/borders; inert) -->\r\n        <div class=\"trp-language-switcher trp-ls-dropdown trp-shortcode-switcher trp-shortcode-anchor trp-open-on-hover\"\r\n             aria-hidden=\"true\"\r\n             inert\r\n data-no-translation>\r\n                <div class=\"trp-current-language-item__wrapper\">\r\n        <a class=\"trp-language-item trp-language-item__default trp-language-item__current\" data-no-translation href=\"https:\/\/www.peritcam.com\/de\/wp-json\/wp\/v2\/pages\/8126\" title=\"Deutsch\"><img decoding=\"async\" src=\"https:\/\/www.peritcam.com\/wp-content\/plugins\/translatepress-multilingual\/assets\/flags\/4x3\/de_DE.svg\" class=\"trp-flag-image\" alt=\"\" role=\"presentation\" loading=\"lazy\" \/><span class=\"trp-language-item-name\">Deutsch<\/span><\/a>                    <svg class=\"trp-shortcode-arrow\" width=\"20\" height=\"20\" viewbox=\"0 0 20 21\" fill=\"none\" aria-hidden=\"true\" focusable=\"false\" xmlns=\"http:\/\/www.w3.org\/2000\/svg\">\r\n                <path d=\"M5 8L10 13L15 8\" stroke=\"var(--text)\" stroke-width=\"2\" stroke-linecap=\"round\" stroke-linejoin=\"round\"\/>\r\n            <\/svg>\r\n            <\/div>\r\n            <\/div>\r\n\r\n        <!-- OVERLAY (positioned; interactive surface) -->\r\n        <div class=\"trp-language-switcher trp-ls-dropdown trp-shortcode-switcher trp-shortcode-overlay trp-open-on-hover\"\r\n             role=\"navigation\"\r\n             aria-label=\"Website language selector\"\r\n             data-no-translation\r\n>\r\n                <div class=\"trp-current-language-item__wrapper\">\r\n        <div class=\"trp-language-item trp-language-item__default trp-language-item__current\" data-no-translation role=\"button\" aria-expanded=\"false\" tabindex=\"0\" aria-label=\"Change language\" aria-controls=\"trp-shortcode-dropdown-69f23a631528f\"><img decoding=\"async\" src=\"https:\/\/www.peritcam.com\/wp-content\/plugins\/translatepress-multilingual\/assets\/flags\/4x3\/de_DE.svg\" class=\"trp-flag-image\" alt=\"\" role=\"presentation\" loading=\"lazy\" \/><span class=\"trp-language-item-name\">Deutsch<\/span><\/div>                    <svg class=\"trp-shortcode-arrow\" width=\"20\" height=\"20\" viewbox=\"0 0 20 21\" fill=\"none\" aria-hidden=\"true\" focusable=\"false\" xmlns=\"http:\/\/www.w3.org\/2000\/svg\">\r\n                <path d=\"M5 8L10 13L15 8\" stroke=\"var(--text)\" stroke-width=\"2\" stroke-linecap=\"round\" stroke-linejoin=\"round\"\/>\r\n            <\/svg>\r\n            <\/div>\r\n    \r\n            <div class=\"trp-switcher-dropdown-list\"\r\n                 id=\"trp-shortcode-dropdown-69f23a631528f\"\r\n                 role=\"group\"\r\n                 aria-label=\"Available languages\"\r\n                 hidden\r\n inert\r\n>\r\n                                                            <a class=\"trp-language-item\" href=\"https:\/\/www.peritcam.com\/de\/wp-json\/wp\/v2\/pages\/8126\" title=\"Espa\u00f1ol\">\r\n                            <img decoding=\"async\" src=\"https:\/\/www.peritcam.com\/wp-content\/plugins\/translatepress-multilingual\/assets\/flags\/4x3\/es_ES.svg\" class=\"trp-flag-image\" alt=\"\" role=\"presentation\" loading=\"lazy\" \/>                                                            <span class=\"trp-language-item-name\" data-no-translation>Espa\u00f1ol<\/span>\r\n                                                                                <\/a>\r\n                                            <a class=\"trp-language-item\" href=\"https:\/\/www.peritcam.com\/de\/wp-json\/wp\/v2\/pages\/8126\" title=\"Catal\u00e0\">\r\n                            <img decoding=\"async\" src=\"https:\/\/www.peritcam.com\/wp-content\/plugins\/translatepress-multilingual\/assets\/flags\/4x3\/ca.svg\" class=\"trp-flag-image\" alt=\"\" role=\"presentation\" loading=\"lazy\" \/>                                                            <span class=\"trp-language-item-name\" data-no-translation>Catal\u00e0<\/span>\r\n                                                                                <\/a>\r\n                                            <a class=\"trp-language-item\" href=\"https:\/\/www.peritcam.com\/de\/wp-json\/wp\/v2\/pages\/8126\" title=\"Portugu\u00eas\">\r\n                            <img decoding=\"async\" src=\"https:\/\/www.peritcam.com\/wp-content\/plugins\/translatepress-multilingual\/assets\/flags\/4x3\/pt_PT.svg\" class=\"trp-flag-image\" alt=\"\" role=\"presentation\" loading=\"lazy\" \/>                                                            <span class=\"trp-language-item-name\" data-no-translation>Portugu\u00eas<\/span>\r\n                                                                                <\/a>\r\n                                            <a class=\"trp-language-item\" href=\"https:\/\/www.peritcam.com\/de\/wp-json\/wp\/v2\/pages\/8126\" title=\"Fran\u00e7ais\">\r\n                            <img decoding=\"async\" src=\"https:\/\/www.peritcam.com\/wp-content\/plugins\/translatepress-multilingual\/assets\/flags\/4x3\/fr_FR.svg\" class=\"trp-flag-image\" alt=\"\" role=\"presentation\" loading=\"lazy\" \/>                                                            <span class=\"trp-language-item-name\" data-no-translation>Fran\u00e7ais<\/span>\r\n                                                                                <\/a>\r\n                                            <a class=\"trp-language-item\" href=\"https:\/\/www.peritcam.com\/de\/wp-json\/wp\/v2\/pages\/8126\" title=\"Italiano\">\r\n                            <img decoding=\"async\" src=\"https:\/\/www.peritcam.com\/wp-content\/plugins\/translatepress-multilingual\/assets\/flags\/4x3\/it_IT.svg\" class=\"trp-flag-image\" alt=\"\" role=\"presentation\" loading=\"lazy\" \/>                                                            <span class=\"trp-language-item-name\" data-no-translation>Italiano<\/span>\r\n                                                                                <\/a>\r\n                                            <a class=\"trp-language-item\" href=\"https:\/\/www.peritcam.com\/de\/wp-json\/wp\/v2\/pages\/8126\" title=\"English (UK)\">\r\n                            <img decoding=\"async\" src=\"https:\/\/www.peritcam.com\/wp-content\/plugins\/translatepress-multilingual\/assets\/flags\/4x3\/en_GB.svg\" class=\"trp-flag-image\" alt=\"\" role=\"presentation\" loading=\"lazy\" \/>                                                            <span class=\"trp-language-item-name\" data-no-translation>English (UK)<\/span>\r\n                                                                                <\/a>\r\n                                                <\/div>\r\n        <\/div>\r\n\r\n    <\/div>\r\n<\/div><\/div><\/div><\/div><div class=\"et_pb_row_1 et_pb_row et_block_row\"><div class=\"et_pb_column_1 et_pb_column et_pb_column_2_3 et_block_column et_pb_css_mix_blend_mode_passthrough\"><div class=\"et_pb_text_0 et_pb_text et_pb_bg_layout_light et_pb_module et_block_module\"><div class=\"et_pb_text_inner\"><h5>Hilfe in der App<\/h5>\n<\/div><\/div><div class=\"et_pb_toggle_0 et_pb_toggle et_pb_toggle_item et_pb_toggle_close et_pb_module et_block_module\"><h5 class=\"et_pb_toggle_title\">Wie sende ich die Anwendung an den Kunden?<\/h5><div class=\"et_pb_toggle_content clearfix\"><p>Die Anwendung sendet eine SMS an die angegebene Mobilnummer. Der Empf\u00e4nger muss lediglich den Link \u00f6ffnen.<\/p>\n<p>Wenn Sie die E-Mail-Adresse eingeben, sendet das System nur eine E-Mail an den Empf\u00e4nger.<\/p>\n<p>Siehe \"Weitere Versandoptionen\" im Hilfebereich.<\/p>\n<p>&nbsp;<\/p>\n<p>Es gibt Telefonnummern in anderen L\u00e4ndern, an die keine SMS gesendet werden; bitte kontaktieren Sie uns, wenn Sie h\u00e4ufig Nachrichten an Telefonnummern in einem bestimmten Land senden m\u00fcssen.\u00a0<\/p>\n<p>&nbsp;<\/p>\n<\/div><\/div><div class=\"et_pb_toggle_1 et_pb_toggle et_pb_toggle_item et_pb_toggle_close et_pb_module et_block_module\"><h5 class=\"et_pb_toggle_title\">Weitere Versandoptionen<\/h5><div class=\"et_pb_toggle_content clearfix\"><p>Die App sendet eine SMS an die angegebene Mobilnummer. Der Empf\u00e4nger muss lediglich den Link \u00f6ffnen. Es werden aber auch weitere Optionen angeboten.<\/p>\n<p>Tippen Sie auf die gr\u00fcne Peritcam-Teilen-Schaltfl\u00e4che und w\u00e4hlen Sie dann eine der Optionen aus. Wir empfehlen <strong>WhatsApp Web<\/strong> F\u00fcr Windows- oder Mac-Nutzer ist das eine bequeme und n\u00fctzliche Methode.<\/p>\n<p><span class=\"et-pb-icon compartirIcon\">\ue0a0<\/span><\/p>\n<ul>\n<li><strong>Web-WhatsApp:<\/strong>\u00a0 wenn Sie verwenden <span style=\"color: #fc450b;\"><strong>Windows<\/strong> <\/span>o <strong><span style=\"color: #fc450b;\">Mac<\/span><\/strong>, Nutzen Sie diese Option. Sie wird in Ihrem Browser ge\u00f6ffnet.<\/li>\n<li><strong>WhatsApp-App:<\/strong>\u00a0 wenn Sie die WhatsApp-Anwendung auf Ihrem Computer oder dem Ger\u00e4t, das Sie f\u00fcr die Expertenanalyse verwenden, installiert haben.<\/li>\n<li><strong>Telegramm:<\/strong> Sie m\u00fcssen den Link einf\u00fcgen, sobald er sich \u00f6ffnet. <strong>WebTelegram<\/strong> Welle<strong> Telegram-App<\/strong>.<\/li>\n<\/ul>\n<p><img loading=\"lazy\" decoding=\"async\" src=\"http:\/\/www.peritcam.com\/wp-content\/uploads\/2024\/06\/enviar-enlace-videoperitacion.jpg\" width=\"437\" height=\"400\" alt=\"\" class=\"wp-image-8060 alignnone size-full\" \/><\/p>\n<\/div><\/div><div class=\"et_pb_toggle_2 et_pb_toggle et_pb_toggle_item et_pb_toggle_close et_pb_module et_block_module\"><h5 class=\"et_pb_toggle_title\">Wie man Fotos aufnimmt und speichert<\/h5><div class=\"et_pb_toggle_content clearfix\"><p>Mit Peritcam k\u00f6nnen Sie mit zwei Tasten Fotos aufnehmen. Jedes Foto wird anschlie\u00dfend im Download-Ordner Ihres Browsers gespeichert.<\/p>\n<p><img loading=\"lazy\" decoding=\"async\" src=\"http:\/\/www.peritcam.com\/wp-content\/uploads\/2024\/06\/hacer-fotos-peritajes-online.jpg\" width=\"55\" height=\"93\" alt=\"\" class=\"wp-image-8081 alignnone size-full\" \/><\/p>\n<p>Oranger Knopf: Normale Fotos aufnehmen.<\/p>\n<p>Blauer Knopf: Macht Fotos, die mit einem Sicherheits-QR-Code gesch\u00fctzt sind.<\/p>\n<p>Sie k\u00f6nnen auch ein Foto des auf einer Karte angezeigten Ortes machen.<\/p>\n<p><img loading=\"lazy\" decoding=\"async\" src=\"http:\/\/www.peritcam.com\/wp-content\/uploads\/2024\/06\/captura-posicionamiento-peritacion.jpg\" width=\"56\" height=\"46\" alt=\"\" class=\"wp-image-8074 alignnone size-full\" \/><\/p>\n<p>&nbsp;<\/p>\n<p>**Gesch\u00fctzte Fotos:** Aufnahmedatum, Ort und Experte werden f\u00fcr jedes Foto zusammen mit allen Markierungen auf dem Foto selbst in unserer Datenbank gespeichert, um bei Bedarf eine sp\u00e4tere \u00dcberpr\u00fcfung auf Manipulationen zu erm\u00f6glichen. Diese QR-Code-Daten sind nur mit den Anmeldedaten der Experten-App zug\u00e4nglich.<\/p>\n<p>&nbsp;<\/p>\n<\/div><\/div><div class=\"et_pb_toggle_3 et_pb_toggle et_pb_toggle_item et_pb_toggle_close et_pb_module et_block_module\"><h5 class=\"et_pb_toggle_title\">Die Berechtigungen, die der Client akzeptieren muss<\/h5><div class=\"et_pb_toggle_content clearfix\"><p>Der Kunde muss die Richtlinien bei der Inbetriebnahme akzeptieren; Sie erhalten eine Benachrichtigung, wenn er dies tut.\u00a0<\/p>\n<p>Im n\u00e4chsten Schritt m\u00fcssen auch die Berechtigungen f\u00fcr Kamera, Mikrofon und Geolokalisierung erteilt werden.\u00a0\u00a0<\/p>\n<p>Bei einigen Mobiltelefonen sind die Browser vom Hersteller so modifiziert, dass der notwendige Zugriff verhindert wird. In diesen F\u00e4llen empfehlen wir dem Nutzer, einen anderen Browser wie Chrome oder Opera auf seinem Telefon zu installieren.\u00a0<\/p>\n<\/div><\/div><div class=\"et_pb_toggle_4 et_pb_toggle et_pb_toggle_item et_pb_toggle_close et_pb_module et_block_module\"><h5 class=\"et_pb_toggle_title\">Warum kann ich keine Verbindung zu Kunden herstellen?<\/h5><div class=\"et_pb_toggle_content clearfix\"><p>Bei manchen Mobiltelefonen sind die Browser vom Hersteller so modifiziert, dass der Zugriff auf die notwendigen Einstellungen verhindert wird. In solchen F\u00e4llen empfehlen wir beispielsweise, den Nutzer zu bitten, einen anderen Browser auf seinem Telefon zu installieren.\u00a0 <strong>Chrome oder Opera<\/strong>.<\/p>\n<p>Es ist auch m\u00f6glich, dass das Ger\u00e4t nicht richtig funktioniert; manchmal behebt ein Neustart das Problem. M\u00f6glicherweise erteilt der Benutzer die Berechtigungen nicht korrekt. Es ist auch m\u00f6glich, dass verschiedene Einstellungen ge\u00e4ndert oder Einschr\u00e4nkungen aktiviert wurden, die die Funktionsf\u00e4higkeit beeintr\u00e4chtigen. Das WLAN-Netzwerk k\u00f6nnte ebenfalls Einschr\u00e4nkungen aufweisen oder eine schlechte Verbindung haben. M\u00f6glicherweise besteht auch eine schlechte 3G-, 4G- oder 5G-Abdeckung.<\/p>\n<p>Falls es sich um ein sehr altes oder problematisches Telefon handelt und die M\u00f6glichkeit besteht, versuchen Sie, ein anderes Smartphone oder Mobiltelefon zu verwenden.<\/p>\n<\/div><\/div><div class=\"et_pb_toggle_5 et_pb_toggle et_pb_toggle_item et_pb_toggle_close et_pb_module et_block_module\"><h5 class=\"et_pb_toggle_title\">Wo werden die Fotos gespeichert?<\/h5><div class=\"et_pb_toggle_content clearfix\"><p>Die Fotos werden im Ordner \"Downloads\" gespeichert, den Ihr Browser standardm\u00e4\u00dfig verwendet, \u00fcblicherweise im Ordner \u201eMeine Downloads\u201c, \u201eDownloads\u201c oder \u201eDownloads\u201c unter Windows, Mac, Android usw.<\/p>\n<\/div><\/div><div class=\"et_pb_toggle_6 et_pb_toggle et_pb_toggle_item et_pb_toggle_close et_pb_module et_block_module\"><h5 class=\"et_pb_toggle_title\">Video und Audio aufnehmen.<\/h5><div class=\"et_pb_toggle_content clearfix\"><p>Dr\u00fccken Sie die Taste, um die Videoinspektion oder einen Teil davon aufzuzeichnen. Die Videos enthalten Ton.<br \/><img loading=\"lazy\" decoding=\"async\" src=\"http:\/\/www.peritcam.com\/wp-content\/uploads\/2024\/06\/grabar-peritacion-en-vivo.jpg\" width=\"53\" height=\"44\" alt=\"\" class=\"wp-image-8087 alignnone size-full\" \/><\/p>\n<p>Um das Video zu beenden, dr\u00fccken Sie dieselbe Taste.<\/p>\n<p>Sie k\u00f6nnen Ihr Mikrofon stummschalten, indem Sie die folgende Taste dr\u00fccken:<br \/><img loading=\"lazy\" decoding=\"async\" src=\"http:\/\/www.peritcam.com\/wp-content\/uploads\/2024\/06\/silencia-peritacion.jpg\" width=\"52\" height=\"43\" alt=\"\" class=\"wp-image-8088 alignnone size-full\" \/><\/p>\n<p>Wenn Sie w\u00e4hrend einer Videoaufnahme zur Selfie-Kamera wechseln, die Verbindungsqualit\u00e4t \u00e4ndern oder einer von Ihnen das Gespr\u00e4ch beendet, wird die Videoaufnahme automatisch gestoppt. Sie m\u00fcssen die Aufnahme erneut starten, wenn Sie fortfahren m\u00f6chten.<\/p>\n<\/div><\/div><div class=\"et_pb_text_1 et_pb_text et_pb_bg_layout_light et_pb_module et_block_module\"><div class=\"et_pb_text_inner\"><h5>Wussten Sie...<\/h5>\n<\/div><\/div><div class=\"et_pb_toggle_7 et_pb_toggle et_pb_toggle_item et_pb_toggle_close et_pb_module et_block_module\"><h5 class=\"et_pb_toggle_title\">Die Fotos haben immer die gleiche Qualit\u00e4t.<\/h5><div class=\"et_pb_toggle_content clearfix\"><p>Der <strong>Videoexpertenbericht<\/strong> Es handelt sich um einen vom Fotografieren unabh\u00e4ngigen Prozess. Das Videosignal dient dazu, dass beide Parteien dasselbe sehen, die Fotografie hingegen\u2026 <strong>Fernanalyse durch Experten<\/strong> Die Qualit\u00e4t bleibt immer gleich, selbst bei schlechter Verbindung aufgrund mangelnder Netzabdeckung. Selbst wenn die Videoverbindung aus irgendeinem Grund abbricht, die Hauptverbindung aber bestehen bleibt, k\u00f6nnen Sie weiterhin Fotos aufnehmen.\u00a0<\/p>\n<\/div><\/div><div class=\"et_pb_toggle_8 et_pb_toggle et_pb_toggle_item et_pb_toggle_close et_pb_module et_block_module\"><h5 class=\"et_pb_toggle_title\">Wann wird eine Verbindung verbraucht?<\/h5><div class=\"et_pb_toggle_content clearfix\"><p>Verbindungen enden eine Stunde nach ihrem Beginn. Sie werden nur gez\u00e4hlt, wenn eine Videoverbindung zum Kunden bestand oder wenn Fotos aufgenommen wurden.<\/p>\n<\/div><\/div><div class=\"et_pb_toggle_9 et_pb_toggle et_pb_toggle_item et_pb_toggle_close et_pb_module et_block_module\"><h5 class=\"et_pb_toggle_title\">Man kann einen Chat nutzen, um ohne Audio zu kommunizieren.<\/h5><div class=\"et_pb_toggle_content clearfix\"><p>Sie k\u00f6nnen Nachrichten schreiben und versenden und sehen, ob der Benutzer die Nachricht gelesen hat.<\/p>\n<p>Sie k\u00f6nnen auch Nachrichten im Fragemodus senden. Der Nutzer sieht die Frage und kann mit JA oder NEIN antworten.<\/p>\n<p>Um die Nachrichten zu \u00f6ffnen, klicken Sie auf die entsprechende Schaltfl\u00e4che:<\/p>\n<p><img loading=\"lazy\" decoding=\"async\" src=\"http:\/\/www.peritcam.com\/wp-content\/uploads\/2024\/06\/abrir-chat-peritacion-remota.jpg\" width=\"55\" height=\"41\" alt=\"\" class=\"wp-image-8084 alignnone size-full\" \/><\/p>\n<\/div><\/div><\/div><div class=\"et_pb_column_2 et_pb_column et_pb_column_1_3 et-last-child et_block_column et_pb_css_mix_blend_mode_passthrough\"><div class=\"et_pb_text_2 et_pb_text et_pb_bg_layout_light et_pb_module et_block_module\"><div class=\"et_pb_text_inner\"><h5>Anwendungstipps<\/h5>\n<\/div><\/div><div class=\"et_pb_toggle_10 et_pb_toggle et_pb_toggle_item et_pb_toggle_close et_pb_module et_block_module\"><h5 class=\"et_pb_toggle_title\">Schalten Sie das WLAN Ihres Kunden aus.<\/h5><div class=\"et_pb_toggle_content clearfix\"><p>Um eine <em>Fernqualit\u00e4tsbewertung<\/em> Sie m\u00fcssen den Benutzer, den Sie testen m\u00f6chten, bitten, das WLAN auf seinem Mobiltelefon auszuschalten.<\/p>\n<p><strong>Weil?<\/strong><br \/>Wenn Sie beispielsweise eine Reparaturwerkstatt kontaktieren und der Mechaniker sich vom Router entfernt, wird die Verbindung unterbrochen, und das System verbindet sich ohne WLAN neu. Sobald Ihr Telefon jedoch wieder WLAN erkennt, bricht die Verbindung erneut ab und wird wiederhergestellt. Das ist unpraktisch.<\/p>\n<p>An Orten mit schlechter 3G-, 4G- oder 5G-Abdeckung ist die Nutzung einer WLAN-Verbindung m\u00f6glicherweise die bessere Wahl.<\/p>\n<\/div><\/div><div class=\"et_pb_toggle_11 et_pb_toggle et_pb_toggle_item et_pb_toggle_close et_pb_module et_block_module\"><h5 class=\"et_pb_toggle_title\">Mach ein Foto von der Karte<\/h5><div class=\"et_pb_toggle_content clearfix\"><p>Sie k\u00f6nnen ein Foto der Karte machen, auf der ein Zeiger die genaue Position des entfernten Terminals anhand der Koordinaten markiert.<\/p>\n<p>Verwenden Sie die Schaltfl\u00e4che zur Standorterfassung:<br \/><img loading=\"lazy\" decoding=\"async\" src=\"http:\/\/www.peritcam.com\/wp-content\/uploads\/2024\/06\/captura-posicionamiento-peritacion.jpg\" width=\"56\" height=\"46\" alt=\"\" class=\"wp-image-8074 alignnone size-full\" \/><i class=\"fa-solid fa-map-location-dot fa-2x\"><\/i><\/p>\n<p>Sie k\u00f6nnen die Expertenkarte in Ihre Akte, Ihren Expertenbericht oder andere Dokumente einbinden.<\/p>\n<\/div><\/div><div class=\"et_pb_toggle_12 et_pb_toggle et_pb_toggle_item et_pb_toggle_close et_pb_module et_block_module\"><h5 class=\"et_pb_toggle_title\">Schalten Sie Ihr Mikrofon stumm.<\/h5><div class=\"et_pb_toggle_content clearfix\"><p>Sie k\u00f6nnen Ihr Mikrofon stummschalten, indem Sie die folgende Taste dr\u00fccken:<br \/><img loading=\"lazy\" decoding=\"async\" src=\"http:\/\/www.peritcam.com\/wp-content\/uploads\/2024\/06\/silencia-peritacion.jpg\" width=\"52\" height=\"43\" alt=\"\" class=\"wp-image-8088 alignnone size-full\" \/><\/p>\n<\/div><\/div><div class=\"et_pb_toggle_13 et_pb_toggle et_pb_toggle_item et_pb_toggle_close et_pb_module et_block_module\"><h5 class=\"et_pb_toggle_title\">Verbessert die Verbindungsqualit\u00e4t<\/h5><div class=\"et_pb_toggle_content clearfix\"><p>Wir sprechen hier von der Live-Videoverbindung. Die Fotoqualit\u00e4t wird dadurch nicht beeintr\u00e4chtigt und bleibt immer gleich.<\/p>\n<p><img loading=\"lazy\" decoding=\"async\" src=\"http:\/\/www.peritcam.com\/wp-content\/uploads\/2024\/06\/calidad-de-conexion-peritacion.jpg\" width=\"242\" height=\"331\" alt=\"\" class=\"wp-image-8069 alignnone size-full\" srcset=\"https:\/\/www.peritcam.com\/wp-content\/uploads\/2024\/06\/calidad-de-conexion-peritacion.jpg 242w, https:\/\/www.peritcam.com\/wp-content\/uploads\/2024\/06\/calidad-de-conexion-peritacion-219x300.jpg 219w\" sizes=\"(max-width: 242px) 100vw, 242px\" \/><\/p>\n<p><strong>Automatische Verbindung:<\/strong> Das System erm\u00f6glicht es dem entfernten Telefon, die Aufl\u00f6sung und andere Verbindungsparameter basierend auf seiner Rechenleistung und Verbindungsgeschwindigkeit auszuw\u00e4hlen.<\/p>\n<p><strong>Schwache Verbindungen:<\/strong> Bei einer langsamen Verbindung wird die Qualit\u00e4t des Live-Videos zwar beeintr\u00e4chtigt, daf\u00fcr wird die \u00dcbertragung aber fl\u00fcssiger.<\/p>\n<p><strong>Ausgewogene Verbindung:<\/strong> Dies ist die Standardeinstellung. In den meisten F\u00e4llen bietet sie eine akzeptable Qualit\u00e4t und einen reibungslosen Ablauf.<\/p>\n<p><strong>Qualitativ hochwertige Verbindungen:<\/strong> Wenn Ihre Internetverbindung gut ist, versuchen Sie, mit dieser Option alles in h\u00f6herer Qualit\u00e4t anzusehen.<\/p>\n<\/div><\/div><div class=\"et_pb_toggle_14 et_pb_toggle et_pb_toggle_item et_pb_toggle_close et_pb_module et_block_module\"><h5 class=\"et_pb_toggle_title\">Welchen Browser soll ich verwenden?<\/h5><div class=\"et_pb_toggle_content clearfix\"><p>Wir empfehlen die Verwendung aktueller und moderner Browser wie Chrome, Safari, Edge, Opera usw.<\/p>\n<p>Kunden, die Verbindungsprobleme haben, empfehlen wir die Installation von Chrome oder Opera.\u00a0<\/p>\n<\/div><\/div><div class=\"et_pb_toggle_15 et_pb_toggle et_pb_toggle_item et_pb_toggle_close et_pb_module et_block_module\"><h5 class=\"et_pb_toggle_title\">Verwenden Sie die Frontkamera (Selfie-Kamera).<\/h5><div class=\"et_pb_toggle_content clearfix\"><p>Sie k\u00f6nnen die Kamera wechseln, sobald die entsprechende Schaltfl\u00e4che verf\u00fcgbar ist.<\/p>\n<p><img loading=\"lazy\" decoding=\"async\" src=\"http:\/\/www.peritcam.com\/wp-content\/uploads\/2024\/06\/cambiar-camara-serfie-peritacion.jpg\" width=\"53\" height=\"41\" alt=\"\" class=\"wp-image-8086 alignnone size-full\" \/><\/p>\n<p>Manchmal kann das eine L\u00f6sung sein, wenn Ihre Hauptkamera besch\u00e4digt ist.<\/p>\n<\/div><\/div><div class=\"et_pb_toggle_16 et_pb_toggle et_pb_toggle_item et_pb_toggle_close et_pb_module et_block_module\"><h5 class=\"et_pb_toggle_title\">Zoom und Blitz<\/h5><div class=\"et_pb_toggle_content clearfix\"><p>Wenn das Fernger\u00e4t oder Mobiltelefon \u00fcber die M\u00f6glichkeit verf\u00fcgt, w\u00e4hrend der Videoinspektion Zoom und Taschenlampe zu verwenden, werden die Tasten auf Ihrem Bedienfeld angezeigt.<\/p>\n<p>Durch mehrmaliges Dr\u00fccken der Zoom-Taste k\u00f6nnen Sie verschiedene Zoomstufen einstellen.\u00a0<\/p>\n<p><img loading=\"lazy\" decoding=\"async\" src=\"http:\/\/www.peritcam.com\/wp-content\/uploads\/2024\/06\/zoom-peritacion.jpg\" width=\"50\" height=\"43\" alt=\"\" class=\"wp-image-8089 alignnone size-full\" \/><\/p>\n<p>Der Blitz verh\u00e4lt sich wie eine fest installierte Lampe, obwohl er bei manchen Ger\u00e4ten unvorhersehbar funktioniert.\u00a0<\/p>\n<p><img loading=\"lazy\" decoding=\"async\" src=\"http:\/\/www.peritcam.com\/wp-content\/uploads\/2024\/06\/activar-flash-linterna-peritaje.jpg\" width=\"54\" height=\"44\" alt=\"\" class=\"wp-image-8085 alignnone size-full\" \/><\/p>\n<\/div><\/div><div class=\"et_pb_toggle_17 et_pb_toggle et_pb_toggle_item et_pb_toggle_close et_pb_module et_block_module\"><h5 class=\"et_pb_toggle_title\">K\u00f6nnen sie dich nicht h\u00f6ren? Benutze den Chat.<\/h5><div class=\"et_pb_toggle_content clearfix\"><p>M\u00f6glicherweise hat der Nutzer die Lautst\u00e4rke f\u00fcr diese Art der Kommunikation heruntergedreht, oder er h\u00e4lt das Mikrofon mit den Fingern zu, sodass man ihn nicht gut verstehen kann...<\/p>\n<p>&nbsp;<\/p>\n<p>Sie k\u00f6nnen Nachrichten schreiben und versenden und sehen, ob der Benutzer die Nachricht gelesen hat.\u00a0<\/p>\n<p>Sie k\u00f6nnen auch Nachrichten im Fragemodus senden. Der Nutzer sieht die Frage und kann mit JA oder NEIN antworten.\u00a0<\/p>\n<p>Um die Nachrichten zu \u00f6ffnen, klicken Sie auf die entsprechende Schaltfl\u00e4che:<\/p>\n<p><img loading=\"lazy\" decoding=\"async\" src=\"http:\/\/www.peritcam.com\/wp-content\/uploads\/2024\/06\/abrir-chat-peritacion-remota.jpg\" width=\"55\" height=\"41\" alt=\"\" class=\"wp-image-8084 alignnone size-full\" \/><\/p>\n<\/div><\/div><\/div><\/div><\/div>","protected":false},"excerpt":{"rendered":"","protected":false},"author":1,"featured_media":0,"parent":0,"menu_order":0,"comment_status":"closed","ping_status":"closed","template":"page-template-blank.php","meta":{"footnotes":""},"class_list":["post-8126","page","type-page","status-publish","hentry"],"_links":{"self":[{"href":"https:\/\/www.peritcam.com\/de\/wp-json\/wp\/v2\/pages\/8126","targetHints":{"allow":["GET"]}}],"collection":[{"href":"https:\/\/www.peritcam.com\/de\/wp-json\/wp\/v2\/pages"}],"about":[{"href":"https:\/\/www.peritcam.com\/de\/wp-json\/wp\/v2\/types\/page"}],"author":[{"embeddable":true,"href":"https:\/\/www.peritcam.com\/de\/wp-json\/wp\/v2\/users\/1"}],"replies":[{"embeddable":true,"href":"https:\/\/www.peritcam.com\/de\/wp-json\/wp\/v2\/comments?post=8126"}],"version-history":[{"count":10,"href":"https:\/\/www.peritcam.com\/de\/wp-json\/wp\/v2\/pages\/8126\/revisions"}],"predecessor-version":[{"id":9324,"href":"https:\/\/www.peritcam.com\/de\/wp-json\/wp\/v2\/pages\/8126\/revisions\/9324"}],"wp:attachment":[{"href":"https:\/\/www.peritcam.com\/de\/wp-json\/wp\/v2\/media?parent=8126"}],"curies":[{"name":"wp","href":"https:\/\/api.w.org\/{rel}","templated":true}]}}