{"id":7954,"date":"2024-06-18T11:25:25","date_gmt":"2024-06-18T09:25:25","guid":{"rendered":"https:\/\/www.peritcam.com\/?page_id=7954"},"modified":"2024-06-29T18:39:22","modified_gmt":"2024-06-29T16:39:22","slug":"condiciones-generales-de-contratacion","status":"publish","type":"page","link":"https:\/\/www.peritcam.com\/de\/aviso-legal\/condiciones-generales-de-contratacion\/","title":{"rendered":"Condiciones generales de contrataci\u00f3n"},"content":{"rendered":"<p>[et_pb_section fb_built=\u00bb1&#8243; _builder_version=\u00bb4.23.1&#8243; _module_preset=\u00bbdefault\u00bb background_enable_color=\u00bboff\u00bb use_background_color_gradient=\u00bbon\u00bb background_color_gradient_direction=\u00bb134deg\u00bb background_color_gradient_stops=\u00bb#fc450b 0%|rgba(252, 69, 11, 0.59) 73%|rgba(252,69,11,0) 99%\u00bb background_color_gradient_overlays_image=\u00bbon\u00bb background_image=\u00bbhttp:\/\/www.peritcam.com\/wp-content\/uploads\/2023\/12\/AdobeStock_310808918-scaled.jpeg\u00bb custom_padding=\u00bb81px||81px||true|false\u00bb bottom_divider_style=\u00bbasymmetric4&#8243; bottom_divider_color=\u00bb#FFFFFF\u00bb bottom_divider_height=\u00bb44px\u00bb locked=\u00bboff\u00bb global_colors_info=\u00bb{}\u00bb][\/et_pb_section][et_pb_section fb_built=\u00bb1&#8243; module_id=\u00bbcontacto\u00bb _builder_version=\u00bb4.23.1&#8243; _module_preset=\u00bbdefault\u00bb custom_padding=\u00bb98px||209px|||\u00bb locked=\u00bboff\u00bb global_colors_info=\u00bb{}\u00bb][et_pb_row _builder_version=\u00bb4.23.1&#8243; _module_preset=\u00bbdefault\u00bb background_color=\u00bb#FFFFFF\u00bb width_tablet=\u00bb\u00bb width_phone=\u00bb96%\u00bb width_last_edited=\u00bbon|phone\u00bb custom_margin=\u00bb-188px|auto||auto||\u00bb custom_padding=\u00bb40px|40px|40px|40px|false|true\u00bb border_radii=\u00bbon|18px|18px|18px|18px\u00bb global_colors_info=\u00bb{}\u00bb][et_pb_column type=\u00bb4_4&#8243; _builder_version=\u00bb4.23.1&#8243; _module_preset=\u00bbdefault\u00bb global_colors_info=\u00bb{}\u00bb][et_pb_text _builder_version=\u00bb4.25.2&#8243; _module_preset=\u00bbdefault\u00bb custom_margin=\u00bb||1px|||\u00bb hover_enabled=\u00bb0&#8243; locked=\u00bboff\u00bb global_colors_info=\u00bb{}\u00bb sticky_enabled=\u00bb0&#8243;]<b>Documentos legales:<\/b>[\/et_pb_text][et_pb_menu menu_id=\u00bb53&#8243; active_link_color=\u00bb#FC450B\u00bb _builder_version=\u00bb4.25.2&#8243; _module_preset=\u00bbdefault\u00bb menu_font=\u00bb|600|||||||\u00bb hover_enabled=\u00bb0&#8243; locked=\u00bboff\u00bb global_colors_info=\u00bb{}\u00bb sticky_enabled=\u00bb0&#8243;][\/et_pb_menu][et_pb_text _builder_version=\u00bb4.25.2&#8243; _module_preset=\u00bbdefault\u00bb hover_enabled=\u00bb0&#8243; global_colors_info=\u00bb{}\u00bb sticky_enabled=\u00bb0&#8243;]<\/p>\n<h3><strong>CONDICIONES GENERALES DE CONTRATACI\u00d3N<\/strong><\/h3>\n<p>&nbsp;<\/p>\n<p><strong>Introducci\u00f3n<\/strong><\/p>\n<p>Este documento contractual regir\u00e1 las Condiciones Generales de contrataci\u00f3n de servicios de peritaci\u00f3n en l\u00ednea (en adelante, \u00abCondiciones\u00bb) a trav\u00e9s del sitio web https:\/\/www.peritcam.com\/, propiedad de H\u00e9ctor Linares Morales bajo la marca comercial de PeritCam, en adelante, PRESTADOR, cuyos datos de contacto figuran tambi\u00e9n en el Aviso Legal de esta Web.<\/p>\n<p>Estas Condiciones permanecer\u00e1n publicadas en el sitio web a disposici\u00f3n del USUARIO para reproducirlas y guardarlas como confirmaci\u00f3n del contrato, pudiendo ser modificadas en cualquier momento por el PRESTADOR. Es responsabilidad del USUARIO leerlas peri\u00f3dicamente, ya que resultar\u00e1n aplicables aquellas que se encuentren vigentes en el momento de realizaci\u00f3n de pedidos.<\/p>\n<p>Los contratos no estar\u00e1n sujetos a formalidad alguna con excepci\u00f3n de los supuestos expresamente se\u00f1alados en los C\u00f3digos Civil y de Comercio y en esta o en otras leyes especiales.<\/p>\n<p>La aceptaci\u00f3n de este documento conlleva que el USUARIO:<\/p>\n<ul>\n<li>Ha le\u00eddo, entiende y comprende lo aqu\u00ed expuesto.<\/li>\n<li>Es una persona con capacidad suficiente para contratar.<\/li>\n<li>Asume todas las obligaciones aqu\u00ed dispuestas.<\/li>\n<\/ul>\n<p>Estas condiciones tendr\u00e1n un per\u00edodo de validez indefinido y ser\u00e1n aplicables a todas las contrataciones realizadas a trav\u00e9s del sitio web del PRESTADOR.<\/p>\n<p>El PRESTADOR informa de que el comercio es responsable y conoce la legislaci\u00f3n vigente, y se reserva el derecho de modificar unilateralmente las condiciones, sin que ello pueda afectar a los t\u00e9rminos y condiciones que fueron implementados previamente a la modificaci\u00f3n.<\/p>\n<p><strong>Identidad de las partes contratantes<\/strong><\/p>\n<p>Por un lado, el PRESTADOR de los servicios de peritaci\u00f3n en l\u00ednea contratados por el USUARIO es H\u00e9ctor Linares Morales, con domicilio social en C\/ Els Ports, 3, 12005 &#8211; Castellon (Castell\u00f3n De La Plana), NIF 20248892Z y con tel\u00e9fono de atenci\u00f3n al cliente\/USUARIO 964 780 410<\/p>\n<p>Y de otro, el USUARIO, registrado en el sitio web mediante un nombre de usuario y contrase\u00f1a, sobre los que tiene responsabilidad plena de uso y custodia, y es responsable de la veracidad de los datos personales facilitados al PRESTADOR.<\/p>\n<p><strong>Objeto del contrato<\/strong><\/p>\n<p>El presente contrato tiene por objeto regular la relaci\u00f3n contractual de compraventa nacida entre el PRESTADOR y el USUARIO en el momento en que este acepta durante el proceso de contrataci\u00f3n en l\u00ednea la casilla correspondiente.<\/p>\n<p>La relaci\u00f3n contractual de compraventa conlleva la entrega, a cambio de un precio determinado y p\u00fablicamente expuesto a trav\u00e9s del sitio web, de servicios de peritaje en l\u00ednea.<\/p>\n<p><strong>Rectificaci\u00f3n de los datos<\/strong><\/p>\n<p>Cuando el USUARIO identifique errores en los datos publicados en el sitio web o en los documentos generados por la relaci\u00f3n contractual, podr\u00e1 notificarlo al correo info@peritcam.com para que H\u00e9ctor Linares Morales los corrija a la mayor brevedad posible.<\/p>\n<p><strong>Procedimiento de contrataci\u00f3n<\/strong><\/p>\n<p>El USUARIO, para poder acceder a los servicios que ofrece el PRESTADOR, deber\u00e1 ser mayor de edad y darse de alta a trav\u00e9s del sitio web mediante la creaci\u00f3n de una cuenta de usuario. Por ello, el USUARIO deber\u00e1 proporcionar de manera libre y voluntaria los datos personales que se le requerir\u00e1n, los cuales se tratar\u00e1n de conformidad con lo dispuesto en el Reglamento (UE) 2016\/679, de 27 de abril de 2016 (GDPR), relativo a la protecci\u00f3n de las personas f\u00edsicas en lo que respecta al tratamiento de datos personales y a la libre circulaci\u00f3n de estos datos y la Ley Org\u00e1nica 3\/2018, de 5 de diciembre (LOPDGDD), relativa a la protecci\u00f3n de datos de car\u00e1cter personal y detallada en el Aviso legal y en la Pol\u00edtica de privacidad de este sitio web.<\/p>\n<p>El USUARIO seleccionar\u00e1 un nombre de usuario y una contrase\u00f1a, comprometi\u00e9ndose a hacer un uso diligente de los mismos y a no ponerlos a disposici\u00f3n de terceros, as\u00ed como a comunicar al PRESTADOR la p\u00e9rdida o robo de los mismos o el posible acceso por un tercero no autorizado, de manera que este proceda al bloqueo inmediato.<\/p>\n<p>Una vez ha sido creada la cuenta de usuario, se informa de que conforme a lo que exige el art\u00edculo 27 de la Ley 34\/2002, de Servicios de la Sociedad de la Informaci\u00f3n y del Comercio Electr\u00f3nico (LSSICE), el procedimiento de contrataci\u00f3n seguir\u00e1 los siguientes pasos:<\/p>\n<ol>\n<li>Cl\u00e1usulas generales de contrataci\u00f3n.<br \/>2. Activaci\u00f3n de servicios.<br \/>3. Derecho de desistimiento.<br \/>4. Reclamaciones y resoluci\u00f3n de litigios en l\u00ednea.<br \/>5. Fuerza mayor.<br \/>6. Competencia.<br \/>7. Generalidades de la oferta<\/li>\n<li>Precio y plazo de validez de la oferta.<br \/>9. Forma de pago, gastos y descuentos.<br \/>10. Proceso de compra.<br \/>11. Disociaci\u00f3n y suspensi\u00f3n o rescisi\u00f3n del contrato.<br \/>12. Garant\u00edas y devoluciones.<br \/>13. Ley aplicable y jurisdicci\u00f3n.<\/li>\n<\/ol>\n<p>&nbsp;<\/p>\n<ol>\n<li><strong> CL\u00c1USULAS GENERALES DE CONTRATACI\u00d3N<\/strong><\/li>\n<\/ol>\n<p>Salvo estipulaci\u00f3n particular por escrito, la realizaci\u00f3n de un pedido al PRESTADOR supondr\u00e1 la aceptaci\u00f3n por parte del USUARIO de estas condiciones legales. Ninguna estipulaci\u00f3n hecha por el USUARIO podr\u00e1 diferir de las del PRESTADOR si no ha sido expresamente aceptada por adelantado y por escrito por el PRESTADOR.<\/p>\n<ol start=\"2\">\n<li><strong> ACTIVACI\u00d3N DE SERVICIOS<\/strong><\/li>\n<\/ol>\n<p>El PRESTADOR no activar\u00e1 ning\u00fan servicio hasta que haya comprobado que se ha realizado el pago.<\/p>\n<p>Como el pedido no conlleva la entrega f\u00edsica de un producto determinado, siendo los servicios prestados en el momento acordado ya que el mismo consiste en bonos a gastar por parte del USUARIO cuando estime oportuno, el PRESTADOR informar\u00e1 previamente al USUARIO respecto al procedimiento que debe seguir para ver satisfecha la prestaci\u00f3n del servicio.<\/p>\n<p>El servicio se podr\u00e1 disfrutar a trav\u00e9s de la app facilitada por el PRESTADOR.<\/p>\n<p><strong>Falta de ejecuci\u00f3n del contrato a distancia<\/strong><\/p>\n<p>En el caso de la prestaci\u00f3n de un servicio, este estar\u00e1 disponible desde el mismo momento en que el USUARIO haya efectuado el pago del mismo y podr\u00e1 ser reservado seg\u00fan las condiciones del PRESTADOR.<\/p>\n<p>En caso de no poder ejecutar el contrato porque el servicio contratado no est\u00e9 disponible en el plazo previsto, se informar\u00e1 al USUARIO de la falta de disponibilidad y de que quedar\u00e1 legitimado para cancelar el pedido y recibir la devoluci\u00f3n del importe total pagado sin ning\u00fan coste, y sin que por ello se derive ninguna responsabilidad por da\u00f1os y perjuicios imputable al PRESTADOR.<\/p>\n<p>En caso de retraso injustificado por parte del PRESTADOR respecto a la devoluci\u00f3n del importe total, el USUARIO podr\u00e1 reclamar que se le pague el doble del importe adeudado, sin perjuicio a su derecho de ser indemnizado por los da\u00f1os y perjuicios sufridos en lo que excedan de dicha cantidad.<\/p>\n<p>El PRESTADOR no asumir\u00e1 ninguna responsabilidad cuando la descarga o activaci\u00f3n del servicio no llegue a realizarse, por ser los datos facilitados por el USUARIO falsos, inexactos o incompletos.<\/p>\n<p>La prestaci\u00f3n del servicio se considerar\u00e1 realizada en el momento en que el USUARIO haya descargado o activado el servicio.<\/p>\n<ol start=\"3\">\n<li><strong> DERECHO DE DESISTIMIENTO<\/strong><\/li>\n<\/ol>\n<p>El USUARIO dispone de un plazo de catorce (14) d\u00edas naturales, contados a partir de la fecha de recepci\u00f3n del producto o desde la celebraci\u00f3n del contrato de compraventa si fuera una prestaci\u00f3n de un servicio, para ejercer el derecho de desistimiento, regulado en el art\u00edculo 102 del Real Decreto Legislativo 1\/2007, de 16 de noviembre, por el que se aprueba el texto refundido de la Ley General para la Defensa de los Consumidores y Usuarios y otras leyes complementarias, en adelante RDL 1\/2007. Si el PRESTADOR no cumple con el deber de informaci\u00f3n y documentaci\u00f3n sobre el derecho de desistimiento, el plazo para su ejercicio \ufb01nalizar\u00e1 doce meses despu\u00e9s de la fecha de expiraci\u00f3n del per\u00edodo de desistimiento inicial, conforme al art\u00edculo 105 del RDL 1\/2007.<\/p>\n<p>&nbsp;<\/p>\n<p>El derecho de desistimiento no ser\u00e1 aplicable a los contratos referidos y enumerados en el art\u00edculo 103 del RDL 1\/2007. Por tanto, se excluye el derecho de desistimiento debido a los siguientes motivos:<\/p>\n<ul>\n<li>Servicio ya iniciado o p\u00e9rdida del derecho de desistimiento una vez ejecutado por completo.<\/li>\n<\/ul>\n<p>Toda devoluci\u00f3n deber\u00e1 comunicarse al PRESTADOR, solicitando un n\u00famero de devoluci\u00f3n mediante el formulario habilitado para ello, o por correo electr\u00f3nico a info@peritcam.com indicando el n\u00famero de factura o pedido correspondiente.<\/p>\n<p><strong>FORMULARIO DE DESISTIMIENTO<\/strong><\/p>\n<p>(S\u00f3lo deber\u00e1 cumplimentar y enviar el presente formulario si desea desistir del contrato o servicio contratado).<\/p>\n<ul>\n<li>A la atenci\u00f3n de (aqu\u00ed deber\u00e1 insertar el nombre de la empresa, direcci\u00f3n completa y, si dispone de ellos, el n\u00famero de tel\u00e9fono, fax y correo electr\u00f3nico):<\/li>\n<li>Por la presente le comunico\/comunicamos (*) que desisto de mi\/desistimos de nuestro (*) contrato de venta del siguiente bien\/prestaci\u00f3n del siguiente servicio (*).<\/li>\n<li>Pedido el\/solicitado el d\u00eda (*).<\/li>\n<li>Nombre y domicilio del consumidor y usuario o de los consumidores y usuarios.<\/li>\n<li>Fecha y firma del consumidor y usuario o de los consumidores y usuarios.<\/li>\n<\/ul>\n<ol start=\"4\">\n<li><strong> RECLAMACIONES Y RESOLUCI\u00d3N DE LITIGIOS EN L\u00cdNEA<\/strong><\/li>\n<\/ol>\n<p>Cualquier reclamaci\u00f3n que el USUARIO considere oportuna ser\u00e1 atendida a la mayor brevedad posible, pudi\u00e9ndose realizar en las siguientes direcciones de contacto:<\/p>\n<p>Postal: H\u00e9ctor Linares Morales, C\/ Els Ports, 3, 12005 &#8211; Castellon (Castell\u00f3n De La Plana)<br \/>Tel\u00e9fono: 964 780 410<br \/>E-mail: info@peritcam.com<\/p>\n<p><strong>Resoluci\u00f3n de litigios en l\u00ednea (<em>Online Dispute Resolution<\/em>)<\/strong><br \/>Conforme al Art. 14.1 del Reglamento (UE) 524\/2013, la Comisi\u00f3n Europea facilita una plataforma de acceso gratuito para la resoluci\u00f3n de conflictos online entre el USUARIO y el PRESTADOR, sin necesidad de recurrir a los tribunales de justicia, mediante la intervenci\u00f3n de un tercero, llamado Organismo de resoluci\u00f3n de litigios, que act\u00faa de intermediario entre ambos. Este organismo es neutral y dialogar\u00e1 con ambas partes para lograr un acuerdo, pudiendo finalmente sugerir y\/o imponer una soluci\u00f3n al conflicto.<\/p>\n<p>Enlace a la plataforma ODR: <a href=\"http:\/\/ec.europa.eu\/consumers\/odr\/\">http:\/\/ec.europa.eu\/consumers\/odr\/<\/a><\/p>\n<ol start=\"5\">\n<li><strong> FUERZA MAYOR<\/strong><\/li>\n<\/ol>\n<p>Las partes no incurrir\u00e1n en responsabilidad ante cualquier falta debida a causa mayor. El cumplimiento de la obligaci\u00f3n se demorar\u00e1 hasta el cese del caso de fuerza mayor.<\/p>\n<ol start=\"6\">\n<li><strong> COMPETENCIA<\/strong><\/li>\n<\/ol>\n<p>El USUARIO no podr\u00e1 ceder, transferir o transmitir los derechos, responsabilidades y obligaciones contratados en la venta.<\/p>\n<p>Si alguna estipulaci\u00f3n de estas condiciones fuera considerada nula o de imposible cumplimiento, la validez, legalidad y cumplimiento del resto no se ver\u00e1n afectados de ninguna manera, ni sufrir\u00e1n modificaci\u00f3n de ning\u00fan modo.<\/p>\n<p>El USUARIO declara haber le\u00eddo, conocer y aceptar las presentes Condiciones en toda su extensi\u00f3n.<\/p>\n<ol start=\"7\">\n<li><strong> GENERALIDADES DE LA OFERTA<\/strong><\/li>\n<\/ol>\n<p>Todas las ventas efectuadas por el PRESTADOR se entender\u00e1n sometidas a las presentes Condiciones.<\/p>\n<p>Ninguna modificaci\u00f3n, alteraci\u00f3n o pacto contrario a la Propuesta Comercial de H\u00e9ctor Linares Morales o a lo aqu\u00ed estipulado, tendr\u00e1 efecto, salvo pacto expreso por escrito firmado por el PRESTADOR, en este caso, estos pactos particulares prevalecer\u00e1n.<\/p>\n<p>Dados los continuos avances t\u00e9cnicos y mejoras de los servicios, el PRESTADOR se reserva la facultad de modificar sus especificaciones respecto de la informaci\u00f3n facilitada en su publicidad, hasta que no afecte el valor de los servicios ofrecidos. Estas modificaciones tendr\u00e1n asimismo validez en caso de que, por cualquier causa, se viera afectada la posibilidad de suministro de los servicios ofrecidos.<\/p>\n<ol start=\"8\">\n<li><strong> PRECIO Y PLAZO DE VALIDEZ DE LA OFERTA<\/strong><\/li>\n<\/ol>\n<p>Los precios que se indican respecto de cada servicio incluyen el Impuesto sobre el Valor A\u00f1adido (IVA) u otros impuestos que pudieran ser aplicables. Estos precios, a menos que se indique expresamente lo contrario, no incluyen los gastos de env\u00edo o comunicaci\u00f3n, manipulaci\u00f3n, envoltorio, seguro de env\u00edos o cualesquiera otros servicios adicionales y anexos al servicio adquirido.<\/p>\n<p>Los precios aplicables a cada servicio son los publicados en el sitio web y se expresar\u00e1n en la moneda EURO. El USUARIO asume que la valoraci\u00f3n econ\u00f3mica de algunos de los servicios podr\u00e1 variar en tiempo real.<\/p>\n<p>Antes de realizar la compra podr\u00e1 comprobar en l\u00ednea todos los detalles del presupuesto: servicios, cantidades, precio, disponibilidad, cargos, descuentos, impuestos y el total de la compra. Los precios pueden cambiar diariamente mientras no se realice el pedido.<\/p>\n<p>Una vez realizado el pedido, los precios se mantendr\u00e1n tanto si hay disponibilidad del servicio como si no.<\/p>\n<p>Todo pago realizado al PRESTADOR conlleva la emisi\u00f3n de una factura a nombre del USUARIO registrado o de la raz\u00f3n social que este haya informado en el momento de realizar el pedido. Esta factura se enviar\u00e1 en formato PDF junto con el email de confirmaci\u00f3n del pago y a la que tambi\u00e9n tendr\u00e1 acceso en su perfil de usuario.<\/p>\n<p>Para cualquier informaci\u00f3n sobre el pedido, el USUARIO podr\u00e1 contactar a trav\u00e9s del tel\u00e9fono de atenci\u00f3n al cliente del PRESTADOR 964 780 410 o v\u00eda correo electr\u00f3nico a la direcci\u00f3n info@peritcam.com<\/p>\n<ol start=\"9\">\n<li><strong> FORMAS DE PAGO, CARGOS Y DESCUENTOS<\/strong><\/li>\n<\/ol>\n<p>El PRESTADOR es el responsable de las transacciones econ\u00f3micas y posibilita las siguientes formas para efectuar el pago de un pedido:<\/p>\n<ul>\n<li>Tarjeta de cr\u00e9dito o d\u00e9bito<\/li>\n<li>Transferencia bancaria<\/li>\n<\/ul>\n<p><strong>Medidas de seguridad<\/strong><\/p>\n<p>El sitio web utiliza t\u00e9cnicas de seguridad de la informaci\u00f3n generalmente aceptadas en la industria, tales como datos introducidos en p\u00e1gina segura, firewalls, procedimientos de control de acceso y mecanismos criptogr\u00e1ficos, todo ello con el objeto de evitar el acceso no autorizado a los datos. Para lograr estos fines, el USUARIO acepta que el PRESTADOR obtenga datos para efecto de la correspondiente autenticaci\u00f3n de los controles de acceso.<\/p>\n<p>El PRESTADOR se compromete a no permitir ninguna transacci\u00f3n que sea o sea considerada ilegal por las marcas de tarjetas de cr\u00e9dito o el banco adquiriente, que pueda o tenga el potencial de da\u00f1ar la buena voluntad de los mismos o influir de manera negativa en ellos.<\/p>\n<p>Las siguientes actividades est\u00e1n prohibidas en virtud de los programas de las marcas de tarjetas: la venta u oferta de un producto o servicio que no cumpla con todas las leyes aplicables al Comprador, Banco Emisor, Comerciante o Titular de la tarjeta o tarjetas.<\/p>\n<ol start=\"10\">\n<li><strong> PROCESO DE COMPRA<\/strong><\/li>\n<\/ol>\n<p><strong>Cesta (simulaci\u00f3n de presupuesto)<\/strong><\/p>\n<p>Cualquier servicio de nuestro cat\u00e1logo se puede a\u00f1adir a la cesta. En esta, solo se observar\u00e1n los servicios seleccionados, la cantidad, el n\u00famero de personas, el precio y el importe total. Una vez guardada la cesta se proceder\u00e1 a calcular los impuestos, cargos y descuentos seg\u00fan los datos introducidos.<\/p>\n<p>Las cestas no tienen ninguna vinculaci\u00f3n administrativa, solo es un apartado donde se puede simular un presupuesto sin ning\u00fan compromiso por ambas partes.<\/p>\n<p>Desde la cesta se puede hacer un pedido siguiendo los pasos siguientes para su correcta formalizaci\u00f3n:<\/p>\n<ol>\n<li>Comprobaci\u00f3n de los datos de facturaci\u00f3n.<\/li>\n<li>Comprobaci\u00f3n del m\u00e9todo de prestaci\u00f3n del servicio (descarga, activaci\u00f3n&#8230;).<\/li>\n<li>Selecci\u00f3n de la forma de pago.<\/li>\n<li>Realizar el pedido (comprar).<\/li>\n<\/ol>\n<p>Una vez procesado el pedido, el sistema env\u00eda instant\u00e1neamente un correo electr\u00f3nico al departamento de gesti\u00f3n del PRESTADOR y otro al correo del USUARIO confirmando la realizaci\u00f3n del pedido.<\/p>\n<p><strong>Pedidos (solicitudes de compra)<\/strong><\/p>\n<p>En un m\u00e1ximo de 24 horas, en d\u00edas laborables, se enviar\u00e1 un correo electr\u00f3nico al USUARIO confirmando el estado del pedido y la fecha y hora de reserva para la prestaci\u00f3n del servicio contratado.<\/p>\n<ol start=\"11\">\n<li><strong> DISOCIACI\u00d3N Y SUSPENSI\u00d3N O RESCISI\u00d3N DEL CONTRATO<\/strong><\/li>\n<\/ol>\n<p>Si cualquiera de estos t\u00e9rminos y condiciones se considerara ilegal, nula o por cualquier raz\u00f3n inaplicable, esta condici\u00f3n se considerar\u00e1 separable y no afectar\u00e1 la validez y aplicabilidad de ninguna de las condiciones restantes.<\/p>\n<p>El PRESTADOR podr\u00e1, sin previo aviso, suspender o terminar el acceso del USUARIO a sus servicios, en su totalidad o en parte, por cualquier raz\u00f3n v\u00e1lida, incluyendo, sin limitaciones, cuando el USUARIO no cumpla o siga cualquiera de las obligaciones establecidas en este documento o cualquier disposici\u00f3n legal, licencia, reglamento, directiva, c\u00f3digo de pr\u00e1cticas o pol\u00edticas de uso aplicables.<\/p>\n<p>Cuando ejerza cualquiera de sus derechos o facultades bajo esta Cl\u00e1usula, tal ejercicio no perjudicar\u00e1 ni afectar\u00e1 el ejercicio de cualquier otro derecho, facultad o recurso que pueda estar a disposici\u00f3n del USUARIO.<\/p>\n<ol start=\"12\">\n<li><strong> GARANT\u00cdAS Y DEVOLUCIONES<\/strong><\/li>\n<\/ol>\n<p>Las garant\u00edas responder\u00e1n a lo regulado en el T\u00edtulo referido a \u00abGarant\u00edas y servicios posventa\u00bb del Real Decreto Legislativo 1\/2007, de 16 de noviembre, por el que se aprueba el texto refundido de la Ley General para la Defensa de los Consumidores y Usuarios y otras leyes complementarias.<\/p>\n<p>&nbsp;<\/p>\n<ol start=\"13\">\n<li><strong> LEY APLICABLE Y JURISDICCI\u00d3N<\/strong><br \/>Estas condiciones se regir\u00e1n o interpretar\u00e1n conforme a la legislaci\u00f3n espa\u00f1ola en aquello que no est\u00e9 expresamente establecido. Cualquier controversia que pudiera suscitarse de la prestaci\u00f3n de los productos o servicios objeto de estas Condiciones se someter\u00e1 a los juzgados y tribunales del domicilio del USUARIO, al lugar del cumplimiento de la obligaci\u00f3n o aquel en que se encuentre el bien si \u00e9ste fuera inmueble.<\/li>\n<\/ol>\n<p>[\/et_pb_text][\/et_pb_column][\/et_pb_row][\/et_pb_section][et_pb_section fb_built=\u00bb1&#8243; module_id=\u00bbcookies\u00bb _builder_version=\u00bb4.23.1&#8243; _module_preset=\u00bbdefault\u00bb background_enable_color=\u00bboff\u00bb custom_padding=\u00bb66px|0px|79px|0px|false|true\u00bb top_divider_style=\u00bbslant2&#8243; top_divider_color=\u00bb#FFFFFF\u00bb top_divider_flip=\u00bbvertical\u00bb bottom_divider_style=\u00bbslant\u00bb bottom_divider_color=\u00bb#FFFFFF\u00bb bottom_divider_height=\u00bb59px\u00bb bottom_divider_repeat=\u00bb1x\u00bb bottom_divider_flip=\u00bbhorizontal\u00bb global_colors_info=\u00bb{}\u00bb][\/et_pb_section]<\/p>\n","protected":false},"excerpt":{"rendered":"<p>Documentos legales:CONDICIONES GENERALES DE CONTRATACI\u00d3N &nbsp; Introducci\u00f3n Este documento contractual regir\u00e1 las Condiciones Generales de contrataci\u00f3n de servicios de peritaci\u00f3n en l\u00ednea (en adelante, \u00abCondiciones\u00bb) a trav\u00e9s del sitio web https:\/\/www.peritcam.com\/, propiedad de H\u00e9ctor Linares Morales bajo la marca comercial de PeritCam, en adelante, PRESTADOR, cuyos datos de contacto figuran tambi\u00e9n en el Aviso Legal [&hellip;]<\/p>\n","protected":false},"author":1,"featured_media":0,"parent":6608,"menu_order":0,"comment_status":"closed","ping_status":"closed","template":"","meta":{"_et_pb_use_builder":"on","_et_pb_old_content":"","_et_gb_content_width":"","footnotes":""},"class_list":["post-7954","page","type-page","status-publish","hentry"],"_links":{"self":[{"href":"https:\/\/www.peritcam.com\/de\/wp-json\/wp\/v2\/pages\/7954","targetHints":{"allow":["GET"]}}],"collection":[{"href":"https:\/\/www.peritcam.com\/de\/wp-json\/wp\/v2\/pages"}],"about":[{"href":"https:\/\/www.peritcam.com\/de\/wp-json\/wp\/v2\/types\/page"}],"author":[{"embeddable":true,"href":"https:\/\/www.peritcam.com\/de\/wp-json\/wp\/v2\/users\/1"}],"replies":[{"embeddable":true,"href":"https:\/\/www.peritcam.com\/de\/wp-json\/wp\/v2\/comments?post=7954"}],"version-history":[{"count":5,"href":"https:\/\/www.peritcam.com\/de\/wp-json\/wp\/v2\/pages\/7954\/revisions"}],"predecessor-version":[{"id":8319,"href":"https:\/\/www.peritcam.com\/de\/wp-json\/wp\/v2\/pages\/7954\/revisions\/8319"}],"up":[{"embeddable":true,"href":"https:\/\/www.peritcam.com\/de\/wp-json\/wp\/v2\/pages\/6608"}],"wp:attachment":[{"href":"https:\/\/www.peritcam.com\/de\/wp-json\/wp\/v2\/media?parent=7954"}],"curies":[{"name":"wp","href":"https:\/\/api.w.org\/{rel}","templated":true}]}}