{"id":7949,"date":"2024-06-18T11:17:41","date_gmt":"2024-06-18T09:17:41","guid":{"rendered":"https:\/\/www.peritcam.com\/?page_id=7949"},"modified":"2024-06-29T18:47:12","modified_gmt":"2024-06-29T16:47:12","slug":"politica-de-privacidad-de-la-aplicacion","status":"publish","type":"page","link":"https:\/\/www.peritcam.com\/de\/aviso-legal\/politica-de-privacidad-de-la-aplicacion\/","title":{"rendered":"Pol\u00edtica de privacidad de la Aplicaci\u00f3n"},"content":{"rendered":"<p>[et_pb_section fb_built=\u00bb1&#8243; _builder_version=\u00bb4.23.1&#8243; _module_preset=\u00bbdefault\u00bb background_enable_color=\u00bboff\u00bb use_background_color_gradient=\u00bbon\u00bb background_color_gradient_direction=\u00bb134deg\u00bb background_color_gradient_stops=\u00bb#fc450b 0%|rgba(252, 69, 11, 0.59) 73%|rgba(252,69,11,0) 99%\u00bb background_color_gradient_overlays_image=\u00bbon\u00bb background_image=\u00bbhttp:\/\/www.peritcam.com\/wp-content\/uploads\/2023\/12\/AdobeStock_310808918-scaled.jpeg\u00bb custom_padding=\u00bb81px||81px||true|false\u00bb bottom_divider_style=\u00bbasymmetric4&#8243; bottom_divider_color=\u00bb#FFFFFF\u00bb bottom_divider_height=\u00bb44px\u00bb locked=\u00bboff\u00bb global_colors_info=\u00bb{}\u00bb][\/et_pb_section][et_pb_section fb_built=\u00bb1&#8243; module_id=\u00bbcontacto\u00bb _builder_version=\u00bb4.23.1&#8243; _module_preset=\u00bbdefault\u00bb custom_padding=\u00bb98px||209px|||\u00bb locked=\u00bboff\u00bb global_colors_info=\u00bb{}\u00bb][et_pb_row _builder_version=\u00bb4.23.1&#8243; _module_preset=\u00bbdefault\u00bb background_color=\u00bb#FFFFFF\u00bb width_tablet=\u00bb\u00bb width_phone=\u00bb96%\u00bb width_last_edited=\u00bbon|phone\u00bb custom_margin=\u00bb-188px|auto||auto||\u00bb custom_padding=\u00bb40px|40px|40px|40px|false|true\u00bb border_radii=\u00bbon|18px|18px|18px|18px\u00bb global_colors_info=\u00bb{}\u00bb][et_pb_column type=\u00bb4_4&#8243; _builder_version=\u00bb4.23.1&#8243; _module_preset=\u00bbdefault\u00bb global_colors_info=\u00bb{}\u00bb][et_pb_text _builder_version=\u00bb4.25.2&#8243; _module_preset=\u00bbdefault\u00bb custom_margin=\u00bb||1px|||\u00bb hover_enabled=\u00bb0&#8243; locked=\u00bboff\u00bb global_colors_info=\u00bb{}\u00bb sticky_enabled=\u00bb0&#8243;]<b>Documentos legales:<\/b>[\/et_pb_text][et_pb_menu menu_id=\u00bb53&#8243; active_link_color=\u00bb#FC450B\u00bb _builder_version=\u00bb4.25.2&#8243; _module_preset=\u00bbdefault\u00bb menu_font=\u00bb|600|||||||\u00bb locked=\u00bboff\u00bb global_colors_info=\u00bb{}\u00bb][\/et_pb_menu][et_pb_text _builder_version=\u00bb4.25.2&#8243; _module_preset=\u00bbdefault\u00bb hover_enabled=\u00bb0&#8243; global_colors_info=\u00bb{}\u00bb sticky_enabled=\u00bb0&#8243;]<\/p>\n<h3><strong>POL\u00cdTICA DE PRIVACIDAD APP<\/strong><\/h3>\n<p>&nbsp;<\/p>\n<p>Fecha \u00faltima actualizaci\u00f3n:<u> 06<\/u>\/<u>05<\/u>\/<u>2024<\/u><\/p>\n<p>De conformidad con el Reglamento (UE) 2016\/679, del Parlamento Europeo y del Consejo, de 27 de abril de 2016, relativo a la protecci\u00f3n de las personas f\u00edsicas en lo que respecta al tratamiento de datos personales y a la libre circulaci\u00f3n de estos datos (Reglamento General de Protecci\u00f3n de Datos &#8211; RGPD), H\u00c9CTOR LINARES MORALES, informa a los usuarios de la aplicaci\u00f3n: PeritCam (en adelante, la Aplicaci\u00f3n), acerca del tratamiento de los datos personales, que ellos voluntariamente hayan facilitado durante el proceso de registro, acceso y utilizaci\u00f3n del servicio.<\/p>\n<p>&nbsp;<\/p>\n<p><strong>IDENTIFICACI\u00d3N DEL RESPONSABLE DEL TRATAMIENTO.<\/strong><\/p>\n<p>H\u00c9CTOR LINARES MORALES, con CIF\/NIF n\u00ba: 20248892Z y domicilio a efectos de notificaciones en: C\/ Els Ports, 3,\u00a0C.P. 12005 &#8211;\u00a0 Castell\u00f3n\u00a0 (Castell\u00f3n de la Plana) (en adelante, el Responsable del Tratamiento), es la entidad responsable del tratamiento de los datos facilitados por los clientes de la Aplicaci\u00f3n (en adelante, el\/los Usuario\/s).<\/p>\n<p><strong>FINALIDAD DEL TRATAMIENTO DE DATOS.<\/strong><\/p>\n<p>Para proceder al registro, acceso y posterior uso de la Aplicaci\u00f3n, el Usuario deber\u00e1 facilitar -de forma voluntaria-, datos de car\u00e1cter personal (esencialmente, identificativos y de contacto), los cuales ser\u00e1n incorporados a soportes automatizados titularidad de H\u00c9CTOR LINARES MORALES.<\/p>\n<p>La recogida, almacenamiento, modificaci\u00f3n, estructuraci\u00f3n y, en su caso, eliminaci\u00f3n, de los datos proporcionados por los Usuarios, constituir\u00e1n operaciones de tratamiento llevadas a cabo por el Responsable, con la finalidad de garantizar el correcto funcionamiento de la Aplicaci\u00f3n, mantener la relaci\u00f3n de prestaci\u00f3n de servicios y\/o comercial con el Usuario, y para la gesti\u00f3n, administraci\u00f3n, informaci\u00f3n, prestaci\u00f3n y mejora del servicio.<\/p>\n<p>Los datos personales facilitados por el Usuario -especialmente, el correo electr\u00f3nico o e-mail- podr\u00e1n emplearse tambi\u00e9n para remitir boletines (newsletters), as\u00ed como comunicaciones comerciales de promociones y\/o publicidad de la Aplicaci\u00f3n, siempre y cuando, el Usuario haya prestado previamente su consentimiento expreso para la recepci\u00f3n de estas comunicaciones v\u00eda electr\u00f3nica.<\/p>\n<p>Adem\u00e1s, se recabar\u00e1n datos relativos a la geolocalizaci\u00f3n o ubicaci\u00f3n del Usuario siempre que el mismo de su consentimiento expreso para ello y tenga activada dicha funcionalidad en su dispositivo. Tambi\u00e9n se recabar\u00e1n datos relativos a la imagen, ya sea en fotograf\u00eda o video, con id\u00e9nticas condiciones que las establecidas anteriormente.<\/p>\n<p>&nbsp;<\/p>\n<p><strong>LEGITIMACI\u00d3N.<\/strong><\/p>\n<p>El tratamiento de los datos del Usuario, se realiza con las siguientes bases jur\u00eddicas que legitiman el mismo:<\/p>\n<ul>\n<li>La solicitud de informaci\u00f3n y\/o la contrataci\u00f3n de los servicios de la Aplicaci\u00f3n, los cuales se contratar\u00e1n a trav\u00e9s de la web <a href=\"https:\/\/www.peritcam.com\">https:\/\/www.peritcam.com<\/a>.<\/li>\n<li>El consentimiento libre, espec\u00edfico, informado e inequ\u00edvoco del Usuario, poniendo a su disposici\u00f3n la presente pol\u00edtica de privacidad, que deber\u00e1 aceptar mediante una declaraci\u00f3n o una clara acci\u00f3n afirmativa, como el marcado de una casilla dispuesta al efecto.<\/li>\n<\/ul>\n<p>En caso de que el Usuario no facilite a H\u00c9CTOR LINARES MORALES sus datos, o lo haga de forma err\u00f3nea o incompleta, no ser\u00e1 posible proceder al uso de la Aplicaci\u00f3n.<\/p>\n<p>&nbsp;<\/p>\n<p><strong>CONSERVACI\u00d3N DE LOS DATOS PERSONALES.<\/strong><strong>\u00a0<\/strong><\/p>\n<p>Los datos personales proporcionados por el Usuario, se conservar\u00e1n en los sistemas y bases de datos del Responsable del Tratamiento, mientras aqu\u00e9l contin\u00fae haciendo uso de la Aplicaci\u00f3n, y siempre que no solicite su supresi\u00f3n.<\/p>\n<p>Con el objetivo de depurar las posibles responsabilidades derivadas del tratamiento, los datos se conservar\u00e1n por un per\u00edodo m\u00ednimo de cinco a\u00f1os.<\/p>\n<p>&nbsp;<\/p>\n<p><strong>DESTINATARIOS.<\/strong><\/p>\n<p>Los datos no se comunicar\u00e1n a ning\u00fan tercero ajeno a H\u00c9CTOR LINARES MORALES, salvo obligaci\u00f3n legal o en cualquier caso, previa solicitud del consentimiento del Usuario.<\/p>\n<p>De otra parte, H\u00c9CTOR LINARES MORALES podr\u00e1 dar acceso o transmitir los datos personales facilitados por el Usuario, a terceros proveedores de servicios, con los que haya suscrito acuerdos de encargo de tratamiento de datos, y que \u00fanicamente accedan a dicha informaci\u00f3n para prestar un servicio en favor y por cuenta del Responsable.<\/p>\n<p>&nbsp;<\/p>\n<p><strong>PROTECCI\u00d3N DE LA INFORMACI\u00d3N ALOJADA.<\/strong><\/p>\n<p>El Responsable del Tratamiento, adopta las medidas necesarias para garantizar la seguridad, integridad y confidencialidad de los datos conforme a lo dispuesto en el Reglamento (UE) 2016\/679 del Parlamento Europeo y del Consejo, de 27 de abril de 2016, relativo a la protecci\u00f3n de las personas f\u00edsicas en lo que respecta al tratamiento de datos personales y a la libre circulaci\u00f3n de los mismos.<\/p>\n<p>Si bien el Responsable, realiza copias de seguridad de los contenidos alojados en sus servidores, sin embargo no se responsabiliza de la p\u00e9rdida o el borrado accidental de los datos por parte de los Usuarios. De igual manera, no garantiza la reposici\u00f3n total de los datos borrados por los Usuarios, ya que los citados datos podr\u00edan haber sido suprimidos y\/o modificados durante el periodo de tiempo transcurrido desde la \u00faltima copia de seguridad.<\/p>\n<p>Los servicios facilitados o prestados a trav\u00e9s de la Aplicaci\u00f3n, excepto los servicios espec\u00edficos de backup, no incluyen la reposici\u00f3n de los contenidos conservados en las copias de seguridad realizadas por el Responsable del Tratamiento, cuando esta p\u00e9rdida sea imputable al usuario; en este caso, se determinar\u00e1 una tarifa acorde a la complejidad y volumen de la recuperaci\u00f3n, siempre previa aceptaci\u00f3n del usuario. La reposici\u00f3n de datos borrados s\u00f3lo est\u00e1 incluida en el precio del servicio cuando la p\u00e9rdida del contenido sea debida a causas atribuibles al Responsable.<\/p>\n<p>Adem\u00e1s, la App contiene dos funcionalidades del servicio relativas al almacenamiento por parte del Responsable:<\/p>\n<ol>\n<li>Opci\u00f3n 1. El Responsable no proceder\u00e1 al almacenamiento de los peritajes en l\u00ednea realizados por el Usuario, siendo por tanto el mismo el responsable de su almacenamiento y gesti\u00f3n, eximiendo al Responsable de cualquier reclamaci\u00f3n posterior ante la p\u00e9rdida de dichos datos.<\/li>\n<li>Opci\u00f3n 2. El Responsable tambi\u00e9n presta el servicio de almacenamiento de los peritajes en l\u00ednea, pudiendo el Usuario descargarse la informaci\u00f3n de los mismos o no. En estos supuestos, el Responsable generar\u00e1 y facilitar\u00e1 al Usuario un c\u00f3digo QR para su posterior acceso.<\/li>\n<\/ol>\n<p>&nbsp;<\/p>\n<p><strong>EJERCICIO DE DERECHOS.<\/strong><\/p>\n<p>H\u00c9CTOR LINARES MORALES, informa al Usuario de que le asisten los derechos de acceso, rectificaci\u00f3n, limitaci\u00f3n, supresi\u00f3n, oposici\u00f3n y portabilidad, los cuales podr\u00e1 ejercitar mediante petici\u00f3n dirigida al correo electr\u00f3nico: <a href=\"mailto:info@informaticoscastellon.com\">info@informaticoscastellon.com.<\/a><\/p>\n<p>Asimismo, el Usuario tiene derecho a revocar el consentimiento inicialmente prestado, y a interponer reclamaciones de derechos frente a la Agencia Espa\u00f1ola de Protecci\u00f3n de Datos (AEPD).<\/p>\n<p>&nbsp;<\/p>\n<p><strong>COMUNICACIONES COMERCIALES POR V\u00cdA ELECTR\u00d3NICA.<\/strong><\/p>\n<p>En aplicaci\u00f3n de la LSSI (Ley de Servicios de la Sociedad de la Informaci\u00f3n), H\u00c9CTOR LINARES MORALES, no enviar\u00e1 comunicaciones publicitarias o promocionales por correo electr\u00f3nico u otro medio de comunicaci\u00f3n electr\u00f3nica equivalente que previamente no hubieran sido solicitadas o expresamente autorizadas por los destinatarios de las mismas.<\/p>\n<p>En el caso de usuarios con los que exista una relaci\u00f3n contractual, jur\u00eddica o de servicios previa, el Responsable del Tratamiento, s\u00ed est\u00e1 autorizado al env\u00edo de comunicaciones comerciales referentes a productos o servicios del Responsable que sean similares a los que inicialmente fueron objeto de contrataci\u00f3n con el cliente.<\/p>\n<p>En caso de que el Usuario quiera darse de baja a la hora de recibir las citadas comunicaciones, podr\u00e1 hacerlo remitiendo su voluntad por e-mail al correo electr\u00f3nico: <a href=\"mailto:info@informaticoscastellon.com\">info@informaticoscastellon.com.<\/a>[\/et_pb_text][\/et_pb_column][\/et_pb_row][\/et_pb_section][et_pb_section fb_built=\u00bb1&#8243; module_id=\u00bbcookies\u00bb _builder_version=\u00bb4.23.1&#8243; _module_preset=\u00bbdefault\u00bb background_enable_color=\u00bboff\u00bb custom_padding=\u00bb66px|0px|79px|0px|false|true\u00bb top_divider_style=\u00bbslant2&#8243; top_divider_color=\u00bb#FFFFFF\u00bb top_divider_flip=\u00bbvertical\u00bb bottom_divider_style=\u00bbslant\u00bb bottom_divider_color=\u00bb#FFFFFF\u00bb bottom_divider_height=\u00bb59px\u00bb bottom_divider_repeat=\u00bb1x\u00bb bottom_divider_flip=\u00bbhorizontal\u00bb global_colors_info=\u00bb{}\u00bb][\/et_pb_section]<\/p>\n","protected":false},"excerpt":{"rendered":"<p>Documentos legales:POL\u00cdTICA DE PRIVACIDAD APP &nbsp; Fecha \u00faltima actualizaci\u00f3n: 06\/05\/2024 De conformidad con el Reglamento (UE) 2016\/679, del Parlamento Europeo y del Consejo, de 27 de abril de 2016, relativo a la protecci\u00f3n de las personas f\u00edsicas en lo que respecta al tratamiento de datos personales y a la libre circulaci\u00f3n de estos datos (Reglamento [&hellip;]<\/p>\n","protected":false},"author":1,"featured_media":0,"parent":6608,"menu_order":0,"comment_status":"closed","ping_status":"closed","template":"","meta":{"_et_pb_use_builder":"on","_et_pb_old_content":"","_et_gb_content_width":"","footnotes":""},"class_list":["post-7949","page","type-page","status-publish","hentry"],"_links":{"self":[{"href":"https:\/\/www.peritcam.com\/de\/wp-json\/wp\/v2\/pages\/7949","targetHints":{"allow":["GET"]}}],"collection":[{"href":"https:\/\/www.peritcam.com\/de\/wp-json\/wp\/v2\/pages"}],"about":[{"href":"https:\/\/www.peritcam.com\/de\/wp-json\/wp\/v2\/types\/page"}],"author":[{"embeddable":true,"href":"https:\/\/www.peritcam.com\/de\/wp-json\/wp\/v2\/users\/1"}],"replies":[{"embeddable":true,"href":"https:\/\/www.peritcam.com\/de\/wp-json\/wp\/v2\/comments?post=7949"}],"version-history":[{"count":4,"href":"https:\/\/www.peritcam.com\/de\/wp-json\/wp\/v2\/pages\/7949\/revisions"}],"predecessor-version":[{"id":8326,"href":"https:\/\/www.peritcam.com\/de\/wp-json\/wp\/v2\/pages\/7949\/revisions\/8326"}],"up":[{"embeddable":true,"href":"https:\/\/www.peritcam.com\/de\/wp-json\/wp\/v2\/pages\/6608"}],"wp:attachment":[{"href":"https:\/\/www.peritcam.com\/de\/wp-json\/wp\/v2\/media?parent=7949"}],"curies":[{"name":"wp","href":"https:\/\/api.w.org\/{rel}","templated":true}]}}