{"id":7941,"date":"2024-06-18T10:58:20","date_gmt":"2024-06-18T08:58:20","guid":{"rendered":"https:\/\/www.peritcam.com\/?page_id=7941"},"modified":"2024-06-29T18:36:15","modified_gmt":"2024-06-29T16:36:15","slug":"condiciones-de-uso-de-la-aplicacion","status":"publish","type":"page","link":"https:\/\/www.peritcam.com\/de\/aviso-legal\/condiciones-de-uso-de-la-aplicacion\/","title":{"rendered":"Condiciones de uso de la Aplicaci\u00f3n"},"content":{"rendered":"<p>[et_pb_section fb_built=\u00bb1&#8243; _builder_version=\u00bb4.23.1&#8243; _module_preset=\u00bbdefault\u00bb background_enable_color=\u00bboff\u00bb use_background_color_gradient=\u00bbon\u00bb background_color_gradient_direction=\u00bb134deg\u00bb background_color_gradient_stops=\u00bb#fc450b 0%|rgba(252, 69, 11, 0.59) 73%|rgba(252,69,11,0) 99%\u00bb background_color_gradient_overlays_image=\u00bbon\u00bb background_image=\u00bbhttp:\/\/www.peritcam.com\/wp-content\/uploads\/2023\/12\/AdobeStock_310808918-scaled.jpeg\u00bb custom_padding=\u00bb81px||81px||true|false\u00bb bottom_divider_style=\u00bbasymmetric4&#8243; bottom_divider_color=\u00bb#FFFFFF\u00bb bottom_divider_height=\u00bb44px\u00bb locked=\u00bboff\u00bb global_colors_info=\u00bb{}\u00bb][\/et_pb_section][et_pb_section fb_built=\u00bb1&#8243; module_id=\u00bbcontacto\u00bb _builder_version=\u00bb4.23.1&#8243; _module_preset=\u00bbdefault\u00bb custom_padding=\u00bb98px||209px|||\u00bb locked=\u00bboff\u00bb global_colors_info=\u00bb{}\u00bb][et_pb_row _builder_version=\u00bb4.23.1&#8243; _module_preset=\u00bbdefault\u00bb background_color=\u00bb#FFFFFF\u00bb width_tablet=\u00bb\u00bb width_phone=\u00bb96%\u00bb width_last_edited=\u00bbon|phone\u00bb custom_margin=\u00bb-188px|auto||auto||\u00bb custom_padding=\u00bb40px|40px|40px|40px|false|true\u00bb border_radii=\u00bbon|18px|18px|18px|18px\u00bb global_colors_info=\u00bb{}\u00bb][et_pb_column type=\u00bb4_4&#8243; _builder_version=\u00bb4.23.1&#8243; _module_preset=\u00bbdefault\u00bb global_colors_info=\u00bb{}\u00bb][et_pb_text _builder_version=\u00bb4.25.2&#8243; _module_preset=\u00bbdefault\u00bb custom_margin=\u00bb||1px|||\u00bb hover_enabled=\u00bb0&#8243; locked=\u00bboff\u00bb global_colors_info=\u00bb{}\u00bb sticky_enabled=\u00bb0&#8243;]<b>Documentos legales:<\/b>[\/et_pb_text][et_pb_menu menu_id=\u00bb53&#8243; active_link_color=\u00bb#FC450B\u00bb _builder_version=\u00bb4.25.2&#8243; _module_preset=\u00bbdefault\u00bb menu_font=\u00bb|600|||||||\u00bb locked=\u00bboff\u00bb global_colors_info=\u00bb{}\u00bb][\/et_pb_menu][et_pb_text _builder_version=\u00bb4.25.2&#8243; _module_preset=\u00bbdefault\u00bb global_colors_info=\u00bb{}\u00bb]<\/p>\n<h3><strong>CONDICIONES DE USO APP<\/strong><\/h3>\n<p>Fecha \u00faltima actualizaci\u00f3n: <u>06<\/u>\/<u>05<\/u>\/ <u>2024<\/u><\/p>\n<p><u><\/u><\/p>\n<p><strong>TITULARIDAD.<\/strong><\/p>\n<p>El presente documento tiene por objeto establecer las condiciones generales de uso de la aplicaci\u00f3n PeritCam (en adelante, la Aplicaci\u00f3n), titularidad de H\u00c9CTOR LINARES MORALES, con CIF\/NIF n\u00ba: 20248892Z y domicilio a efectos de notificaciones en: C\/ Els Ports, 3, C.P. 12005 &#8211; Castellon (Castell\u00f3n De La Plana).<\/p>\n<p>El registro y posterior uso de la Aplicaci\u00f3n, requiere la aceptaci\u00f3n previa por parte del usuario, de las condiciones generales de uso vigentes. El Propietario se reserva el derecho de modificar las presentes condiciones, en cualquier momento, si bien dichos cambios ser\u00e1n debidamente informados para el conocimiento por parte del usuario.<\/p>\n<p>La descarga y uso de la aplicaci\u00f3n, ya sea a trav\u00e9s de la app web como de la app m\u00f3vil, atribuye la condici\u00f3n de usuario de la misma (en adelante, el Usuario) e implica la lectura, entendimiento y aceptaci\u00f3n de todos los t\u00e9rminos y condiciones recogidos por el presente documento.<\/p>\n<p>No obstante, el Usuario deber\u00e1 revisar peri\u00f3dicamente las publicaciones relativas a los cambios efectuados en las condiciones de uso, y si aqu\u00e9l contin\u00faa utilizando la Aplicaci\u00f3n, se entender\u00e1 que ello implica la aceptaci\u00f3n y asunci\u00f3n de dichos cambios.<\/p>\n<p>Las presentes condiciones de uso, afectan a tus derechos y obligaciones legales respecto al uso de la Aplicaci\u00f3n. Si no aceptas los t\u00e9rminos incluidos en las mismas, no debes registrarte, acceder, ni utilizar la Aplicaci\u00f3n.<\/p>\n<p>&nbsp;<\/p>\n<p><strong>MENORES DE EDAD.<\/strong><\/p>\n<p>Se informa de que el Usuario debe ser mayor de dieciocho (18) a\u00f1os. Se informa que igualmente la presente aplicaci\u00f3n est\u00e1 destinada exclusivamente a peritos profesionales.<\/p>\n<p><strong>DERECHOS DE PROPIEDAD INTELECTUAL.<\/strong><\/p>\n<p>La Aplicaci\u00f3n es una obra compuesta de diversos elementos integrados e inseparables (texto, ilustraciones, fotograf\u00edas, im\u00e1genes animadas, v\u00eddeos, programas de ordenador, etc.), cuyos derechos de propiedad intelectual, en virtud de lo dispuesto por la normativa vigente en la materia, corresponden al Propietario, salvo en lo referente a aquellos materiales obtenidos bajo licencia, autorizaci\u00f3n o consentimiento de terceros.<\/p>\n<p>El Propietario y los terceros licenciantes, retendr\u00e1n en todo momento los derechos de propiedad intelectual sobre la Aplicaci\u00f3n, as\u00ed como sobre los diferentes elementos que la componen, considerados de forma individual, en todas las copias que se realicen (cualquiera que sea el soporte al que se incorporen), concediendo sobre los mismos \u00fanicamente el derecho de uso.\u00a0<\/p>\n<p>Cualquier derecho que no sea expresamente cedido, se entender\u00e1 reservado en favor del Propietario y los licenciantes de contenidos o elementos individuales.<\/p>\n<p>El Propietario dispone de los derechos de propiedad intelectual y de explotaci\u00f3n sobre el software empleado para el desarrollo y funcionamiento de la Aplicaci\u00f3n, y estar\u00e1 habilitado para descargar e instalar nuevas versiones del software \u00a0de la Aplicaci\u00f3n, actualizaciones y mejoras, con el fin de perfeccionar las funcionalidades del servicio.<\/p>\n<p>El usuario no adquiere derecho alguno o licencia por el servicio contratado, sobre el software necesario para la prestaci\u00f3n del servicio, ni tampoco sobre la informaci\u00f3n t\u00e9cnica de seguimiento del servicio, a excepci\u00f3n de los derechos y licencias necesarios para la utilizaci\u00f3n y correcto funcionamiento de la Aplicaci\u00f3n.<\/p>\n<p>Adem\u00e1s de lo anterior, el Propietario es responsable de la selecci\u00f3n, dise\u00f1o de la estructura y disposici\u00f3n de los contenidos de la Aplicaci\u00f3n, as\u00ed como quien ha tomado la iniciativa y asumido el riesgo de efectuar las inversiones sustanciales orientadas a la obtenci\u00f3n, digitalizaci\u00f3n y presentaci\u00f3n de la misma, correspondi\u00e9ndole, por tanto, la protecci\u00f3n que la Ley de Propiedad Intelectual (LPI) pueda conceder sobre dicha disposici\u00f3n y estructuraci\u00f3n de datos.<\/p>\n<p>El Propietario es tambi\u00e9n el \u00fanico titular del dise\u00f1o e imagen gr\u00e1fica de la Aplicaci\u00f3n, reserv\u00e1ndose las acciones que legalmente le correspondan contra las personas que pudieran realizar imitaciones o usos desleales de la misma.<\/p>\n<p>&nbsp;<\/p>\n<p><strong>DERECHOS DEL USUARIO.<\/strong><\/p>\n<p>Respecto a los posibles contenidos generados por el usuario, durante el uso de la Aplicaci\u00f3n, aqu\u00e9l ser\u00e1 el \u00fanico titular de los derechos de propiedad intelectual sobre dichos contenidos.<\/p>\n<p>No obstante, cuando el Usuario comparta, difunda o publique contenidos en la Aplicaci\u00f3n, est\u00e1 concediendo una licencia no exclusiva, transferible y gratuita, para poder almacenar, reproducir, distribuir, modificar, mantener o comunicar p\u00fablicamente (difundir, publicar) el contenido generado por el Usuario.<\/p>\n<p>En el supuesto de que el Usuario, comparta o publique contenidos en la Aplicaci\u00f3n, que no haya creado o generado \u00e9l mismo, ser\u00e1 el \u00fanico responsable de haber obtenido previamente las correspondientes autorizaciones por parte de los leg\u00edtimos autores de los citados contenidos.<\/p>\n<p>En cualquier caso, el Propietario informa al Usuario de que, aunque el contenido pueda ser eliminado de la interfaz de la Aplicaci\u00f3n, \u00e9ste puede conservarse en las copias de seguridad del Propietario durante un cierto tiempo, para despu\u00e9s ser suprimido de forma efectiva.<\/p>\n<p>Asimismo, cabe mencionar que el contenido puede seguir siendo visible si se ha compartido con otros usuarios, y \u00e9stos han llegado a descargar o guardar dicho contenido, excediendo estas actuaciones del \u00e1mbito o entorno de la Aplicaci\u00f3n.<\/p>\n<p>&nbsp;<\/p>\n<p><strong>OBLIGACIONES DEL USUARIO.<\/strong><\/p>\n<p>El Usuario se compromete a utilizar la presente Aplicaci\u00f3n y todo su contenido de conformidad con la ley, la moral, el orden p\u00fablico y las presentes condiciones de uso. Asimismo, se compromete a hacer un uso adecuado de los servicios y\/o contenidos de la aplicaci\u00f3n.<\/p>\n<p>En particular, el Usuario se compromete a:\u00a0<\/p>\n<ul>\n<li>No emplear la Aplicaci\u00f3n para realizar actividades il\u00edcitas o constitutivas de delito, que atenten contra los derechos de terceros y\/o que infrinjan la regulaci\u00f3n sobre propiedad intelectual e industrial, o cualesquiera otras normas del ordenamiento jur\u00eddico aplicable.<\/li>\n<li>No transmitir, introducir, difundir y poner a disposici\u00f3n de terceros, cualquier tipo de material e informaci\u00f3n (datos contenidos, mensajes, dibujos, archivos de sonido e imagen, fotograf\u00edas, software, ), a trav\u00e9s de la Aplicaci\u00f3n, que sean contrarios a la ley, la moral, el orden p\u00fablico y las presentes condiciones de uso.<\/li>\n<li>No generar, compartir o subir contenidos a la Aplicaci\u00f3n, si son ilegales, enga\u00f1osos, o discriminatorios, o si vulneran los derechos de otra persona.<\/li>\n<li>La publicaci\u00f3n o transmisi\u00f3n de cualquier contenido que resulte violento, obsceno, abusivo, racial, xen\u00f3fobo o difamatorio.<\/li>\n<li>No introducir o subir virus o c\u00f3digos maliciosos, o realizar actividades susceptibles de alterar el correcto funcionamiento de la Aplicaci\u00f3n.<\/li>\n<li>No recoger ni utilizar datos personales (incluida la imagen f\u00edsica) de otros usuarios sin su consentimiento expreso o contraviniendo lo dispuesto en el Reglamento General de Protecci\u00f3n de<\/li>\n<\/ul>\n<p>\u00a0La infracci\u00f3n de cualquiera de las normas contenidas en este apartado, facultar\u00e1 al Propietario, para dar de baja de la Aplicaci\u00f3n al usuario de manera inmediata, as\u00ed como para eliminar contenidos generados por el usuario, que puedan atentar contra los derechos de terceros, resultar inadecuados o ser contrarios al orden jur\u00eddico.<\/p>\n<p>&nbsp;<\/p>\n<p><strong>LIMITACI\u00d3N DE RESPONSABILIDAD.<\/strong><\/p>\n<p>El Propietario no garantiza que, durante el uso de la Aplicaci\u00f3n, no puedan producirse fallos o errores que dificulten el uso del servicio, generen imperfecciones, problemas o retrasos en el sistema.<\/p>\n<p>Siempre que el Propietario haya actuado con la diligencia oportuna y necesaria, no asumir\u00e1 responsabilidad alguna por: p\u00e9rdidas no provocadas por infracci\u00f3n del Propietario, de lo dispuesto en las presentes condiciones; p\u00e9rdidas no previsibles de forma razonable por ninguna de las partes; contenidos difundidos o publicados por otros usuarios, cuando vulneren derechos de terceros, o se trate de contenido ilegal, violento, ofensivo o inapropiado.<\/p>\n<p>&nbsp;<\/p>\n<p><strong>PROTECCI\u00d3N DE DATOS DE CAR\u00c1CTER PERSONAL.<\/strong><\/p>\n<p>De conformidad con el Reglamento (UE) 2016\/679, del Parlamento Europeo y del Consejo, de 27 de abril de 2016, relativo a la protecci\u00f3n de las personas f\u00edsicas en lo que respecta al tratamiento de datos personales y a la libre circulaci\u00f3n de estos datos (Reglamento General de Protecci\u00f3n de Datos &#8211; RGPD), toda informaci\u00f3n o datos de car\u00e1cter personal que el Usuario facilite a trav\u00e9s de la utilizaci\u00f3n de la presente App, ser\u00e1n tratados de acuerdo a lo establecido en nuestra Pol\u00edtica de Privacidad.<\/p>\n<p>&nbsp;<\/p>\n<p><strong>MODIFICACIONES.<br \/><\/strong><\/p>\n<p>El Propietario se reserva el derecho a efectuar, sin previo aviso, las modificaciones que considere oportunas para el correcto funcionamiento de la Aplicaci\u00f3n, pudiendo cambiar, suprimir o a\u00f1adir tanto los contenidos y servicios que se prestan a trav\u00e9s de la misma, como la forma en la que \u00e9stos aparecen presentados o localizados.<\/p>\n<p>El Propietario intentar\u00e1, en la medida de lo posible, mantener actualizada y libre de fallos la informaci\u00f3n contenida en la presente Aplicaci\u00f3n, si bien, en cualquier caso, el acceso y utilizaci\u00f3n de la misma es responsabilidad exclusiva del Usuario.<\/p>\n<p><strong>ACCIONES LEGALES.<br \/><\/strong><\/p>\n<p>En caso de incumplimiento por parte del Usuario, de los t\u00e9rminos incluidos en las presentes condiciones de uso, el Propietario estar\u00e1 habilitado para iniciar las acciones legales que, conforme a la legislaci\u00f3n vigente, puedan resultar oportunas, as\u00ed como a solicitar las indemnizaciones pertinentes por parte del Usuario.<\/p>\n<p>El Propietario perseguir\u00e1 cualquier utilizaci\u00f3n indebida de la Aplicaci\u00f3n o de sus contenidos as\u00ed como las infracciones de los derechos que le correspondan a \u00e9l o a sus licenciantes, especialmente en lo relativo a los derechos de propiedad intelectual e industrial.<\/p>\n<p>[\/et_pb_text][\/et_pb_column][\/et_pb_row][\/et_pb_section][et_pb_section fb_built=\u00bb1&#8243; module_id=\u00bbcookies\u00bb _builder_version=\u00bb4.23.1&#8243; _module_preset=\u00bbdefault\u00bb background_enable_color=\u00bboff\u00bb custom_padding=\u00bb66px|0px|79px|0px|false|true\u00bb top_divider_style=\u00bbslant2&#8243; top_divider_color=\u00bb#FFFFFF\u00bb top_divider_flip=\u00bbvertical\u00bb bottom_divider_style=\u00bbslant\u00bb bottom_divider_color=\u00bb#FFFFFF\u00bb bottom_divider_height=\u00bb59px\u00bb bottom_divider_repeat=\u00bb1x\u00bb bottom_divider_flip=\u00bbhorizontal\u00bb global_colors_info=\u00bb{}\u00bb][\/et_pb_section]<\/p>\n","protected":false},"excerpt":{"rendered":"<p>Documentos legales:CONDICIONES DE USO APP Fecha \u00faltima actualizaci\u00f3n: 06\/05\/ 2024 TITULARIDAD. El presente documento tiene por objeto establecer las condiciones generales de uso de la aplicaci\u00f3n PeritCam (en adelante, la Aplicaci\u00f3n), titularidad de H\u00c9CTOR LINARES MORALES, con CIF\/NIF n\u00ba: 20248892Z y domicilio a efectos de notificaciones en: C\/ Els Ports, 3, C.P. 12005 &#8211; Castellon [&hellip;]<\/p>\n","protected":false},"author":1,"featured_media":0,"parent":6608,"menu_order":0,"comment_status":"closed","ping_status":"closed","template":"","meta":{"_et_pb_use_builder":"on","_et_pb_old_content":"","_et_gb_content_width":"","footnotes":""},"class_list":["post-7941","page","type-page","status-publish","hentry"],"_links":{"self":[{"href":"https:\/\/www.peritcam.com\/de\/wp-json\/wp\/v2\/pages\/7941","targetHints":{"allow":["GET"]}}],"collection":[{"href":"https:\/\/www.peritcam.com\/de\/wp-json\/wp\/v2\/pages"}],"about":[{"href":"https:\/\/www.peritcam.com\/de\/wp-json\/wp\/v2\/types\/page"}],"author":[{"embeddable":true,"href":"https:\/\/www.peritcam.com\/de\/wp-json\/wp\/v2\/users\/1"}],"replies":[{"embeddable":true,"href":"https:\/\/www.peritcam.com\/de\/wp-json\/wp\/v2\/comments?post=7941"}],"version-history":[{"count":4,"href":"https:\/\/www.peritcam.com\/de\/wp-json\/wp\/v2\/pages\/7941\/revisions"}],"predecessor-version":[{"id":8316,"href":"https:\/\/www.peritcam.com\/de\/wp-json\/wp\/v2\/pages\/7941\/revisions\/8316"}],"up":[{"embeddable":true,"href":"https:\/\/www.peritcam.com\/de\/wp-json\/wp\/v2\/pages\/6608"}],"wp:attachment":[{"href":"https:\/\/www.peritcam.com\/de\/wp-json\/wp\/v2\/media?parent=7941"}],"curies":[{"name":"wp","href":"https:\/\/api.w.org\/{rel}","templated":true}]}}