{"id":8663,"date":"2024-10-04T14:04:22","date_gmt":"2024-10-04T12:04:22","guid":{"rendered":"https:\/\/www.peritcam.com\/?page_id=8663"},"modified":"2026-04-20T15:56:11","modified_gmt":"2026-04-20T13:56:11","slug":"integrar-peritacion-remota","status":"publish","type":"page","link":"https:\/\/www.peritcam.com\/ca\/integrar-peritacion-remota\/","title":{"rendered":"Integrar la tecnologia de peritatge al teu sistema"},"content":{"rendered":"<div class=\"et_pb_section_0 et_pb_section et_section_regular et_block_section section_has_divider et_pb_bottom_divider\"><div class=\"et_pb_row_0 et_pb_row et_block_row\"><div class=\"et_pb_column_0 et_pb_column et_pb_column_4_4 et-last-child et_block_column et_pb_css_mix_blend_mode_passthrough\"><div class=\"et_pb_text_0 et_pb_text et_pb_bg_layout_light et_animated et_pb_module et_block_module\"><div class=\"et_pb_text_inner\"><h1><span>Integra la videoperitaci\u00f3 al teu sistema<\/span><\/h1>\n<h5><span>Fes servir la nostra tecnologia en el teu propi programari<\/span><\/h5>\n<p><span><\/span><\/p>\n<\/div><\/div><\/div><\/div><div class=\"et_pb_bottom_inside_divider et-no-transition\"><\/div><\/div><div class=\"et_pb_section_1 et_pb_section et_section_specialty et_pb_equal_columns et_pb_gutters1 et_block_section\"><div class=\"et_pb_row et_block_row\"><div class=\"et_pb_column_1 et_pb_column et_pb_column_single et_pb_column_1_2 et_block_column et_pb_css_mix_blend_mode_passthrough\"><div class=\"et_pb_text_1 et_pb_text et_pb_bg_layout_light et_animated et_pb_module et_block_module\"><div class=\"et_pb_text_inner\"><h2><strong>Optimitza els teus processos integrant el peritatge remot al teu gestor d&#039;enc\u00e0rrecs<\/strong><\/h2>\n<p><span><\/span><\/p>\n<\/div><\/div><div class=\"et_pb_divider_0 et_pb_divider et_pb_space et_pb_divider_position_top et_animated et_pb_module\"><div class=\"et_pb_divider_internal\"><\/div><\/div><div class=\"et_pb_text_2 et_pb_text et_pb_bg_layout_light et_animated et_pb_module et_block_module\"><div class=\"et_pb_text_inner\"><p>\u00a0A l&#039;entorn actual, l&#039;efici\u00e8ncia i l&#039;adaptabilitat s\u00f3n factors crucials per mantenir-se a l&#039;avantguarda. videoperitaci\u00f3 directament a la teva plataforma.<\/p>\n<p>&nbsp;<\/p>\n<p>&nbsp;<\/p>\n<\/div><\/div><\/div><div class=\"et_pb_column_2 et_pb_column et_pb_specialty_column et_pb_column_1_2 et-last-child et_block_column et_pb_css_mix_blend_mode_passthrough\"><div class=\"et_pb_row_inner_0 et_pb_row_inner et_pb_equal_columns et_pb_gutters4 et_block_row\"><div class=\"et_pb_column_inner_0 et_pb_column_inner et_pb_column et_pb_column_4_4 et-last-child et_block_column et_pb_css_mix_blend_mode_passthrough\"><div class=\"et_pb_image_0 et_pb_image et_animated et_pb_module et_block_module\"><span class=\"et_pb_image_wrap\"><img loading=\"lazy\" decoding=\"async\" src=\"http:\/\/www.peritcam.com\/wp-content\/uploads\/2023\/12\/teleperitacion-150x150.png\" width=\"150\" height=\"150\" srcset=\"http:\/\/www.peritcam.com\/wp-content\/uploads\/2023\/12\/teleperitacion-150x150.png 150w\" class=\"wp-image-6680\" title=\"teleperitaci\u00f3\" \/><\/span><\/div><\/div><\/div><\/div><\/div><\/div><div class=\"et_pb_section_2 et_pb_section et_section_specialty et_pb_equal_columns et_pb_gutters1 et_block_section et_animated section_has_divider et_pb_top_divider et_pb_bottom_divider\"><div class=\"et_pb_top_inside_divider et-no-transition\"><\/div><div class=\"et_pb_row et_block_row\"><div class=\"et_pb_column_3 et_pb_column et_pb_column_single et_pb_column_1_2 et_block_column et_pb_css_mix_blend_mode_passthrough\"><div class=\"et_pb_text_3 et_pb_text et_pb_bg_layout_light et_animated et_pb_module et_block_module\"><div class=\"et_pb_text_inner\"><h2><span>Una integraci\u00f3 a mida pel teu negoci<\/span><\/h2>\n<p><span><\/span><\/p>\n<\/div><\/div><div class=\"et_pb_divider_1 et_pb_divider et_pb_space et_pb_divider_position_top et_animated et_pb_module\"><div class=\"et_pb_divider_internal\"><\/div><\/div><div class=\"et_pb_text_4 et_pb_text et_pb_bg_layout_light et_animated et_pb_module et_block_module\"><div class=\"et_pb_text_inner\"><h3><\/h3>\n<p>Entenem que cada negoci t\u00e9 necessitats particulars. \u00c9s per aix\u00f2 que la nostra tecnologia \u00e9s flexible i personalitzable. Treballarem amb tu per entendre els teus fluxos de treball i assegurar que la integraci\u00f3 es faci de manera \u00f2ptima, millorant l&#039;efici\u00e8ncia operativa sense interrompre les rutines establertes.<\/p>\n<\/div><\/div><\/div><div class=\"et_pb_column_4 et_pb_column et_pb_specialty_column et_pb_column_1_2 et-last-child et_block_column et_pb_css_mix_blend_mode_passthrough\"><div class=\"et_pb_row_inner_1 et_pb_row_inner et_pb_equal_columns et_pb_gutters4 et_block_row\"><div class=\"et_pb_column_inner_1 et_pb_column_inner et_pb_column et_pb_column_4_4 et-last-child et_block_column et_pb_css_mix_blend_mode_passthrough\"><div class=\"et_pb_image_1 et_pb_image et_animated et_pb_module et_block_module\"><span class=\"et_pb_image_wrap\"><img loading=\"lazy\" decoding=\"async\" src=\"http:\/\/www.peritcam.com\/wp-content\/uploads\/2023\/12\/teleperitacion-150x150.png\" width=\"150\" height=\"150\" srcset=\"http:\/\/www.peritcam.com\/wp-content\/uploads\/2023\/12\/teleperitacion-150x150.png 150w\" class=\"wp-image-6680\" title=\"teleperitaci\u00f3\" \/><\/span><\/div><\/div><\/div><\/div><\/div><div class=\"et_pb_bottom_inside_divider et-no-transition\"><\/div><\/div><div class=\"et_pb_section_3 et_pb_section et_section_regular et_block_section\"><div class=\"et_pb_row_1 et_pb_row et_block_row\"><div class=\"et_pb_column_5 et_pb_column et_pb_column_4_4 et-last-child et_block_column et_pb_css_mix_blend_mode_passthrough\"><div class=\"et_pb_text_5 et_pb_text et_pb_bg_layout_light et_animated et_pb_module et_block_module\"><div class=\"et_pb_text_inner\"><h3><strong>Per qu\u00e8 integrar la nostra tecnologia de videoperitaci\u00f3?<\/strong><\/h3>\n<p>La videoperitaci\u00f3 representa un salt qualitatiu a la ind\u00fastria de la valoraci\u00f3 i peritatge de danys. A trav\u00e9s de la integraci\u00f3 de la nostra tecnologia, els teus p\u00e8rits podran treballar de manera m\u00e9s \u00e0gil i eficient, millorant l&#039;experi\u00e8ncia tant per a ells com per als clients finals. Aqu\u00ed us mostrem alguns dels avantatges clau:<\/p>\n<h4>1. <strong>Reducci\u00f3 de costos operatius i temps de gesti\u00f3<\/strong><\/h4>\n<p>Amb la nostra tecnologia de videoperitaci\u00f3 integrada al teu sistema, els p\u00e8rits podran realitzar inspeccions remotes sense la necessitat de despla\u00e7aments innecessaris. Aix\u00f2 no nom\u00e9s redueix costos, sin\u00f3 que tamb\u00e9 disminueix considerablement el temps necessari per gestionar un cas, millorant els temps de resposta.<\/p>\n<h4>2. <strong>Millora de l&#039;experi\u00e8ncia del client<\/strong><\/h4>\n<p>Els clients podran beneficiar-se d&#039;una experi\u00e8ncia m\u00e9s convenient i fluida. La videoperitaci\u00f3 permet als usuaris involucrar-se en el proc\u00e9s d&#039;inspecci\u00f3 de manera r\u00e0pida i senzilla des de qualsevol ubicaci\u00f3, sense esperes llargues. Aquesta millora en l&#039;experi\u00e8ncia del client es tradueix en m\u00e9s satisfacci\u00f3 i fidelitzaci\u00f3.<\/p>\n<h4>3. Estudi de viabilitat d&#039;integraci\u00f3 al programari actual<\/h4>\n<p>Cada cas \u00e9s \u00fanic, i el nostre equip estudiar\u00e0 les caracter\u00edstiques del programari per valorar la viabilitat de la integraci\u00f3 de la nostra tecnologia. Ens assegurem d&#039;oferir-vos una soluci\u00f3 personalitzada que encaixi amb les vostres necessitats espec\u00edfiques.<\/p>\n<h4>4. <strong>Augment de la productivitat i flexibilitat<\/strong><\/h4>\n<p>Gr\u00e0cies a la flexibilitat que ofereix la videoperitaci\u00f3, els teus p\u00e8rits podran gestionar m\u00e9s casos en menys temps i prioritzar aquells que requereixin intervenci\u00f3 presencial. Aix\u00f2 millora lefici\u00e8ncia general de lequip i permet ajustar les tasques dels p\u00e8rits segons les necessitats espec\u00edfiques de cada client o cas.<\/p>\n<h4>5. <strong>Escalabilitat i suport continu<\/strong><\/h4>\n<p>La integraci\u00f3 de la nostra tecnologia est\u00e0 dissenyada per cr\u00e9ixer amb la teva empresa. A mesura que expandeixis la teva base de clients, podr\u00e0s adaptar f\u00e0cilment la capacitat de videoperitaci\u00f3 per suportar un major volum de casos. A m\u00e9s, us oferim suport continu per assegurar que tot funcioni sense problemes.<\/p>\n<\/div><\/div><\/div><\/div><\/div><div class=\"et_pb_section_4 et_pb_section et_section_regular et_block_section\" id=\"contacto\"><div class=\"et_pb_row_2 et_pb_row et_block_row\"><div class=\"et_pb_column_6 et_pb_column et_pb_column_4_4 et-last-child et_block_column et_pb_css_mix_blend_mode_passthrough\"><div class=\"et_pb_text_6 et_pb_text et_pb_bg_layout_light et_animated et_pb_module et_block_module\"><div class=\"et_pb_text_inner\"><h2><span>Contactar\u00a0<\/span><\/h2>\n<p><span><\/span><\/p>\n<\/div><\/div><div class=\"et_pb_text_7 et_pb_text et_pb_bg_layout_light et_animated et_pb_module et_block_module et_pb_text_align_center\"><div class=\"et_pb_text_inner\"><p class=\" translation-block\">Si necessites m\u00e9s informaci\u00f3 <b>no dubtis en contactar<\/b><\/p>\n<\/div><\/div><div class=\"et_pb_divider_2 et_pb_divider et_pb_space et_pb_divider_position_top et_animated et_pb_module\"><div class=\"et_pb_divider_internal\"><\/div><\/div><\/div><\/div><div class=\"et_pb_row_3 et_pb_row et_pb_equal_columns et_pb_gutters1 et_block_row\"><div class=\"et_pb_column_7 et_pb_column et_pb_column_1_2 et_block_column et_pb_css_mix_blend_mode_passthrough et_animated et_clickable\"><div class=\"et_pb_blurb_0 et_pb_blurb et_pb_bg_layout_light et_pb_blurb_position_top et_animated et_pb_module et_block_module\"><div class=\"et_pb_blurb_content\"><div class=\"et_pb_main_blurb_image\"><a href=\"tel:964780410\"><span class=\"et_pb_image_wrap\"><span class=\"et-pb-icon et_animated et_animated\">\ue090<\/span><\/span><\/a><\/div><div class=\"et_pb_blurb_container\"><h4 class=\"et_pb_module_header\"><a href=\"tel:964780410\"> 964 780 410<\/a><\/h4><div class=\"et_pb_blurb_description\"><p>Dilluns: 9:00-18:00 Divendres: 9:00-15:00<\/p>\n<\/div><\/div><\/div><\/div><\/div><div class=\"et_pb_column_8 et_pb_column et_pb_column_1_2 et-last-child et_block_column et_pb_css_mix_blend_mode_passthrough\"><div class=\"et_pb_blurb_1 et_pb_blurb et_pb_bg_layout_light et_pb_blurb_position_top et_animated et_pb_module et_block_module\"><div class=\"et_pb_blurb_content\"><div class=\"et_pb_main_blurb_image\"><a href=\"mailto:info@peritcam.com\"><span class=\"et_pb_image_wrap\"><span class=\"et-pb-icon et_animated et_animated\">\uf1fa<\/span><\/span><\/a><\/div><div class=\"et_pb_blurb_container\"><h4 class=\"et_pb_module_header\"><a href=\"mailto:info@peritcam.com\">info@peritcam.com<\/a><\/h4><div class=\"et_pb_blurb_description\"><p>Escriu-nos, et respondrem ben aviat.<\/p>\n<\/div><\/div><\/div><\/div><\/div><\/div><\/div>","protected":false},"excerpt":{"rendered":"","protected":false},"author":1,"featured_media":0,"parent":0,"menu_order":0,"comment_status":"closed","ping_status":"closed","template":"","meta":{"footnotes":""},"class_list":["post-8663","page","type-page","status-publish","hentry"],"_links":{"self":[{"href":"https:\/\/www.peritcam.com\/ca\/wp-json\/wp\/v2\/pages\/8663","targetHints":{"allow":["GET"]}}],"collection":[{"href":"https:\/\/www.peritcam.com\/ca\/wp-json\/wp\/v2\/pages"}],"about":[{"href":"https:\/\/www.peritcam.com\/ca\/wp-json\/wp\/v2\/types\/page"}],"author":[{"embeddable":true,"href":"https:\/\/www.peritcam.com\/ca\/wp-json\/wp\/v2\/users\/1"}],"replies":[{"embeddable":true,"href":"https:\/\/www.peritcam.com\/ca\/wp-json\/wp\/v2\/comments?post=8663"}],"version-history":[{"count":10,"href":"https:\/\/www.peritcam.com\/ca\/wp-json\/wp\/v2\/pages\/8663\/revisions"}],"predecessor-version":[{"id":9325,"href":"https:\/\/www.peritcam.com\/ca\/wp-json\/wp\/v2\/pages\/8663\/revisions\/9325"}],"wp:attachment":[{"href":"https:\/\/www.peritcam.com\/ca\/wp-json\/wp\/v2\/media?parent=8663"}],"curies":[{"name":"wp","href":"https:\/\/api.w.org\/{rel}","templated":true}]}}