{"id":8055,"date":"2024-06-28T18:32:22","date_gmt":"2024-06-28T16:32:22","guid":{"rendered":"https:\/\/www.peritcam.com\/?page_id=8055"},"modified":"2026-04-20T15:56:09","modified_gmt":"2026-04-20T13:56:09","slug":"ajuda-per-a-la-videoperitacion","status":"publish","type":"page","link":"https:\/\/www.peritcam.com\/ca\/ajuda-per-a-la-videoperitacion\/","title":{"rendered":"Ayuda para la videoperitaci\u00f3n"},"content":{"rendered":"<div class=\"et_pb_section_0 et_pb_section et_section_regular et_block_section section_has_divider et_pb_bottom_divider\"><div class=\"et_pb_row_0 et_pb_row et_block_row\"><div class=\"et_pb_column_0 et_pb_column et_pb_column_4_4 et-last-child et_block_column et_pb_css_mix_blend_mode_passthrough\"><div class=\"et_pb_text_0 et_pb_text et_pb_bg_layout_light et_animated et_pb_module et_block_module\"><div class=\"et_pb_text_inner\"><h1><span>Ajuda, tips, novetats, suggeriments...<\/span><\/h1>\n<\/div><\/div><\/div><\/div><div class=\"et_pb_bottom_inside_divider et-no-transition\"><\/div><\/div><div class=\"et_pb_section_1 et_pb_section et_section_regular et_block_section\"><div class=\"et_pb_row_1 et_pb_row et_block_row\"><div class=\"et_pb_column_1 et_pb_column et_pb_column_2_3 et_block_column et_pb_css_mix_blend_mode_passthrough\"><div class=\"et_pb_text_1 et_pb_text et_pb_bg_layout_light et_pb_module et_block_module\"><div class=\"et_pb_text_inner\"><h5>Ajuda a l&#039;aplicaci\u00f3<\/h5>\n<\/div><\/div><div class=\"et_pb_toggle_0 et_pb_toggle et_pb_toggle_item et_pb_toggle_close et_pb_module et_block_module\"><h5 class=\"et_pb_toggle_title\">Com enviar l&#039;aplicaci\u00f3 al client<\/h5><div class=\"et_pb_toggle_content clearfix\"><p>L&#039;aplicaci\u00f3 envia un missatge SMS al m\u00f2bil especificat. El destinatari nom\u00e9s ha dobrir lenlla\u00e7.<\/p>\n<p>Si introdu\u00efu el correu electr\u00f2nic, el sistema enviar\u00e0 nom\u00e9s un correu al destinatari.<\/p>\n<p>Consulteu l&#039;ajuda &quot;Altres opcions d&#039;enviament&quot;.<\/p>\n<p>&nbsp;<\/p>\n<p>Hi ha numeracions d&#039;altres pa\u00efsos als quals no s&#039;enviaran sms, consulteu-nos si necessiteu enviar numeracions d&#039;un pa\u00eds concret amb freq\u00fc\u00e8ncia.\u00a0<\/p>\n<p>&nbsp;<\/p>\n<\/div><\/div><div class=\"et_pb_toggle_1 et_pb_toggle et_pb_toggle_item et_pb_toggle_close et_pb_module et_block_module\"><h5 class=\"et_pb_toggle_title\">Altres opcions d&#039;enviament<\/h5><div class=\"et_pb_toggle_content clearfix\"><p>L&#039;aplicaci\u00f3 envia un missatge SMS al m\u00f2bil especificat. El destinatari nom\u00e9s ha dobrir lenlla\u00e7. Per\u00f2 tamb\u00e9 hi ha altres opcions.<\/p>\n<p>Premeu el bot\u00f3 verd de compartir Peritcam i despr\u00e9s trieu una de les opcions. Nosaltres et recomanem <strong>Whatsapp Web<\/strong> si fas servir Windows o Mac, \u00e9s una forma c\u00f2moda i \u00fatil.<\/p>\n<p><span class=\"et-pb-icon compartirIcon\">\ue0a0<\/span><\/p>\n<ul>\n<li><strong>Web Whatsapp:<\/strong>\u00a0 si uses <span style=\"color: #fc450b;\"><strong>Windows<\/strong> <\/span>o <strong><span style=\"color: #fc450b;\">Mac<\/span><\/strong>, utilitza aquesta opci\u00f3. S&#039;obrir\u00e0 al navegador.<\/li>\n<li><strong>App Whatsapp:<\/strong>\u00a0 si heu instal\u00b7lat l&#039;aplicaci\u00f3 de WhatsApp al vostre ordinador o al dispositiu que utilitzeu per peritar.<\/li>\n<li><strong>Telegram:<\/strong> haur\u00e0s d&#039;enganxar l&#039;enlla\u00e7 un cop s&#039;obri <strong>WebTelegram<\/strong> o la<strong> App de Telegram<\/strong>.<\/li>\n<\/ul>\n<p><img loading=\"lazy\" decoding=\"async\" src=\"http:\/\/www.peritcam.com\/wp-content\/uploads\/2024\/06\/enviar-enlace-videoperitacion.jpg\" width=\"437\" height=\"400\" alt=\"\" class=\"wp-image-8060 alignnone size-full\" \/><\/p>\n<\/div><\/div><div class=\"et_pb_toggle_2 et_pb_toggle et_pb_toggle_item et_pb_toggle_close et_pb_module et_block_module\"><h5 class=\"et_pb_toggle_title\">Com fer fotos i guardar-les<\/h5><div class=\"et_pb_toggle_content clearfix\"><p>Peritcam us permet fer fotos amb dos botons. Quan feu una foto aquesta anir\u00e0 a la carpeta de desc\u00e0rregues del vostre navegador.<\/p>\n<p><img loading=\"lazy\" decoding=\"async\" src=\"http:\/\/www.peritcam.com\/wp-content\/uploads\/2024\/06\/hacer-fotos-peritajes-online.jpg\" width=\"55\" height=\"93\" alt=\"\" class=\"wp-image-8081 alignnone size-full\" \/><\/p>\n<p>Bot\u00f3 taronja: fer fotos normals.<\/p>\n<p>Bot\u00f3 blau: fa **fotos protegides amb un QR de seguretat.<\/p>\n<p>Tamb\u00e9 podeu fer una foto de la ubicaci\u00f3 representada en un mapa.<\/p>\n<p><img loading=\"lazy\" decoding=\"async\" src=\"http:\/\/www.peritcam.com\/wp-content\/uploads\/2024\/06\/captura-posicionamiento-peritacion.jpg\" width=\"56\" height=\"46\" alt=\"\" class=\"wp-image-8074 alignnone size-full\" \/><\/p>\n<p>&nbsp;<\/p>\n<p>** Fotos protegides: es guarda les dades de tret, ubicaci\u00f3 i peritador a la nostra base de dades per a cada foto juntament amb marques a la foto per poder certificar en un futur si fos necessari si s&#039;han manipulat. Nom\u00e9s podreu accedir a aquestes dades del QR amb les dades d&#039;acc\u00e9s de l&#039;aplicaci\u00f3 del peritador.<\/p>\n<p>&nbsp;<\/p>\n<\/div><\/div><div class=\"et_pb_toggle_3 et_pb_toggle et_pb_toggle_item et_pb_toggle_close et_pb_module et_block_module\"><h5 class=\"et_pb_toggle_title\">Els permisos que haur\u00e0 d&#039;acceptar el client<\/h5><div class=\"et_pb_toggle_content clearfix\"><p>El client haur\u00e0 d&#039;acceptar les pol\u00edtiques en iniciar, veur\u00e0s un av\u00eds si ho fa.\u00a0<\/p>\n<p>El pas seg\u00fcent \u00e9s que accepti tamb\u00e9 el perm\u00eds a la c\u00e0mera, al micr\u00f2fon i la geolocalitzaci\u00f3.\u00a0\u00a0<\/p>\n<p>Alguns m\u00f2bils tenen navegadors manipulats pels fabricants que impedeixen aconseguir els accessos necessaris.\u00a0<\/p>\n<\/div><\/div><div class=\"et_pb_toggle_4 et_pb_toggle et_pb_toggle_item et_pb_toggle_close et_pb_module et_block_module\"><h5 class=\"et_pb_toggle_title\">Per qu\u00e8 no aconsegueixo connectar amb algun client<\/h5><div class=\"et_pb_toggle_content clearfix\"><p>Alguns m\u00f2bils tenen navegadors manipulats pels fabricants que impedeixen assolir els accessos necessaris. Per a aquests casos recomanem demanar a l&#039;usuari que instal\u00b7li un altre navegador al tel\u00e8fon, per exemple\u00a0 <strong>Chrome o Opera<\/strong>.<\/p>\n<p>Tamb\u00e9 \u00e9s possible que el terminal no funcioni correctament, de vegades amb un reinici es solucionar\u00e0 b\u00e9. la xarxa WIFI tingui limitacions o mala connexi\u00f3. Potser mala cobertura 3, 4 o 5G.<\/p>\n<p>Si \u00e9s un m\u00f2bil molt antic o problem\u00e0tic i hi ha la possibilitat, proveu directament usant un altre smartphone o m\u00f2bil.<\/p>\n<\/div><\/div><div class=\"et_pb_toggle_5 et_pb_toggle et_pb_toggle_item et_pb_toggle_close et_pb_module et_block_module\"><h5 class=\"et_pb_toggle_title\">On es guarden les fotos?<\/h5><div class=\"et_pb_toggle_content clearfix\"><p>Les fotos es guarden a la carpeta de &quot;Desc\u00e0rregues&quot; que tingui per defecte el teu navegador, generalment la carpeta Les meves desc\u00e0rregues, Desc\u00e0rregues o Downloads de Windows, Mac, Android, etc\u00e8tera.<\/p>\n<\/div><\/div><div class=\"et_pb_toggle_6 et_pb_toggle et_pb_toggle_item et_pb_toggle_close et_pb_module et_block_module\"><h5 class=\"et_pb_toggle_title\">Enregistrar v\u00eddeo i \u00e0udio.<\/h5><div class=\"et_pb_toggle_content clearfix\"><p>Prem el bot\u00f3 de gravar la videoperitaci\u00f3 o part d&#039;aquesta. Els v\u00eddeos inclouen \u00e0udio.<br \/><img loading=\"lazy\" decoding=\"async\" src=\"http:\/\/www.peritcam.com\/wp-content\/uploads\/2024\/06\/grabar-peritacion-en-vivo.jpg\" width=\"53\" height=\"44\" alt=\"\" class=\"wp-image-8087 alignnone size-full\" \/><\/p>\n<p>Per finalitzar el v\u00eddeo prem el mateix bot\u00f3.<\/p>\n<p>Pots silenciar el teu micr\u00f2fon prement el bot\u00f3 seg\u00fcent:<br \/><img loading=\"lazy\" decoding=\"async\" src=\"http:\/\/www.peritcam.com\/wp-content\/uploads\/2024\/06\/silencia-peritacion.jpg\" width=\"52\" height=\"43\" alt=\"\" class=\"wp-image-8088 alignnone size-full\" \/><\/p>\n<p>Si est\u00e0s gravant v\u00eddeo i canvies de c\u00e0mera selfie o de qualitat de connexi\u00f3 o finalitza una de les parts la comunicaci\u00f3, el v\u00eddeo es finalitzar\u00e0 autom\u00e0ticament.<\/p>\n<\/div><\/div><div class=\"et_pb_text_2 et_pb_text et_pb_bg_layout_light et_pb_module et_block_module\"><div class=\"et_pb_text_inner\"><h5>Sabies...<\/h5>\n<\/div><\/div><div class=\"et_pb_toggle_7 et_pb_toggle et_pb_toggle_item et_pb_toggle_close et_pb_module et_block_module\"><h5 class=\"et_pb_toggle_title\">Les fotos sempre tenen la mateixa qualitat<\/h5><div class=\"et_pb_toggle_content clearfix\"><p>La <strong>v\u00eddeo peritatge<\/strong> \u00e9s un proc\u00e9s independent al de la fotografia. El senyal de v\u00eddeo \u00e9s perqu\u00e8 les dues parts vegin el mateix, per\u00f2 la fotografia del <strong>peritatge remot<\/strong> es fa sempre a la mateixa qualitat, encara que hi hagu\u00e9s una connexi\u00f3 deficient per manca de cobertura. Fins i tot si per algun motiu la connexi\u00f3 de v\u00eddeo es talla per\u00f2 la comunicaci\u00f3 principal continua activa, es podran continuar fent fotos.\u00a0<\/p>\n<\/div><\/div><div class=\"et_pb_toggle_8 et_pb_toggle et_pb_toggle_item et_pb_toggle_close et_pb_module et_block_module\"><h5 class=\"et_pb_toggle_title\">Quan es consumeix una connexi\u00f3<\/h5><div class=\"et_pb_toggle_content clearfix\"><p>Les connexions s&#039;acaben 1 hora despr\u00e9s d&#039;haver iniciat. Nom\u00e9s es comptabilitzaran si hi ha hagut una connexi\u00f3 de v\u00eddeo amb el client o si hi has fet fotos.<\/p>\n<\/div><\/div><div class=\"et_pb_toggle_9 et_pb_toggle et_pb_toggle_item et_pb_toggle_close et_pb_module et_block_module\"><h5 class=\"et_pb_toggle_title\">Pots fer servir un xat per comunicar-te sense \u00e0udio<\/h5><div class=\"et_pb_toggle_content clearfix\"><p>Podeu escriure missatges i enviar-los, podreu saber si l&#039;usuari ha llegit el missatge.<\/p>\n<p>Tamb\u00e9 podeu enviar missatges en mode pregunta. L&#039;usuari veur\u00e0 la pregunta i podr\u00e0 respondre S\u00cd o NO.<\/p>\n<p>Per obrir els missatges clica sobre el bot\u00f3:<\/p>\n<p><img loading=\"lazy\" decoding=\"async\" src=\"http:\/\/www.peritcam.com\/wp-content\/uploads\/2024\/06\/abrir-chat-peritacion-remota.jpg\" width=\"55\" height=\"41\" alt=\"\" class=\"wp-image-8084 alignnone size-full\" \/><\/p>\n<\/div><\/div><\/div><div class=\"et_pb_column_2 et_pb_column et_pb_column_1_3 et-last-child et_block_column et_pb_css_mix_blend_mode_passthrough\"><div class=\"et_pb_text_3 et_pb_text et_pb_bg_layout_light et_pb_module et_block_module\"><div class=\"et_pb_text_inner\"><h5>Consells d&#039;\u00fas<\/h5>\n<\/div><\/div><div class=\"et_pb_toggle_10 et_pb_toggle et_pb_toggle_item et_pb_toggle_close et_pb_module et_block_module\"><h5 class=\"et_pb_toggle_title\">Apaga el WIFI del teu client<\/h5><div class=\"et_pb_toggle_content clearfix\"><p>Per fer-ne una <em>tele peritatge de qualitat<\/em> has de demanar a l&#039;usuari a qui peritar\u00e0s que apagui el WIFI del m\u00f2bil.<\/p>\n<p><strong>Per qu\u00e8?<\/strong><br \/>Si per exemple contacteu amb un taller i el mec\u00e0nic s&#039;allunya del router, hi haur\u00e0 un tall i el sistema es tornar\u00e0 a connectar sense WIFI, per\u00f2 si el m\u00f2bil torna a detectar el WIFI, es tornar\u00e0 a tallar i reconnectar. Ser\u00e0 inc\u00f2mode.<\/p>\n<p>En llocs amb poca cobertura 3G, 4G o 5G pot ser millor fer servir la connexi\u00f3 WIFI.<\/p>\n<\/div><\/div><div class=\"et_pb_toggle_11 et_pb_toggle et_pb_toggle_item et_pb_toggle_close et_pb_module et_block_module\"><h5 class=\"et_pb_toggle_title\">Fes una foto del mapa<\/h5><div class=\"et_pb_toggle_content clearfix\"><p>Podeu fer una foto del mapa amb un punter marcant la ubicaci\u00f3 exacta del terminal remot segons les coordenades.<\/p>\n<p>Fes servir el bot\u00f3 de captura d&#039;ubicaci\u00f3:<br \/><img loading=\"lazy\" decoding=\"async\" src=\"http:\/\/www.peritcam.com\/wp-content\/uploads\/2024\/06\/captura-posicionamiento-peritacion.jpg\" width=\"56\" height=\"46\" alt=\"\" class=\"wp-image-8074 alignnone size-full\" \/><i class=\"fa-solid fa-map-location-dot fa-2x\"><\/i><\/p>\n<p>Podr\u00e0s incorporar el mapa del peritatge al teu arxiu, informe pericial o altres documents<\/p>\n<\/div><\/div><div class=\"et_pb_toggle_12 et_pb_toggle et_pb_toggle_item et_pb_toggle_close et_pb_module et_block_module\"><h5 class=\"et_pb_toggle_title\">Silencia el teu micr\u00f2fon<\/h5><div class=\"et_pb_toggle_content clearfix\"><p>Pots silenciar el teu micr\u00f2fon prement el bot\u00f3 seg\u00fcent:<br \/><img loading=\"lazy\" decoding=\"async\" src=\"http:\/\/www.peritcam.com\/wp-content\/uploads\/2024\/06\/silencia-peritacion.jpg\" width=\"52\" height=\"43\" alt=\"\" class=\"wp-image-8088 alignnone size-full\" \/><\/p>\n<\/div><\/div><div class=\"et_pb_toggle_13 et_pb_toggle et_pb_toggle_item et_pb_toggle_close et_pb_module et_block_module\"><h5 class=\"et_pb_toggle_title\">Millora la qualitat de connexi\u00f3<\/h5><div class=\"et_pb_toggle_content clearfix\"><p>Parlem respecte a la connexi\u00f3 de v\u00eddeo en directe. No afecta la qualitat de les fotos, que sempre \u00e9s la mateixa.<\/p>\n<p><img loading=\"lazy\" decoding=\"async\" src=\"http:\/\/www.peritcam.com\/wp-content\/uploads\/2024\/06\/calidad-de-conexion-peritacion.jpg\" width=\"242\" height=\"331\" alt=\"\" class=\"wp-image-8069 alignnone size-full\" srcset=\"https:\/\/www.peritcam.com\/wp-content\/uploads\/2024\/06\/calidad-de-conexion-peritacion.jpg 242w, https:\/\/www.peritcam.com\/wp-content\/uploads\/2024\/06\/calidad-de-conexion-peritacion-219x300.jpg 219w\" sizes=\"(max-width: 242px) 100vw, 242px\" \/><\/p>\n<p><strong>Connexi\u00f3 autom\u00e0tica:<\/strong> El sistema deixar\u00e0 el tel\u00e8fon remot triar la resoluci\u00f3 i altres par\u00e0metres de connexi\u00f3 en funci\u00f3 de la pot\u00e8ncia de processament i la velocitat de connexi\u00f3.<\/p>\n<p><strong>Connexions febles:<\/strong> Si la connexi\u00f3 \u00e9s lenta amb aix\u00f2 baixar\u00e0 la qualitat del v\u00eddeo en directe, per\u00f2 a canvi anir\u00e0 m\u00e9s fluid.<\/p>\n<p><strong>Connexi\u00f3 equilibrada:<\/strong> \u00c9s la configuraci\u00f3 per defecte. En la majoria dels casos, s&#039;obt\u00e9 una qualitat acceptable i flu\u00efdesa.<\/p>\n<p><strong>Connexions de qualitat:<\/strong> Si la connexi\u00f3 \u00e9s bona intenta veure-ho tot amb una qualitat superior amb aquesta opci\u00f3.<\/p>\n<\/div><\/div><div class=\"et_pb_toggle_14 et_pb_toggle et_pb_toggle_item et_pb_toggle_close et_pb_module et_block_module\"><h5 class=\"et_pb_toggle_title\">Quin navegador utilitzar<\/h5><div class=\"et_pb_toggle_content clearfix\"><p>Et recomanem fer servir navegadors actualitzats i moderns com Chrome, Safari, Edge, Opera, etc.<\/p>\n<p>Per als clients recomanem que instal\u00b7leu Chrome o \u00d2pera si teniu problemes per connectar.\u00a0<\/p>\n<\/div><\/div><div class=\"et_pb_toggle_15 et_pb_toggle et_pb_toggle_item et_pb_toggle_close et_pb_module et_block_module\"><h5 class=\"et_pb_toggle_title\">Fes servir la c\u00e0mera frontal (selfie)<\/h5><div class=\"et_pb_toggle_content clearfix\"><p>Pots canviar de c\u00e0mera quan estigui disponible el bot\u00f3 per fer-ho.<\/p>\n<p><img loading=\"lazy\" decoding=\"async\" src=\"http:\/\/www.peritcam.com\/wp-content\/uploads\/2024\/06\/cambiar-camara-serfie-peritacion.jpg\" width=\"53\" height=\"41\" alt=\"\" class=\"wp-image-8086 alignnone size-full\" \/><\/p>\n<p>De vegades pot ser una soluci\u00f3 si teniu la c\u00e0mera principal danyada.<\/p>\n<\/div><\/div><div class=\"et_pb_toggle_16 et_pb_toggle et_pb_toggle_item et_pb_toggle_close et_pb_module et_block_module\"><h5 class=\"et_pb_toggle_title\">Zoom i flaix<\/h5><div class=\"et_pb_toggle_content clearfix\"><p>Si el dispositiu o m\u00f2bil remot t\u00e9 la capacitat d&#039;usar el zoom i la llanterna durant la videoperitaci\u00f3, veureu els botons al panell.<\/p>\n<p>El zoom el pots pr\u00e9mer diverses vegades per a diferents nivells d&#039;acostament.\u00a0<\/p>\n<p><img loading=\"lazy\" decoding=\"async\" src=\"http:\/\/www.peritcam.com\/wp-content\/uploads\/2024\/06\/zoom-peritacion.jpg\" width=\"50\" height=\"43\" alt=\"\" class=\"wp-image-8089 alignnone size-full\" \/><\/p>\n<p>El flaix es comporta com una llum fixa, encara que en alguns dispositius funcionen de manera impredictible.\u00a0<\/p>\n<p><img loading=\"lazy\" decoding=\"async\" src=\"http:\/\/www.peritcam.com\/wp-content\/uploads\/2024\/06\/activar-flash-linterna-peritaje.jpg\" width=\"54\" height=\"44\" alt=\"\" class=\"wp-image-8085 alignnone size-full\" \/><\/p>\n<\/div><\/div><div class=\"et_pb_toggle_17 et_pb_toggle et_pb_toggle_item et_pb_toggle_close et_pb_module et_block_module\"><h5 class=\"et_pb_toggle_title\">No us escolten? Fes servir el xat<\/h5><div class=\"et_pb_toggle_content clearfix\"><p>L&#039;usuari potser t\u00e9 baixat el volum d&#039;aquest tipus de comunicaci\u00f3, potser estiguin tapant el micr\u00f2fon amb els dits i tu no els escoltis b\u00e9...<\/p>\n<p>&nbsp;<\/p>\n<p>Podeu escriure missatges i enviar-los, podreu saber si l&#039;usuari ha llegit el missatge.\u00a0<\/p>\n<p>Tamb\u00e9 podeu enviar missatges en mode pregunta. L&#039;usuari veur\u00e0 la pregunta i podr\u00e0 respondre S\u00cd o NO.\u00a0<\/p>\n<p>Per obrir els missatges clica sobre el bot\u00f3:<\/p>\n<p><img loading=\"lazy\" decoding=\"async\" src=\"http:\/\/www.peritcam.com\/wp-content\/uploads\/2024\/06\/abrir-chat-peritacion-remota.jpg\" width=\"55\" height=\"41\" alt=\"\" class=\"wp-image-8084 alignnone size-full\" \/><\/p>\n<\/div><\/div><\/div><\/div><\/div><div class=\"et_pb_section_2 et_pb_section et_section_specialty et_pb_equal_columns et_pb_gutters2 et_block_section et_animated section_has_divider et_pb_top_divider et_pb_bottom_divider\"><div class=\"et_pb_top_inside_divider et-no-transition\"><\/div><div class=\"et_pb_row et_block_row\"><div class=\"et_pb_column_3 et_pb_column et_pb_column_single et_pb_column_1_2 et_block_column et_pb_css_mix_blend_mode_passthrough\"><div class=\"et_pb_text_4 et_pb_text et_pb_bg_layout_light et_animated et_pb_module et_block_module\"><div class=\"et_pb_text_inner\"><h2><span>Ens vols fer un suggeriment o consulta<\/span><\/h2>\n<p><span><\/span><\/p>\n<\/div><\/div><div class=\"et_pb_divider_0 et_pb_divider et_pb_space et_pb_divider_position_top et_animated et_pb_module\"><div class=\"et_pb_divider_internal\"><\/div><\/div><div class=\"et_pb_text_5 et_pb_text et_pb_bg_layout_light et_animated et_pb_module et_block_module\"><div class=\"et_pb_text_inner\"><p>Estem treballant permanentment per millorar l&#039;aplicaci\u00f3 i fer-la \u00fatil. Si t&#039;agradaria que tingu\u00e9s alguna funcionalitat, millora o tens alguna altra q\u00fcesti\u00f3 a la ment, fes-nos-la arribar per favor. I si teniu alguna idea o proposta estarem encantats d&#039;atendre-la.\u00a0<\/p>\n<\/div><\/div><div class=\"et_pb_contact_form_0 et_pb_contact_form_container clearfix et_pb_module et_flex_module\" data-form_unique_num=\"0\" data-form_unique_id=\"fe4a23a2-d85a-4dc4-aac3-a9c5ed4225d4\" id=\"et_pb_contact_form_fe4a23a2-d85a-4dc4-aac3-a9c5ed4225d4\"><div class=\"et-pb-contact-message\"><\/div><div class=\"et_pb_contact\"><form class=\"et_pb_contact_form et_flex_module\" method=\"post\" action=\"https:\/\/www.peritcam.com\/ca\/wp-json\/wp\/v2\/pages\/8055\" data-trp-original-action=\"https:\/\/www.peritcam.com\/ca\/wp-json\/wp\/v2\/pages\/8055\"><div class=\"et_pb_contact_field_0 et_pb_contact_field et_pb_module et_flex_module et_flex_column_12_24 et_flex_column_12_24_tablet et_flex_column_12_24_phone\" data-id=\"name\" data-type=\"input\"><label class=\"et_pb_contact_form_label\" for=\"et_pb_contact_0_name_0\">Nom<\/label><input type=\"text\" name=\"et_pb_contact_0_name_0\" id=\"et_pb_contact_0_name_0\" class=\"input\" data-required_mark=\"required\" data-field_type=\"input\" data-original_id=\"name\" placeholder=\"Nom\" title=\"\" value=\"\" \/><\/div><div class=\"et_pb_contact_field_1 et_pb_contact_field et_pb_module et_flex_module et_flex_column_12_24 et_flex_column_12_24_tablet et_flex_column_12_24_phone\" data-id=\"email\" data-type=\"email\"><label class=\"et_pb_contact_form_label\" for=\"et_pb_contact_0_email_1\">Adre\u00e7a de correu electr\u00f2nic<\/label><input type=\"text\" name=\"et_pb_contact_0_email_1\" id=\"et_pb_contact_0_email_1\" class=\"input\" data-required_mark=\"required\" data-field_type=\"email\" data-original_id=\"email\" placeholder=\"Adre\u00e7a de correu electr\u00f2nic\" title=\"\" value=\"\" \/><\/div><div class=\"et_pb_contact_field_2 et_pb_contact_field et_pb_module et_flex_module et_flex_column_24_24 et_flex_column_24_24_tablet et_flex_column_24_24_phone\" data-id=\"phone\" data-type=\"input\"><label class=\"et_pb_contact_form_label\" for=\"et_pb_contact_0_phone_2\">Tel\u00e8fon<\/label><input type=\"text\" name=\"et_pb_contact_0_phone_2\" id=\"et_pb_contact_0_phone_2\" class=\"input\" data-required_mark=\"not_required\" data-field_type=\"input\" data-original_id=\"phone\" placeholder=\"Tel\u00e8fon\" title=\"\" value=\"\" \/><\/div><div class=\"et_pb_contact_field_3 et_pb_contact_field et_pb_module et_flex_module et_flex_column_24_24 et_flex_column_24_24_tablet et_flex_column_24_24_phone\" data-id=\"message\" data-type=\"text\"><label class=\"et_pb_contact_form_label\" for=\"et_pb_contact_0_message_3\">Missatge<\/label><textarea name=\"et_pb_contact_0_message_3\" id=\"et_pb_contact_0_message_3\" class=\"et_pb_contact_message input\" data-required_mark=\"not_required\" data-field_type=\"text\" data-original_id=\"message\" placeholder=\"Missatge\"><\/textarea><\/div><input type=\"hidden\" name=\"et_pb_contactform_submit_fe4a23a2-d85a-4dc4-aac3-a9c5ed4225d4\" value=\"et_contact_proccess\" \/><div class=\"et_contact_bottom_container\"><div class=\"et_pb_contact_right et_pb_contact_field\"><p class=\"clearfix\"><label><span class=\"et_pb_contact_captcha_question\">6 + 3<\/span> = <input type=\"text\" size=\"2\" class=\"input et_pb_contact_captcha\" data-first_digit=\"6\" data-second_digit=\"3\" data-required_mark=\"required\" name=\"et_pb_contact_captcha_fe4a23a2-d85a-4dc4-aac3-a9c5ed4225d4\" autocomplete=\"off\" \/><\/label><\/p><\/div><div class=\"et_pb_button_wrapper\"><button type=\"submit\" name=\"et_builder_submit_button\" class=\"et_pb_button et_pb_contact_submit\">Enviar ja!<\/button><\/div><\/div><input type=\"hidden\" id=\"_wpnonce-et-pb-contact-form-submitted-fe4a23a2-d85a-4dc4-aac3-a9c5ed4225d4\" name=\"_wpnonce-et-pb-contact-form-submitted-fe4a23a2-d85a-4dc4-aac3-a9c5ed4225d4\" value=\"6cecf62625\" \/><input type=\"hidden\" name=\"_wp_http_referer\" value=\"\/ca\/wp-json\/wp\/v2\/pages\/8055\" \/><input type=\"hidden\" name=\"trp-form-language\" value=\"ca\"\/><\/form><\/div><\/div><\/div><div class=\"et_pb_column_4 et_pb_column et_pb_specialty_column et_pb_column_1_2 et-last-child et_block_column et_pb_css_mix_blend_mode_passthrough\"><div class=\"et_pb_row_inner_0 et_pb_row_inner et_pb_equal_columns et_pb_gutters4 et_block_row\"><div class=\"et_pb_column_inner_0 et_pb_column_inner et_pb_column et_pb_column_4_4 et-last-child et_block_column et_pb_css_mix_blend_mode_passthrough\"><div class=\"et_pb_image_0 et_pb_image et_animated et_pb_module et_block_module\"><span class=\"et_pb_image_wrap\"><img loading=\"lazy\" decoding=\"async\" src=\"http:\/\/www.peritcam.com\/wp-content\/uploads\/2024\/03\/Logo-videoperitacion-sm.png\" width=\"356\" height=\"86\" srcset=\"https:\/\/www.peritcam.com\/wp-content\/uploads\/2024\/03\/Logo-videoperitacion-sm.png 356w, https:\/\/www.peritcam.com\/wp-content\/uploads\/2024\/03\/Logo-videoperitacion-sm-300x72.png 300w\" sizes=\"(max-width: 356px) 100vw, 356px\" class=\"wp-image-7684\" title=\"Logo-videoperitacion-sm\" \/><\/span><\/div><\/div><\/div><\/div><\/div><div class=\"et_pb_bottom_inside_divider et-no-transition\"><\/div><\/div><div class=\"et_pb_section_3 et_pb_section et_section_regular et_block_section\" id=\"contacto\"><div class=\"et_pb_row_2 et_pb_row et_block_row\"><div class=\"et_pb_column_5 et_pb_column et_pb_column_4_4 et-last-child et_block_column et_pb_css_mix_blend_mode_passthrough\"><div class=\"et_pb_text_6 et_pb_text et_pb_bg_layout_light et_animated et_pb_module et_block_module\"><div class=\"et_pb_text_inner\"><h2><span>Contactar\u00a0<\/span><\/h2>\n<p><span><\/span><\/p>\n<\/div><\/div><div class=\"et_pb_text_7 et_pb_text et_pb_bg_layout_light et_animated et_pb_module et_block_module et_pb_text_align_center\"><div class=\"et_pb_text_inner\"><p class=\" translation-block\">Si necessites m\u00e9s informaci\u00f3 <b>no dubtis en contactar<\/b><\/p>\n<\/div><\/div><div class=\"et_pb_divider_1 et_pb_divider et_pb_space et_pb_divider_position_top et_animated et_pb_module\"><div class=\"et_pb_divider_internal\"><\/div><\/div><\/div><\/div><div class=\"et_pb_row_3 et_pb_row et_pb_equal_columns et_pb_gutters1 et_block_row\"><div class=\"et_pb_column_6 et_pb_column et_pb_column_1_2 et_block_column et_pb_css_mix_blend_mode_passthrough et_animated et_clickable\"><div class=\"et_pb_blurb_0 et_pb_blurb et_pb_bg_layout_light et_pb_blurb_position_top et_animated et_pb_module et_block_module\"><div class=\"et_pb_blurb_content\"><div class=\"et_pb_main_blurb_image\"><a href=\"tel:964780410\"><span class=\"et_pb_image_wrap\"><span class=\"et-pb-icon et_animated et_animated\">\ue090<\/span><\/span><\/a><\/div><div class=\"et_pb_blurb_container\"><h4 class=\"et_pb_module_header\"><a href=\"tel:964780410\"> 964 780 410<\/a><\/h4><div class=\"et_pb_blurb_description\"><p>Dilluns: 9:00-18:00 Divendres: 9:00-15:00<\/p>\n<\/div><\/div><\/div><\/div><\/div><div class=\"et_pb_column_7 et_pb_column et_pb_column_1_2 et-last-child et_block_column et_pb_css_mix_blend_mode_passthrough\"><div class=\"et_pb_blurb_1 et_pb_blurb et_pb_bg_layout_light et_pb_blurb_position_top et_animated et_pb_module et_block_module\"><div class=\"et_pb_blurb_content\"><div class=\"et_pb_main_blurb_image\"><a href=\"mailto:info@peritcam.com\"><span class=\"et_pb_image_wrap\"><span class=\"et-pb-icon et_animated et_animated\">\uf1fa<\/span><\/span><\/a><\/div><div class=\"et_pb_blurb_container\"><h4 class=\"et_pb_module_header\"><a href=\"mailto:info@peritcam.com\">info@peritcam.com<\/a><\/h4><div class=\"et_pb_blurb_description\"><p>Escriu-nos, et respondrem ben aviat.<\/p>\n<\/div><\/div><\/div><\/div><\/div><\/div><\/div>","protected":false},"excerpt":{"rendered":"","protected":false},"author":1,"featured_media":0,"parent":0,"menu_order":0,"comment_status":"closed","ping_status":"closed","template":"","meta":{"footnotes":""},"class_list":["post-8055","page","type-page","status-publish","hentry"],"_links":{"self":[{"href":"https:\/\/www.peritcam.com\/ca\/wp-json\/wp\/v2\/pages\/8055","targetHints":{"allow":["GET"]}}],"collection":[{"href":"https:\/\/www.peritcam.com\/ca\/wp-json\/wp\/v2\/pages"}],"about":[{"href":"https:\/\/www.peritcam.com\/ca\/wp-json\/wp\/v2\/types\/page"}],"author":[{"embeddable":true,"href":"https:\/\/www.peritcam.com\/ca\/wp-json\/wp\/v2\/users\/1"}],"replies":[{"embeddable":true,"href":"https:\/\/www.peritcam.com\/ca\/wp-json\/wp\/v2\/comments?post=8055"}],"version-history":[{"count":10,"href":"https:\/\/www.peritcam.com\/ca\/wp-json\/wp\/v2\/pages\/8055\/revisions"}],"predecessor-version":[{"id":9323,"href":"https:\/\/www.peritcam.com\/ca\/wp-json\/wp\/v2\/pages\/8055\/revisions\/9323"}],"wp:attachment":[{"href":"https:\/\/www.peritcam.com\/ca\/wp-json\/wp\/v2\/media?parent=8055"}],"curies":[{"name":"wp","href":"https:\/\/api.w.org\/{rel}","templated":true}]}}