{"id":7954,"date":"2024-06-18T11:25:25","date_gmt":"2024-06-18T09:25:25","guid":{"rendered":"https:\/\/www.peritcam.com\/?page_id=7954"},"modified":"2026-04-20T15:56:07","modified_gmt":"2026-04-20T13:56:07","slug":"condicions-generals-de-contractacio","status":"publish","type":"page","link":"https:\/\/www.peritcam.com\/ca\/avis-legal\/condicions-generals-de-contractacio\/","title":{"rendered":"Condicions generals de contractaci\u00f3"},"content":{"rendered":"<div class=\"et_pb_section_0 et_pb_section et_section_regular et_block_section section_has_divider et_pb_bottom_divider\"><div class=\"et_pb_bottom_inside_divider et-no-transition\"><\/div><\/div><div class=\"et_pb_section_1 et_pb_section et_section_regular et_block_section\" id=\"contacto\"><div class=\"et_pb_row_0 et_pb_row et_block_row\"><div class=\"et_pb_column_0 et_pb_column et_pb_column_4_4 et-last-child et_block_column et_pb_css_mix_blend_mode_passthrough\"><div class=\"et_pb_text_0 et_pb_text et_pb_bg_layout_light et_pb_module et_block_module\"><div class=\"et_pb_text_inner\"><p><b>Documents legals:<\/b><\/p>\n<\/div><\/div><div class=\"et_pb_menu_0 et_pb_menu et_pb_menu--without-logo et_pb_menu--style-left_aligned et_dropdown_animation_fade et_pb_bg_layout_light et_pb_text_align_right-tablet et_pb_text_align_right-phone et_pb_module et_flex_module\"><div class=\"et_pb_menu_inner_container et_flex_module\"><div class=\"et_pb_menu__wrap\"><div class=\"et_pb_menu__menu\"><nav class=\"et-menu-nav\"><ul id=\"menu-legal_es\" class=\"et-menu nav downwards\"><li id=\"menu-item-7958\" class=\"et_pb_menu_page_id-6608 menu-item menu-item-type-post_type menu-item-object-page menu-item-7958\"><a href=\"https:\/\/www.peritcam.com\/ca\/avis-legal\/\">Av\u00eds Legal<\/a><\/li>\n<li id=\"menu-item-7959\" class=\"et_pb_menu_page_id-7945 menu-item menu-item-type-post_type menu-item-object-page menu-item-privacy-policy menu-item-7959\"><a rel=\"privacy-policy\" href=\"https:\/\/www.peritcam.com\/ca\/avis-legal\/politica-de-privadesa\/\">Pol\u00edtica de privadesa<\/a><\/li>\n<li id=\"menu-item-7962\" class=\"et_pb_menu_page_id-7536 menu-item menu-item-type-post_type menu-item-object-page menu-item-7962\"><a href=\"https:\/\/www.peritcam.com\/ca\/avis-legal\/politica-de-cookies\/\">Pol\u00edtica de Cookies<\/a><\/li>\n<li id=\"menu-item-7961\" class=\"et_pb_menu_page_id-7954 menu-item menu-item-type-post_type menu-item-object-page menu-item-7961\"><a href=\"https:\/\/www.peritcam.com\/ca\/avis-legal\/condicions-generals-de-contractacio\/\">Condicions generals de contractaci\u00f3<\/a><\/li>\n<li id=\"menu-item-7960\" class=\"et_pb_menu_page_id-7941 menu-item menu-item-type-post_type menu-item-object-page menu-item-7960\"><a href=\"https:\/\/www.peritcam.com\/ca\/avis-legal\/condicions-dus-de-laplicacio\/\">Condicions d&#039;\u00fas de l&#039;aplicaci\u00f3<\/a><\/li>\n<li id=\"menu-item-7963\" class=\"et_pb_menu_page_id-7949 menu-item menu-item-type-post_type menu-item-object-page menu-item-7963\"><a href=\"https:\/\/www.peritcam.com\/ca\/avis-legal\/politica-de-privadesa-de-laplicacio\/\">Pol\u00edtica de privadesa de l&#039;Aplicaci\u00f3<\/a><\/li>\n<\/ul><\/nav><\/div><div class=\"et_mobile_nav_menu\"><div class=\"mobile_nav closed\"><span class=\"mobile_menu_bar\"><\/span><\/div><\/div><\/div><\/div><\/div><div class=\"et_pb_text_1 et_pb_text et_pb_bg_layout_light et_pb_module et_block_module\"><div class=\"et_pb_text_inner\"><h3><strong>CONDICIONS GENERALS DE CONTRACTACI\u00d3<\/strong><\/h3>\n<p>&nbsp;<\/p>\n<p><strong>Introducci\u00f3<\/strong><\/p>\n<p>Aquest document contractual regir\u00e0 les Condicions Generals de contractaci\u00f3 de serveis de peritatge en l\u00ednia (d&#039;ara endavant, \u00abCondicions\u00bb) a trav\u00e9s del lloc web https:\/\/www.peritcam.com\/, propietat d&#039;H\u00e9ctor Linares Morales sota la marca comercial de PeritCam , d&#039;ara endavant, PRESTADOR, les dades de contacte del qual figuren tamb\u00e9 a l&#039;Av\u00eds Legal d&#039;aquesta Web.<\/p>\n<p>Aquestes Condicions romandran publicades al lloc web a disposici\u00f3 de l&#039;USUARI per reproduir-les i guardar-les com a confirmaci\u00f3 del contracte, podent ser modificades en qualsevol moment pel PRESTADOR. de realitzaci\u00f3 de comandes.<\/p>\n<p>Els contractes no estan subjectes a cap formalitat a excepci\u00f3 dels sup\u00f2sits expressament assenyalats en els Codis Civil i de Comer\u00e7 i en aquesta o en altres lleis especials.<\/p>\n<p>L&#039;acceptaci\u00f3 d&#039;aquest document comporta que l&#039;USUARI:<\/p>\n<ul>\n<li>Ha llegit, ent\u00e9n i compr\u00e8n all\u00f2 aqu\u00ed exposat.<\/li>\n<li>\u00c9s una persona amb capacitat suficient per contractar.<\/li>\n<li>Assumeix totes les obligacions aqu\u00ed disposades.<\/li>\n<\/ul>\n<p>Aquestes condicions tindran un per\u00edode de validesa indefinit i seran aplicables a totes les contractacions realitzades a trav\u00e9s del lloc web del PRESTADOR.<\/p>\n<p>El PRESTADOR informa que el comer\u00e7 \u00e9s responsable i coneix la legislaci\u00f3 vigent, i es reserva el dret de modificar unilateralment les condicions, sense que aix\u00f2 pugui afectar els termes i les condicions que van ser implementats pr\u00e8viament a la modificaci\u00f3.<\/p>\n<p><strong>Identitat de les parts contractants<\/strong><\/p>\n<p>D&#039;una banda, el PRESTADOR dels serveis de peritatge en l\u00ednia contractats per l&#039;USUARI \u00e9s H\u00e9ctor Linares Morales, amb domicili social al c\/ Els Ports, 3, 12005 - Castellon (Castell\u00f3 De La Plana), NIF 20248892Z i amb tel\u00e8fon d&#039;atenci\u00f3 al client\/USUARI 964 7<\/p>\n<p>I d&#039;altra banda, l&#039;USUARI, registrat al lloc web mitjan\u00e7ant un nom d&#039;usuari i contrasenya, sobre els quals t\u00e9 responsabilitat plena d&#039;\u00fas i cust\u00f2dia, i \u00e9s responsable de la veracitat de les dades personals facilitades al PRESTADOR.<\/p>\n<p><strong>Objecte del contracte<\/strong><\/p>\n<p>Aquest contracte t\u00e9 per objecte regular la relaci\u00f3 contractual de compravenda nascuda entre el PRESTADOR i l&#039;USUARI en el moment en qu\u00e8 aquest accepta durant el proc\u00e9s de contractaci\u00f3 en l\u00ednia la casella corresponent.<\/p>\n<p>La relaci\u00f3 contractual de compravenda comporta el lliurament, a canvi d&#039;un preu determinat i p\u00fablicament exposat a trav\u00e9s del lloc web, de serveis de peritatge en l\u00ednia.<\/p>\n<p><strong>Rectificaci\u00f3 de les dades<\/strong><\/p>\n<p>Quan l&#039;USUARI identifiqui errors en les dades publicades al lloc web o en els documents generats per la relaci\u00f3 contractual, podr\u00e0 notificar-ho al correu info@peritcam.com perqu\u00e8 H\u00e9ctor Linares Morales els corregeixi com m\u00e9s aviat millor.<\/p>\n<p><strong>Procediment de contractaci\u00f3<\/strong><\/p>\n<p>L&#039;USUARI, per poder accedir als serveis que ofereix el PRESTADOR, haur\u00e0 de ser m\u00e9s gran i donar-se d&#039;alta a trav\u00e9s del lloc web mitjan\u00e7ant la creaci\u00f3 d&#039;un compte d&#039;usuari. Per aix\u00f2, l&#039;USUARI haur\u00e0 de proporcionar de manera lliure i volunt\u00e0ria les dades personals que se li requeriran, les quals es tractaran de conformitat amb el que disposa el Reglament (UE) 2016\/679, de 27 d&#039;abril de 2016 (GDPR), relatiu a la protecci\u00f3 de les persones f\u00edsiques pel que fa al tractament de dades personals ia la lliure circulaci\u00f3 d&#039;aquestes dades i la Llei Org\u00e0nica 3\/2018, de 5 de desembre (LOPDGDD), relativa a la protecci\u00f3 de dades de car\u00e0cter personal i detallada a l&#039;Av\u00eds legal ia la Pol\u00edtica de privadesa d&#039;aquest lloc web.<\/p>\n<p>L&#039;USUARI seleccionar\u00e0 un nom d&#039;usuari i una contrasenya, comprometent-se a fer-ne un \u00fas diligent i no posar-los a disposici\u00f3 de tercers, aix\u00ed com a comunicar al PRESTADOR la p\u00e8rdua o robatori dels mateixos o el possible acc\u00e9s per un tercer no autoritzat , de manera que aquest procedeixi al bloqueig immediat.<\/p>\n<p>Un cop creat el compte d&#039;usuari, s&#039;informa que d&#039;acord amb el que exigeix l&#039;article 27 de la Llei 34\/2002, de Serveis de la Societat de la Informaci\u00f3 i del Comer\u00e7 Electr\u00f2nic (LSSICE), el procediment de contractaci\u00f3 seguir\u00e0 els passos seg\u00fcents:<\/p>\n<ol>\n<li>Cl\u00e0usules generals de contractaci\u00f3.<br \/>2. Activaci\u00f3 de serveis.<br \/>3. Dret de desistiment.<br \/>4. Reclamacions i resoluci\u00f3 de litigis en l\u00ednia.<br \/>5. For\u00e7a major.<br \/>6. Compet\u00e8ncia.<br \/>7. Generalitats de l&#039;oferta<\/li>\n<li>Preu i termini de validesa de loferta.<br \/>9. Forma de pagament, despeses i descomptes.<br \/>10. Proc\u00e9s de compra.<br \/>11. Dissociaci\u00f3 i suspensi\u00f3 o rescissi\u00f3 del contracte.<br \/>12. Garanties i devolucions.<br \/>13. Llei aplicable i jurisdicci\u00f3.<\/li>\n<\/ol>\n<p>&nbsp;<\/p>\n<ol>\n<li><strong> CL\u00c0USULES GENERALS DE CONTRACTACI\u00d3<\/strong><\/li>\n<\/ol>\n<p>Excepte estipulaci\u00f3 particular per escrit, la realitzaci\u00f3 d&#039;una comanda al PRESTADOR suposar\u00e0 l&#039;acceptaci\u00f3 per part de l&#039;USUARI d&#039;aquestes condicions legals. PRESTADOR.<\/p>\n<ol start=\"2\">\n<li><strong> ACTIVACI\u00d3 DE SERVEIS<\/strong><\/li>\n<\/ol>\n<p>El PRESTADOR no activar\u00e0 cap servei fins que no hagi comprovat que s&#039;ha realitzat el pagament.<\/p>\n<p>Com que la comanda no comporta el lliurament f\u00edsic d&#039;un producte determinat, sent els serveis prestats en el moment acordat ja que consisteix en bons a gastar per part de l&#039;USUARI quan consideri oport\u00fa, el PRESTADOR informar\u00e0 pr\u00e8viament a l&#039;USUARI respecte al procediment que ha de seguir per veure satisfeta la prestaci\u00f3 del servei.<\/p>\n<p>El servei es podr\u00e0 gaudir a trav\u00e9s de l&#039;app facilitada pel PRESTADOR.<\/p>\n<p><strong>Manca d&#039;execuci\u00f3 del contracte a dist\u00e0ncia<\/strong><\/p>\n<p>En el cas de la prestaci\u00f3 d&#039;un servei, aquest estar\u00e0 disponible des del mateix moment en qu\u00e8 l&#039;USUARI n&#039;hagi efectuat el pagament i podr\u00e0 ser reservat segons les condicions del PRESTADOR.<\/p>\n<p>En cas de no poder executar el contracte perqu\u00e8 el servei contractat no estigui disponible en el termini previst, s&#039;informar\u00e0 a l&#039;USUARI de la manca de disponibilitat i que quedar\u00e0 legitimat per cancel\u00b7lar la comanda i rebre la devoluci\u00f3 de l&#039;import total pagat sense cap cost, i sense que per aix\u00f2 es derivi cap responsabilitat per danys i perjudicis imputable al PRESTADOR.<\/p>\n<p>En cas de retard injustificat per part del PRESTADOR respecte a la devoluci\u00f3 de l&#039;import total, l&#039;USUARI podr\u00e0 reclamar que se li pagui el doble de l&#039;import degut, sense perjudici al dret de ser indemnitzat pels danys i perjudicis soferts en all\u00f2 que excedeixin de aquesta quantitat.<\/p>\n<p>El PRESTADOR no assumir\u00e0 cap responsabilitat quan la desc\u00e0rrega o activaci\u00f3 del servei no arribi a realitzar-se, per ser les dades facilitades per l&#039;USUARI falses, inexactes o incompletes.<\/p>\n<p>La prestaci\u00f3 del servei es considera realitzada en el moment en qu\u00e8 l&#039;USUARI hagi descarregat o activat el servei.<\/p>\n<ol start=\"3\">\n<li><strong> DRET DE DESISTIMENT<\/strong><\/li>\n<\/ol>\n<p>L&#039;USUARI disposa d&#039;un termini de catorze (14) dies naturals, comptats a partir de la data de recepci\u00f3 del producte o des de la celebraci\u00f3 del contracte de compravenda si fos una prestaci\u00f3 d&#039;un servei, per exercir el dret de desistiment, regulat al article 102 del Reial Decret Legislatiu 1\/2007, de 16 de novembre, pel qual s&#039;aprova el text ref\u00f3s de la Llei General per a la Defensa dels Consumidors i Usuaris i altres lleis complement\u00e0ries, en endavant RDL 1\/2007. Si el PRESTADOR no compleix el deure dinformaci\u00f3 i documentaci\u00f3 sobre el dret de desistiment, el termini per al seu exercici finalitzar\u00e0 dotze mesos despr\u00e9s de la data dexpiraci\u00f3 del per\u00edode de desistiment inicial, conforme a larticle 105 del RDL 1\/2007.<\/p>\n<p>&nbsp;<\/p>\n<p>El dret de desistiment no \u00e9s aplicable als contractes referits i enumerats a l&#039;article 103 del RDL 1\/2007. Per tant, s&#039;exclou el dret de desistiment a causa dels motius seg\u00fcents:<\/p>\n<ul>\n<li>Servei ja iniciat o p\u00e8rdua del dret de desistiment una vegada executat del tot.<\/li>\n<\/ul>\n<p>Tota devoluci\u00f3 haur\u00e0 de comunicar-se al PRESTADOR, sol\u00b7licitant un n\u00famero de devoluci\u00f3 mitjan\u00e7ant el formulari habilitat per fer-ho, o per correu electr\u00f2nic a info@peritcam.com indicant el n\u00famero de factura o comanda corresponent.<\/p>\n<p><strong>FORMULARI DE DESISTIMENT<\/strong><\/p>\n<p>(Nom\u00e9s haur\u00e0 d&#039;emplenar i enviar el present formulari si voleu desistir del contracte o servei contractat).<\/p>\n<ul>\n<li>A l&#039;atenci\u00f3 de (aqu\u00ed haureu d&#039;inserir el nom de l&#039;empresa, adre\u00e7a completa i, si en disposeu, el n\u00famero de tel\u00e8fon, fax i correu electr\u00f2nic):<\/li>\n<li>Per la present us comunic\/comunicam (*) que desisteixo del meu\/desistim del nostre (*) contracte de venda del seg\u00fcent b\u00e9\/prestaci\u00f3 del seg\u00fcent servei (*).<\/li>\n<li>Comanda el\/sol\u00b7licitat el dia (*).<\/li>\n<li>Nom i domicili del consumidor i usuari o dels consumidors i usuaris.<\/li>\n<li>Data i signatura del consumidor i usuari o dels consumidors i usuaris.<\/li>\n<\/ul>\n<ol start=\"4\">\n<li><strong> RECLAMACIONS I RESOLUCI\u00d3 DE LITIGIS EN L\u00cdNIA<\/strong><\/li>\n<\/ol>\n<p>Qualsevol reclamaci\u00f3 que l&#039;USUARI consideri oportuna ser\u00e0 atesa al m\u00e9s aviat possible, podent-se realitzar en les seg\u00fcents adreces de contacte:<\/p>\n<p>Postal: H\u00e8ctor Linares Morales, c\/ Els Ports, 3, 12005 - Castellon (Castell\u00f3 De la Plana)<br \/>Tel\u00e8fon: 964 780 410<br \/>E-mail: info@peritcam.com<\/p>\n<p><strong>Resoluci\u00f3 de litigis en l\u00ednia (<em>Online Dispute Resolution<\/em>)<\/strong><br \/>D&#039;acord amb l&#039;Art. 14.1 del Reglament (UE) 524\/2013, la Comissi\u00f3 Europea facilita una plataforma d&#039;acc\u00e9s gratu\u00eft per a la resoluci\u00f3 de conflictes en l\u00ednia entre l&#039;USUARI i el PRESTADOR, sense necessitat de rec\u00f3rrer als tribunals de just\u00edcia, mitjan\u00e7ant la intervenci\u00f3 de un tercer, anomenat Organisme de resoluci\u00f3 de litigis, que actua d&#039;intermediari entre tots dos. Aquest organisme \u00e9s neutral i dialogar\u00e0 amb les dues parts per aconseguir un acord, podent finalment suggerir i\/o imposar una soluci\u00f3 al conflicte.<\/p>\n<p>Enlla\u00e7 a la plataforma ODR: <a href=\"http:\/\/ec.europa.eu\/consumers\/odr\/\">http:\/\/ec.europa.eu\/consumers\/odr\/<\/a><\/p>\n<ol start=\"5\">\n<li><strong> FOR\u00c7A MAJOR<\/strong><\/li>\n<\/ol>\n<p>Les parts no incorreran en responsabilitat davant de qualsevol falta deguda a causa major. El compliment de lobligaci\u00f3 es demorar\u00e0 fins al cessament del cas de for\u00e7a major.<\/p>\n<ol start=\"6\">\n<li><strong> COMPET\u00c8NCIA<\/strong><\/li>\n<\/ol>\n<p>L&#039;USUARI no podr\u00e0 cedir, transferir o transmetre els drets, les responsabilitats i les obligacions contractats en la venda.<\/p>\n<p>Si alguna estipulaci\u00f3 d&#039;aquestes condicions fos considerada nul\u00b7la o de compliment impossible, la validesa, legalitat i compliment de la resta no es veuran afectats de cap manera, ni patiran modificaci\u00f3 de cap manera.<\/p>\n<p>L&#039;USUARI declara haver llegit, con\u00e8ixer i acceptar aquestes Condicions en tota la seva extensi\u00f3.<\/p>\n<ol start=\"7\">\n<li><strong> GENERALITATS DE L&#039;OFERTA<\/strong><\/li>\n<\/ol>\n<p>Totes les vendes efectuades pel PRESTADOR s&#039;entendran sotmeses a les presents Condicions.<\/p>\n<p>Cap modificaci\u00f3, alteraci\u00f3 o pacte contrari a la Proposta Comercial d&#039;H\u00e9ctor Linares Morales o al que aqu\u00ed estipulat, tindr\u00e0 efecte, llevat de pacte expr\u00e9s per escrit signat pel PRESTADOR, en aquest cas, aquests pactes particulars prevaldran.<\/p>\n<p>Donats els continus aven\u00e7os t\u00e8cnics i millores dels serveis, el PRESTADOR es reserva la facultat de modificar les seves especificacions respecte de la informaci\u00f3 facilitada a la seva publicitat, fins que no afecti el valor dels serveis oferts. Aquestes modificacions tamb\u00e9 tenen validesa en cas que, per qualsevol causa, es vei\u00e9s afectada la possibilitat de subministrament dels serveis oferts.<\/p>\n<ol start=\"8\">\n<li><strong> PREU I TERMINI DE VALIDESA DE L&#039;OFERTA<\/strong><\/li>\n<\/ol>\n<p>Els preus que s&#039;indiquen respecte de cada servei inclouen l&#039;impost sobre el valor afegit (IVA) o altres impostos que puguin ser aplicables. Aquests preus, llevat que s&#039;indiqui expressament el contrari, no inclouen les despeses d&#039;enviament o comunicaci\u00f3, manipulaci\u00f3, embolcall, asseguran\u00e7a d&#039;enviaments o altres serveis addicionals i annexos al servei adquirit.<\/p>\n<p>Els preus aplicables a cada servei s\u00f3n els publicats al lloc web i s&#039;expressaran a la moneda EURO. L&#039;USUARI assumeix que la valoraci\u00f3 econ\u00f2mica d&#039;alguns serveis podr\u00e0 variar en temps real.<\/p>\n<p>Abans de fer la compra podr\u00e0 comprovar en l\u00ednia tots els detalls del pressupost: serveis, quantitats, preu, disponibilitat, c\u00e0rrecs, descomptes, impostos i el total de la compra. Els preus poden canviar di\u00e0riament mentre no es faci la comanda.<\/p>\n<p>Un cop realitzada la comanda, els preus es mantindran tant si hi ha disponibilitat del servei com si no.<\/p>\n<p>Tot pagament realitzat al PRESTADOR comporta l&#039;emissi\u00f3 d&#039;una factura a nom de l&#039;USUARI registrat o de la ra\u00f3 social que aquest hagi informat en el moment de fer la comanda. Aquesta factura s&#039;enviar\u00e0 en format PDF juntament amb el correu electr\u00f2nic de confirmaci\u00f3 del pagament ia la qual tamb\u00e9 tindr\u00e0 acc\u00e9s al perfil d&#039;usuari.<\/p>\n<p>Per a qualsevol informaci\u00f3 sobre la comanda, l&#039;USUARI podr\u00e0 contactar a trav\u00e9s del tel\u00e8fon d&#039;atenci\u00f3 al client del PRESTADOR 964 780 410 o per correu electr\u00f2nic a l&#039;adre\u00e7a info@peritcam.com<\/p>\n<ol start=\"9\">\n<li><strong> FORMES DE PAGAMENT, C\u00c0RRECS I DESCOMPTES<\/strong><\/li>\n<\/ol>\n<p>El PRESTADOR \u00e9s el responsable de les transaccions econ\u00f2miques i possibilita les formes seg\u00fcents per efectuar el pagament d&#039;una comanda:<\/p>\n<ul>\n<li>Targeta de cr\u00e8dit o d\u00e8bit<\/li>\n<li>Transfer\u00e8ncia banc\u00e0ria<\/li>\n<\/ul>\n<p><strong>Mesures de seguretat<\/strong><\/p>\n<p>El lloc web utilitza t\u00e8cniques de seguretat de la informaci\u00f3 generalment acceptades a la ind\u00fastria, com ara dades introdu\u00efdes en p\u00e0gina segura, firewalls, procediments de control d&#039;acc\u00e9s i mecanismes criptogr\u00e0fics, tot per evitar l&#039;acc\u00e9s no autoritzat a les dades. Per aconseguir aquests fins, l&#039;USUARI accepta que el PRESTADOR obtingui dades per a l&#039;efecte de la corresponent autenticaci\u00f3 dels controls d&#039;acc\u00e9s.<\/p>\n<p>El PRESTADOR es compromet a no permetre cap transacci\u00f3 que sigui o sigui considerada il\u00b7legal per les marques de targetes de cr\u00e8dit o el banc adquirient, que pugui o tingui el potencial de danyar-ne la bona voluntat o influir-hi de manera negativa.<\/p>\n<p>Les activitats seg\u00fcents estan prohibides en virtut dels programes de les marques de targetes: la venda o l&#039;oferta d&#039;un producte o servei que no compleixi totes les lleis aplicables al Comprador, Banc Emissor, Comerciant o Titular de la targeta o targetes.<\/p>\n<ol start=\"10\">\n<li><strong> PROC\u00c9S DE COMPRA<\/strong><\/li>\n<\/ol>\n<p><strong>Cistella (simulaci\u00f3 de pressupost)<\/strong><\/p>\n<p>Qualsevol servei del nostre cat\u00e0leg es pot afegir a la cistella. Nom\u00e9s s&#039;hi observaran els serveis seleccionats, la quantitat, el nombre de persones, el preu i l&#039;import total. Un cop guardada la cistella es procedir\u00e0 a calcular els impostos, c\u00e0rrecs i descomptes segons les dades introdu\u00efdes.<\/p>\n<p>Les cistelles no tenen cap vinculaci\u00f3 administrativa, nom\u00e9s \u00e9s un apartat on es pot simular un pressupost sense cap comprom\u00eds per totes dues parts.<\/p>\n<p>Des de la cistella es pot fer una comanda seguint els passos seg\u00fcents per a la seva correcta formalitzaci\u00f3:<\/p>\n<ol>\n<li>Comprovaci\u00f3 de les dades de facturaci\u00f3.<\/li>\n<li>Comprovaci\u00f3 del m\u00e8tode de prestaci\u00f3 del servei (desc\u00e0rrega, activaci\u00f3...).<\/li>\n<li>Selecci\u00f3 de la forma de pagament.<\/li>\n<li>Realitzar la comanda (comprar).<\/li>\n<\/ol>\n<p>Un cop processada la comanda, el sistema envia instant\u00e0niament un correu electr\u00f2nic al departament de gesti\u00f3 del PRESTADOR i un altre al correu de l&#039;USUARI confirmant la realitzaci\u00f3 de la comanda.<\/p>\n<p><strong>Comandes (sol\u00b7licituds de compra)<\/strong><\/p>\n<p>En un m\u00e0xim de 24 hores, en dies feiners, s&#039;enviar\u00e0 un correu electr\u00f2nic a l&#039;USUARI confirmant l&#039;estat de la comanda i la data i hora de reserva per a la prestaci\u00f3 del servei contractat.<\/p>\n<ol start=\"11\">\n<li><strong> DISSOCIACI\u00d3 I SUSPENSI\u00d3 O RESCISSI\u00d3 DEL CONTRACTE<\/strong><\/li>\n<\/ol>\n<p>Si qualsevol d&#039;aquests termes i condicions es considera il\u00b7legal, nul\u00b7la o per qualsevol ra\u00f3 inaplicable, aquesta condici\u00f3 es considera separable i no afecta la validesa i aplicabilitat de cap de les condicions restants.<\/p>\n<p>El PRESTADOR podr\u00e0, sense av\u00eds previ, suspendre o acabar l&#039;acc\u00e9s de l&#039;USUARI als seus serveis, totalment o en part, per qualsevol ra\u00f3 v\u00e0lida, incloent-hi, sense limitacions, quan l&#039;USUARI no compleixi o segueixi qualsevol de les obligacions establertes en aquest document o qualsevol disposici\u00f3 legal, llic\u00e8ncia, reglament, directiva, codi de pr\u00e0ctiques o pol\u00edtiques d\u00fas aplicables.<\/p>\n<p>Quan exerceixi qualsevol dels seus drets o facultats sota aquesta Cl\u00e0usula, aquest exercici no perjudicar\u00e0 ni afectar\u00e0 l&#039;exercici de qualsevol altre dret, facultat o recurs que pugui estar a disposici\u00f3 de l&#039;USUARI.<\/p>\n<ol start=\"12\">\n<li><strong> GARANTIES I DEVOLUCIONS<\/strong><\/li>\n<\/ol>\n<p>Les garanties respondran al que regula el T\u00edtol referit a &quot;Garanties i serveis postvenda&quot; del Reial Decret Legislatiu 1\/2007, de 16 de novembre, pel qual s&#039;aprova el text ref\u00f3s de la Llei General per a la Defensa dels Consumidors i Usuaris i altres lleis complement\u00e0ries.<\/p>\n<p>&nbsp;<\/p>\n<ol start=\"13\">\n<li><strong> LLEI APLICABLE I JURISDICCI\u00d3<\/strong><br \/>Aquestes condicions s&#039;han de regir o interpretar d&#039;acord amb la legislaci\u00f3 espanyola en all\u00f2 que no estigui expressament establert. Qualsevol controv\u00e8rsia que pogu\u00e9s suscitar-se de la prestaci\u00f3 dels productes o serveis objecte d&#039;aquestes Condicions se sotmetr\u00e0 als jutjats i tribunals del domicili de l&#039;USUARI, al lloc del compliment de l&#039;obligaci\u00f3 o aquell en qu\u00e8 es trobe el b\u00e9 si aquest fos immoble.<\/li>\n<\/ol>\n<\/div><\/div><\/div><\/div><\/div><div class=\"et_pb_section_2 et_pb_section et_section_regular et_block_section section_has_divider et_pb_top_divider et_pb_bottom_divider\" id=\"cookies\"><div class=\"et_pb_top_inside_divider et-no-transition\"><\/div><div class=\"et_pb_bottom_inside_divider et-no-transition\"><\/div><\/div>","protected":false},"excerpt":{"rendered":"","protected":false},"author":1,"featured_media":0,"parent":6608,"menu_order":0,"comment_status":"closed","ping_status":"closed","template":"","meta":{"footnotes":""},"class_list":["post-7954","page","type-page","status-publish","hentry"],"_links":{"self":[{"href":"https:\/\/www.peritcam.com\/ca\/wp-json\/wp\/v2\/pages\/7954","targetHints":{"allow":["GET"]}}],"collection":[{"href":"https:\/\/www.peritcam.com\/ca\/wp-json\/wp\/v2\/pages"}],"about":[{"href":"https:\/\/www.peritcam.com\/ca\/wp-json\/wp\/v2\/types\/page"}],"author":[{"embeddable":true,"href":"https:\/\/www.peritcam.com\/ca\/wp-json\/wp\/v2\/users\/1"}],"replies":[{"embeddable":true,"href":"https:\/\/www.peritcam.com\/ca\/wp-json\/wp\/v2\/comments?post=7954"}],"version-history":[{"count":6,"href":"https:\/\/www.peritcam.com\/ca\/wp-json\/wp\/v2\/pages\/7954\/revisions"}],"predecessor-version":[{"id":9322,"href":"https:\/\/www.peritcam.com\/ca\/wp-json\/wp\/v2\/pages\/7954\/revisions\/9322"}],"up":[{"embeddable":true,"href":"https:\/\/www.peritcam.com\/ca\/wp-json\/wp\/v2\/pages\/6608"}],"wp:attachment":[{"href":"https:\/\/www.peritcam.com\/ca\/wp-json\/wp\/v2\/media?parent=7954"}],"curies":[{"name":"wp","href":"https:\/\/api.w.org\/{rel}","templated":true}]}}