{"id":7949,"date":"2024-06-18T11:17:41","date_gmt":"2024-06-18T09:17:41","guid":{"rendered":"https:\/\/www.peritcam.com\/?page_id=7949"},"modified":"2026-04-20T15:56:06","modified_gmt":"2026-04-20T13:56:06","slug":"politica-de-privadesa-de-laplicacio","status":"publish","type":"page","link":"https:\/\/www.peritcam.com\/ca\/avis-legal\/politica-de-privadesa-de-laplicacio\/","title":{"rendered":"Pol\u00edtica de privadesa de l&#039;Aplicaci\u00f3"},"content":{"rendered":"<div class=\"et_pb_section_0 et_pb_section et_section_regular et_block_section section_has_divider et_pb_bottom_divider\"><div class=\"et_pb_bottom_inside_divider et-no-transition\"><\/div><\/div><div class=\"et_pb_section_1 et_pb_section et_section_regular et_block_section\" id=\"contacto\"><div class=\"et_pb_row_0 et_pb_row et_block_row\"><div class=\"et_pb_column_0 et_pb_column et_pb_column_4_4 et-last-child et_block_column et_pb_css_mix_blend_mode_passthrough\"><div class=\"et_pb_text_0 et_pb_text et_pb_bg_layout_light et_pb_module et_block_module\"><div class=\"et_pb_text_inner\"><p><b>Documents legals:<\/b><\/p>\n<\/div><\/div><div class=\"et_pb_menu_0 et_pb_menu et_pb_menu--without-logo et_pb_menu--style-left_aligned et_dropdown_animation_fade et_pb_bg_layout_light et_pb_text_align_right-tablet et_pb_text_align_right-phone et_pb_module et_flex_module\"><div class=\"et_pb_menu_inner_container et_flex_module\"><div class=\"et_pb_menu__wrap\"><div class=\"et_pb_menu__menu\"><nav class=\"et-menu-nav\"><ul id=\"menu-legal_es\" class=\"et-menu nav downwards\"><li id=\"menu-item-7958\" class=\"et_pb_menu_page_id-6608 menu-item menu-item-type-post_type menu-item-object-page menu-item-7958\"><a href=\"https:\/\/www.peritcam.com\/ca\/avis-legal\/\">Av\u00eds Legal<\/a><\/li>\n<li id=\"menu-item-7959\" class=\"et_pb_menu_page_id-7945 menu-item menu-item-type-post_type menu-item-object-page menu-item-privacy-policy menu-item-7959\"><a rel=\"privacy-policy\" href=\"https:\/\/www.peritcam.com\/ca\/avis-legal\/politica-de-privadesa\/\">Pol\u00edtica de privadesa<\/a><\/li>\n<li id=\"menu-item-7962\" class=\"et_pb_menu_page_id-7536 menu-item menu-item-type-post_type menu-item-object-page menu-item-7962\"><a href=\"https:\/\/www.peritcam.com\/ca\/avis-legal\/politica-de-cookies\/\">Pol\u00edtica de Cookies<\/a><\/li>\n<li id=\"menu-item-7961\" class=\"et_pb_menu_page_id-7954 menu-item menu-item-type-post_type menu-item-object-page menu-item-7961\"><a href=\"https:\/\/www.peritcam.com\/ca\/avis-legal\/condicions-generals-de-contractacio\/\">Condicions generals de contractaci\u00f3<\/a><\/li>\n<li id=\"menu-item-7960\" class=\"et_pb_menu_page_id-7941 menu-item menu-item-type-post_type menu-item-object-page menu-item-7960\"><a href=\"https:\/\/www.peritcam.com\/ca\/avis-legal\/condicions-dus-de-laplicacio\/\">Condicions d&#039;\u00fas de l&#039;aplicaci\u00f3<\/a><\/li>\n<li id=\"menu-item-7963\" class=\"et_pb_menu_page_id-7949 menu-item menu-item-type-post_type menu-item-object-page menu-item-7963\"><a href=\"https:\/\/www.peritcam.com\/ca\/avis-legal\/politica-de-privadesa-de-laplicacio\/\">Pol\u00edtica de privadesa de l&#039;Aplicaci\u00f3<\/a><\/li>\n<\/ul><\/nav><\/div><div class=\"et_mobile_nav_menu\"><div class=\"mobile_nav closed\"><span class=\"mobile_menu_bar\"><\/span><\/div><\/div><\/div><\/div><\/div><div class=\"et_pb_text_1 et_pb_text et_pb_bg_layout_light et_pb_module et_block_module\"><div class=\"et_pb_text_inner\"><h3><strong>POL\u00cdTICA DE PRIVACITAT APP<\/strong><\/h3>\n<p>&nbsp;<\/p>\n<p>Data darrera actualitzaci\u00f3:<u> 06<\/u>\/<u>05<\/u>\/<u>2024<\/u><\/p>\n<p>De conformitat amb el Reglament (UE) 2016\/679, del Parlament Europeu i del Consell, de 27 d&#039;abril de 2016, relatiu a la protecci\u00f3 de les persones f\u00edsiques pel que fa al tractament de dades personals ia la lliure circulaci\u00f3 d&#039;aquestes dades (Reglament General de Protecci\u00f3 de Dades - RGPD), H\u00c9CTOR LINARES MORALES Aplicaci\u00f3), sobre el tractament de les dades personals, que elles volunt\u00e0riament hagin facilitat durant el proc\u00e9s de registre, acc\u00e9s i utilitzaci\u00f3 del servei.<\/p>\n<p>&nbsp;<\/p>\n<p><strong>IDENTIFICACI\u00d3 DEL RESPONSABLE DEL TRACTAMENT.<\/strong><\/p>\n<p>H\u00c8CTOR LINARES MORALS, amb CIF\/NIF n\u00fam.: 20248892Z i domicili a efectes de notificacions a: C\/ Els Ports, 3, CP 12005 - Castell\u00f3 (Castell\u00f3 de la Plana) (d&#039;ara endavant, el Responsable del Tractament), \u00e9s l&#039;entitat responsable del tractament de les dades facilitades pels clients de l&#039;U\/A.<\/p>\n<p><strong>FINALITAT DEL TRACTAMENT DE DADES.<\/strong><\/p>\n<p>Per procedir al registre, acc\u00e9s i posterior \u00fas de l&#039;Aplicaci\u00f3, l&#039;Usuari haur\u00e0 de facilitar -de forma volunt\u00e0ria- dades de car\u00e0cter personal (essencialment, identificatives i de contacte), les quals seran incorporades a suports automatitzats titularitat d&#039;H\u00c9CTOR LINARES MORALES.<\/p>\n<p>La recollida, emmagatzematge, modificaci\u00f3, estructuraci\u00f3 i, si escau, eliminaci\u00f3, de les dades proporcionades pels Usuaris, constituiran operacions de tractament dutes a terme pel Responsable, amb la finalitat de garantir el funcionament correcte de l&#039;Aplicaci\u00f3, mantenir la relaci\u00f3 de prestaci\u00f3 de serveis i\/o comercial amb l&#039;usuari, i per a la gesti\u00f3, administraci\u00f3, informaci\u00f3, prestaci\u00f3 i millora del servei.<\/p>\n<p>Les dades personals facilitades per l&#039;Usuari -especialment, el correu electr\u00f2nic o e-mail- podran emprar-se tamb\u00e9 per remetre butlletins (newsletters), aix\u00ed com comunicacions comercials de promocions i\/o publicitat de l&#039;Aplicaci\u00f3, sempre que l&#039;Usuari hagi prestat pr\u00e8viament el consentiment expr\u00e9s per a la recepci\u00f3 d&#039;aquestes comunicacions via electr\u00f2nica.<\/p>\n<p>A m\u00e9s, es demanaran dades relatives a la geolocalitzaci\u00f3 o ubicaci\u00f3 de l&#039;Usuari sempre que el mateix del seu consentiment expr\u00e9s per a aix\u00f2 i tingui activada aquesta funcionalitat al dispositiu Tamb\u00e9 es recolliran dades relatives a la imatge, ja sigui en fotografia o v\u00eddeo, amb id\u00e8ntiques condicions que les establertes anteriorment.<\/p>\n<p>&nbsp;<\/p>\n<p><strong>LEGITIMACI\u00d3.<\/strong><\/p>\n<p>El tractament de les dades de l&#039;Usuari, es realitza amb les bases jur\u00eddiques seg\u00fcents que legitimen el mateix:<\/p>\n<ul>\n<li>La sol\u00b7licitud d&#039;informaci\u00f3 i\/o la contractaci\u00f3 dels serveis de l&#039;Aplicaci\u00f3, els quals es contractaran a trav\u00e9s del web <a href=\"https:\/\/www.peritcam.com\">https:\/\/www.peritcam.com<\/a>.<\/li>\n<li>El consentiment lliure, espec\u00edfic, informat i inequ\u00edvoc de l&#039;Usuari, posant a la vostra disposici\u00f3 aquesta pol\u00edtica de privadesa, que ha d&#039;acceptar mitjan\u00e7ant una declaraci\u00f3 o una clara acci\u00f3 afirmativa, com el marcatge d&#039;una casella disposada a aquest efecte.<\/li>\n<\/ul>\n<p>En cas que l&#039;Usuari no faciliti a H\u00c9CTOR LINARES MORALES les seves dades, o ho faci de manera err\u00f2nia o incompleta, no ser\u00e0 possible fer \u00fas de l&#039;Aplicaci\u00f3.<\/p>\n<p>&nbsp;<\/p>\n<p><strong>CONSERVACI\u00d3 DE LES DADES PERSONALS.<\/strong><strong>\u00a0<\/strong><\/p>\n<p>Les dades personals proporcionades per l&#039;Usuari es conservaran als sistemes i bases de dades del Responsable del Tractament, mentre aquell continu\u00ef fent \u00fas de l&#039;Aplicaci\u00f3, i sempre que no sol\u00b7licite la supressi\u00f3.<\/p>\n<p>Per tal de depurar les possibles responsabilitats derivades del tractament, les dades es conservaran per un per\u00edode m\u00ednim de cinc anys.<\/p>\n<p>&nbsp;<\/p>\n<p><strong>DESTINATARIS.<\/strong><\/p>\n<p>Les dades no es comunicaran a cap tercer ali\u00e8 a H\u00c9CTOR LINARES MORALES, excepte obligaci\u00f3 legal o en qualsevol cas, pr\u00e8via sol\u00b7licitud del consentiment de l&#039;Usuari.<\/p>\n<p>D&#039;altra banda, H\u00c9CTOR LINARES MORALES podr\u00e0 donar acc\u00e9s o transmetre les dades personals facilitades per l&#039;Usuari, a tercers prove\u00efdors de serveis, amb els quals hagi subscrit acords d&#039;enc\u00e0rrec de tractament de dades, i que nom\u00e9s accedeixin a aquesta informaci\u00f3 per prestar un servei a favor i per compte del Responsable.<\/p>\n<p>&nbsp;<\/p>\n<p><strong>PROTECCI\u00d3 DE LA INFORMACI\u00d3 ALLOTJADA.<\/strong><\/p>\n<p>El Responsable del Tractament, adopta les mesures necess\u00e0ries per garantir la seguretat, integritat i confidencialitat de les dades conforme al que disposa el Reglament (UE) 2016\/679 del Parlament Europeu i del Consell, de 27 d&#039;abril de 2016, relatiu a la protecci\u00f3 de les persones f\u00edsiques pel que fa al tractament de dades personals ia la lliure circulaci\u00f3 d&#039;aquestes.<\/p>\n<p>Si b\u00e9 el Responsable, realitza c\u00f2pies de seguretat dels continguts allotjats als seus servidors, per\u00f2 no es responsabilitza de la p\u00e8rdua o esborrament accidental de les dades per part dels Usuaris. De la mateixa manera, no garanteix la reposici\u00f3 total de les dades. esborrats pels Usuaris, ja que les dades esmentades podrien haver estat suprimides i\/o modificades durant el per\u00edode de temps transcorregut des de l&#039;\u00faltima c\u00f2pia de seguretat.<\/p>\n<p>Els serveis facilitats o prestats a trav\u00e9s de l&#039;Aplicaci\u00f3, excepte els serveis espec\u00edfics de backup, no inclouen la reposici\u00f3 dels continguts conservats a les c\u00f2pies de seguretat realitzades pel Responsable del Tractament, quan aquesta p\u00e8rdua sigui imputable a l&#039;usuari; en aquest cas, es determinar\u00e0 una tarifa d&#039;acord amb la complexitat i el volum de la recuperaci\u00f3, sempre pr\u00e8via acceptaci\u00f3 de l&#039;usuari. La reposici\u00f3 de dades esborrades nom\u00e9s est\u00e0 inclosa en el preu del servei quan la p\u00e8rdua del contingut sigui deguda a causes atribu\u00efbles al Responsable.<\/p>\n<p>A m\u00e9s, l&#039;App cont\u00e9 dues funcionalitats del servei relatives a l&#039;emmagatzematge per part del Responsable:<\/p>\n<ol>\n<li>Opci\u00f3 1. El Responsable no procedir\u00e0 a l&#039;emmagatzematge dels peritatges en l\u00ednia realitzats per l&#039;Usuari, i per tant \u00e9s el responsable del seu emmagatzematge i gesti\u00f3, i eximeix el Responsable de qualsevol reclamaci\u00f3 posterior davant la p\u00e8rdua d&#039;aquestes dades.<\/li>\n<li>Opci\u00f3 2. El Responsable tamb\u00e9 presta el servei d&#039;emmagatzematge dels peritatges en l\u00ednia, i l&#039;Usuari pot descarregar-se&#039;n la informaci\u00f3 o no. En aquests sup\u00f2sits, el Responsable generar\u00e0 i facilitar\u00e0 a l&#039;Usuari un codi QR per a l&#039;acc\u00e9s posterior.<\/li>\n<\/ol>\n<p>&nbsp;<\/p>\n<p><strong>EXERCICI DE DRETS.<\/strong><\/p>\n<p>H\u00c9CTOR LINARES MORALES, informa a l&#039;Usuari que us assisteixen els drets d&#039;acc\u00e9s, rectificaci\u00f3, limitaci\u00f3, supressi\u00f3, oposici\u00f3 i portabilitat, els quals podreu exercir mitjan\u00e7ant petici\u00f3 adre\u00e7ada al correu electr\u00f2nic: <a href=\"mailto:info@informaticoscastellon.com\">info@informaticoscastellon.com.<\/a><\/p>\n<p>Aix\u00ed mateix, l&#039;usuari t\u00e9 dret a revocar el consentiment inicialment prestat, ia interposar reclamacions de drets davant de l&#039;Ag\u00e8ncia Espanyola de Protecci\u00f3 de Dades (AEPD).<\/p>\n<p>&nbsp;<\/p>\n<p><strong>COMUNICACIONS COMERCIALS PER VIA ELECTR\u00d2NICA.<\/strong><\/p>\n<p>En aplicaci\u00f3 de la LSSI (Llei de Serveis de la Societat de la Informaci\u00f3), H\u00c9CTOR LINARES MORALES, no enviar\u00e0 comunicacions publicit\u00e0ries o promocionals per correu electr\u00f2nic o altre mitj\u00e0 de comunicaci\u00f3 electr\u00f2nica equivalent que pr\u00e8viament no haguessin estat sol\u00b7licitades o expressament autoritzades pels destinataris de les mateixes.<\/p>\n<p>En el cas d&#039;usuaris amb qu\u00e8 hi hagi una relaci\u00f3 contractual, jur\u00eddica o de serveis pr\u00e8via, el Responsable del Tractament s\u00ed que est\u00e0 autoritzat a l&#039;enviament de comunicacions comercials referents a productes o serveis del Responsable que siguin similars als que inicialment van ser objecte de contractaci\u00f3 amb el client.<\/p>\n<p>En cas que l&#039;Usuari vulgui donar-se de baixa a l&#039;hora de rebre les comunicacions esmentades, podr\u00e0 fer-ho remetent la seva voluntat per e-mail al correu electr\u00f2nic: <a href=\"mailto:info@informaticoscastellon.com\">info@informaticoscastellon.com.<\/a><\/p>\n<\/div><\/div><\/div><\/div><\/div><div class=\"et_pb_section_2 et_pb_section et_section_regular et_block_section section_has_divider et_pb_top_divider et_pb_bottom_divider\" id=\"cookies\"><div class=\"et_pb_top_inside_divider et-no-transition\"><\/div><div class=\"et_pb_bottom_inside_divider et-no-transition\"><\/div><\/div>","protected":false},"excerpt":{"rendered":"","protected":false},"author":1,"featured_media":0,"parent":6608,"menu_order":0,"comment_status":"closed","ping_status":"closed","template":"","meta":{"footnotes":""},"class_list":["post-7949","page","type-page","status-publish","hentry"],"_links":{"self":[{"href":"https:\/\/www.peritcam.com\/ca\/wp-json\/wp\/v2\/pages\/7949","targetHints":{"allow":["GET"]}}],"collection":[{"href":"https:\/\/www.peritcam.com\/ca\/wp-json\/wp\/v2\/pages"}],"about":[{"href":"https:\/\/www.peritcam.com\/ca\/wp-json\/wp\/v2\/types\/page"}],"author":[{"embeddable":true,"href":"https:\/\/www.peritcam.com\/ca\/wp-json\/wp\/v2\/users\/1"}],"replies":[{"embeddable":true,"href":"https:\/\/www.peritcam.com\/ca\/wp-json\/wp\/v2\/comments?post=7949"}],"version-history":[{"count":5,"href":"https:\/\/www.peritcam.com\/ca\/wp-json\/wp\/v2\/pages\/7949\/revisions"}],"predecessor-version":[{"id":9321,"href":"https:\/\/www.peritcam.com\/ca\/wp-json\/wp\/v2\/pages\/7949\/revisions\/9321"}],"up":[{"embeddable":true,"href":"https:\/\/www.peritcam.com\/ca\/wp-json\/wp\/v2\/pages\/6608"}],"wp:attachment":[{"href":"https:\/\/www.peritcam.com\/ca\/wp-json\/wp\/v2\/media?parent=7949"}],"curies":[{"name":"wp","href":"https:\/\/api.w.org\/{rel}","templated":true}]}}