{"id":7941,"date":"2024-06-18T10:58:20","date_gmt":"2024-06-18T08:58:20","guid":{"rendered":"https:\/\/www.peritcam.com\/?page_id=7941"},"modified":"2026-04-20T15:56:04","modified_gmt":"2026-04-20T13:56:04","slug":"condicions-dus-de-laplicacio","status":"publish","type":"page","link":"https:\/\/www.peritcam.com\/ca\/avis-legal\/condicions-dus-de-laplicacio\/","title":{"rendered":"Condicions d&#039;\u00fas de l&#039;aplicaci\u00f3"},"content":{"rendered":"<div class=\"et_pb_section_0 et_pb_section et_section_regular et_block_section section_has_divider et_pb_bottom_divider\"><div class=\"et_pb_bottom_inside_divider et-no-transition\"><\/div><\/div><div class=\"et_pb_section_1 et_pb_section et_section_regular et_block_section\" id=\"contacto\"><div class=\"et_pb_row_0 et_pb_row et_block_row\"><div class=\"et_pb_column_0 et_pb_column et_pb_column_4_4 et-last-child et_block_column et_pb_css_mix_blend_mode_passthrough\"><div class=\"et_pb_text_0 et_pb_text et_pb_bg_layout_light et_pb_module et_block_module\"><div class=\"et_pb_text_inner\"><p><b>Documents legals:<\/b><\/p>\n<\/div><\/div><div class=\"et_pb_menu_0 et_pb_menu et_pb_menu--without-logo et_pb_menu--style-left_aligned et_dropdown_animation_fade et_pb_bg_layout_light et_pb_text_align_right-tablet et_pb_text_align_right-phone et_pb_module et_flex_module\"><div class=\"et_pb_menu_inner_container et_flex_module\"><div class=\"et_pb_menu__wrap\"><div class=\"et_pb_menu__menu\"><nav class=\"et-menu-nav\"><ul id=\"menu-legal_es\" class=\"et-menu nav downwards\"><li id=\"menu-item-7958\" class=\"et_pb_menu_page_id-6608 menu-item menu-item-type-post_type menu-item-object-page menu-item-7958\"><a href=\"https:\/\/www.peritcam.com\/ca\/avis-legal\/\">Av\u00eds Legal<\/a><\/li>\n<li id=\"menu-item-7959\" class=\"et_pb_menu_page_id-7945 menu-item menu-item-type-post_type menu-item-object-page menu-item-privacy-policy menu-item-7959\"><a rel=\"privacy-policy\" href=\"https:\/\/www.peritcam.com\/ca\/avis-legal\/politica-de-privadesa\/\">Pol\u00edtica de privadesa<\/a><\/li>\n<li id=\"menu-item-7962\" class=\"et_pb_menu_page_id-7536 menu-item menu-item-type-post_type menu-item-object-page menu-item-7962\"><a href=\"https:\/\/www.peritcam.com\/ca\/avis-legal\/politica-de-cookies\/\">Pol\u00edtica de Cookies<\/a><\/li>\n<li id=\"menu-item-7961\" class=\"et_pb_menu_page_id-7954 menu-item menu-item-type-post_type menu-item-object-page menu-item-7961\"><a href=\"https:\/\/www.peritcam.com\/ca\/avis-legal\/condicions-generals-de-contractacio\/\">Condicions generals de contractaci\u00f3<\/a><\/li>\n<li id=\"menu-item-7960\" class=\"et_pb_menu_page_id-7941 menu-item menu-item-type-post_type menu-item-object-page menu-item-7960\"><a href=\"https:\/\/www.peritcam.com\/ca\/avis-legal\/condicions-dus-de-laplicacio\/\">Condicions d&#039;\u00fas de l&#039;aplicaci\u00f3<\/a><\/li>\n<li id=\"menu-item-7963\" class=\"et_pb_menu_page_id-7949 menu-item menu-item-type-post_type menu-item-object-page menu-item-7963\"><a href=\"https:\/\/www.peritcam.com\/ca\/avis-legal\/politica-de-privadesa-de-laplicacio\/\">Pol\u00edtica de privadesa de l&#039;Aplicaci\u00f3<\/a><\/li>\n<\/ul><\/nav><\/div><div class=\"et_mobile_nav_menu\"><div class=\"mobile_nav closed\"><span class=\"mobile_menu_bar\"><\/span><\/div><\/div><\/div><\/div><\/div><div class=\"et_pb_text_1 et_pb_text et_pb_bg_layout_light et_pb_module et_block_module\"><div class=\"et_pb_text_inner\"><h3><strong>CONDICIONS D&#039;\u00daS APP<\/strong><\/h3>\n<p>Data darrera actualitzaci\u00f3: <u>06<\/u>\/<u>05<\/u>\/ <u>2024<\/u><\/p>\n<p><u><\/u><\/p>\n<p><strong>TITULARITAT.<\/strong><\/p>\n<p>Aquest document t\u00e9 per objecte establir les condicions generals d&#039;\u00fas de l&#039;aplicaci\u00f3 PeritCam (d&#039;ara endavant, l&#039;Aplicaci\u00f3), titularitat d&#039;H\u00c9CTOR LINARES MORALES, amb CIF\/NIF n\u00fam.: 20248892Z i domicili a efectes de notificacions a: C\/ Els Ports, 3, CP 12005 - Castellon (Castell\u00f3 De La Plana).<\/p>\n<p>El registre i \u00fas posterior de l&#039;Aplicaci\u00f3 requereix l&#039;acceptaci\u00f3 pr\u00e8via per part de l&#039;usuari, de les condicions generals d&#039;\u00fas vigents. El Propietari es reserva el dret de modificar aquestes condicions, en qualsevol moment, si b\u00e9 aquests canvis seran degudament informats per al coneixement per part de l&#039;usuari.<\/p>\n<p>La desc\u00e0rrega i \u00fas de l&#039;aplicaci\u00f3, ja sigui a trav\u00e9s de l&#039;app web com de l&#039;app m\u00f2bil, atribueix la condici\u00f3 d&#039;usuari de la mateixa (d&#039;ara endavant, l&#039;usuari) i implica la lectura, l&#039;enteniment i l&#039;acceptaci\u00f3 de tots els termes i condicions recollits pel present document.<\/p>\n<p>Aix\u00f2 no obstant, l&#039;Usuari haur\u00e0 de revisar peri\u00f2dicament les publicacions relatives als canvis efectuats en les condicions d&#039;\u00fas, i si aquell continua utilitzant l&#039;Aplicaci\u00f3, s&#039;entendr\u00e0 que aix\u00f2 implica l&#039;acceptaci\u00f3 i l&#039;assumpci\u00f3 dels canvis esmentats.<\/p>\n<p>Aquestes condicions d&#039;\u00fas afecten els vostres drets i obligacions legals respecte a l&#039;\u00fas de l&#039;Aplicaci\u00f3. Si no acceptes els termes que s&#039;hi inclouen, no t&#039;has de registrar, accedir, ni utilitzar l&#039;Aplicaci\u00f3.<\/p>\n<p>&nbsp;<\/p>\n<p><strong>MENORS D&#039;EDAT.<\/strong><\/p>\n<p>S&#039;informa que l&#039;Usuari ha de ser m\u00e9s gran de divuit (18) anys. S&#039;informa que igualment aquesta aplicaci\u00f3 est\u00e0 destinada exclusivament a p\u00e8rits professionals.<\/p>\n<p><strong>DRETS DE PROPIETAT INTEL\u00b7LECTUAL.<\/strong><\/p>\n<p>L&#039;Aplicaci\u00f3 \u00e9s una obra composta de diversos elements integrats i inseparables (text, il\u00b7lustracions, fotografies, imatges animades, v\u00eddeos, programes d&#039;ordinador, etc.), els drets de propietat intel\u00b7lectual dels quals, en virtut del que disposa la normativa vigent en la mat\u00e8ria , corresponen al Propietari, excepte pel que fa als materials obtinguts sota llic\u00e8ncia, autoritzaci\u00f3 o consentiment de tercers.<\/p>\n<p>El Propietari i els tercers llicenciants retindran en tot moment els drets de propietat intel\u00b7lectual sobre l&#039;Aplicaci\u00f3, aix\u00ed com sobre els diferents elements que la componen, considerats de forma individual, en totes les c\u00f2pies que es facin (qualsevol que sigui el suport al qual s&#039;hi incorporin), concedint sobre aquests \u00fanicament el dret d&#039;\u00fas.\u00a0<\/p>\n<p>Qualsevol dret que no sigui expressament cedit, s&#039;entendr\u00e0 reservat a favor del propietari i els llicenciants de continguts o elements individuals.<\/p>\n<p>El Propietari disposa dels drets de propietat intel\u00b7lectual i d&#039;explotaci\u00f3 sobre el programari emprat per al desenvolupament i el funcionament de l&#039;Aplicaci\u00f3, i estar\u00e0 habilitat per descarregar i instal\u00b7lar noves versions del programari de l&#039;Aplicaci\u00f3, actualitzacions i millores, per tal de perfeccionar les funcionalitats del servei.<\/p>\n<p>L&#039;usuari no adquireix cap dret o llic\u00e8ncia pel servei contractat, sobre el programari necessari per a la prestaci\u00f3 del servei, ni tampoc sobre la informaci\u00f3 t\u00e8cnica de seguiment del servei, a excepci\u00f3 dels drets i llic\u00e8ncies necessaris per a la utilitzaci\u00f3 i funcionament correcte de la Aplicaci\u00f3.<\/p>\n<p>A m\u00e9s d&#039;aix\u00f2, el Propietari \u00e9s responsable de la selecci\u00f3, el disseny de l&#039;estructura i la disposici\u00f3 dels continguts de l&#039;Aplicaci\u00f3, aix\u00ed com qui ha pres la iniciativa i assumit el risc d&#039;efectuar les inversions substancials orientades a l&#039;obtenci\u00f3, la digitalitzaci\u00f3 i la presentaci\u00f3 d&#039;aquesta, corresponent-li, per tant, la protecci\u00f3 que la Llei de Propietat Intel\u00b7lectual (LPI) pugui concedir sobre aquesta disposici\u00f3 i estructuraci\u00f3 de dades.<\/p>\n<p>El Propietari \u00e9s tamb\u00e9 l&#039;\u00fanic titular del disseny i la imatge gr\u00e0fica de l&#039;Aplicaci\u00f3, reservant-se les accions que legalment li corresponguin contra les persones que poguessin realitzar imitacions o usos deslleials de la mateixa.<\/p>\n<p>&nbsp;<\/p>\n<p><strong>DRETS DE L&#039;USUARI.<\/strong><\/p>\n<p>Pel que fa als possibles continguts generats per l&#039;usuari, durant l&#039;\u00fas de l&#039;Aplicaci\u00f3, aquell ser\u00e0 l&#039;\u00fanic titular dels drets de propietat intel\u00b7lectual sobre aquests continguts.<\/p>\n<p>Aix\u00f2 no obstant, quan l&#039;Usuari comparteixi, difongui o publiqui continguts a l&#039;Aplicaci\u00f3, est\u00e0 concedint una llic\u00e8ncia no exclusiva, transferible i gratu\u00efta, per poder emmagatzemar, reproduir, distribuir, modificar, mantenir o comunicar p\u00fablicament (difondre, publicar) el contingut generat per l&#039;Usuari.<\/p>\n<p>En cas que l&#039;Usuari, comparteixi o publiqui continguts a l&#039;Aplicaci\u00f3, que no hagi creat o generat ell mateix, ser\u00e0 l&#039;\u00fanic responsable d&#039;haver obtingut pr\u00e8viament les autoritzacions corresponents per part dels autors leg\u00edtims dels continguts esmentats.<\/p>\n<p>En qualsevol cas, el Propietari informa a l&#039;Usuari que, encara que el contingut pugui ser eliminat de la interf\u00edcie de l&#039;Aplicaci\u00f3, aquest pot conservar-se a les c\u00f2pies de seguretat del Propietari durant un cert temps, per despr\u00e9s ser suprimit de manera efectiva.<\/p>\n<p>Aix\u00ed mateix, cal esmentar que el contingut pot continuar sent visible si s&#039;ha compartit amb altres usuaris, i aquests han arribat a descarregar o desar aquest contingut, excedint aquestes actuacions de l&#039;\u00e0mbit o l&#039;entorn de l&#039;Aplicaci\u00f3.<\/p>\n<p>&nbsp;<\/p>\n<p><strong>OBLIGACIONS DE L&#039;USUARI.<\/strong><\/p>\n<p>L&#039;Usuari es compromet a utilitzar aquesta Aplicaci\u00f3 i tot el contingut de conformitat amb la llei, la moral, l&#039;ordre p\u00fablic i aquestes condicions d&#039;\u00fas. Aix\u00ed mateix, es compromet a fer un \u00fas adequat dels serveis i\/o continguts de laplicaci\u00f3.<\/p>\n<p>En particular, l&#039;usuari es compromet a:\u00a0<\/p>\n<ul>\n<li>No emprar l&#039;Aplicaci\u00f3 per realitzar activitats il\u00b7l\u00edcites o constitutives de delicte, que atemptin contra els drets de tercers i\/o que infringeixin la regulaci\u00f3 sobre propietat intel\u00b7lectual i industrial, o qualsevol altra norma de l&#039;ordenament jur\u00eddic aplicable.<\/li>\n<li>No transmetre, introduir, difondre i posar a disposici\u00f3 de tercers, qualsevol tipus de material i informaci\u00f3 (dades contingudes, missatges, dibuixos, arxius de so i imatge, fotografies, programari, ), a trav\u00e9s de l&#039;Aplicaci\u00f3, que siguin contraris a la llei, la moral, lordre p\u00fablic i les presents condicions d\u00fas.<\/li>\n<li>No generar, compartir o pujar continguts a l&#039;Aplicaci\u00f3, si s\u00f3n il\u00b7legals, enganyosos o discriminatoris, o si vulneren els drets d&#039;una altra persona.<\/li>\n<li>La publicaci\u00f3 o transmissi\u00f3 de qualsevol contingut que resulti violent, obsc\u00e8, abusiu, racial, xen\u00f2fob o difamatori.<\/li>\n<li>No introduir o pujar virus o codis maliciosos, o fer activitats susceptibles d&#039;alterar el funcionament correcte de l&#039;Aplicaci\u00f3.<\/li>\n<li>No recollir ni utilitzar dades personals (inclosa la imatge f\u00edsica) d&#039;altres usuaris sense el seu consentiment expr\u00e9s o contravenint el que disposa el Reglament General de Protecci\u00f3 de<\/li>\n<\/ul>\n<p>\u00a0La infracci\u00f3 de qualsevol de les normes que cont\u00e9 aquest apartat facultar\u00e0 el Propietari, per donar de baixa de l&#039;Aplicaci\u00f3 a l&#039;usuari de manera immediata, aix\u00ed com per eliminar continguts generats per l&#039;usuari, que puguin atemptar contra els drets de tercers, resultar inadequats o \u00e9sser contraris a l&#039;ordre jur\u00eddic.<\/p>\n<p>&nbsp;<\/p>\n<p><strong>LIMITACI\u00d3 DE RESPONSABILITAT.<\/strong><\/p>\n<p>El Propietari no garanteix que, durant l&#039;\u00fas de l&#039;Aplicaci\u00f3, no es puguin produir errors o errors que dificultin l&#039;\u00fas del servei, generin imperfeccions, problemes o retards al sistema.<\/p>\n<p>Sempre que el Propietari hagi actuat amb la dilig\u00e8ncia oportuna i necess\u00e0ria, no assumir\u00e0 cap responsabilitat per: p\u00e8rdues no provocades per infracci\u00f3 del Propietari, del que disposen aquestes condicions; p\u00e8rdues no previsibles de forma raonable per cap de les parts; continguts difosos o publicats per altres usuaris, quan vulnerin drets de tercers, o es tracti de contingut il\u00b7legal, violent, ofensiu o inapropiat.<\/p>\n<p>&nbsp;<\/p>\n<p><strong>PROTECCI\u00d3 DE DADES DE CAR\u00c0CTER PERSONAL.<\/strong><\/p>\n<p>De conformitat amb el Reglament (UE) 2016\/679, del Parlament Europeu i del Consell, de 27 d&#039;abril de 2016, relatiu a la protecci\u00f3 de les persones f\u00edsiques pel que fa al tractament de dades personals ia la lliure circulaci\u00f3 d&#039;aquestes dades (Reglament General de Protecci\u00f3 de Dades - RGPD), tota informaci\u00f3 o dades de car\u00e0cter personal que l&#039;App al que estableix la nostra Pol\u00edtica de Privadesa.<\/p>\n<p>&nbsp;<\/p>\n<p><strong>MODIFICACIONS.<br \/><\/strong><\/p>\n<p>El Propietari es reserva el dret a efectuar, sense av\u00eds previ, les modificacions que consideri oportunes per al correcte funcionament de l&#039;Aplicaci\u00f3, podent canviar, suprimir o afegir tant els continguts i serveis que es presten a trav\u00e9s d&#039;aquesta, com la forma en la que aquests apareixen presentats o localitzats.<\/p>\n<p>El Propietari intentar\u00e0, en la mesura del possible, mantenir actualitzada i lliure de fallades la informaci\u00f3 continguda en aquesta Aplicaci\u00f3, si b\u00e9, en qualsevol cas, l&#039;acc\u00e9s i la utilitzaci\u00f3 d&#039;aquesta \u00e9s responsabilitat exclusiva de l&#039;Usuari.<\/p>\n<p><strong>ACCIONS LEGALS.<br \/><\/strong><\/p>\n<p>En cas d&#039;incompliment per part de l&#039;Usuari, dels termes inclosos en aquestes condicions d&#039;\u00fas, el Propietari estar\u00e0 habilitat per iniciar les accions legals que, d&#039;acord amb la legislaci\u00f3 vigent, puguin resultar oportunes, aix\u00ed com sol\u00b7licitar les indemnitzacions pertinents per part de l&#039;usuari.<\/p>\n<p>El Propietari perseguir\u00e0 qualsevol utilitzaci\u00f3 indeguda de l&#039;Aplicaci\u00f3 o dels seus continguts aix\u00ed com les infraccions dels drets que li corresponguin a ell o als seus llicenciants, especialment pel que fa als drets de propietat intel\u00b7lectual i industrial.<\/p>\n<\/div><\/div><\/div><\/div><\/div><div class=\"et_pb_section_2 et_pb_section et_section_regular et_block_section section_has_divider et_pb_top_divider et_pb_bottom_divider\" id=\"cookies\"><div class=\"et_pb_top_inside_divider et-no-transition\"><\/div><div class=\"et_pb_bottom_inside_divider et-no-transition\"><\/div><\/div>","protected":false},"excerpt":{"rendered":"","protected":false},"author":1,"featured_media":0,"parent":6608,"menu_order":0,"comment_status":"closed","ping_status":"closed","template":"","meta":{"footnotes":""},"class_list":["post-7941","page","type-page","status-publish","hentry"],"_links":{"self":[{"href":"https:\/\/www.peritcam.com\/ca\/wp-json\/wp\/v2\/pages\/7941","targetHints":{"allow":["GET"]}}],"collection":[{"href":"https:\/\/www.peritcam.com\/ca\/wp-json\/wp\/v2\/pages"}],"about":[{"href":"https:\/\/www.peritcam.com\/ca\/wp-json\/wp\/v2\/types\/page"}],"author":[{"embeddable":true,"href":"https:\/\/www.peritcam.com\/ca\/wp-json\/wp\/v2\/users\/1"}],"replies":[{"embeddable":true,"href":"https:\/\/www.peritcam.com\/ca\/wp-json\/wp\/v2\/comments?post=7941"}],"version-history":[{"count":5,"href":"https:\/\/www.peritcam.com\/ca\/wp-json\/wp\/v2\/pages\/7941\/revisions"}],"predecessor-version":[{"id":9319,"href":"https:\/\/www.peritcam.com\/ca\/wp-json\/wp\/v2\/pages\/7941\/revisions\/9319"}],"up":[{"embeddable":true,"href":"https:\/\/www.peritcam.com\/ca\/wp-json\/wp\/v2\/pages\/6608"}],"wp:attachment":[{"href":"https:\/\/www.peritcam.com\/ca\/wp-json\/wp\/v2\/media?parent=7941"}],"curies":[{"name":"wp","href":"https:\/\/api.w.org\/{rel}","templated":true}]}}