{"id":7855,"date":"2024-05-09T08:34:34","date_gmt":"2024-05-09T06:34:34","guid":{"rendered":"https:\/\/www.peritcam.com\/?page_id=7855"},"modified":"2026-04-20T15:56:03","modified_gmt":"2026-04-20T13:56:03","slug":"tot-sobre-el-videoperitatge","status":"publish","type":"page","link":"https:\/\/www.peritcam.com\/ca\/tot-sobre-el-videoperitatge\/","title":{"rendered":"Tot sobre el videoperitatge"},"content":{"rendered":"<div class=\"et_pb_section_0 et_pb_section et_section_regular et_block_section section_has_divider et_pb_bottom_divider\"><div class=\"et_pb_row_0 et_pb_row et_block_row\"><div class=\"et_pb_column_0 et_pb_column et_pb_column_4_4 et-last-child et_block_column et_pb_css_mix_blend_mode_passthrough\"><div class=\"et_pb_text_0 et_pb_text et_pb_bg_layout_light et_animated et_pb_module et_block_module\"><div class=\"et_pb_text_inner\"><h1><span>Tot sobre videoperitatge<\/span><\/h1>\n<\/div><\/div><\/div><\/div><div class=\"et_pb_bottom_inside_divider et-no-transition\"><\/div><\/div><div class=\"et_pb_section_1 et_pb_section et_section_specialty et_pb_equal_columns et_pb_gutters1 et_block_section\"><div class=\"et_pb_row et_block_row\"><div class=\"et_pb_column_1 et_pb_column et_pb_column_single et_pb_column_1_2 et_block_column et_pb_css_mix_blend_mode_passthrough\"><div class=\"et_pb_text_1 et_pb_text et_pb_bg_layout_light et_animated et_pb_module et_block_module\"><div class=\"et_pb_text_inner\"><h2 class=\" translation-block\"><span>Introducci\u00f3 al videoperitatge:<br> Concepte i Rellev\u00e0ncia<\/span><\/h2>\n<p><span><\/span><\/p>\n<\/div><\/div><div class=\"et_pb_divider_0 et_pb_divider et_pb_space et_pb_divider_position_top et_animated et_pb_module\"><div class=\"et_pb_divider_internal\"><\/div><\/div><div class=\"et_pb_text_2 et_pb_text et_pb_bg_layout_light et_animated et_pb_module et_block_module\"><div class=\"et_pb_text_inner\"><p>El videoperitatge, tamb\u00e9 conegut com a videoperitaci\u00f3, emergeix com una disciplina crucial dins l&#039;\u00e0mbit del peritatge, emprant les \u00faltimes tecnologies audiovisuals i digitals per documentar, analitzar i presentar proves en una varietat de contextos, especialment als sectors legal i d&#039;assegurances.<\/p>\n<p>A trav\u00e9s de la captura de v\u00eddeos, els experts poden registrar i revisar minuciosament l&#039;evid\u00e8ncia, cosa que pot resultar determinant per validar reclamacions o descobrir detalls essencials en investigacions.<\/p>\n<p class=\" translation-block\"><strong>Precision i Detall:<\/strong> Els v\u00eddeos proporcionen un registre minuci\u00f3s i prec\u00eds, capturant detalls que podrien passar desapercebuts en una inspecci\u00f3 visual convencional, permetent revisions exhaustives en qualsevol moment.<\/p>\n<p><strong>Estalvi de Temps i Recursos:<\/strong> La capacitat de fer inspeccions i avaluacions a dist\u00e0ncia, sense requerir la pres\u00e8ncia f\u00edsica d&#039;un perit, representa un estalvi considerable de temps i recursos tant per a les empreses d&#039;assegurances com per als professionals perits.<\/p>\n<p class=\" translation-block\"><strong>Imparcialitat:<\/strong> Els v\u00eddeos ofereixen proves objectives en casos de disputes, en presentar fets sense biaixos ni interpretacions subjectives.<\/p>\n<p class=\" translation-block\"><strong>Acc\u00e9s a Tecnologia<\/strong> : Amb l&#039;adveniment de les tecnologies digitals i l&#039;\u00e0mplia disponibilitat de dispositius d&#039;enregistrament de v\u00eddeo, el videoperitatge s&#039;ha tornat m\u00e9s accessible i f\u00e0cil d&#039;implementar que mai.<\/p>\n<\/div><\/div><\/div><div class=\"et_pb_column_2 et_pb_column et_pb_specialty_column et_pb_column_1_2 et-last-child et_block_column et_pb_css_mix_blend_mode_passthrough\"><div class=\"et_pb_row_inner_0 et_pb_row_inner et_pb_equal_columns et_pb_gutters4 et_block_row\"><div class=\"et_pb_column_inner_0 et_pb_column_inner et_pb_column et_pb_column_4_4 et-last-child et_block_column et_pb_css_mix_blend_mode_passthrough\"><div class=\"et_pb_image_0 et_pb_image et_animated et_pb_module et_block_module\"><span class=\"et_pb_image_wrap\"><img loading=\"lazy\" decoding=\"async\" src=\"http:\/\/www.peritcam.com\/wp-content\/uploads\/2023\/12\/teleperitacion-150x150.png\" width=\"150\" height=\"150\" srcset=\"http:\/\/www.peritcam.com\/wp-content\/uploads\/2023\/12\/teleperitacion-150x150.png 150w\" class=\"wp-image-6680\" title=\"teleperitaci\u00f3\" \/><\/span><\/div><\/div><\/div><\/div><\/div><\/div><div class=\"et_pb_section_2 et_pb_section et_section_specialty et_pb_equal_columns et_pb_gutters1 et_block_section et_animated section_has_divider et_pb_top_divider et_pb_bottom_divider\"><div class=\"et_pb_top_inside_divider et-no-transition\"><\/div><div class=\"et_pb_row et_block_row\"><div class=\"et_pb_column_3 et_pb_column et_pb_column_single et_pb_column_1_2 et_block_column et_pb_css_mix_blend_mode_passthrough\"><div class=\"et_pb_text_3 et_pb_text et_pb_bg_layout_light et_animated et_pb_module et_block_module\"><div class=\"et_pb_text_inner\"><h2><span>Evoluci\u00f3 Hist\u00f2rica del Videoperitatge<\/span><\/h2>\n<p><span><\/span><\/p>\n<\/div><\/div><div class=\"et_pb_divider_1 et_pb_divider et_pb_space et_pb_divider_position_top et_animated et_pb_module\"><div class=\"et_pb_divider_internal\"><\/div><\/div><div class=\"et_pb_text_4 et_pb_text et_pb_bg_layout_light et_animated et_pb_module et_block_module\"><div class=\"et_pb_text_inner\"><p>Tot i que el videoperitatge t\u00e9 arrels antigues, la seva evoluci\u00f3 ha estat notable amb l&#039;auge de la tecnologia digital.<\/p>\n<p>En els seus primers temps, el videoperitatge es realitzava amb c\u00e0meres de v\u00eddeo convencionals, requerint la pres\u00e8ncia f\u00edsica dels p\u00e8rits al lloc. Tot i que \u00fatil, aquest proc\u00e9s era lent, cost\u00f3s i complicat de coordinar.<\/p>\n<p>L&#039;arribada de c\u00e0meres digitals i smartphones va transformar radicalment el panorama. Els p\u00e8rits ara podien capturar imatges d&#039;alta definici\u00f3 i compartir v\u00eddeos de manera r\u00e0pida i eficient. A m\u00e9s, la capacitat de realitzar enregistraments a dist\u00e0ncia va eliminar la necessitat de pres\u00e8ncia f\u00edsica, atorgant flexibilitat i estalviant recursos.<\/p>\n<p>A la darrera d\u00e8cada, el desenvolupament de la Intel\u00b7lig\u00e8ncia Artificial i l&#039;Aprenentatge Autom\u00e0tic ha obert noves possibilitats. Els algorismes d&#039;IA poden analitzar v\u00eddeos i detectar patrons i detalls que podrien passar desapercebuts per a l&#039;ull hum\u00e0.<\/p>\n<\/div><\/div><\/div><div class=\"et_pb_column_4 et_pb_column et_pb_specialty_column et_pb_column_1_2 et-last-child et_block_column et_pb_css_mix_blend_mode_passthrough\"><div class=\"et_pb_row_inner_1 et_pb_row_inner et_pb_equal_columns et_pb_gutters4 et_block_row\"><div class=\"et_pb_column_inner_1 et_pb_column_inner et_pb_column et_pb_column_4_4 et-last-child et_block_column et_pb_css_mix_blend_mode_passthrough\"><div class=\"et_pb_image_1 et_pb_image et_animated et_pb_module et_block_module\"><span class=\"et_pb_image_wrap\"><img loading=\"lazy\" decoding=\"async\" src=\"http:\/\/www.peritcam.com\/wp-content\/uploads\/2023\/12\/teleperitacion-150x150.png\" width=\"150\" height=\"150\" srcset=\"http:\/\/www.peritcam.com\/wp-content\/uploads\/2023\/12\/teleperitacion-150x150.png 150w\" class=\"wp-image-6680\" title=\"teleperitaci\u00f3\" \/><\/span><\/div><\/div><\/div><\/div><\/div><div class=\"et_pb_bottom_inside_divider et-no-transition\"><\/div><\/div><div class=\"et_pb_section_3 et_pb_section et_section_regular et_block_section\"><div class=\"et_pb_row_1 et_pb_row et_block_row\"><div class=\"et_pb_column_5 et_pb_column et_pb_column_3_5 et_block_column et_pb_css_mix_blend_mode_passthrough\"><div class=\"et_pb_text_5 et_pb_text et_pb_bg_layout_light et_animated et_pb_module et_block_module\"><div class=\"et_pb_text_inner\"><h2 style=\"text-align: left;\"><span>Funcionament del Videoperitatge<\/span><\/h2>\n<p>&nbsp;<\/p>\n<h3 style=\"text-align: left;\"><span>Proc\u00e9s en detall<br \/><\/span><\/h3>\n<p>El proc\u00e9s de videoperitat varia segons el cas, per\u00f2 generalment segueix aquests passos:<\/p>\n<p class=\" translation-block\"><strong>Planificaci\u00f3:<\/strong> Definir objectius, qu\u00e8 documentar i com dur a terme la gravaci\u00f3. Enregistrament: Capturar el v\u00eddeo, ja sigui d&#039;un lloc espec\u00edfic, proc\u00e9s o reconstrucci\u00f3 d&#039;esdeveniments.<\/p>\n<p class=\" translation-block\"><strong>Revisi\u00f3 i An\u00e0lisi:<\/strong> Els p\u00e8rits revisen i analitzen el v\u00eddeo, utilitzant programari especialitzat si cal.<\/p>\n<p class=\" translation-block\"><strong>Informe:<\/strong> Preparar un informe amb conclusions i evid\u00e8ncia recopilada.<\/p>\n<p class=\" translation-block\"><strong>Presentaci\u00f3 de Proves:<\/strong> Testificar en un judici si cal.<\/p>\n<p>&nbsp;<\/p>\n<h3 style=\"text-align: left;\">Avantatges Enfront de M\u00e8todes Tradicionals<\/h3>\n<p>&nbsp;<\/p>\n<p class=\" translation-block\"><strong>Claredat i Precisi\u00f3:<\/strong> Els v\u00eddeos ofereixen un registre visual clar i detallat.<\/p>\n<p class=\" translation-block\"><strong>Estalvi de Temps i Costos:<\/strong> La capacitat de gravar i revisar v\u00eddeos remotament redueix costos i temps associats.<\/p>\n<p class=\" translation-block\"><strong>Major Efici\u00e8ncia:<\/strong> Facilita la recopilaci\u00f3 i an\u00e0lisi de proves en diverses situacions.<\/p>\n<p class=\" translation-block\"><strong>Objectivitat:<\/strong> Elimina possibles biaixos i malentesos.<\/p>\n<p class=\" translation-block\"><strong>Flexibilitat:<\/strong> Aplicable en una varietat de casos i situacions.<\/p>\n<p>&nbsp;<\/p>\n<p><span style=\"font-family: Cairo, Helvetica, Arial, Lucida, sans-serif; font-size: 32px;\">Videoperitatge i consideracions legals<\/span><span style=\"font-family: Cairo, Helvetica, Arial, Lucida, sans-serif; font-size: 32px;\"><\/span><\/p>\n<p><span style=\"font-family: Cairo, Helvetica, Arial, Lucida, sans-serif; font-size: 32px;\"><\/span><\/p>\n<p class=\" translation-block\"><strong>Consentiment:<\/strong> Sovint cal obtenir el consentiment de les persones gravades.<\/p>\n<p class=\" translation-block\"><strong>\u00das i Emmagatzematge:<\/strong> S&#039;han de complir les regulacions de protecci\u00f3 de dades.<\/p>\n<p class=\" translation-block\"><strong>Admissibilitat a Tribunals:<\/strong> Les fotos i els v\u00eddeos han de ser rellevants, aut\u00e8ntics i no manipulats.<\/p>\n<p class=\" translation-block\"><strong>Qualitat:<\/strong> Les fotos i els v\u00eddeos han de ser de qualitat suficient per mostrar clarament els detalls rellevants.<\/p>\n<\/div><\/div><\/div><div class=\"et_pb_column_6 et_pb_column et_pb_column_2_5 et-last-child et_block_column et_pb_css_mix_blend_mode_passthrough\"><div class=\"et_pb_blurb_0 et_pb_blurb et_pb_bg_layout_light et_pb_blurb_position_top et_animated et_pb_module et_block_module\"><div class=\"et_pb_blurb_content\"><div class=\"et_pb_main_blurb_image\"><span class=\"et_pb_image_wrap\"><span class=\"et-pb-icon et_animated et_animated\">R<\/span><\/span><\/div><div class=\"et_pb_blurb_container\"><h4 class=\"et_pb_module_header\">Pel teu compte<\/h4><div class=\"et_pb_blurb_description\"><p>Fes videoperitacions de forma independent<\/p>\n<\/div><\/div><\/div><\/div><div class=\"et_pb_blurb_1 et_pb_blurb et_pb_bg_layout_light et_pb_blurb_position_top et_animated et_pb_module et_block_module\"><div class=\"et_pb_blurb_content\"><div class=\"et_pb_main_blurb_image\"><span class=\"et_pb_image_wrap\"><span class=\"et-pb-icon et_animated et_animated\">\ue0ed<\/span><\/span><\/div><div class=\"et_pb_blurb_container\"><h4 class=\"et_pb_module_header\">Redueix despeses<\/h4><div class=\"et_pb_blurb_description\"><p>En combustible, p\u00e0rquing, autopistes, sancions<\/p>\n<\/div><\/div><\/div><\/div><div class=\"et_pb_blurb_2 et_pb_blurb et_pb_bg_layout_light et_pb_blurb_position_top et_animated et_pb_module et_block_module\"><div class=\"et_pb_blurb_content\"><div class=\"et_pb_main_blurb_image\"><span class=\"et_pb_image_wrap\"><span class=\"et-pb-icon et_animated et_animated\">\ue60d<\/span><\/span><\/div><div class=\"et_pb_blurb_container\"><h4 class=\"et_pb_module_header\">Guanya temps<\/h4><div class=\"et_pb_blurb_description\"><p>Estalvia temps gestionant enc\u00e0rrecs habituals<\/p>\n<\/div><\/div><\/div><\/div><\/div><\/div><\/div><div class=\"et_pb_section_4 et_pb_section et_section_regular et_block_section section_has_divider et_pb_top_divider et_pb_bottom_divider\" id=\"servicios_periciales\"><div class=\"et_pb_top_inside_divider et-no-transition\"><\/div><div class=\"et_pb_row_2 et_pb_row et_block_row\"><div class=\"et_pb_column_7 et_pb_column et_pb_column_2_5 et_block_column et_pb_css_mix_blend_mode_passthrough\"><div class=\"et_pb_text_6 et_pb_text et_pb_bg_layout_light et_animated et_pb_module et_block_module\"><div class=\"et_pb_text_inner\"><h2>Impacte i Potencial del Videoperitatge<\/h2>\n<p><span><\/span><\/p>\n<\/div><\/div><div class=\"et_pb_divider_2 et_pb_divider et_pb_space et_pb_divider_position_top et_animated et_pb_module\"><div class=\"et_pb_divider_internal\"><\/div><\/div><div class=\"et_pb_image_2 et_pb_image et_animated et_pb_module et_block_module\"><span class=\"et_pb_image_wrap\"><img loading=\"lazy\" decoding=\"async\" src=\"http:\/\/www.peritcam.com\/wp-content\/uploads\/2024\/03\/Logo-videoperitacion-sm.png\" width=\"356\" height=\"86\" srcset=\"https:\/\/www.peritcam.com\/wp-content\/uploads\/2024\/03\/Logo-videoperitacion-sm.png 356w, https:\/\/www.peritcam.com\/wp-content\/uploads\/2024\/03\/Logo-videoperitacion-sm-300x72.png 300w\" sizes=\"(max-width: 356px) 100vw, 356px\" class=\"wp-image-7684\" title=\"Logo-videoperitacion-sm\" \/><\/span><\/div><div class=\"et_pb_module et_pb_button_module_wrapper et_pb_button_0_wrapper\"><a class=\"et_pb_button_0 et_pb_button et_pb_bg_layout_light et_animated et_pb_module et_block_module\" href=\"https:\/\/www.peritcam.com\/ca\/preus-peritacion-online\/\">Veure plans i preus<\/a><\/div><\/div><div class=\"et_pb_column_8 et_pb_column et_pb_column_3_5 et-last-child et_block_column et_pb_css_mix_blend_mode_passthrough\"><div class=\"et_pb_text_7 et_pb_text et_pb_bg_layout_light et_animated et_pb_module et_block_module\"><div class=\"et_pb_text_inner\"><p style=\"text-align: left;\">El videoperitatge \u00e9s una revoluci\u00f3 en la recopilaci\u00f3 i presentaci\u00f3 de proves, permetent una millor comprensi\u00f3 i resoluci\u00f3 de casos.<\/p>\n<p style=\"text-align: left;\">Amb l&#039;aven\u00e7 tecnol\u00f2gic, el potencial del videoperitatge \u00e9s enorme, amb la possibilitat d&#039;utilitzar intel\u00b7lig\u00e8ncia artificial i realitat virtual per expandir-ne els l\u00edmits.<\/p>\n<p style=\"text-align: left;\">Empreses com PeritCam estan liderant el cam\u00ed en aquest camp, promovent una combinaci\u00f3 de per\u00edcia humana i innovaci\u00f3 tecnol\u00f2gica per a un futur prometedor.<\/p>\n<p style=\"text-align: left;\">\u00c9s un viatge emocionant, i el potencial del videoperitatge a la societat moderna est\u00e0 nom\u00e9s comen\u00e7ant a ser explorat.<\/p>\n<\/div><\/div><div class=\"et_pb_image_3 et_pb_image et_pb_module et_block_module\"><span class=\"et_pb_image_wrap\"><img loading=\"lazy\" decoding=\"async\" src=\"http:\/\/www.peritcam.com\/wp-content\/uploads\/2024\/03\/Logo-videoperitacion-sm.png\" width=\"356\" height=\"86\" srcset=\"https:\/\/www.peritcam.com\/wp-content\/uploads\/2024\/03\/Logo-videoperitacion-sm.png 356w, https:\/\/www.peritcam.com\/wp-content\/uploads\/2024\/03\/Logo-videoperitacion-sm-300x72.png 300w\" sizes=\"(max-width: 356px) 100vw, 356px\" class=\"wp-image-7684\" title=\"Logo-videoperitacion-sm\" \/><\/span><\/div><\/div><\/div><div class=\"et_pb_bottom_inside_divider et-no-transition\"><\/div><\/div><div class=\"et_pb_section_5 et_pb_section et_section_regular et_block_section\" id=\"contacto\"><div class=\"et_pb_row_3 et_pb_row et_block_row\"><div class=\"et_pb_column_9 et_pb_column et_pb_column_4_4 et-last-child et_block_column et_pb_css_mix_blend_mode_passthrough\"><div class=\"et_pb_text_8 et_pb_text et_pb_bg_layout_light et_animated et_pb_module et_block_module\"><div class=\"et_pb_text_inner\"><h2><span>Contactar\u00a0<\/span><\/h2>\n<p><span><\/span><\/p>\n<\/div><\/div><div class=\"et_pb_text_9 et_pb_text et_pb_bg_layout_light et_animated et_pb_module et_block_module et_pb_text_align_center\"><div class=\"et_pb_text_inner\"><p class=\" translation-block\">Si necessites m\u00e9s informaci\u00f3 <b>no dubtis en contactar<\/b><\/p>\n<\/div><\/div><div class=\"et_pb_divider_3 et_pb_divider et_pb_space et_pb_divider_position_top et_animated et_pb_module\"><div class=\"et_pb_divider_internal\"><\/div><\/div><\/div><\/div><div class=\"et_pb_row_4 et_pb_row et_pb_equal_columns et_pb_gutters1 et_block_row\"><div class=\"et_pb_column_10 et_pb_column et_pb_column_1_2 et_block_column et_pb_css_mix_blend_mode_passthrough et_animated et_clickable\"><div class=\"et_pb_blurb_3 et_pb_blurb et_pb_bg_layout_light et_pb_blurb_position_top et_animated et_pb_module et_block_module\"><div class=\"et_pb_blurb_content\"><div class=\"et_pb_main_blurb_image\"><a href=\"tel:964780410\"><span class=\"et_pb_image_wrap\"><span class=\"et-pb-icon et_animated et_animated\">\ue090<\/span><\/span><\/a><\/div><div class=\"et_pb_blurb_container\"><h4 class=\"et_pb_module_header\"><a href=\"tel:964780410\"> 964 780 410<\/a><\/h4><div class=\"et_pb_blurb_description\"><p>Dilluns: 9:00-18:00 Divendres: 9:00-15:00<\/p>\n<\/div><\/div><\/div><\/div><\/div><div class=\"et_pb_column_11 et_pb_column et_pb_column_1_2 et-last-child et_block_column et_pb_css_mix_blend_mode_passthrough\"><div class=\"et_pb_blurb_4 et_pb_blurb et_pb_bg_layout_light et_pb_blurb_position_top et_animated et_pb_module et_block_module\"><div class=\"et_pb_blurb_content\"><div class=\"et_pb_main_blurb_image\"><a href=\"mailto:info@peritcam.com\"><span class=\"et_pb_image_wrap\"><span class=\"et-pb-icon et_animated et_animated\">\uf1fa<\/span><\/span><\/a><\/div><div class=\"et_pb_blurb_container\"><h4 class=\"et_pb_module_header\"><a href=\"mailto:info@peritcam.com\">info@peritcam.com<\/a><\/h4><div class=\"et_pb_blurb_description\"><p>Escriu-nos, et respondrem ben aviat.<\/p>\n<\/div><\/div><\/div><\/div><\/div><\/div><\/div>","protected":false},"excerpt":{"rendered":"","protected":false},"author":1,"featured_media":0,"parent":0,"menu_order":0,"comment_status":"closed","ping_status":"closed","template":"","meta":{"footnotes":""},"class_list":["post-7855","page","type-page","status-publish","hentry"],"_links":{"self":[{"href":"https:\/\/www.peritcam.com\/ca\/wp-json\/wp\/v2\/pages\/7855","targetHints":{"allow":["GET"]}}],"collection":[{"href":"https:\/\/www.peritcam.com\/ca\/wp-json\/wp\/v2\/pages"}],"about":[{"href":"https:\/\/www.peritcam.com\/ca\/wp-json\/wp\/v2\/types\/page"}],"author":[{"embeddable":true,"href":"https:\/\/www.peritcam.com\/ca\/wp-json\/wp\/v2\/users\/1"}],"replies":[{"embeddable":true,"href":"https:\/\/www.peritcam.com\/ca\/wp-json\/wp\/v2\/comments?post=7855"}],"version-history":[{"count":10,"href":"https:\/\/www.peritcam.com\/ca\/wp-json\/wp\/v2\/pages\/7855\/revisions"}],"predecessor-version":[{"id":9318,"href":"https:\/\/www.peritcam.com\/ca\/wp-json\/wp\/v2\/pages\/7855\/revisions\/9318"}],"wp:attachment":[{"href":"https:\/\/www.peritcam.com\/ca\/wp-json\/wp\/v2\/media?parent=7855"}],"curies":[{"name":"wp","href":"https:\/\/api.w.org\/{rel}","templated":true}]}}