{"id":7330,"date":"2023-12-17T19:56:06","date_gmt":"2023-12-17T18:56:06","guid":{"rendered":"https:\/\/www.peritcam.com\/?page_id=7330"},"modified":"2026-04-20T15:55:55","modified_gmt":"2026-04-20T13:55:55","slug":"preus-peritacion-online","status":"publish","type":"page","link":"https:\/\/www.peritcam.com\/ca\/preus-peritacion-online\/","title":{"rendered":"Precios de peritaciones en l\u00ednea"},"content":{"rendered":"<div class=\"et_pb_section_0 et_pb_section et_section_regular et_block_section section_has_divider et_pb_bottom_divider\"><div class=\"et_pb_row_0 et_pb_row et_block_row et_animated\"><div class=\"et_pb_column_0 et_pb_column et_pb_column_4_4 et-last-child et_block_column et_pb_css_mix_blend_mode_passthrough\"><div class=\"et_pb_text_0 et_pb_text et_pb_bg_layout_light et_pb_module et_block_module\"><div class=\"et_pb_text_inner\" data-et-mv-hidden-phone=\"true\"><h1 class=\" translation-block\">Preus videoperitaci\u00f3 <span style=\"font-size: x-large\">Programari de peritatges en l\u00ednia per a p\u00e8rits<\/span><\/h1>\n<\/div><\/div><\/div><\/div><div class=\"et_pb_bottom_inside_divider et-no-transition\"><\/div><\/div><div class=\"et_pb_section_1 et_pb_section et_section_regular et_block_section section_has_divider et_pb_bottom_divider\"><div class=\"et_pb_row_1 et_pb_row et_block_row\" id=\"precios\"><div class=\"et_pb_column_1 et_pb_column et_pb_column_4_4 et-last-child et_block_column et_pb_css_mix_blend_mode_passthrough\"><div class=\"et_pb_text_1 et_pb_text et_pb_bg_layout_light et_animated et_pb_module et_block_module\"><div class=\"et_pb_text_inner\"><h2>Ofertes de llan\u00e7ament<\/h2>\n<p><span><\/span><\/p>\n<\/div><\/div><div class=\"et_pb_text_2 et_pb_text et_pb_bg_layout_light et_animated et_pb_module et_block_module et_pb_text_align_center\"><div class=\"et_pb_text_inner\"><p class=\" translation-block\">Condicions i preus promocionals. Fes servir el <span style=\"text-decoration: underline\">Pack Micro<\/span> completament gratu\u00eft escrivint <strong>Gratis<\/strong> a la zona de cupons de la pantalla de compra.<\/p>\n<\/div><\/div><div class=\"et_pb_divider_0 et_pb_divider et_pb_space et_pb_divider_position_top et_animated et_pb_module\"><div class=\"et_pb_divider_internal\"><\/div><\/div><\/div><\/div><div class=\"et_pb_row_2 et_pb_row et_pb_row_4col et_pb_equal_columns et_pb_gutters2 et_block_row et_block_row_4col et_animated\"><div class=\"et_pb_column_2 et_pb_column et_pb_column_1_4 et_block_column et_pb_css_mix_blend_mode_passthrough\"><div class=\"et_pb_pricing_tables_0 et_pb_pricing_tables et_pb_pricing clearfix et_pb_pricing_1 et_animated et_pb_no_featured_in_first_row et_pb_module et_flex_module ribbon\"><div class=\"et_pb_pricing_table_0 et_pb_pricing_table et_pb_module et_block_module et_flex_column_24_24 et_flex_column_24_24_tablet et_flex_column_24_24_phone\"><div class=\"et_pb_pricing_heading\"><h2 class=\"et_pb_pricing_title\">Pack Micro<\/h2><span class=\"et_pb_best_value\">5 Sessions<\/span><\/div><div class=\"et_pb_pricing_content_top\"><div class=\"et_pb_et_price\"><span class=\"et_pb_dollar_sign\">10<\/span><span class=\"et_pb_sum\">\u20ac<\/span><\/div><\/div><div class=\"et_pb_pricing_content\"><ul class=\"et_pb_pricing\"><li><span> 2,00 \u20ac la sessi\u00f3<\/span><\/li><li><span>Caduca: 4 mesos<\/span><\/li><li><span>Impostos no inclosos<\/span><\/li><\/ul><\/div><\/div><\/div><div class=\"et_pb_wc_add_to_cart_0 et_pb_wc_add_to_cart et_pb_text_align_center et_pb_hide_input_quantity et_pb_hide_stock et_pb_fields_label_position_inline et_animated et_pb_module\"><div class=\"et_pb_module_inner\">\n\t\n\t<form class=\"cart\" action=\"https:\/\/www.peritcam.com\/ca\/product-2\/videoperitacio-gratis\/\" method=\"post\" enctype='multipart\/form-data' data-trp-original-action=\"https:\/\/www.peritcam.com\/ca\/product-2\/videoperitacio-gratis\/\">\n\t\t\n\t\t<div class=\"quantity\">\n\t\t<label class=\"screen-reader-text\" for=\"quantity_69fc8b61f3041\" data-no-translation=\"\" data-trp-gettext=\"\">quantitat de Pack Micro 5<\/label>\n\t<input\n\t\ttype=\"hidden\"\n\t\t\t\tid=\"quantity_69fc8b61f3041\"\n\t\tclass=\"input-text qty text\"\n\t\tname=\"quantity\"\n\t\tvalue=\"1\"\n\t\taria-label=\"Quantitat de producte\"\n\t\t\t\tmin=\"1\"\n\t\t\t\t\tmax=\"1\"\n\t\t\t\t\t\t\tstep=\"1\"\n\t\t\tplaceholder=\"\"\n\t\t\tinputmode=\"numeric\"\n\t\t\tautocomplete=\"off\" data-no-translation-aria-label=\"\"\n\t\t\t\/>\n\t<\/div>\n\n\t\t<button type=\"submit\" name=\"add-to-cart\" value=\"7821\" class=\"single_add_to_cart_button button alt\">Buy now<\/button>\n\n\t\t\t<input type=\"hidden\" name=\"trp-form-language\" value=\"ca\"\/><\/form>\n\n\t\n<\/div><\/div><\/div><div class=\"et_pb_column_3 et_pb_column et_pb_column_1_4 et_block_column et_pb_css_mix_blend_mode_passthrough\"><div class=\"et_pb_pricing_tables_1 et_pb_pricing_tables et_pb_pricing clearfix et_pb_pricing_1 et_animated et_pb_no_featured_in_first_row et_pb_module et_flex_module\"><div class=\"et_pb_pricing_table_1 et_pb_pricing_table et_pb_module et_block_module et_flex_column_24_24 et_flex_column_24_24_tablet et_flex_column_24_24_phone\"><div class=\"et_pb_pricing_heading\"><h2 class=\"et_pb_pricing_title\">Pack Mini<\/h2><span class=\"et_pb_best_value\">20 Sessions<\/span><\/div><div class=\"et_pb_pricing_content_top\"><div class=\"et_pb_et_price\"><span class=\"et_pb_dollar_sign\">26<\/span><span class=\"et_pb_sum\">\u20ac<\/span><\/div><\/div><div class=\"et_pb_pricing_content\"><ul class=\"et_pb_pricing\"><li><span> 1,30 \u20ac la sessi\u00f3<\/span><\/li><li><span>Caduca: 1 any<\/span><\/li><li><span>Impostos no inclosos<\/span><\/li><\/ul><\/div><\/div><\/div><div class=\"et_pb_wc_add_to_cart_1 et_pb_wc_add_to_cart et_pb_text_align_center et_pb_hide_input_quantity et_pb_hide_stock et_pb_fields_label_position_inline et_animated et_pb_module\"><div class=\"et_pb_module_inner\">\n\t\n\t<form class=\"cart\" action=\"https:\/\/www.peritcam.com\/ca\/product-2\/pack-mini\/\" method=\"post\" enctype='multipart\/form-data' data-trp-original-action=\"https:\/\/www.peritcam.com\/ca\/product-2\/pack-mini\/\">\n\t\t\n\t\t<div class=\"quantity\">\n\t\t<label class=\"screen-reader-text\" for=\"quantity_69fc8b62049f6\" data-no-translation=\"\" data-trp-gettext=\"\">quantitat de Pack Mini 20<\/label>\n\t<input\n\t\ttype=\"hidden\"\n\t\t\t\tid=\"quantity_69fc8b62049f6\"\n\t\tclass=\"input-text qty text\"\n\t\tname=\"quantity\"\n\t\tvalue=\"1\"\n\t\taria-label=\"Quantitat de producte\"\n\t\t\t\tmin=\"1\"\n\t\t\t\t\tmax=\"1\"\n\t\t\t\t\t\t\tstep=\"1\"\n\t\t\tplaceholder=\"\"\n\t\t\tinputmode=\"numeric\"\n\t\t\tautocomplete=\"off\" data-no-translation-aria-label=\"\"\n\t\t\t\/>\n\t<\/div>\n\n\t\t<button type=\"submit\" name=\"add-to-cart\" value=\"7403\" class=\"single_add_to_cart_button button alt\">Buy now<\/button>\n\n\t\t\t<input type=\"hidden\" name=\"trp-form-language\" value=\"ca\"\/><\/form>\n\n\t\n<\/div><\/div><\/div><div class=\"et_pb_column_4 et_pb_column et_pb_column_1_4 et_block_column et_pb_css_mix_blend_mode_passthrough\"><div class=\"et_pb_pricing_tables_2 et_pb_pricing_tables et_pb_pricing clearfix et_pb_pricing_1 et_animated et_pb_no_featured_in_first_row et_pb_module et_flex_module\"><div class=\"et_pb_pricing_table_2 et_pb_pricing_table et_pb_module et_block_module et_flex_column_24_24 et_flex_column_24_24_tablet et_flex_column_24_24_phone\"><div class=\"et_pb_pricing_heading\"><h2 class=\"et_pb_pricing_title\">Pack Base<\/h2><span class=\"et_pb_best_value\">40 Sessions<\/span><\/div><div class=\"et_pb_pricing_content_top\"><div class=\"et_pb_et_price\"><span class=\"et_pb_dollar_sign\">44<\/span><span class=\"et_pb_sum\">\u20ac<\/span><\/div><\/div><div class=\"et_pb_pricing_content\"><ul class=\"et_pb_pricing\"><li><span>1,10 \u20ac la sessi\u00f3<\/span><\/li><li><span>Caduca: 18 mesos<\/span><\/li><li><span>Impostos no inclosos<\/span><\/li><\/ul><\/div><\/div><\/div><div class=\"et_pb_wc_add_to_cart_2 et_pb_wc_add_to_cart et_pb_text_align_center et_pb_hide_input_quantity et_pb_hide_stock et_pb_fields_label_position_inline et_animated et_pb_module\"><div class=\"et_pb_module_inner\">\n\t\n\t<form class=\"cart\" action=\"https:\/\/www.peritcam.com\/ca\/product-2\/pack-base\/\" method=\"post\" enctype='multipart\/form-data' data-trp-original-action=\"https:\/\/www.peritcam.com\/ca\/product-2\/pack-base\/\">\n\t\t\n\t\t<div class=\"quantity\">\n\t\t<label class=\"screen-reader-text\" for=\"quantity_69fc8b620a173\" data-no-translation=\"\" data-trp-gettext=\"\">quantitat de Pack Base 40<\/label>\n\t<input\n\t\ttype=\"hidden\"\n\t\t\t\tid=\"quantity_69fc8b620a173\"\n\t\tclass=\"input-text qty text\"\n\t\tname=\"quantity\"\n\t\tvalue=\"1\"\n\t\taria-label=\"Quantitat de producte\"\n\t\t\t\tmin=\"1\"\n\t\t\t\t\tmax=\"1\"\n\t\t\t\t\t\t\tstep=\"1\"\n\t\t\tplaceholder=\"\"\n\t\t\tinputmode=\"numeric\"\n\t\t\tautocomplete=\"off\" data-no-translation-aria-label=\"\"\n\t\t\t\/>\n\t<\/div>\n\n\t\t<button type=\"submit\" name=\"add-to-cart\" value=\"7404\" class=\"single_add_to_cart_button button alt\">Buy now<\/button>\n\n\t\t\t<input type=\"hidden\" name=\"trp-form-language\" value=\"ca\"\/><\/form>\n\n\t\n<\/div><\/div><\/div><div class=\"et_pb_column_5 et_pb_column et_pb_column_1_4 et-last-child et_block_column et_pb_css_mix_blend_mode_passthrough\"><div class=\"et_pb_pricing_tables_3 et_pb_pricing_tables et_pb_pricing clearfix et_pb_pricing_1 et_animated et_pb_no_featured_in_first_row et_pb_module et_flex_module\"><div class=\"et_pb_pricing_table_3 et_pb_pricing_table et_pb_module et_block_module et_flex_column_24_24 et_flex_column_24_24_tablet et_flex_column_24_24_phone\"><div class=\"et_pb_pricing_heading\"><h2 class=\"et_pb_pricing_title\">Pack Max<\/h2><span class=\"et_pb_best_value\">80 Sessions<\/span><\/div><div class=\"et_pb_pricing_content_top\"><div class=\"et_pb_et_price\"><span class=\"et_pb_dollar_sign\">64<\/span><span class=\"et_pb_sum\">\u20ac<\/span><\/div><\/div><div class=\"et_pb_pricing_content\"><ul class=\"et_pb_pricing\"><li><span> <span style=\"color: #1eb523;\"> <strong>0,80 \u20ac la sessi\u00f3<\/strong><\/span><\/span><\/li><li class=\" translation-block\"><span>Caduca: <strong style=\"color: #1eb523\">2 anys<\/strong><\/span><\/li><li><span>Impostos no inclosos<\/span><\/li><\/ul><\/div><\/div><\/div><div class=\"et_pb_wc_add_to_cart_3 et_pb_wc_add_to_cart et_pb_text_align_center et_pb_hide_input_quantity et_pb_hide_stock et_pb_fields_label_position_inline et_animated et_pb_module\"><div class=\"et_pb_module_inner\">\n\t\n\t<form class=\"cart\" action=\"https:\/\/www.peritcam.com\/ca\/product-2\/pack-max\/\" method=\"post\" enctype='multipart\/form-data' data-trp-original-action=\"https:\/\/www.peritcam.com\/ca\/product-2\/pack-max\/\">\n\t\t\n\t\t<div class=\"quantity\">\n\t\t<label class=\"screen-reader-text\" for=\"quantity_69fc8b620f8d7\" data-no-translation=\"\" data-trp-gettext=\"\">quantitat de Pack Max 80<\/label>\n\t<input\n\t\ttype=\"hidden\"\n\t\t\t\tid=\"quantity_69fc8b620f8d7\"\n\t\tclass=\"input-text qty text\"\n\t\tname=\"quantity\"\n\t\tvalue=\"1\"\n\t\taria-label=\"Quantitat de producte\"\n\t\t\t\tmin=\"1\"\n\t\t\t\t\tmax=\"1\"\n\t\t\t\t\t\t\tstep=\"1\"\n\t\t\tplaceholder=\"\"\n\t\t\tinputmode=\"numeric\"\n\t\t\tautocomplete=\"off\" data-no-translation-aria-label=\"\"\n\t\t\t\/>\n\t<\/div>\n\n\t\t<button type=\"submit\" name=\"add-to-cart\" value=\"7405\" class=\"single_add_to_cart_button button alt\">Buy now<\/button>\n\n\t\t\t<input type=\"hidden\" name=\"trp-form-language\" value=\"ca\"\/><\/form>\n\n\t\n<\/div><\/div><\/div><\/div><div class=\"et_pb_row_3 et_pb_row et_pb_row_4col et_pb_equal_columns et_pb_gutters2 et_block_row et_block_row_4col et_animated\"><div class=\"et_pb_column_6 et_pb_column et_pb_column_1_4 et_block_column et_pb_column_empty et_pb_css_mix_blend_mode_passthrough\"><\/div><div class=\"et_pb_column_7 et_pb_column et_pb_column_1_4 et_block_column et_pb_css_mix_blend_mode_passthrough\"><div class=\"et_pb_pricing_tables_4 et_pb_pricing_tables et_pb_pricing clearfix et_pb_pricing_1 et_animated et_pb_no_featured_in_first_row et_pb_module et_flex_module\"><div class=\"et_pb_pricing_table_4 et_pb_pricing_table et_pb_module et_block_module et_flex_column_24_24 et_flex_column_24_24_tablet et_flex_column_24_24_phone\"><div class=\"et_pb_pricing_heading\"><h2 class=\"et_pb_pricing_title\">Pack Team 200 <\/h2><span class=\"et_pb_best_value\">200 Sessions<\/span><\/div><div class=\"et_pb_pricing_content_top\"><div class=\"et_pb_et_price\"><span class=\"et_pb_dollar_sign\">150<\/span><span class=\"et_pb_sum\">\u20ac<\/span><\/div><\/div><div class=\"et_pb_pricing_content\"><ul class=\"et_pb_pricing\"><li><span>0,75 \u20ac la sessi\u00f3<\/span><\/li><li><span>Caduca: 4 mesos<\/span><\/li><li><span>Impostos no inclosos<\/span><\/li><\/ul><\/div><\/div><\/div><div class=\"et_pb_wc_add_to_cart_4 et_pb_wc_add_to_cart et_pb_text_align_center et_pb_hide_input_quantity et_pb_hide_stock et_pb_fields_label_position_inline et_animated et_pb_module\"><div class=\"et_pb_module_inner\">\n\t\n\t<form class=\"cart\" action=\"https:\/\/www.peritcam.com\/ca\/product-2\/pack-200\/\" method=\"post\" enctype='multipart\/form-data' data-trp-original-action=\"https:\/\/www.peritcam.com\/ca\/product-2\/pack-200\/\">\n\t\t\n\t\t<div class=\"quantity\">\n\t\t<label class=\"screen-reader-text\" for=\"quantity_69fc8b6215e2b\" data-no-translation=\"\" data-trp-gettext=\"\">quantitat de Pack Team 200<\/label>\n\t<input\n\t\ttype=\"hidden\"\n\t\t\t\tid=\"quantity_69fc8b6215e2b\"\n\t\tclass=\"input-text qty text\"\n\t\tname=\"quantity\"\n\t\tvalue=\"1\"\n\t\taria-label=\"Quantitat de producte\"\n\t\t\t\tmin=\"1\"\n\t\t\t\t\tmax=\"1\"\n\t\t\t\t\t\t\tstep=\"1\"\n\t\t\tplaceholder=\"\"\n\t\t\tinputmode=\"numeric\"\n\t\t\tautocomplete=\"off\" data-no-translation-aria-label=\"\"\n\t\t\t\/>\n\t<\/div>\n\n\t\t<button type=\"submit\" name=\"add-to-cart\" value=\"8893\" class=\"single_add_to_cart_button button alt\">Buy now<\/button>\n\n\t\t\t<input type=\"hidden\" name=\"trp-form-language\" value=\"ca\"\/><\/form>\n\n\t\n<\/div><\/div><\/div><div class=\"et_pb_column_8 et_pb_column et_pb_column_1_4 et_block_column et_pb_css_mix_blend_mode_passthrough\"><div class=\"et_pb_pricing_tables_5 et_pb_pricing_tables et_pb_pricing clearfix et_pb_pricing_1 et_animated et_pb_no_featured_in_first_row et_pb_module et_flex_module\"><div class=\"et_pb_pricing_table_5 et_pb_pricing_table et_pb_module et_block_module et_flex_column_24_24 et_flex_column_24_24_tablet et_flex_column_24_24_phone\"><div class=\"et_pb_pricing_heading\"><h2 class=\"et_pb_pricing_title\">Pack Team 400 <\/h2><span class=\"et_pb_best_value\">400 Sessions<\/span><\/div><div class=\"et_pb_pricing_content_top\"><div class=\"et_pb_et_price\"><span class=\"et_pb_dollar_sign\">280<\/span><span class=\"et_pb_sum\">\u20ac<\/span><\/div><\/div><div class=\"et_pb_pricing_content\"><ul class=\"et_pb_pricing\"><li><span> <span style=\"color: #1eb523;\"> <strong>0,70 \u20ac la sessi\u00f3<\/strong><\/span><\/span><\/li><li><span> Caduca: <strong style=\"color: #1eb523;\">2 mesos<\/strong><\/span><\/li><li><span>Impostos no inclosos<\/span><\/li><\/ul><\/div><\/div><\/div><div class=\"et_pb_wc_add_to_cart_5 et_pb_wc_add_to_cart et_pb_text_align_center et_pb_hide_input_quantity et_pb_hide_stock et_pb_fields_label_position_inline et_animated et_pb_module\"><div class=\"et_pb_module_inner\">\n\t\n\t<form class=\"cart\" action=\"https:\/\/www.peritcam.com\/ca\/product-2\/pack-400\/\" method=\"post\" enctype='multipart\/form-data' data-trp-original-action=\"https:\/\/www.peritcam.com\/ca\/product-2\/pack-400\/\">\n\t\t\n\t\t<div class=\"quantity\">\n\t\t<label class=\"screen-reader-text\" for=\"quantity_69fc8b621b0b0\" data-no-translation=\"\" data-trp-gettext=\"\">quantitat de Pack  Team 400<\/label>\n\t<input\n\t\ttype=\"hidden\"\n\t\t\t\tid=\"quantity_69fc8b621b0b0\"\n\t\tclass=\"input-text qty text\"\n\t\tname=\"quantity\"\n\t\tvalue=\"1\"\n\t\taria-label=\"Quantitat de producte\"\n\t\t\t\tmin=\"1\"\n\t\t\t\t\tmax=\"1\"\n\t\t\t\t\t\t\tstep=\"1\"\n\t\t\tplaceholder=\"\"\n\t\t\tinputmode=\"numeric\"\n\t\t\tautocomplete=\"off\" data-no-translation-aria-label=\"\"\n\t\t\t\/>\n\t<\/div>\n\n\t\t<button type=\"submit\" name=\"add-to-cart\" value=\"9026\" class=\"single_add_to_cart_button button alt\">Buy now<\/button>\n\n\t\t\t<input type=\"hidden\" name=\"trp-form-language\" value=\"ca\"\/><\/form>\n\n\t\n<\/div><\/div><\/div><div class=\"et_pb_column_9 et_pb_column et_pb_column_1_4 et-last-child et_block_column et_pb_column_empty et_pb_css_mix_blend_mode_passthrough\"><\/div><\/div><div class=\"et_pb_row_4 et_pb_row et_block_row\"><div class=\"et_pb_column_10 et_pb_column et_pb_column_4_4 et-last-child et_block_column et_pb_css_mix_blend_mode_passthrough\"><div class=\"et_pb_blurb_0 et_pb_blurb et_pb_bg_layout_light et_pb_blurb_position_left et_animated et_pb_module et_block_module\"><div class=\"et_pb_blurb_content\"><div class=\"et_pb_main_blurb_image\"><span class=\"et_pb_image_wrap\"><span class=\"et-pb-icon et_animated et_animated\">\uf00c<\/span><\/span><\/div><div class=\"et_pb_blurb_container\"><h4 class=\"et_pb_module_header\">Sessions de fins a 1 hora<\/h4><div class=\"et_pb_blurb_description\"><p>Amb el cup\u00f3 \"gratis\" 15 minuts.<\/p>\n<\/div><\/div><\/div><\/div><div class=\"et_pb_blurb_1 et_pb_blurb et_pb_bg_layout_light et_pb_blurb_position_left et_animated et_pb_module et_block_module\"><div class=\"et_pb_blurb_content\"><div class=\"et_pb_main_blurb_image\"><span class=\"et_pb_image_wrap\"><span class=\"et-pb-icon et_animated et_animated\">\uf00c<\/span><\/span><\/div><div class=\"et_pb_blurb_container\"><h4 class=\"et_pb_module_header\">Impostos no inclosos.<\/h4><\/div><\/div><\/div><\/div><\/div><div class=\"et_pb_bottom_inside_divider et-no-transition\"><\/div><\/div><div class=\"et_pb_section_2 et_pb_section et_section_regular et_block_section\"><div class=\"et_pb_row_5 et_pb_row et_block_row\"><div class=\"et_pb_column_11 et_pb_column et_pb_column_4_4 et-last-child et_block_column et_pb_css_mix_blend_mode_passthrough\"><div class=\"et_pb_text_4 et_pb_text et_pb_bg_layout_light et_animated et_pb_module et_block_module\"><div class=\"et_pb_text_inner\"><h2>Avantatges i funcions<\/h2>\n<p><span><\/span><\/p>\n<\/div><\/div><div class=\"et_pb_text_5 et_pb_text et_pb_bg_layout_light et_animated et_pb_module et_block_module et_pb_text_align_center\"><div class=\"et_pb_text_inner\"><p>Continuem treballant en millores<\/p>\n<\/div><\/div><div class=\"et_pb_divider_1 et_pb_divider et_pb_space et_pb_divider_position_top et_animated et_pb_module\"><div class=\"et_pb_divider_internal\"><\/div><\/div><\/div><\/div><div class=\"et_pb_row_6 et_pb_row et_block_row\"><div class=\"et_pb_column_12 et_pb_column et_pb_column_1_3 et_block_column et_pb_css_mix_blend_mode_passthrough\"><div class=\"et_pb_blurb_2 et_pb_blurb et_pb_bg_layout_light et_pb_blurb_position_top et_animated et_pb_module et_block_module\"><div class=\"et_pb_blurb_content\"><div class=\"et_pb_main_blurb_image\"><span class=\"et_pb_image_wrap\"><span class=\"et-pb-icon et_animated et_animated\">\uf303<\/span><\/span><\/div><div class=\"et_pb_blurb_container\"><h4 class=\"et_pb_module_header\">Retolador<\/h4><div class=\"et_pb_blurb_description\"><p>\u00a0Marca les teves fotos f\u00e0cilment per assenyalar les coses m\u00e9s importants<\/p>\n<\/div><\/div><\/div><\/div><\/div><div class=\"et_pb_column_13 et_pb_column et_pb_column_1_3 et_block_column et_pb_css_mix_blend_mode_passthrough\"><div class=\"et_pb_blurb_3 et_pb_blurb et_pb_bg_layout_light et_pb_blurb_position_top et_animated et_pb_module et_block_module\"><div class=\"et_pb_blurb_content\"><div class=\"et_pb_main_blurb_image\"><span class=\"et_pb_image_wrap\"><span class=\"et-pb-icon et_animated et_animated\">\ue00b<\/span><\/span><\/div><div class=\"et_pb_blurb_container\"><h4 class=\"et_pb_module_header\">Compatibilitat<\/h4><div class=\"et_pb_blurb_description\"><p>Sense instal\u00b7laci\u00f3, funciona a la majoria de dispositius m\u00f2bils.\u00a0<\/p>\n<\/div><\/div><\/div><\/div><\/div><div class=\"et_pb_column_14 et_pb_column et_pb_column_1_3 et-last-child et_block_column et_pb_css_mix_blend_mode_passthrough\"><div class=\"et_pb_blurb_4 et_pb_blurb et_pb_bg_layout_light et_pb_blurb_position_top et_animated et_pb_module et_block_module\"><div class=\"et_pb_blurb_content\"><div class=\"et_pb_main_blurb_image\"><span class=\"et_pb_image_wrap\"><span class=\"et-pb-icon et_animated et_animated\">\uf57c<\/span><\/span><\/div><div class=\"et_pb_blurb_container\"><h4 class=\"et_pb_module_header\">Internacional<\/h4><div class=\"et_pb_blurb_description\"><p>Introdueix el tel\u00e8fon amb qu\u00e8 connectar\u00e0s.<\/p>\n<\/div><\/div><\/div><\/div><\/div><\/div><div class=\"et_pb_row_7 et_pb_row et_block_row\"><div class=\"et_pb_column_15 et_pb_column et_pb_column_1_2 et_block_column et_pb_css_mix_blend_mode_passthrough\"><div class=\"et_pb_blurb_5 et_pb_blurb et_pb_bg_layout_light et_pb_blurb_position_top et_animated et_pb_module et_block_module\"><div class=\"et_pb_blurb_content\"><div class=\"et_pb_main_blurb_image\"><span class=\"et_pb_image_wrap\"><span class=\"et-pb-icon et_animated et_animated\">\uf5a0<\/span><\/span><\/div><div class=\"et_pb_blurb_container\"><h4 class=\"et_pb_module_header\">Ubicaci\u00f3<\/h4><div class=\"et_pb_blurb_description\"><p>Feu una captura del mapa d&#039;ubicaci\u00f3 per afegir-la al vostre informe.<\/p>\n<\/div><\/div><\/div><\/div><\/div><div class=\"et_pb_column_16 et_pb_column et_pb_column_1_2 et-last-child et_block_column et_pb_css_mix_blend_mode_passthrough\"><div class=\"et_pb_blurb_6 et_pb_blurb et_pb_bg_layout_light et_pb_blurb_position_top et_animated et_pb_module et_block_module\"><div class=\"et_pb_blurb_content\"><div class=\"et_pb_main_blurb_image\"><span class=\"et_pb_image_wrap\"><span class=\"et-pb-icon et_animated et_animated\">\uf1c8<\/span><\/span><\/div><div class=\"et_pb_blurb_container\"><h4 class=\"et_pb_module_header\">V\u00eddeos<\/h4><div class=\"et_pb_blurb_description\"><p>Enregistra v\u00eddeos mentre parles alhora que captures fotos.<\/p>\n<\/div><\/div><\/div><\/div><\/div><\/div><\/div>","protected":false},"excerpt":{"rendered":"","protected":false},"author":1,"featured_media":0,"parent":0,"menu_order":0,"comment_status":"closed","ping_status":"closed","template":"","meta":{"footnotes":""},"class_list":["post-7330","page","type-page","status-publish","hentry"],"_links":{"self":[{"href":"https:\/\/www.peritcam.com\/ca\/wp-json\/wp\/v2\/pages\/7330","targetHints":{"allow":["GET"]}}],"collection":[{"href":"https:\/\/www.peritcam.com\/ca\/wp-json\/wp\/v2\/pages"}],"about":[{"href":"https:\/\/www.peritcam.com\/ca\/wp-json\/wp\/v2\/types\/page"}],"author":[{"embeddable":true,"href":"https:\/\/www.peritcam.com\/ca\/wp-json\/wp\/v2\/users\/1"}],"replies":[{"embeddable":true,"href":"https:\/\/www.peritcam.com\/ca\/wp-json\/wp\/v2\/comments?post=7330"}],"version-history":[{"count":10,"href":"https:\/\/www.peritcam.com\/ca\/wp-json\/wp\/v2\/pages\/7330\/revisions"}],"predecessor-version":[{"id":9311,"href":"https:\/\/www.peritcam.com\/ca\/wp-json\/wp\/v2\/pages\/7330\/revisions\/9311"}],"wp:attachment":[{"href":"https:\/\/www.peritcam.com\/ca\/wp-json\/wp\/v2\/media?parent=7330"}],"curies":[{"name":"wp","href":"https:\/\/api.w.org\/{rel}","templated":true}]}}